{"id":6242,"date":"2017-10-13T09:54:27","date_gmt":"2017-10-13T09:54:27","guid":{"rendered":"https:\/\/fitnfemale.de\/?page_id=6242"},"modified":"2023-10-01T12:47:53","modified_gmt":"2023-10-01T11:47:53","slug":"ruecknahme","status":"publish","type":"page","link":"https:\/\/fitnfemale.com\/fr\/ruecknahme\/","title":{"rendered":"Retour"},"content":{"rendered":"<div class=\"row\"  id=\"row-1708937091\">\n\n\t<div id=\"col-1399330683\" class=\"col medium-6 small-12 large-6\"  >\n\t\t\t\t<div class=\"col-inner\"  >\n\t\t\t\n\t\t\t\n<h3><i class=\"fas fa-undo-alt\" style=\"color: #dac179;\"><\/i> Garantie de reprise<\/h3>\n<p>Apr\u00e8s avoir re\u00e7u ton colis, tu as <span style=\"color: #282828;\"><strong>30 jours<\/strong><\/span> temps pour livrer le produit command\u00e9 conform\u00e9ment \u00e0 nos <strong><a href=\"https:\/\/fitnfemale.com\/fr\/agb\/\">Politique de retour<\/a> <\/strong>de les retourner. Veuillez manipuler vos produits avec soin d\u00e8s leur r\u00e9ception et vous assurer que les sceaux sont intacts. Les demandes de retour de compl\u00e9ments alimentaires ne sont prises en compte que dans la mesure o\u00f9 l'emballage n'a pas \u00e9t\u00e9 ouvert et que le produit se trouve dans son emballage d'origine. Les frais de retour sont \u00e0 la charge du client.<\/p>\n<div class=\"is-divider divider clearfix\" ><\/div>\n<h3><i class=\"fas fa-map-pin\" style=\"color: #dac179;\"><\/i> Adresse de retour<span data-zone_id=\"de-at\" class=\"wcpbc-content content-de-at\"><img decoding=\"async\" src=\"https:\/\/cdnjs.cloudflare.com\/ajax\/libs\/flag-icon-css\/2.9.0\/flags\/1x1\/de.svg\" width=\"22px\" \/><\/span><span data-zone_id=\"schweiz\" class=\"wcpbc-content content-schweiz\"><img decoding=\"async\" src=\"https:\/\/cdnjs.cloudflare.com\/ajax\/libs\/flag-icon-css\/2.9.0\/flags\/1x1\/ch.svg\" width=\"22px\" \/><\/span><span data-zone_id=\"at\" class=\"wcpbc-content content-at\"><img decoding=\"async\" src=\"https:\/\/cdnjs.cloudflare.com\/ajax\/libs\/flag-icon-css\/2.9.0\/flags\/1x1\/at.svg\" width=\"22px\" \/><\/span><\/h3>\n<span data-zone_id=\"schweiz\" class=\"wcpbc-content content-schweiz\">FitNFemale\/Fitnessmagnet GmbH<br \/>11, rue de l'Ancienne douane<br \/>CH-9489 Schaan LOG<\/span><span data-zone_id=\"de-at\" class=\"wcpbc-content content-de-at\"><strong>Aimant de fitness<\/strong><strong>158, chemin de la Blanchisserie<\/strong><strong>88131 Lindau<\/strong><strong>Allemagne<\/strong><small>ATTENTION : Pour les retours, veuillez utiliser UNIQUEMENT DHL.<\/small><\/span><span data-zone_id=\"at\" class=\"wcpbc-content content-at\"><strong>FitnFemale<\/strong>Casier \u00e0 paquets MH direct 1A - 6965 Wolfurt.<\/span>\n\t\t<\/div>\n\t\t\t\t\t<\/div>\n\n\t\n\n\t<div id=\"col-937148153\" class=\"col medium-6 small-12 large-6\"  >\n\t\t\t\t<div class=\"col-inner\"  >\n\t\t\t\n\t\t\t\n\n\t<section class=\"section\" id=\"section_1211852051\">\n\t\t<div class=\"section-bg fill\" >\n\t\t\t\t\t\t\t\t\t\n\t\t\t\n\n\t\t<\/div>\n\n\t\t\n\n\t\t<div class=\"section-content relative\">\n\t\t\t\n<h3>Envoi de colis<\/h3>\n<p>Nous ne sommes pas responsables des marchandises perdues ou vol\u00e9es. N\u00e9anmoins, nous te soutenons volontiers dans tes recherches.<\/p>\n<h3>e-Books et autres articles num\u00e9riques<\/h3>\n<p>Les livres \u00e9lectroniques et les contenus num\u00e9riques ne peuvent pas \u00eatre retourn\u00e9s ou rembours\u00e9s.<\/p>\n<h3>Compl\u00e9ments alimentaires et denr\u00e9es alimentaires<\/h3>\n<p>Pour des raisons de s\u00e9curit\u00e9 et d'hygi\u00e8ne, uniquement<strong> non ouvert<\/strong> et <strong>dans son emballage d'origine<\/strong> \u00eatre retir\u00e9.<\/p>\n\t\t<\/div>\n\n\t\t\n<style>\n#section_1211852051 {\n  padding-top: 30px;\n  padding-bottom: 30px;\n  background-color: rgb(239, 239, 239);\n}\n<\/style>\n\t<\/section>\n\t\n\t<div id=\"gap-512008455\" class=\"gap-element clearfix\" style=\"display:block; height:auto;\">\n\t\t\n<style>\n#gap-512008455 {\n  padding-top: 30px;\n}\n<\/style>\n\t<\/div>\n\t\n<a href=\"\/fr\/impressum-2\/\" class=\"button primary expand\" >\n\t<i class=\"icon-angle-right\" aria-hidden=\"true\"><\/i>\t<span>Information sur le droit de r\u00e9tractation<\/span>\n\t<\/a>\n\n<a href=\"\/fr\/agb\/\" class=\"button primary expand\" >\n\t<i class=\"icon-angle-right\" aria-hidden=\"true\"><\/i>\t<span>CGV (Conditions g\u00e9n\u00e9rales de vente)<\/span>\n\t<\/a>\n\n\t\t<\/div>\n\t\t\t\t\t<\/div>\n\n\t\n<\/div>","protected":false},"excerpt":{"rendered":"","protected":false},"author":1,"featured_media":0,"parent":0,"menu_order":0,"comment_status":"closed","ping_status":"closed","template":"","meta":{"slim_seo":{"title":"Retours - FitNFemale\u00ae","description":"Politique de retour\u00a0: Apr\u00e8s r\u00e9ception de votre commande, vous disposez de 30\u00a0jours pour retourner le produit command\u00e9 conform\u00e9ment \u00e0 notre politique de retour. Merci de votre compr\u00e9hension."},"footnotes":""},"class_list":["post-6242","page","type-page","status-publish","hentry"],"_links":{"self":[{"href":"https:\/\/fitnfemale.com\/fr\/wp-json\/wp\/v2\/pages\/6242","targetHints":{"allow":["GET"]}}],"collection":[{"href":"https:\/\/fitnfemale.com\/fr\/wp-json\/wp\/v2\/pages"}],"about":[{"href":"https:\/\/fitnfemale.com\/fr\/wp-json\/wp\/v2\/types\/page"}],"author":[{"embeddable":true,"href":"https:\/\/fitnfemale.com\/fr\/wp-json\/wp\/v2\/users\/1"}],"replies":[{"embeddable":true,"href":"https:\/\/fitnfemale.com\/fr\/wp-json\/wp\/v2\/comments?post=6242"}],"version-history":[{"count":0,"href":"https:\/\/fitnfemale.com\/fr\/wp-json\/wp\/v2\/pages\/6242\/revisions"}],"wp:attachment":[{"href":"https:\/\/fitnfemale.com\/fr\/wp-json\/wp\/v2\/media?parent=6242"}],"curies":[{"name":"wp","href":"https:\/\/api.w.org\/{rel}","templated":true}]}}