{"id":6229,"date":"2017-10-13T08:47:58","date_gmt":"2017-10-13T08:47:58","guid":{"rendered":"https:\/\/fitnfemale.de\/?page_id=6229"},"modified":"2024-01-09T13:39:59","modified_gmt":"2024-01-09T12:39:59","slug":"impressum","status":"publish","type":"page","link":"https:\/\/fitnfemale.com\/fr\/impressum\/","title":{"rendered":"Mentions l\u00e9gales"},"content":{"rendered":"<div id=\"gap-1228745069\" class=\"gap-element clearfix\" style=\"display:block; height:auto;\">\n\t\t\n<style>\n#gap-1228745069 {\n  padding-top: 30px;\n}\n<\/style>\n\t<\/div>\n\t\n\n\t<section class=\"section\" id=\"section_1651094180\">\n\t\t<div class=\"section-bg fill\" >\n\t\t\t\t\t\t\t\t\t\n\t\t\t\n\t<div class=\"is-border\"\n\t\tstyle=\"border-color:rgb(235, 235, 235);border-width:1px 0px 0px 0px;\">\n\t<\/div>\n\n\t\t<\/div>\n\n\t\t\n\n\t\t<div class=\"section-content relative\">\n\t\t\t\n<div class=\"row\"  id=\"row-1281752726\">\n\n\t<div id=\"col-1447401528\" class=\"col medium-8 small-12 large-8\"  >\n\t\t\t\t<div class=\"col-inner\"  >\n\t\t\t\n\t\t\t\n\n\t\t<div class=\"icon-box featured-box icon-box-top text-left\"  style=\"margin:px px px px;\">\n\t\t\t\t<div class=\"icon-box-text last-reset\">\n\t\t\t\t\t\t\t\t\t\n<h3>FitnFemale\u00ae - le sport f\u00e9minin<\/h3>\n<p>Pour les revendeurs : veuillez nous envoyer un e-mail \u00e0 <a href=\"mailto:b2b@fitnfemale.com\">b2b@fitnfemale.com<\/a><\/p>\n<p><strong>FitNFemale\u00ae<\/strong> est une offre de la :<br \/>Fitnessmagnet GmbH<\/p>\n<p>15, rue de l'Arsenal<br \/>CH-6300 Zug (Suisse)<\/p>\n<p>T\u00e9l\u00e9phone : +41 44 500 85 67<\/p>\n<p> <div data-zone_id=\"schweiz\" class=\"wcpbc-content content-schweiz\">Fitnessmagnet GmbH<\/p>\n<p>Centre de distribution<br \/>7, rue du Man\u00e8ge<br \/>AT-6923 Lauterach (Autriche)<\/p>\n<p>UID : 98 211\/2096<br \/>VAT : AT-U69963756<\/p><\/div>\n<p>Web : https:\/\/fitnfemale.com<br \/>Courrier \u00e9lectronique : info@fitnfemale.com<\/p>\n<p><strong>Directeur g\u00e9n\u00e9ral autoris\u00e9 \u00e0 repr\u00e9senter la soci\u00e9t\u00e9\u00a0:<br \/><\/strong>Milena Zuber<\/p>\n<p>La soci\u00e9t\u00e9 Fitnessmagnet GmbH est inscrite au registre du commerce du canton de Zoug (UID CHE-234.622.241). Le num\u00e9ro de TVA suisse est CHE-234.622.241 TVA.<\/p>\n\t\t<\/div>\n\t<\/div>\n\t\n\t\n\t\t<\/div>\n\t\t\t\t\t<\/div>\n\n\t\n\n\t<div id=\"col-788044092\" class=\"col medium-4 small-12 large-4\"  >\n\t\t\t\t<div class=\"col-inner\"  >\n\t\t\t\n\t\t\t\n<a href=\"\/fr\/agb\/\" class=\"button primary expand\" >\n\t\t<span>CGV (Conditions g\u00e9n\u00e9rales de vente)<\/span>\n\t<\/a>\n\n<a href=\"\/fr\/contact\/\" class=\"button primary expand\" >\n\t\t<span>Contact<\/span>\n\t<\/a>\n\n<a href=\"\/fr\/protection-des-donnees\/\" class=\"button primary expand\" >\n\t\t<span>Protection des donn\u00e9es<\/span>\n\t<\/a>\n\n\t\t<\/div>\n\t\t\t\t\n<style>\n#col-788044092 > .col-inner {\n  padding: 0 0px 0px 0px;\n  margin: 0 0px 0px 0px;\n}\n<\/style>\n\t<\/div>\n\n\t\n<\/div>\n\t\t<\/div>\n\n\t\t\n<style>\n#section_1651094180 {\n  padding-top: 47px;\n  padding-bottom: 47px;\n  background-color: rgb(255,255,255);\n}\n<\/style>\n\t<\/section>","protected":false},"excerpt":{"rendered":"","protected":false},"author":1,"featured_media":0,"parent":0,"menu_order":0,"comment_status":"closed","ping_status":"closed","template":"page-blank.php","meta":{"slim_seo":{"title":"Mentions l\u00e9gales - FitNFemale\u00ae","description":"FitnFemale\u00ae Pour les d\u00e9taillants\u00a0: veuillez nous envoyer un e-mail \u00e0 b2b@fitnfemale.com. FitNFemale\u00ae est une offre de : Fitnessmagnet GmbH, Zeughausgasse 15, CH-6300"},"footnotes":""},"class_list":["post-6229","page","type-page","status-publish","hentry"],"_links":{"self":[{"href":"https:\/\/fitnfemale.com\/fr\/wp-json\/wp\/v2\/pages\/6229","targetHints":{"allow":["GET"]}}],"collection":[{"href":"https:\/\/fitnfemale.com\/fr\/wp-json\/wp\/v2\/pages"}],"about":[{"href":"https:\/\/fitnfemale.com\/fr\/wp-json\/wp\/v2\/types\/page"}],"author":[{"embeddable":true,"href":"https:\/\/fitnfemale.com\/fr\/wp-json\/wp\/v2\/users\/1"}],"replies":[{"embeddable":true,"href":"https:\/\/fitnfemale.com\/fr\/wp-json\/wp\/v2\/comments?post=6229"}],"version-history":[{"count":0,"href":"https:\/\/fitnfemale.com\/fr\/wp-json\/wp\/v2\/pages\/6229\/revisions"}],"wp:attachment":[{"href":"https:\/\/fitnfemale.com\/fr\/wp-json\/wp\/v2\/media?parent=6229"}],"curies":[{"name":"wp","href":"https:\/\/api.w.org\/{rel}","templated":true}]}}