{"id":6136,"date":"2017-10-12T06:11:37","date_gmt":"2017-10-12T06:11:37","guid":{"rendered":"https:\/\/fitnfemale.de\/?page_id=6136"},"modified":"2023-09-29T13:24:14","modified_gmt":"2023-09-29T12:24:14","slug":"fit-foods","status":"publish","type":"page","link":"https:\/\/fitnfemale.com\/fr\/fit-foods\/","title":{"rendered":"ALIMENTS FITNESS"},"content":{"rendered":"<section class=\"section has-scroll-for-more\" id=\"section_963652044\">\n\t\t<div class=\"section-bg fill\" >\n\t\t\t\t\t\t\t\t\t<button class=\"scroll-for-more z-5 icon absolute bottom h-center\" aria-label=\"Fais d\u00e9filer pour en savoir plus\"><i class=\"icon-angle-down\" aria-hidden=\"true\" style=\"font-size:42px;\"><\/i><\/button>\n\t\t\t\n\n\t\t<\/div>\n\n\t\t\n\t<div class=\"ux-shape-divider ux-shape-divider--bottom ux-shape-divider--style-curve-opacity ux-shape-divider--to-front\">\n\t\t<svg viewbox=\"0 0 1000 100\" xmlns=\"http:\/\/www.w3.org\/2000\/svg\" preserveaspectratio=\"none\">\n\t\t<path class=\"ux-shape-fill\" opacity=\"0.15\" d=\"M0 14C0 14 88.64 17.48 300 50C560 90 814 77 1003 40L1015 68L1018 104H0V14Z\"\/>\n\t\t<path class=\"ux-shape-fill\" opacity=\"0.3\" d=\"M0 45C0 45 271 90.13 500 77C657 68 830 30 1015 14V100H0V45Z\"\/>\n\t\t<path class=\"ux-shape-fill\" d=\"M0 58C0 58 188.29 90 508 90C798 90 1002 55 1002 55V100H0V58Z\"\/>\n<\/svg>\n\t<\/div>\n\n\t\t<div class=\"section-content relative\">\n\t\t\t\n\n  <div class=\"banner has-hover has-parallax\" id=\"banner-1645256817\">\n          <div class=\"banner-inner fill\">\n        <div class=\"banner-bg fill\" data-parallax=\"-2\" data-parallax-container=\".banner\" data-parallax-background>\n            <img decoding=\"async\" width=\"2048\" height=\"1152\" src=\"https:\/\/fitnfemale.com\/wp-content\/uploads\/mahlzeitersatz-riegel-2-scaled.jpg\" class=\"bg attachment-original size-original\" alt=\"barres de remplacement de repas\" \/>                                    \n                    <\/div>\n\t\t\n        <div class=\"banner-layers container\">\n            <div class=\"fill banner-link\"><\/div>            \n   <div id=\"text-box-874441688\" class=\"text-box banner-layer x95 md-x90 lg-x90 y90 md-y30 lg-y30 res-text\">\n                     <div data-animate=\"fadeInLeft\">           <div class=\"text-box-content text dark\">\n              \n              <div class=\"text-inner text-center\">\n                  \n\t<div id=\"text-3495020099\" class=\"text\">\n\t\t\n<h4 class=\"uppercase translation-block\">Savourez sans culpabilit\u00e9 \u2013 profitez du meilleur des deux mondes<\/h4>\n\t\t\n<style>\n#text-3495020099 {\n  font-size: 0.75rem;\n}\n@media (min-width:550px) {\n  #text-3495020099 {\n    font-size: 1.6rem;\n  }\n}\n<\/style>\n\t<\/div>\n\t\n              <\/div>\n           <\/div>\n       <\/div>                     \n<style>\n#text-box-874441688 {\n  width: 63%;\n}\n#text-box-874441688 .text-box-content {\n  font-size: 0%;\n  transform: rotate(-1deg);\n}\n@media (min-width:550px) {\n  #text-box-874441688 {\n    width: 49%;\n  }\n  #text-box-874441688 .text-box-content {\n    font-size: 389%;\n  }\n}\n<\/style>\n    <\/div>\n \n        <\/div>\n      <\/div>\n\n            \n<style>\n#banner-1645256817 {\n  padding-top: 99.99%;\n  background-color: rgb(78, 79, 82);\n}\n#banner-1645256817 .banner-bg img {\n  object-position: 26% 45%;\n}\n@media (min-width:550px) {\n  #banner-1645256817 {\n    padding-top: 51%;\n  }\n}\n<\/style>\n  <\/div>\n\n\n\t\t<\/div>\n\n\t\t\n<style>\n#section_963652044 {\n  padding-top: 0px;\n  padding-bottom: 0px;\n  background-color: rgb(78, 79, 82);\n}\n#section_963652044 .ux-shape-divider--bottom svg {\n  height: 52px;\n  --divider-width: 100%;\n}\n@media (min-width:550px) {\n  #section_963652044 .ux-shape-divider--bottom svg {\n    height: 150px;\n  }\n}\n<\/style>\n\t<\/section>\n\t\n\n\t<section class=\"section has-scroll-for-more\" id=\"section_812609171\">\n\t\t<div class=\"section-bg fill\" >\n\t\t\t\t\t\t\t\t\t<button class=\"scroll-for-more z-5 icon absolute bottom h-center\" aria-label=\"Fais d\u00e9filer pour en savoir plus\"><i class=\"icon-angle-down\" aria-hidden=\"true\" style=\"font-size:42px;\"><\/i><\/button>\n\t\t\t\n\n\t\t<\/div>\n\n\t\t\n\t<div class=\"ux-shape-divider ux-shape-divider--bottom ux-shape-divider--style-tilt\">\n\t\t<svg viewbox=\"0 0 1000 100\" xmlns=\"http:\/\/www.w3.org\/2000\/svg\" preserveaspectratio=\"none\">\n\t<path class=\"ux-shape-fill\" d=\"M1000 100V0L-40 100H1000Z\"\/>\n<\/svg>\n\t<\/div>\n\n\t\t<div class=\"section-content relative\">\n\t\t\t\n<div class=\"row\"  id=\"row-526734416\">\n\n\t<div id=\"col-158571564\" class=\"col small-12 large-12\"  >\n\t\t\t\t<div class=\"col-inner\"  >\n\t\t\t\n\t\t\t\n\t<div id=\"text-633213212\" class=\"text\">\n\t\t\n<h3 class=\"uppercase\">Sp\u00e9cialit\u00e9s prot\u00e9in\u00e9es d\u00e9licieuses et saines<\/h3>\n\t\t\n<style>\n#text-633213212 {\n  font-size: 1.25rem;\n  text-align: center;\n}\n@media (min-width:550px) {\n  #text-633213212 {\n    font-size: 1.85rem;\n  }\n}\n<\/style>\n\t<\/div>\n\t\n\t\t<\/div>\n\t\t\t\t\t<\/div>\n\n\t\n<\/div>\n\t\n  \n    <div class=\"row  equalize-box large-columns-3 medium-columns- small-columns-2 row-normal\" >\n  <\/div>\n\t\t<\/div>\n\n\t\t\n<style>\n#section_812609171 {\n  padding-top: 30px;\n  padding-bottom: 30px;\n}\n#section_812609171 .ux-shape-divider--bottom svg {\n  height: 20px;\n  --divider-width: 100%;\n}\n#section_812609171 .ux-shape-divider--bottom .ux-shape-fill {\n  fill: #f1e5e6;\n}\n@media (min-width:550px) {\n  #section_812609171 .ux-shape-divider--bottom svg {\n    height: 40px;\n  }\n}\n<\/style>\n\t<\/section>\n\t\n\n\t<section class=\"section has-scroll-for-more\" id=\"section_634725249\">\n\t\t<div class=\"section-bg fill\" >\n\t\t\t\t\t\t\t\t\t<button class=\"scroll-for-more z-5 icon absolute bottom h-center\" aria-label=\"Fais d\u00e9filer pour en savoir plus\"><i class=\"icon-angle-down\" aria-hidden=\"true\" style=\"font-size:42px;\"><\/i><\/button>\n\t\t\t\n\n\t\t<\/div>\n\n\t\t\n\t<div class=\"ux-shape-divider ux-shape-divider--bottom ux-shape-divider--style-tilt ux-shape-divider--flip\">\n\t\t<svg viewbox=\"0 0 1000 100\" xmlns=\"http:\/\/www.w3.org\/2000\/svg\" preserveaspectratio=\"none\">\n\t<path class=\"ux-shape-fill\" d=\"M1000 100V0L-40 100H1000Z\"\/>\n<\/svg>\n\t<\/div>\n\n\t\t<div class=\"section-content relative\">\n\t\t\t\n<div class=\"row\"  id=\"row-991383834\">\n\n\t<div id=\"col-1079852297\" class=\"col small-12 large-12\"  >\n\t\t\t\t<div class=\"col-inner\"  >\n\t\t\t\n\t\t\t\n\t<div id=\"text-4184612860\" class=\"text\">\n\t\t\n<h3 class=\"uppercase\">Votre substitut de repas \u00e0 savourer<\/h3>\n\t\t\n<style>\n#text-4184612860 {\n  font-size: 1.25rem;\n  text-align: center;\n}\n@media (min-width:550px) {\n  #text-4184612860 {\n    font-size: 1.85rem;\n  }\n}\n<\/style>\n\t<\/div>\n\t\n\t\t<\/div>\n\t\t\t\t\t<\/div>\n\n\t\n<\/div>\n\t\n  \n    <div class=\"row  equalize-box large-columns-2 medium-columns- small-columns-2 row-normal\" >\n  \n\t     <\/div>\n\t\t<\/div>\n\n\t\t\n<style>\n#section_634725249 {\n  padding-top: 30px;\n  padding-bottom: 30px;\n  background-color: #f1e5e6;\n}\n#section_634725249 .ux-shape-divider--bottom svg {\n  height: 20px;\n  --divider-width: 100%;\n}\n@media (min-width:550px) {\n  #section_634725249 .ux-shape-divider--bottom svg {\n    height: 40px;\n  }\n}\n<\/style>\n\t<\/section>\n\t\n\n\t<section class=\"section has-scroll-for-more\" id=\"section_1124175234\">\n\t\t<div class=\"section-bg fill\" >\n\t\t\t\t\t\t\t\t\t<button class=\"scroll-for-more z-5 icon absolute bottom h-center\" aria-label=\"Fais d\u00e9filer pour en savoir plus\"><i class=\"icon-angle-down\" aria-hidden=\"true\" style=\"font-size:42px;\"><\/i><\/button>\n\t\t\t\n\n\t\t<\/div>\n\n\t\t\n\t<div class=\"ux-shape-divider ux-shape-divider--bottom ux-shape-divider--style-tilt\">\n\t\t<svg viewbox=\"0 0 1000 100\" xmlns=\"http:\/\/www.w3.org\/2000\/svg\" preserveaspectratio=\"none\">\n\t<path class=\"ux-shape-fill\" d=\"M1000 100V0L-40 100H1000Z\"\/>\n<\/svg>\n\t<\/div>\n\n\t\t<div class=\"section-content relative\">\n\t\t\t\n<div class=\"row\"  id=\"row-160217492\">\n\n\t<div id=\"col-1728332297\" class=\"col small-12 large-12\"  >\n\t\t\t\t<div class=\"col-inner\"  >\n\t\t\t\n\t\t\t\n\t<div id=\"text-3015912\" class=\"text\">\n\t\t\n<h3 class=\"uppercase\">Adoucissez votre journ\u00e9e sans les calories<\/h3>\n\t\t\n<style>\n#text-3015912 {\n  font-size: 1.25rem;\n  text-align: center;\n}\n@media (min-width:550px) {\n  #text-3015912 {\n    font-size: 1.85rem;\n  }\n}\n<\/style>\n\t<\/div>\n\t\n\t\t<\/div>\n\t\t\t\t\t<\/div>\n\n\t\n<\/div>\n\t\n  \n    <div class=\"row  equalize-box large-columns-2 medium-columns- small-columns-2 row-normal\" >\n  \n\t     <div class=\"col\" >\n\t\t\t\t\t\t<div class=\"col-inner\">\n\t\t\t\t\t\t\n<div class=\"badge-container absolute left top z-1\">\n\n<\/div>\n\t\t\t\t\t\t<div class=\"product-small box has-hover box-normal box-text-bottom\">\n\t\t\t\t\t\t\t<div class=\"box-image\" style=\"width:90%;\">\n\t\t\t\t\t\t\t\t<div class=\"\" >\n\t\t\t\t\t\t\t\t\t<a href=\"https:\/\/fitnfemale.com\/fr\/produit\/flavourit\/\" aria-label=\"Saveur\">\n\t\t\t\t\t\t\t\t\t\t<img decoding=\"async\" width=\"247\" height=\"296\" src=\"https:\/\/fitnfemale.com\/wp-content\/uploads\/flavourite-closeup-10-247x296.webp\" class=\"show-on-hover absolute fill hide-for-small back-image\" alt=\"Gros plan sur la saveur\" aria-hidden=\"true\" \/><img decoding=\"async\" width=\"280\" height=\"280\" src=\"https:\/\/fitnfemale.com\/wp-content\/uploads\/flavourite25-280x280.jpg\" class=\"attachment-thumbnail size-thumbnail\" alt=\"Flavourite25\" srcset=\"https:\/\/fitnfemale.com\/wp-content\/uploads\/flavourite25-280x280.jpg 280w, https:\/\/fitnfemale.com\/wp-content\/uploads\/flavourite25-400x400.jpg 400w, https:\/\/fitnfemale.com\/wp-content\/uploads\/flavourite25-800x800.jpg 800w, https:\/\/fitnfemale.com\/wp-content\/uploads\/flavourite25-768x768.jpg 768w, https:\/\/fitnfemale.com\/wp-content\/uploads\/flavourite25-12x12.jpg 12w, https:\/\/fitnfemale.com\/wp-content\/uploads\/flavourite25-1000x1000.jpg 1000w, https:\/\/fitnfemale.com\/wp-content\/uploads\/flavourite25-200x200.jpg 200w, https:\/\/fitnfemale.com\/wp-content\/uploads\/flavourite25-120x120.jpg 120w, https:\/\/fitnfemale.com\/wp-content\/uploads\/flavourite25.jpg 1500w\" sizes=\"(max-width: 280px) 100vw, 280px\" \/>\t\t\t\t\t\t\t\t\t<\/a>\n\t\t\t\t\t\t\t\t\t\t\t\t\t\t\t\t\t\t \t\t\t\t\t\t\t\t<\/div>\n\t\t\t\t\t\t\t\t<div class=\"image-tools top right show-on-hover\">\n\t\t\t\t\t\t\t\t\t\t\t\t\t\t\t\t\t<\/div>\n\t\t\t\t\t\t\t\t\t\t\t\t\t\t\t\t\t<div class=\"image-tools grid-tools text-center hide-for-small bottom hover-slide-in show-on-hover\">\n\t\t\t\t\t\t\t\t\t\t\t\t\t\t\t\t\t\t\t<\/div>\n\t\t\t\t\t\t\t\t\t\t\t\t\t\t\t\t\t\t\t\t\t\t\t<\/div>\n\n\t\t\t\t\t\t\t<div class=\"box-text text-center\" >\n\t\t\t\t\t\t\t\t<div class=\"title-wrapper\"><p class=\"name product-title woocommerce-loop-product__title\"><a href=\"https:\/\/fitnfemale.com\/fr\/produit\/flavourit\/\" class=\"woocommerce-LoopProduct-link woocommerce-loop-product__link\">Saveur<\/a><\/p><\/div><div class=\"price-wrapper\">\n\t<span class=\"price\"><span class=\"wcpbc-price wcpbc-price-8097\" data-product-id=\"8097\"><span class=\"woocommerce-Price-amount amount\"><bdi><span class=\"woocommerce-Price-currencySymbol\">\u20ac<\/span>\u00a015.90<\/bdi><\/span> <small class=\"woocommerce-price-suffix\">TVA incluse<\/small><\/span><\/span>\n<\/div>\t\t\t\t\t\t\t<\/div>\n\t\t\t\t\t\t<\/div>\n\t\t\t\t\t\t<\/div>\n\t\t\t\t\t<\/div><\/div>\n\t\t<\/div>\n\n\t\t\n<style>\n#section_1124175234 {\n  padding-top: 30px;\n  padding-bottom: 30px;\n}\n#section_1124175234 .ux-shape-divider--bottom svg {\n  height: 20px;\n  --divider-width: 100%;\n}\n#section_1124175234 .ux-shape-divider--bottom .ux-shape-fill {\n  fill: #f1e5e6;\n}\n@media (min-width:550px) {\n  #section_1124175234 .ux-shape-divider--bottom svg {\n    height: 40px;\n  }\n}\n<\/style>\n\t<\/section>\n\t\n\n\t<section class=\"section\" id=\"section_319458372\">\n\t\t<div class=\"section-bg fill\" >\n\t\t\t\t\t\t\t\t\t\n\t\t\t\n\n\t\t<\/div>\n\n\t\t\n\n\t\t<div class=\"section-content relative\">\n\t\t\t\n<div class=\"row\"  id=\"row-2033741720\">\n\n\t<div id=\"col-1358723206\" class=\"col small-12 large-12\"  >\n\t\t\t\t<div class=\"col-inner\"  >\n\t\t\t\n\t\t\t\n\t<div id=\"text-3176931194\" class=\"text\">\n\t\t\n<h3 class=\"uppercase\">Cette huile est un incontournable de toute cuisine fitness<\/h3>\n\t\t\n<style>\n#text-3176931194 {\n  font-size: 1.25rem;\n  text-align: center;\n}\n@media (min-width:550px) {\n  #text-3176931194 {\n    font-size: 1.85rem;\n  }\n}\n<\/style>\n\t<\/div>\n\t\n\t\t<\/div>\n\t\t\t\t\t<\/div>\n\n\t\n<\/div>\n\t\n  \n    <div class=\"row  equalize-box large-columns-2 medium-columns- small-columns-1 row-normal\" >\n  <\/div>\n\t\t<\/div>\n\n\t\t\n<style>\n#section_319458372 {\n  padding-top: 30px;\n  padding-bottom: 30px;\n  background-color: #f1e5e6;\n}\n<\/style>\n\t<\/section>","protected":false},"excerpt":{"rendered":"","protected":false},"author":1,"featured_media":678288,"parent":0,"menu_order":0,"comment_status":"closed","ping_status":"closed","template":"page-transparent-header-light.php","meta":{"slim_seo":{"title":"Flavorite - Poudre aromatisante pr\u00e9f\u00e9r\u00e9e","description":"La poudre aromatisante pr\u00e9f\u00e9r\u00e9e de FitnFemale\u00ae est une poudre aromatisante faible en calories. Elle est id\u00e9ale pour rehausser et sucrer divers plats."},"footnotes":""},"class_list":["post-6136","page","type-page","status-publish","has-post-thumbnail","hentry"],"_links":{"self":[{"href":"https:\/\/fitnfemale.com\/fr\/wp-json\/wp\/v2\/pages\/6136","targetHints":{"allow":["GET"]}}],"collection":[{"href":"https:\/\/fitnfemale.com\/fr\/wp-json\/wp\/v2\/pages"}],"about":[{"href":"https:\/\/fitnfemale.com\/fr\/wp-json\/wp\/v2\/types\/page"}],"author":[{"embeddable":true,"href":"https:\/\/fitnfemale.com\/fr\/wp-json\/wp\/v2\/users\/1"}],"replies":[{"embeddable":true,"href":"https:\/\/fitnfemale.com\/fr\/wp-json\/wp\/v2\/comments?post=6136"}],"version-history":[{"count":0,"href":"https:\/\/fitnfemale.com\/fr\/wp-json\/wp\/v2\/pages\/6136\/revisions"}],"wp:featuredmedia":[{"embeddable":true,"href":"https:\/\/fitnfemale.com\/fr\/wp-json\/wp\/v2\/media\/678288"}],"wp:attachment":[{"href":"https:\/\/fitnfemale.com\/fr\/wp-json\/wp\/v2\/media?parent=6136"}],"curies":[{"name":"wp","href":"https:\/\/api.w.org\/{rel}","templated":true}]}}