{"id":53015,"date":"2018-08-08T13:21:45","date_gmt":"2018-08-08T12:21:45","guid":{"rendered":"https:\/\/fitnfemale.com\/?page_id=53015"},"modified":"2022-05-08T09:59:22","modified_gmt":"2022-05-08T08:59:22","slug":"prix","status":"publish","type":"page","link":"https:\/\/fitnfemale.com\/fr\/prix\/","title":{"rendered":"Offre sp\u00e9ciale F\u00eate des M\u00e8res 22%"},"content":{"rendered":"<div class=\"banner has-hover is-full-height\" id=\"banner-637260791\">\n          <div class=\"banner-inner fill\">\n        <div class=\"banner-bg fill\" >\n                                                \n\t<div class=\"is-border\"\n\t\tstyle=\"border-width:0px 0px 0px 0px;margin:10px 10px 10px 10px;\">\n\t<\/div>\n            <div class=\"effect-sliding-glass bg-effect fill no-click\"><\/div>        <\/div>\n\t\t\t<div class=\"ux-shape-divider ux-shape-divider--top ux-shape-divider--style-curve-opacity\">\n\t\t<svg viewbox=\"0 0 1000 100\" xmlns=\"http:\/\/www.w3.org\/2000\/svg\" preserveaspectratio=\"none\">\n\t\t<path class=\"ux-shape-fill\" opacity=\"0.15\" d=\"M0 14C0 14 88.64 17.48 300 50C560 90 814 77 1003 40L1015 68L1018 104H0V14Z\"\/>\n\t\t<path class=\"ux-shape-fill\" opacity=\"0.3\" d=\"M0 45C0 45 271 90.13 500 77C657 68 830 30 1015 14V100H0V45Z\"\/>\n\t\t<path class=\"ux-shape-fill\" d=\"M0 58C0 58 188.29 90 508 90C798 90 1002 55 1002 55V100H0V58Z\"\/>\n<\/svg>\n\t<\/div>\n\n        <div class=\"banner-layers container\">\n            <a class=\"fill\" href=\"\/fr\/\"><div class=\"fill banner-link\"><\/div><\/a>            \n\t<div class=\"img has-hover x50 md-x50 lg-x50 y50 md-y50 lg-y50\" id=\"image_1230897927\">\n\t\t<a class=\"\" href=\"\/fr\/\" >\t\t\t\t\t\t<div class=\"img-inner dark\" style=\"margin:50px 0px 0px 0px;\">\n\t\t\t<img decoding=\"async\" width=\"595\" height=\"800\" src=\"https:\/\/fitnfemale.com\/wp-content\/uploads\/muttertag22-3mail-595x800.jpg\" class=\"attachment-large size-large\" alt=\"F\u00eate des M\u00e8res 22 3mail\" srcset=\"https:\/\/fitnfemale.com\/wp-content\/uploads\/muttertag22-3mail-595x800.jpg 595w, https:\/\/fitnfemale.com\/wp-content\/uploads\/muttertag22-3mail-510x685.jpg 510w, https:\/\/fitnfemale.com\/wp-content\/uploads\/muttertag22-3mail-298x400.jpg 298w, https:\/\/fitnfemale.com\/wp-content\/uploads\/muttertag22-3mail-9x12.jpg 9w, https:\/\/fitnfemale.com\/wp-content\/uploads\/muttertag22-3mail.jpg 745w\" sizes=\"(max-width: 595px) 100vw, 595px\" \/>\t\t\t\t\t\t\n\t\t\t\t\t<\/div>\n\t\t\t\t\t\t<\/a>\t\t\n<style>\n#image_1230897927 {\n  width: 93%;\n}\n@media (min-width:550px) {\n  #image_1230897927 {\n    width: 87%;\n  }\n}\n@media (min-width:850px) {\n  #image_1230897927 {\n    width: 47%;\n  }\n}\n<\/style>\n\t<\/div>\n\t\n        <\/div>\n      <\/div>\n\n            \n<style>\n#banner-637260791 {\n  padding-top: 100%;\n  background-color: rgb(239, 165, 181);\n}\n#banner-637260791 .ux-shape-divider--top svg {\n  height: 150px;\n  --divider-top-width: 100%;\n}\n@media (min-width:550px) {\n  #banner-637260791 {\n    padding-top: 100%;\n  }\n}\n<\/style>\n  <\/div>","protected":false},"excerpt":{"rendered":"","protected":false},"author":1,"featured_media":0,"parent":0,"menu_order":0,"comment_status":"closed","ping_status":"closed","template":"page-blank.php","meta":{"slim_seo":{"title":"Muttertag-Special 22% - FitNFemale\u00ae","description":""},"footnotes":""},"class_list":["post-53015","page","type-page","status-publish","hentry"],"_links":{"self":[{"href":"https:\/\/fitnfemale.com\/fr\/wp-json\/wp\/v2\/pages\/53015","targetHints":{"allow":["GET"]}}],"collection":[{"href":"https:\/\/fitnfemale.com\/fr\/wp-json\/wp\/v2\/pages"}],"about":[{"href":"https:\/\/fitnfemale.com\/fr\/wp-json\/wp\/v2\/types\/page"}],"author":[{"embeddable":true,"href":"https:\/\/fitnfemale.com\/fr\/wp-json\/wp\/v2\/users\/1"}],"replies":[{"embeddable":true,"href":"https:\/\/fitnfemale.com\/fr\/wp-json\/wp\/v2\/comments?post=53015"}],"version-history":[{"count":0,"href":"https:\/\/fitnfemale.com\/fr\/wp-json\/wp\/v2\/pages\/53015\/revisions"}],"wp:attachment":[{"href":"https:\/\/fitnfemale.com\/fr\/wp-json\/wp\/v2\/media?parent=53015"}],"curies":[{"name":"wp","href":"https:\/\/api.w.org\/{rel}","templated":true}]}}