{"id":498598,"date":"2020-04-19T13:28:06","date_gmt":"2020-04-19T12:28:06","guid":{"rendered":"https:\/\/fitnfemale.com\/?page_id=498598"},"modified":"2020-04-19T14:04:23","modified_gmt":"2020-04-19T13:04:23","slug":"resistance-bands-workout-exercises","status":"publish","type":"page","link":"https:\/\/fitnfemale.com\/fr\/resistance-bands-workout-exercises\/","title":{"rendered":"Exercices d&#039;entra\u00eenement avec bandes de r\u00e9sistance"},"content":{"rendered":"<div class=\"row row-full-width align-center\"  id=\"row-1382493382\">\n\n\t<div id=\"col-1925795941\" class=\"col medium-6 small-12 large-6\"  >\n\t\t\t\t<div class=\"col-inner text-center\"  >\n\t\t\t\n\t\t\t\n[Elite_video_player id=&#8220;24&#8243;]\n\t<div id=\"gap-1803852325\" class=\"gap-element clearfix\" style=\"display:block; height:auto;\">\n\t\t\n<style>\n#gap-1803852325 {\n  padding-top: 30px;\n}\n<\/style>\n\t<\/div>\n\t\n<h2>\u00dcBUNGEN MIT WIEDERSTANDS-B\u00c4NDERN<\/h2>\n<p><P>Inspiration f\u00fcr dein Training zu Hause.<\/P><br \/>\n<div class=\"is-divider divider clearfix\" style=\"max-width:100%;\"><\/div>\n<div class=\"row\"  id=\"row-162446145\">\n\n\t<div id=\"col-715482019\" class=\"col small-12 large-12\"  >\n\t\t\t\t<div class=\"col-inner text-center\"  >\n\t\t\t\n\t\t\t\n<a href=\"\/premium-workout-programs\/\" class=\"button primary\" >\n\t<i class=\"icon-angle-left\" aria-hidden=\"true\"><\/i>\t<span>zur\u00fcck<\/span>\n\t<\/a>\n\n<a href=\"\/premium-workout-programs\/\" class=\"button primary\" >\n\t\t<span>andere workouts<\/span>\n\t<i class=\"icon-angle-right\" aria-hidden=\"true\"><\/i><\/a>\n\n\t\t<\/div>\n\t\t\t\t\n<style>\n#col-715482019 > .col-inner {\n  margin: 30px 0px 0px 0px;\n}\n<\/style>\n\t<\/div>\n\n\t\n<\/div>\n\t\t<\/div>\n\t\t\t\t\t<\/div>\n\n\t\n\n<style>\n#row-1382493382 > .col > .col-inner {\n  padding: 20px 0px 0px 0px;\n}\n<\/style>\n<\/div>\n[wcm_content_restricted]\n","protected":false},"excerpt":{"rendered":"[wcm_content_restricted]\n","protected":false},"author":1,"featured_media":0,"parent":0,"menu_order":0,"comment_status":"closed","ping_status":"closed","template":"page-blank.php","meta":{"slim_seo":{"title":"Exercices d&#039;entra\u00eenement avec bandes de r\u00e9sistance - FitnFemale\u00ae","description":"[Elite_video_player id=\"24\"] \u00dcBUNGEN MIT WIEDERSTANDS-B\u00c4NDERN Inspiration f\u00fcr dein Training zu Hause. zur\u00fcck andere workouts [wcm_content_restricted]"},"footnotes":""},"class_list":["post-498598","page","type-page","status-publish","hentry"],"_links":{"self":[{"href":"https:\/\/fitnfemale.com\/fr\/wp-json\/wp\/v2\/pages\/498598","targetHints":{"allow":["GET"]}}],"collection":[{"href":"https:\/\/fitnfemale.com\/fr\/wp-json\/wp\/v2\/pages"}],"about":[{"href":"https:\/\/fitnfemale.com\/fr\/wp-json\/wp\/v2\/types\/page"}],"author":[{"embeddable":true,"href":"https:\/\/fitnfemale.com\/fr\/wp-json\/wp\/v2\/users\/1"}],"replies":[{"embeddable":true,"href":"https:\/\/fitnfemale.com\/fr\/wp-json\/wp\/v2\/comments?post=498598"}],"version-history":[{"count":0,"href":"https:\/\/fitnfemale.com\/fr\/wp-json\/wp\/v2\/pages\/498598\/revisions"}],"wp:attachment":[{"href":"https:\/\/fitnfemale.com\/fr\/wp-json\/wp\/v2\/media?parent=498598"}],"curies":[{"name":"wp","href":"https:\/\/api.w.org\/{rel}","templated":true}]}}