{"id":32295,"date":"2018-04-15T12:28:28","date_gmt":"2018-04-15T11:28:28","guid":{"rendered":"https:\/\/fitnfemale.com\/?page_id=32295"},"modified":"2018-04-15T12:53:43","modified_gmt":"2018-04-15T11:53:43","slug":"aimant-de-remise-en-forme","status":"publish","type":"page","link":"https:\/\/fitnfemale.com\/fr\/aimant-de-remise-en-forme\/","title":{"rendered":"Aimant de fitness"},"content":{"rendered":"<div class=\"banner-grid-wrapper\">\n  <div id=\"banner-grid-1553053342\" class=\"banner-grid row row-grid row-collapse row-full-width\" data-packery-options=\"\">\n                      \n<div class=\"col grid-col large-3 grid-col-1 hide-for-small\" ><div class=\"col-inner\">\n<div class=\"slider-wrapper relative\" id=\"slider-1950429071\" >\n    <div class=\"slider slider-nav-circle slider-nav-large slider-nav-light slider-style-normal\"\n        data-flickity-options='{            \"cellAlign\": \"center\",            \"imagesLoaded\": true,            \"lazyLoad\": 1,            \"freeScroll\": false,            \"wrapAround\": true,            \"autoPlay\": 6000,            \"pauseAutoPlayOnHover\" : true,            \"prevNextButtons\": true,            \"contain\" : true,            \"adaptiveHeight\" : true,            \"dragThreshold\" : 10,            \"percentPosition\": true,            \"pageDots\": true,            \"rightToLeft\": false,            \"draggable\": true,            \"selectedAttraction\": 0.1,            \"parallax\" : 0,            \"friction\": 0.6        }'\n        >\n        \n\n  <div class=\"banner has-hover\" id=\"banner-1672424855\">\n          <div class=\"banner-inner fill\">\n        <div class=\"banner-bg fill\" >\n                                    <div class=\"overlay\"><\/div>            \n                    <\/div>\n\t\t\n        <div class=\"banner-layers container\">\n            <div class=\"fill banner-link\"><\/div>            \n   <div id=\"text-box-506331851\" class=\"text-box banner-layer x50 md-x50 lg-x50 y45 md-y45 lg-y45 res-text\">\n                                <div class=\"text-box-content text dark\">\n              \n              <div class=\"text-inner text-center\">\n                  \n\t<div class=\"img has-hover x md-x lg-x y md-y lg-y\" id=\"image_1380781268\">\n\t\t\t\t\t\t\t\t<div class=\"img-inner dark\" >\n\t\t\t<img decoding=\"async\" width=\"462\" height=\"50\" src=\"https:\/\/fitnfemale.com\/wp-content\/uploads\/logo-blank-white-FITNESSMAGNET.png\" class=\"attachment-large size-large\" alt=\"AIMANT DE FITNESS blanc vierge avec logo\" srcset=\"https:\/\/fitnfemale.com\/wp-content\/uploads\/logo-blank-white-FITNESSMAGNET.png 462w, https:\/\/fitnfemale.com\/wp-content\/uploads\/logo-blank-white-FITNESSMAGNET-18x2.png 18w, https:\/\/fitnfemale.com\/wp-content\/uploads\/logo-blank-white-FITNESSMAGNET-190x21.png 190w\" sizes=\"(max-width: 462px) 100vw, 462px\" \/>\t\t\t\t\t\t\n\t\t\t\t\t<\/div>\n\t\t\t\t\t\t\t\t\n<style>\n#image_1380781268 {\n  width: 100%;\n}\n<\/style>\n\t<\/div>\n\t\n              <\/div>\n           <\/div>\n                            \n<style>\n#text-box-506331851 {\n  width: 83%;\n}\n#text-box-506331851 .text-box-content {\n  font-size: 100%;\n}\n<\/style>\n    <\/div>\n \n        <\/div>\n      <\/div>\n\n            \n<style>\n#banner-1672424855 {\n  padding-top: 500px;\n  background-color: rgb(101, 178, 225);\n}\n#banner-1672424855 .overlay {\n  background-color: rgba(255,255,255,.5);\n}\n<\/style>\n  <\/div>\n\n\n     <\/div>\n\n     <div class=\"loading-spin dark large centered\"><\/div>\n\n\t<\/div>\n\n\n<\/div><\/div>\n<div class=\"col grid-col large-5 grid-col-1\" ><div class=\"col-inner\">\n<div class=\"slider-wrapper relative\" id=\"slider-2030509276\" >\n    <div class=\"slider slider-nav-circle slider-nav-large slider-nav-light slider-style-normal\"\n        data-flickity-options='{            \"cellAlign\": \"center\",            \"imagesLoaded\": true,            \"lazyLoad\": 1,            \"freeScroll\": false,            \"wrapAround\": true,            \"autoPlay\": 6000,            \"pauseAutoPlayOnHover\" : true,            \"prevNextButtons\": true,            \"contain\" : true,            \"adaptiveHeight\" : true,            \"dragThreshold\" : 10,            \"percentPosition\": true,            \"pageDots\": true,            \"rightToLeft\": false,            \"draggable\": true,            \"selectedAttraction\": 0.1,            \"parallax\" : 0,            \"friction\": 0.6        }'\n        >\n        \n\n  <div class=\"banner has-hover\" id=\"banner-135975492\">\n          <div class=\"banner-inner fill\">\n        <div class=\"banner-bg fill\" >\n            <img decoding=\"async\" width=\"800\" height=\"600\" src=\"https:\/\/fitnfemale.com\/wp-content\/uploads\/fitnessmagnet.jpg\" class=\"bg attachment-large size-large\" alt=\"Aimant de fitness\" \/>                                    \n                    <\/div>\n\t\t\n        <div class=\"banner-layers container\">\n            <div class=\"fill banner-link\"><\/div>            \n   <div id=\"text-box-1660918488\" class=\"text-box banner-layer x50 md-x50 lg-x50 y80 md-y80 lg-y80 res-text\">\n                                <div class=\"text-box-content text dark\">\n              \n              <div class=\"text-inner text-center\">\n                  \n<h1 >GRAND FR\u00c8RE \u2013 MAGNIFIQUE DU FITNESS<\/h1>\n              <\/div>\n           <\/div>\n                            \n<style>\n#text-box-1660918488 {\n  width: 86%;\n}\n#text-box-1660918488 .text-box-content {\n  font-size: 100%;\n}\n<\/style>\n    <\/div>\n \n        <\/div>\n      <\/div>\n\n            \n<style>\n#banner-135975492 {\n  padding-top: 500px;\n  background-color: rgb(0,0,0);\n}\n#banner-135975492 .banner-bg img {\n  object-position: 61% 45%;\n}\n<\/style>\n  <\/div>\n\n\n     <\/div>\n\n     <div class=\"loading-spin dark large centered\"><\/div>\n\n\t<\/div>\n\n\n<\/div><\/div>\n<div class=\"col grid-col large-2 grid-col-1 hide-for-small\" ><div class=\"col-inner\">\n<div class=\"uxb-no-content uxb-image\">T\u00e9l\u00e9charger une image...<\/div>\n<\/div><\/div>\n<div class=\"col grid-col large-2 grid-col-1 hide-for-small\" ><div class=\"col-inner\">\n\n  <div class=\"banner has-hover hide-for-small\" id=\"banner-526599261\">\n          <div class=\"banner-inner fill\">\n        <div class=\"banner-bg fill\" >\n                                    <div class=\"overlay\"><\/div>            \n                    <\/div>\n\t\t\n        <div class=\"banner-layers container\">\n            <div class=\"fill banner-link\"><\/div>            \n<div class=\"uxb-no-content uxb-image\">T\u00e9l\u00e9charger une image...<\/div>\n        <\/div>\n      <\/div>\n\n            \n<style>\n#banner-526599261 {\n  padding-top: 500px;\n  background-color: rgb(53, 107, 178);\n}\n#banner-526599261 .overlay {\n  background-color: rgba(0, 0, 0, 0.31);\n}\n<\/style>\n  <\/div>\n\n\n<\/div><\/div>\n            <\/div>\n    <style>\n    #banner-grid-1553053342 .grid-col-1{height: 450px}\n    #banner-grid-1553053342 .grid-col-1-2{height: 225px}\n    #banner-grid-1553053342 .grid-col-1-3{height:150px}\n    #banner-grid-1553053342 .grid-col-2-3{height: 300px}\n    #banner-grid-1553053342 .grid-col-1-4{height: 112.5px}\n    #banner-grid-1553053342 .grid-col-3-4{height: 337.5px}\n\n\n    \n    \n\n  <\/style>\n    <\/div>\n  \n<div class=\"slider-wrapper relative\" id=\"slider-2005104735\" >\n    <div class=\"slider slider-nav-simple slider-nav-large slider-nav-dark slider-style-normal\"\n        data-flickity-options='{            \"cellAlign\": \"center\",            \"imagesLoaded\": true,            \"lazyLoad\": 1,            \"freeScroll\": false,            \"wrapAround\": true,            \"autoPlay\": 6000,            \"pauseAutoPlayOnHover\" : true,            \"prevNextButtons\": false,            \"contain\" : true,            \"adaptiveHeight\" : true,            \"dragThreshold\" : 10,            \"percentPosition\": true,            \"pageDots\": false,            \"rightToLeft\": false,            \"draggable\": true,            \"selectedAttraction\": 0.1,            \"parallax\" : 0,            \"friction\": 0.6        }'\n        >\n        \r\n\r\n\n  <div class=\"banner has-hover\" id=\"banner-74628914\">\n          <div class=\"banner-inner fill\">\n        <div class=\"banner-bg fill\" >\n                                                \n                    <\/div>\n\t\t\n        <div class=\"banner-layers container\">\n            <div class=\"fill banner-link\"><\/div>            \r\n\r\n   <div id=\"text-box-861930102\" class=\"text-box banner-layer x0 md-x0 lg-x0 y0 md-y0 lg-y0 res-text\">\n                                <div class=\"text-box-content text dark\">\n              \n              <div class=\"text-inner text-center\">\n                  \r\n\r\n<p><span style=\"font-size: 90%; color: #fff;\"><i class=\"fa fa-gift\"><\/i><strong> MAINTENANT<\/strong> - Jusqu'\u00e0 6 cadeaux par commande !<\/span><\/p>\r\n\r\n              <\/div>\n           <\/div>\n                            \n<style>\n#text-box-861930102 {\n  width: 100%;\n}\n#text-box-861930102 .text-box-content {\n  font-size: 100%;\n}\n<\/style>\n    <\/div>\n \r\n\r\n        <\/div>\n      <\/div>\n\n            \n<style>\n#banner-74628914 {\n  padding-top: 20px;\n}\n<\/style>\n  <\/div>\n\n\r\n\n  <div class=\"banner has-hover\" id=\"banner-239438619\">\n          <div class=\"banner-inner fill\">\n        <div class=\"banner-bg fill\" >\n                                                \n                    <\/div>\n\t\t\n        <div class=\"banner-layers container\">\n            <div class=\"fill banner-link\"><\/div>            \r\n\r\n   <div id=\"text-box-578506125\" class=\"text-box banner-layer x0 md-x0 lg-x0 y0 md-y0 lg-y0 res-text\">\n                                <div class=\"text-box-content text dark\">\n              \n              <div class=\"text-inner text-center\">\n                  \r\n\r\n<p><span style=\"font-size: 90%; color: #fff;\"><i class=\"fa fa-truck\"><\/i><span data-zone_id=\"schweiz\" class=\"wcpbc-content content-schweiz\">Envoi postal gratuit dans toute la Suisse<\/span><span data-zone_id=\"de-at\" class=\"wcpbc-content content-de-at\">Port gratuit \u00e0 partir de 49,00 \u20ac avec DHL<\/span><span data-zone_id=\"at\" class=\"wcpbc-content content-at\">Livraison gratuite depuis l'Autriche<\/span><\/span><\/p>\r\n\r\n              <\/div>\n           <\/div>\n                            \n<style>\n#text-box-578506125 {\n  width: 100%;\n}\n#text-box-578506125 .text-box-content {\n  font-size: 100%;\n}\n<\/style>\n    <\/div>\n \r\n\r\n        <\/div>\n      <\/div>\n\n            \n<style>\n#banner-239438619 {\n  padding-top: 20px;\n}\n<\/style>\n  <\/div>\n\n\r\n\r\n     <\/div>\n\n     <div class=\"loading-spin dark large centered\"><\/div>\n\n\t<\/div>\n\n\n\t<div id=\"gap-369918653\" class=\"gap-element clearfix\" style=\"display:block; height:auto;\">\n\t\t\n<style>\n#gap-369918653 {\n  padding-top: 29px;\n}\n<\/style>\n\t<\/div>\n\t\n\t\n  \n    <div id=\"product-grid-2081470203\" class=\"row large-columns-4 medium-columns-3 small-columns-2 row-small row-masonry\" data-packery-options='{\"itemSelector\": \".col\", \"gutter\": 0, \"presentageWidth\" : true}'>\n\n  <\/div>","protected":false},"excerpt":{"rendered":"","protected":false},"author":1,"featured_media":0,"parent":0,"menu_order":0,"comment_status":"closed","ping_status":"closed","template":"page-blank.php","meta":{"slim_seo":{"title":"Fitnessmagnet - FitNFemale\u00ae","description":"BIG BROTHER - AIMANT FITNESS T\u00e9l\u00e9charger une image... T\u00e9l\u00e9charger une image... MAINTENANT - Jusqu&#039;\u00e0 6 cadeaux par commande ! Livraison gratuite dans toute la Suisse. Livraison gratuite pour les commandes sup\u00e9rieures \u00e0 49,00 \u20ac."},"footnotes":""},"class_list":["post-32295","page","type-page","status-publish","hentry"],"_links":{"self":[{"href":"https:\/\/fitnfemale.com\/fr\/wp-json\/wp\/v2\/pages\/32295","targetHints":{"allow":["GET"]}}],"collection":[{"href":"https:\/\/fitnfemale.com\/fr\/wp-json\/wp\/v2\/pages"}],"about":[{"href":"https:\/\/fitnfemale.com\/fr\/wp-json\/wp\/v2\/types\/page"}],"author":[{"embeddable":true,"href":"https:\/\/fitnfemale.com\/fr\/wp-json\/wp\/v2\/users\/1"}],"replies":[{"embeddable":true,"href":"https:\/\/fitnfemale.com\/fr\/wp-json\/wp\/v2\/comments?post=32295"}],"version-history":[{"count":0,"href":"https:\/\/fitnfemale.com\/fr\/wp-json\/wp\/v2\/pages\/32295\/revisions"}],"wp:attachment":[{"href":"https:\/\/fitnfemale.com\/fr\/wp-json\/wp\/v2\/media?parent=32295"}],"curies":[{"name":"wp","href":"https:\/\/api.w.org\/{rel}","templated":true}]}}