{"id":2680,"date":"2013-08-11T19:22:53","date_gmt":"2013-08-11T19:22:53","guid":{"rendered":"http:\/\/localhost:8888\/test\/?page_id=532"},"modified":"2025-12-24T07:17:50","modified_gmt":"2025-12-24T06:17:50","slug":"contact","status":"publish","type":"page","link":"https:\/\/fitnfemale.com\/fr\/contact\/","title":{"rendered":"Contact"},"content":{"rendered":"<div class=\"banner has-hover\" id=\"banner-460927230\">\n          <div class=\"banner-inner fill\">\n        <div class=\"banner-bg fill\" >\n            <img decoding=\"async\" width=\"2448\" height=\"1377\" src=\"https:\/\/fitnfemale.com\/wp-content\/uploads\/pink-rush-header-1-scaled.webp\" class=\"bg attachment-original size-original\" alt=\"En-t\u00eate Pink Rush (1)\" \/>                        <div class=\"overlay\"><\/div>            \n                    <\/div>\n\t\t\n        <div class=\"banner-layers container\">\n            <div class=\"fill banner-link\"><\/div>            \n   <div id=\"text-box-246493153\" class=\"text-box banner-layer x50 md-x10 lg-x10 y85 md-y25 lg-y25 res-text\">\n                                <div class=\"text-box-content text dark\">\n              \n              <div class=\"text-inner text-center\">\n                  \n<h3 class=\"thin-font\">Assistance 24h\/24 et 7j\/7 pour les commandes et les produits<br \/>\n<\/h3>\n              <\/div>\n           <\/div>\n                            \n<style>\n#text-box-246493153 {\n  width: 86%;\n}\n#text-box-246493153 .text-box-content {\n  font-size: 100%;\n}\n@media (min-width:550px) {\n  #text-box-246493153 {\n    width: 32%;\n  }\n}\n<\/style>\n    <\/div>\n \n        <\/div>\n      <\/div>\n\n            \n<style>\n#banner-460927230 {\n  padding-top: 168px;\n}\n#banner-460927230 .overlay {\n  background-color: rgba(0,0,0,.5);\n}\n#banner-460927230 .banner-bg img {\n  object-position: 50% 57%;\n}\n@media (min-width:550px) {\n  #banner-460927230 {\n    padding-top: 17%;\n  }\n}\n<\/style>\n  <\/div>\n\n\n\t<div id=\"gap-752608048\" class=\"gap-element clearfix\" style=\"display:block; height:auto;\">\n\t\t\n<style>\n#gap-752608048 {\n  padding-top: 30px;\n}\n<\/style>\n\t<\/div>\n\t\n<div class=\"row\"  id=\"row-1846079837\">\n\n\t<div id=\"col-1205112663\" class=\"col medium-6 small-12 large-6\"  >\n\t\t\t\t<div class=\"col-inner\"  >\n\t\t\t\n\t\t\t\n<div id=\"n8n-chat\" class=\"fnf-chat-embed\"><\/div>\n<\/p>\n\t\t<\/div>\n\t\t\t\t\t<\/div>\n\n\t\n\n\t<div id=\"col-624730116\" class=\"col medium-5 small-12 large-5\"  >\n\t\t\t\t<div class=\"col-inner\"  >\n\t\t\t\n\t\t\t\n\n\t<section class=\"section dark\" id=\"section_598452379\">\n\t\t<div class=\"section-bg fill\" >\n\t\t\t\t\t\t\t\t\t\n\t\t\t\n\n\t\t<\/div>\n\n\t\t\n\n\t\t<div class=\"section-content relative\">\n\t\t\t\n<a href=\"\/fr\/faq\/\" class=\"button white lowercase expand\" >\n\t<i class=\"icon-menu\" aria-hidden=\"true\"><\/i>\t<span>FAQ<\/span>\n\t<\/a>\n\n<a href=\"\/fr\/my-account\/\" class=\"button white lowercase expand\" >\n\t<i class=\"icon-user\" aria-hidden=\"true\"><\/i>\t<span>Login \/ Mon compte<\/span>\n\t<\/a>\n\n\t\t<\/div>\n\n\t\t\n<style>\n#section_598452379 {\n  padding-top: 30px;\n  padding-bottom: 30px;\n  background-color: rgb(255,255,255);\n}\n<\/style>\n\t<\/section>\n\t\n\t<div id=\"text-1616888127\" class=\"text\">\n\t\t\n<p><strong>Assistance\/conseil<br \/><\/strong><a href=\"mailto:support@fitnfemale.com\">support@fitnfemale.com<\/a><\/p>\n<p><strong>Coop\u00e9ration<br \/><\/strong><a href=\"mailto:marketing@fitnfemale.com\">marketing@fitnfemale.com<\/a><\/p>\n<p><strong>Revendeur<br \/><\/strong><a href=\"\/fr\/b2b\/\">Formulaire clients professionnels<\/a><\/p>\n<p><strong>G\u00e9n\u00e9ralit\u00e9s<br \/><\/strong><a href=\"mailto:info@fitnfemale.com\">info@fitnfemale.com<\/a><\/p>\n\t\t\n<style>\n#text-1616888127 {\n  text-align: center;\n}\n<\/style>\n\t<\/div>\n\t\n\t\t<\/div>\n\t\t\t\t\t<\/div>\n\n\t\n<\/div>","protected":false},"excerpt":{"rendered":"","protected":false},"author":1,"featured_media":2599,"parent":0,"menu_order":0,"comment_status":"closed","ping_status":"closed","template":"page-blank.php","meta":{"slim_seo":{"title":"Contactez-nous - FitNFemale\u00ae","description":"Assistance 24h\/24 et 7j\/7 pour les commandes et les produits FAQ Connexion \/ Mon compte Assistance\/Conseils support@fitnfemale.com Collaboration marketing@fitnfemale.com Revendeurs"},"footnotes":""},"class_list":["post-2680","page","type-page","status-publish","has-post-thumbnail","hentry"],"_links":{"self":[{"href":"https:\/\/fitnfemale.com\/fr\/wp-json\/wp\/v2\/pages\/2680","targetHints":{"allow":["GET"]}}],"collection":[{"href":"https:\/\/fitnfemale.com\/fr\/wp-json\/wp\/v2\/pages"}],"about":[{"href":"https:\/\/fitnfemale.com\/fr\/wp-json\/wp\/v2\/types\/page"}],"author":[{"embeddable":true,"href":"https:\/\/fitnfemale.com\/fr\/wp-json\/wp\/v2\/users\/1"}],"replies":[{"embeddable":true,"href":"https:\/\/fitnfemale.com\/fr\/wp-json\/wp\/v2\/comments?post=2680"}],"version-history":[{"count":0,"href":"https:\/\/fitnfemale.com\/fr\/wp-json\/wp\/v2\/pages\/2680\/revisions"}],"wp:featuredmedia":[{"embeddable":true,"href":"https:\/\/fitnfemale.com\/fr\/wp-json\/wp\/v2\/media\/2599"}],"wp:attachment":[{"href":"https:\/\/fitnfemale.com\/fr\/wp-json\/wp\/v2\/media?parent=2680"}],"curies":[{"name":"wp","href":"https:\/\/api.w.org\/{rel}","templated":true}]}}