{"id":210345,"date":"2019-05-27T13:00:45","date_gmt":"2019-05-27T12:00:45","guid":{"rendered":"https:\/\/fitnfemale.com\/?page_id=210345"},"modified":"2019-11-28T21:52:37","modified_gmt":"2019-11-28T20:52:37","slug":"kostenloser-rueckversand","status":"publish","type":"page","link":"https:\/\/fitnfemale.com\/fr\/kostenloser-rueckversand\/","title":{"rendered":"Retour gratuit"},"content":{"rendered":"<div class=\"banner has-hover\" id=\"banner-256454311\">\n          <div class=\"banner-inner fill\">\n        <div class=\"banner-bg fill\" >\n                                    <div class=\"overlay\"><\/div>            \n                    <\/div>\n\t\t\n        <div class=\"banner-layers container\">\n            <div class=\"fill banner-link\"><\/div>            \n   <div id=\"text-box-1619800445\" class=\"text-box banner-layer x50 md-x50 lg-x50 y50 md-y50 lg-y50 res-text\">\n                     <div data-animate=\"flipInY\">           <div class=\"text-box-content text dark\">\n              \n              <div class=\"text-inner text-center\">\n                  \n<h3 class=\"alt-font\"><span style=\"color: #ef5c96;\">Retour gratuit avec<\/span><\/h3>\n\t<div class=\"img has-hover x md-x lg-x y md-y lg-y\" id=\"image_1675357630\">\n\t\t\t\t\t\t\t\t<div class=\"img-inner dark\" >\n\t\t\t<img decoding=\"async\" width=\"971\" height=\"260\" src=\"https:\/\/fitnfemale.com\/wp-content\/uploads\/paypal-gross-transparent.png\" class=\"attachment-large size-large\" alt=\"PayPal est tr\u00e8s transparent\" srcset=\"https:\/\/fitnfemale.com\/wp-content\/uploads\/paypal-gross-transparent.png 971w, https:\/\/fitnfemale.com\/wp-content\/uploads\/paypal-gross-transparent-510x137.png 510w, https:\/\/fitnfemale.com\/wp-content\/uploads\/paypal-gross-transparent-800x214.png 800w, https:\/\/fitnfemale.com\/wp-content\/uploads\/paypal-gross-transparent-768x206.png 768w, https:\/\/fitnfemale.com\/wp-content\/uploads\/paypal-gross-transparent-18x5.png 18w, https:\/\/fitnfemale.com\/wp-content\/uploads\/paypal-gross-transparent-190x51.png 190w, https:\/\/fitnfemale.com\/wp-content\/uploads\/paypal-gross-transparent-336x90.png 336w\" sizes=\"(max-width: 971px) 100vw, 971px\" \/>\t\t\t\t\t\t\n\t\t\t\t\t<\/div>\n\t\t\t\t\t\t\t\t\n<style>\n#image_1675357630 {\n  width: 46%;\n}\n<\/style>\n\t<\/div>\n\t\n              <\/div>\n           <\/div>\n       <\/div>                     \n<style>\n#text-box-1619800445 {\n  width: 100%;\n}\n#text-box-1619800445 .text-box-content {\n  font-size: 100%;\n}\n@media (min-width:550px) {\n  #text-box-1619800445 {\n    width: 70%;\n  }\n}\n<\/style>\n    <\/div>\n \n        <\/div>\n      <\/div>\n\n            \n<style>\n#banner-256454311 {\n  padding-top: 197px;\n  background-color: #F9E7F0;\n}\n#banner-256454311 .overlay {\n  background-color: rgba(0, 0, 0, 0.02);\n}\n#banner-256454311 .banner-bg img {\n  object-position: 58% 63%;\n}\n<\/style>\n  <\/div>\n\n\n<div class=\"row\"  id=\"row-2125535361\">\n\n\t<div id=\"col-1716075984\" class=\"col small-12 large-12\"  >\n\t\t\t\t<div class=\"col-inner\"  >\n\t\t\t\n\t\t\t\n<h2 class=\"uppercase\" style=\"text-align: center;\">Vous avez command\u00e9 la mauvaise chose ? PAS DE PROBL\u00c8ME. PAYPAL REMBOURSE LES FRAIS DE RETOUR.<\/h2>\n<p style=\"text-align: center;\"><span style=\"font-size: 120%;\">Mauvais go\u00fbt ou simplement mauvais produit ? Avec PayPal, vous \u00eates rembours\u00e9 : ce nouveau service gratuit est offert aux acheteurs Paypal qui font des achats sur FitnFemale avec Paypal.<\/span><\/p>\n<a href=\"https:\/\/www.paypal.com\/ch\/webapps\/mpp\/refunded-returns\" target=\"_blank\" class=\"button primary lowercase expand\" rel=\"noopener\" >\n\t<i class=\"icon-expand\" aria-hidden=\"true\"><\/i>\t<span>En savoir plus<\/span>\n\t<\/a>\n\n\t\t<\/div>\n\t\t\t\t\t<\/div>\n\n\t\n<\/div>\n<div class=\"row row-divided\"  id=\"row-534101156\">\n\n\t<div id=\"col-1358146964\" class=\"col medium-7 large-7\"  >\n\t\t\t\t<div class=\"col-inner\"  >\n\t\t\t\n\t\t\t\n\n\t\t<div class=\"icon-box featured-box icon-box-top text-left\"  style=\"margin:0px 0px 0px 0px;\">\n\t\t\t\t<div class=\"icon-box-text last-reset\">\n\t\t\t<h5 class=\"uppercase\">Frais de retour d\u00e9j\u00e0 pay\u00e9s ?<\/h5>\t\t\t\t\t\t\n<p>Si tu as d\u00e9j\u00e0 activ\u00e9 le service \"Retours gratuits\" sur Paypal, tu peux faire la demande de remboursement dans ton compte PayPal.<\/p>\n\t\t<\/div>\n\t<\/div>\n\t\n\t\n<div class=\"text-center\"><div class=\"is-divider divider clearfix\" ><\/div><\/div>\n<a href=\"https:\/\/www.paypal-returns.com\/hc\/de-ch\/requests\/new\" class=\"button primary lowercase expand\" >\n\t\t<span>R\u00e9cup\u00e9rer les frais de retour<\/span>\n\t<\/a>\n\n<div class=\"text-center\"><div class=\"is-divider divider clearfix\" ><\/div><\/div>\n\n\t\t<div class=\"icon-box featured-box icon-box-top text-left\"  style=\"margin:0px 0px 0px 0px;\">\n\t\t\t\t<div class=\"icon-box-text last-reset\">\n\t\t\t<h5 class=\"uppercase\">Droit de retour de 14 jours<\/h5>\t\t\t\t\t\t\n<p>Chez FitnFemale, tu as un droit de retour de 14 jours. Tu as donc suffisamment de temps pour r\u00e9fl\u00e9chir si tu veux garder les produits. <a href=\"\/fr\/ruecknahme\/\">En savoir plus<\/a><\/p>\n\t\t<\/div>\n\t<\/div>\n\t\n\t\n\t\t<\/div>\n\t\t\t\t\t<\/div>\n\n\t\n\n\t<div id=\"col-1051212534\" class=\"col medium-5 large-5\"  >\n\t\t\t\t<div class=\"col-inner\"  >\n\t\t\t\n\t\t\t\n\n\t\t<div class=\"icon-box featured-box icon-box-top text-left\"  style=\"margin:0px 0px 0px 0px;\">\n\t\t\t\t<div class=\"icon-box-text last-reset\">\n\t\t\t<h5 class=\"uppercase\">Informations importantes sur les retours gratuits<\/h5>\t\t\t\t\t\t\n<ul>\n<li style=\"text-align: left;\">Les retours gratuits ne s'appliquent qu'aux paiements effectu\u00e9s avec PayPal.<\/li>\n<li style=\"text-align: left;\">Ce service de Paypal doit \u00eatre activ\u00e9 avant ta commande.<\/li>\n<li style=\"text-align: left;\">Pour plus d'informations sur ce service de Paypal, tu peux obtenir les informations suivantes <a href=\"https:\/\/www.paypal.com\/de\/webapps\/mpp\/refunded-returns\">ici<\/a><\/li>\n<\/ul>\n<div class=\"is-divider divider clearfix\" ><\/div>\n<a href=\"https:\/\/www.paypal.com\/de\/webapps\/mpp\/refunded-returns\" class=\"button primary lowercase expand\" >\n\t\t<span>Activer gratuitement<\/span>\n\t<\/a>\n\n\t\t<\/div>\n\t<\/div>\n\t\n\t\n\t\t<\/div>\n\t\t\t\t\t<\/div>\n\n\t\n<\/div>\n\t<div id=\"gap-659322494\" class=\"gap-element clearfix\" style=\"display:block; height:auto;\">\n\t\t\n<style>\n#gap-659322494 {\n  padding-top: 40px;\n}\n<\/style>\n\t<\/div>","protected":false},"excerpt":{"rendered":"","protected":false},"author":1,"featured_media":0,"parent":0,"menu_order":0,"comment_status":"closed","ping_status":"closed","template":"page-blank.php","meta":{"slim_seo":{"title":"Retour gratuit - FitNFemale\u00ae","description":"Retours gratuits. Vous avez command\u00e9 le mauvais article\u00a0? Aucun probl\u00e8me. PayPal vous rembourse les frais de retour. Un go\u00fbt qui ne vous convient pas ou simplement le mauvais produit\u00a0? Avec PayPal, vous pouvez retourner votre commande."},"footnotes":""},"class_list":["post-210345","page","type-page","status-publish","hentry"],"_links":{"self":[{"href":"https:\/\/fitnfemale.com\/fr\/wp-json\/wp\/v2\/pages\/210345","targetHints":{"allow":["GET"]}}],"collection":[{"href":"https:\/\/fitnfemale.com\/fr\/wp-json\/wp\/v2\/pages"}],"about":[{"href":"https:\/\/fitnfemale.com\/fr\/wp-json\/wp\/v2\/types\/page"}],"author":[{"embeddable":true,"href":"https:\/\/fitnfemale.com\/fr\/wp-json\/wp\/v2\/users\/1"}],"replies":[{"embeddable":true,"href":"https:\/\/fitnfemale.com\/fr\/wp-json\/wp\/v2\/comments?post=210345"}],"version-history":[{"count":0,"href":"https:\/\/fitnfemale.com\/fr\/wp-json\/wp\/v2\/pages\/210345\/revisions"}],"wp:attachment":[{"href":"https:\/\/fitnfemale.com\/fr\/wp-json\/wp\/v2\/media?parent=210345"}],"curies":[{"name":"wp","href":"https:\/\/api.w.org\/{rel}","templated":true}]}}