{"id":699958,"date":"2022-12-19T15:06:25","date_gmt":"2022-12-19T14:06:25","guid":{"rendered":"https:\/\/fitnfemale.com\/?post_type=product&#038;p=699958"},"modified":"2026-04-20T18:13:06","modified_gmt":"2026-04-20T17:13:06","slug":"collagen-smart-shake","status":"publish","type":"product","link":"https:\/\/fitnfemale.com\/en\/product-3\/collagen-smart-shake\/","title":{"rendered":"Whey Collagen Smart Shake"},"content":{"rendered":"<div class=\"img has-hover img-details x md-x lg-x y md-y lg-y\" id=\"image_485094350\">\n\t\t\t\t\t\t\t\t<div class=\"img-inner dark\" >\n\t\t\t<img decoding=\"async\" width=\"1020\" height=\"569\" src=\"https:\/\/fitnfemale.com\/wp-content\/uploads\/collagen-smart-shake-details.webp\" class=\"attachment-large size-large\" alt=\"Collagen smart shake details\" srcset=\"https:\/\/fitnfemale.com\/wp-content\/uploads\/collagen-smart-shake-details.webp 1376w, https:\/\/fitnfemale.com\/wp-content\/uploads\/collagen-smart-shake-details-717x400.webp 717w, https:\/\/fitnfemale.com\/wp-content\/uploads\/collagen-smart-shake-details-768x429.webp 768w, https:\/\/fitnfemale.com\/wp-content\/uploads\/collagen-smart-shake-details-18x10.webp 18w, https:\/\/fitnfemale.com\/wp-content\/uploads\/collagen-smart-shake-details-1000x558.webp 1000w\" sizes=\"(max-width: 1020px) 100vw, 1020px\" \/>\t\t\t\t\t\t\n\t\t\t\t\t<\/div>\n\t\t\t\t\t\t\t\t\n<style>\n#image_485094350 {\n  width: 100%;\n}\n<\/style>\n\t<\/div>\n\t\n<ul>\n<li class=\"bullet-star translation-block\"><strong>High protein content:<\/strong> Ideal for a protein-rich diet.<\/li>\n<li class=\"bullet-star translation-block\"><strong>Low in fat and calories: <\/strong> Supports a healthy lifestyle without compromising on taste.<\/li>\n<li class=\"bullet-star\"><strong>Patented enzyme blend DigeZyme\u00ae:<\/strong> Contains high-quality digestive enzymes.<\/li>\n<li class=\"bullet-star translation-block\"><strong>No extra added sugar: <\/strong>For those looking to reduce their sugar intake but not sacrifice taste.<\/li>\n<li class=\"bullet-star translation-block\"><strong>100% recyclable packaging: <\/strong>We are committed to sustainability and ensure environmentally friendly packaging.<\/li>\n<\/ul>\n<p>Our Collagen Smart Shake offers a carefully and uniquely formulated recipe, ideal for women who pay attention to their diet. Enjoy the easy preparation with excellent solubility and a delicious taste.<\/p>\n<div class=\"accordion\">\n\t<div id=\"accordion-2714056701\" class=\"accordion-item\">\n\t\t<a id=\"accordion-2714056701-label\" class=\"accordion-title plain\" href=\"#accordion-item-n\u00e4hrwerte\" aria-expanded=\"false\" aria-controls=\"accordion-2714056701-content\">\n\t\t\t<button class=\"toggle\" aria-label=\"Toggle\"><i class=\"icon-angle-down\" aria-hidden=\"true\"><\/i><\/button>\n\t\t\t<span>Nutritional values<\/span>\n\t\t<\/a>\n\t\t<div id=\"accordion-2714056701-content\" class=\"accordion-inner\" aria-labelledby=\"accordion-2714056701-label\">\n\t\t\t\n<table class=\"ffnf-clean-table\">\n<thead>\n<tr>\n<th>Nutritional values<\/th>\n<th>100 g<\/th>\n<th>Serving (30 g)<\/th>\n<\/tr>\n<\/thead>\n<tbody>\n<tr>\n<td>Energy<\/td>\n<td>1541 kJ \/ 365 kcal<\/td>\n<td>462 kJ \/ 110 kcal<\/td>\n<\/tr>\n<tr>\n<td>Fat<br \/>- saturated fatty acids<\/td>\n<td>5.7 g<br \/>3.2 g<\/td>\n<td>1.7 g<br \/>1.0 g<\/td>\n<\/tr>\n<tr>\n<td class=\"translation-block\">Carbohydrates<br>\u2013 of which sugars<\/td>\n<td>8.1 g<br \/>4.1 g<\/td>\n<td>2.4 g<br \/>1.2 g<\/td>\n<\/tr>\n<tr>\n<td>Dietary fibre<\/td>\n<td>7.0 g<\/td>\n<td>2.1 g<\/td>\n<\/tr>\n<tr>\n<td>Protein<\/td>\n<td>66.6 g<\/td>\n<td>20.0 g<\/td>\n<\/tr>\n<tr>\n<td>Salt<\/td>\n<td>0.93 g<\/td>\n<td>0.28 g<\/td>\n<\/tr>\n<\/tbody>\n<\/table>\n\t\t<\/div>\n\t<\/div>\n\t\n\t<div id=\"accordion-3757462235\" class=\"accordion-item\">\n\t\t<a id=\"accordion-3757462235-label\" class=\"accordion-title plain\" href=\"#accordion-item-inhaltsstoffe\" aria-expanded=\"false\" aria-controls=\"accordion-3757462235-content\">\n\t\t\t<button class=\"toggle\" aria-label=\"Toggle\"><i class=\"icon-angle-down\" aria-hidden=\"true\"><\/i><\/button>\n\t\t\t<span>Ingredients<\/span>\n\t\t<\/a>\n\t\t<div id=\"accordion-3757462235-content\" class=\"accordion-inner\" aria-labelledby=\"accordion-3757462235-label\">\n\t\t\t\n<table class=\"ffnf-clean-table\">\n<thead>\n<tr>\n<th>Ingredients<\/th>\n<th>Serving (30 g)<\/th>\n<\/tr>\n<\/thead>\n<tbody>\n<tr>\n<td>Collagen hydrolysate (bovine)<\/td>\n<td>5000 mg<\/td>\n<\/tr>\n<tr>\n<td>Apple fiber<\/td>\n<td>1200 mg<\/td>\n<\/tr>\n<tr>\n<td>acacia fiber<\/td>\n<td>150 mg<\/td>\n<\/tr>\n<tr>\n<td>Enzyme mixture Digezyme\u00ae<\/td>\n<td>100 mg<\/td>\n<\/tr>\n<tr>\n<td>Psyllium husk powder<\/td>\n<td>50 mg<\/td>\n<\/tr>\n<tr>\n<td>Lactobacillus casei<\/td>\n<td>600 million CFU<\/td>\n<\/tr>\n<tr>\n<td>Lactococcus lactis<\/td>\n<td>600 million CFU<\/td>\n<\/tr>\n<tr>\n<td>Bifidobacterium lactis<\/td>\n<td>240 million CFU<\/td>\n<\/tr>\n<tr>\n<td>Bifidobacterium infantis<\/td>\n<td>120 million CFU<\/td>\n<\/tr>\n<\/tbody>\n<\/table>\n\t\t<\/div>\n\t<\/div>\n\t\n\t<div id=\"accordion-3238035476\" class=\"accordion-item\">\n\t\t<a id=\"accordion-3238035476-label\" class=\"accordion-title plain\" href=\"#accordion-item-digezyme\u00ae---patentierte-verdauungsenzyme\" aria-expanded=\"false\" aria-controls=\"accordion-3238035476-content\">\n\t\t\t<button class=\"toggle\" aria-label=\"Toggle\"><i class=\"icon-angle-down\" aria-hidden=\"true\"><\/i><\/button>\n\t\t\t<span>DigeZyme\u00ae - Patented Digestive Enzymes<\/span>\n\t\t<\/a>\n\t\t<div id=\"accordion-3238035476-content\" class=\"accordion-inner\" aria-labelledby=\"accordion-3238035476-label\">\n\t\t\t\n<p>Digestive enzymes play a crucial role in breaking down food into smaller, more manageable components. Our DigeZyme\u00ae contains a specially developed blend of digestive enzymes, including amylase, protease, galactosidase, lipase, and cellulase.<\/p>\n<p>These enzymes help break down macronutrients such as proteins, carbohydrates, and fats. Through advanced production techniques, we ensure the high quality of our multi-enzyme complex DigeZyme\u00ae, used in our Collagen Smart Shake, a premium protein formulation.<\/p>\n\t\t<\/div>\n\t<\/div>\n\t\n\t<div id=\"accordion-1208158154\" class=\"accordion-item\">\n\t\t<a id=\"accordion-1208158154-label\" class=\"accordion-title plain\" href=\"#accordion-item-pr\u00e4--und-probiotika-\u2013-schl\u00fcsselkomponenten-f\u00fcr-die-ern\u00e4hrung\" aria-expanded=\"false\" aria-controls=\"accordion-1208158154-content\">\n\t\t\t<button class=\"toggle\" aria-label=\"Toggle\"><i class=\"icon-angle-down\" aria-hidden=\"true\"><\/i><\/button>\n\t\t\t<span>Prebiotics and Probiotics \u2013 Key Components for Nutrition<\/span>\n\t\t<\/a>\n\t\t<div id=\"accordion-1208158154-content\" class=\"accordion-inner\" aria-labelledby=\"accordion-1208158154-label\">\n\t\t\t\n<p>Prebiotics are indigestible food components that serve as food for healthy gut bacteria. They are known to support the growth and activity of these beneficial microorganisms. Probiotics, on the other hand, are live bacteria strains found in certain foods and supplements, contributing to the diversity of our gut flora.<\/p>\n<p>The combined intake of pre- and probiotics can help support the overall composition of the gut flora, essential for digestion. By serving as a food source for probiotics, prebiotics can enhance the efficiency of probiotics, which in turn help promote a balanced intestinal environment.<\/p>\n<p><strong>Typical goals of a balanced gut flora include:<\/strong><\/p>\n<ul>\n<li class=\"bullet-star\">Supporting the digestive system<\/li>\n<li class=\"bullet-star\">Promoting a balanced microbiome<\/li>\n<\/ul>\n\t\t<\/div>\n\t<\/div>\n\t\n<\/div>","protected":false},"excerpt":{"rendered":"<h2>Smart\u00b3 for Beauty, Fitness, and Digestion!<\/h2>\n<h4>The shake contains a combination of ingredients traditionally associated with beauty, fitness and digestion. The clever and unique composition combined with a delicious taste speaks for itself.<\/h4>","protected":false},"featured_media":954106,"comment_status":"open","ping_status":"closed","template":"","meta":{"slim_seo":{"title":"Whey Collagen Smart Shake - FitNFemale\u00ae","description":"Smart\u00b3 for beauty, fitness, and digestion! The shake contains a combination of ingredients traditionally associated with beauty, fitness, and digestion."}},"product_brand":[],"product_cat":[6629,1047,401],"product_tag":[6487,6486,6667,6489],"class_list":{"0":"post-699958","1":"product","2":"type-product","3":"status-publish","4":"has-post-thumbnail","6":"product_cat-basic","7":"product_cat-fit-strong","8":"product_cat-health","9":"product_tag-beauty","10":"product_tag-collagen","11":"product_tag-probiotika","12":"product_tag-skin","13":"pa_anwendungsbereiche-bindegewebe","14":"pa_anwendungsbereiche-for-your-workout","15":"pa_anwendungsbereiche-gelenke-und-knochen","16":"pa_anwendungsbereiche-health","17":"pa_anwendungsbereiche-skin-hair-nails","18":"pa_anwendungsbereiche-immune-system","19":"pa_anwendungsbereiche-verdauung","20":"pa_marke-fitnfemale","21":"pa_misc-aspartamfree","22":"pa_schwangerschaft-geeignet","23":"pa_stillzeit-geeignet","24":"pa_vegan-nein","26":"first","27":"instock","28":"taxable","29":"shipping-taxable","30":"purchasable","31":"product-type-variable","32":"has-default-attributes"},"bundled_by":["738321","738344","786592","786594"],"bundle_stock_status":"instock","bundle_stock_quantity":null,"bundle_virtual":false,"bundle_layout":"","bundle_add_to_cart_form_location":"","bundle_editable_in_cart":false,"bundle_sold_individually_context":"","bundle_item_grouping":"","bundle_min_size":"","bundle_max_size":"","bundle_price":[],"bundled_items":[],"bundle_sell_ids":[],"gallery_images":[953307,953306,906358,954108,954110,953305,954109,935049,954107,730408],"_links":{"self":[{"href":"https:\/\/fitnfemale.com\/en\/wp-json\/wp\/v2\/product\/699958","targetHints":{"allow":["GET"]}}],"collection":[{"href":"https:\/\/fitnfemale.com\/en\/wp-json\/wp\/v2\/product"}],"about":[{"href":"https:\/\/fitnfemale.com\/en\/wp-json\/wp\/v2\/types\/product"}],"replies":[{"embeddable":true,"href":"https:\/\/fitnfemale.com\/en\/wp-json\/wp\/v2\/comments?post=699958"}],"wp:featuredmedia":[{"embeddable":true,"href":"https:\/\/fitnfemale.com\/en\/wp-json\/wp\/v2\/media\/954106"}],"wp:attachment":[{"href":"https:\/\/fitnfemale.com\/en\/wp-json\/wp\/v2\/media?parent=699958"}],"wp:term":[{"taxonomy":"product_brand","embeddable":true,"href":"https:\/\/fitnfemale.com\/en\/wp-json\/wp\/v2\/product_brand?post=699958"},{"taxonomy":"product_cat","embeddable":true,"href":"https:\/\/fitnfemale.com\/en\/wp-json\/wp\/v2\/product_cat?post=699958"},{"taxonomy":"product_tag","embeddable":true,"href":"https:\/\/fitnfemale.com\/en\/wp-json\/wp\/v2\/product_tag?post=699958"}],"curies":[{"name":"wp","href":"https:\/\/api.w.org\/{rel}","templated":true}]}}