{"id":784421,"date":"2023-01-25T08:13:35","date_gmt":"2023-01-25T07:13:35","guid":{"rendered":"https:\/\/fitnfemale.com\/?page_id=784421"},"modified":"2025-12-22T10:23:44","modified_gmt":"2025-12-22T09:23:44","slug":"mahlzeitersatz","status":"publish","type":"page","link":"https:\/\/fitnfemale.com\/en\/mahlzeitersatz\/","title":{"rendered":"Meal replacement"},"content":{"rendered":"\n  <div class=\"banner has-hover\" id=\"banner-1750922318\">\n          <div class=\"banner-inner fill\">\n        <div class=\"banner-bg fill\" >\n            <img decoding=\"async\" width=\"1830\" height=\"1029\" src=\"https:\/\/fitnfemale.com\/wp-content\/uploads\/needshake-mahlzeitersatz.webp\" class=\"bg attachment-original size-original\" alt=\"Needshake mahlzeitersatz\" \/>                                    \n                    <\/div>\n\t\t\n        <div class=\"banner-layers container\">\n            <div class=\"fill banner-link\"><\/div>            \n   <div id=\"text-box-2077463448\" class=\"text-box banner-layer x95 md-x10 lg-x10 y30 md-y80 lg-y80 res-text\">\n                                <div class=\"text-box-content text dark\">\n              \n              <div class=\"text-inner text-center\">\n                  \n\t<div id=\"text-1313346133\" class=\"text\">\n\t\t\n<h3 class=\"uppercase\"><strong>So lecker kannst du abnehmen<\/strong><\/h3>\n\t\t\n<style>\n#text-1313346133 {\n  color: rgb(0,0,0);\n}\n#text-1313346133 > * {\n  color: rgb(0,0,0);\n}\n<\/style>\n\t<\/div>\n\t\n              <\/div>\n           <\/div>\n                            \n<style>\n#text-box-2077463448 {\n  width: 51%;\n}\n#text-box-2077463448 .text-box-content {\n  font-size: 100%;\n}\n@media (min-width:550px) {\n  #text-box-2077463448 {\n    width: 20%;\n  }\n}\n<\/style>\n    <\/div>\n \n        <\/div>\n      <\/div>\n\n            \n<style>\n#banner-1750922318 {\n  padding-top: 120%;\n}\n#banner-1750922318 .banner-bg img {\n  object-position: 74% 47%;\n}\n@media (min-width:550px) {\n  #banner-1750922318 {\n    padding-top: 45%;\n  }\n}\n<\/style>\n  <\/div>\n\n\n\n  <div class=\"banner has-hover has-parallax\" id=\"banner-1596596106\">\n          <div class=\"banner-inner fill\">\n        <div class=\"banner-bg fill\" data-parallax=\"-3\" data-parallax-container=\".banner\" data-parallax-background>\n                                                \n                    <\/div>\n\t\t\n        <div class=\"banner-layers container\">\n            <div class=\"fill banner-link\"><\/div>            \n\t<div class=\"img has-hover x50 md-x5 lg-x5 y10 md-y50 lg-y50\" id=\"image_1959150263\">\n\t\t<a class=\"\" href=\"\/produkt\/all-you-need-shake\/\" >\t\t\t\t\t\t<div class=\"img-inner dark\" >\n\t\t\t<img decoding=\"async\" width=\"1500\" height=\"1500\" src=\"https:\/\/fitnfemale.com\/wp-content\/uploads\/allyouneedshake-vanilla-trans.png\" class=\"attachment-original size-original\" alt=\"Allyouneedshake vanilla trans\" srcset=\"https:\/\/fitnfemale.com\/wp-content\/uploads\/allyouneedshake-vanilla-trans.png 1500w, https:\/\/fitnfemale.com\/wp-content\/uploads\/allyouneedshake-vanilla-trans-400x400.png 400w, https:\/\/fitnfemale.com\/wp-content\/uploads\/allyouneedshake-vanilla-trans-800x800.png 800w, https:\/\/fitnfemale.com\/wp-content\/uploads\/allyouneedshake-vanilla-trans-280x280.png 280w, https:\/\/fitnfemale.com\/wp-content\/uploads\/allyouneedshake-vanilla-trans-768x768.png 768w, https:\/\/fitnfemale.com\/wp-content\/uploads\/allyouneedshake-vanilla-trans-12x12.png 12w, https:\/\/fitnfemale.com\/wp-content\/uploads\/allyouneedshake-vanilla-trans-1000x1000.png 1000w, https:\/\/fitnfemale.com\/wp-content\/uploads\/allyouneedshake-vanilla-trans-200x200.png 200w, https:\/\/fitnfemale.com\/wp-content\/uploads\/allyouneedshake-vanilla-trans-120x120.png 120w\" sizes=\"(max-width: 1500px) 100vw, 1500px\" \/>\t\t\t\t\t\t\n\t\t\t\t\t<\/div>\n\t\t\t\t\t\t<\/a>\t\t\n<style>\n#image_1959150263 {\n  width: 74%;\n}\n@media (min-width:550px) {\n  #image_1959150263 {\n    width: 34%;\n  }\n}\n<\/style>\n\t<\/div>\n\t\n   <div id=\"text-box-1916999598\" class=\"text-box banner-layer x50 md-x95 lg-x95 y95 md-y25 lg-y25 res-text\">\n                     <div data-animate=\"fadeInLeft\">           <div class=\"text-box-content text dark\">\n              \n              <div class=\"text-inner text-center\">\n                  \n\t<div id=\"text-182910713\" class=\"text\">\n\t\t\n<p class=\"uppercase\">All You Need Shake<\/p>\n\t\t\n<style>\n#text-182910713 {\n  color: rgb(29, 29, 31);\n}\n#text-182910713 > * {\n  color: rgb(29, 29, 31);\n}\n<\/style>\n\t<\/div>\n\t\n<h3 class=\"lead\"><strong>Komplette Ern\u00e4hrung &#038; vereinfachtes Abnehmen<\/strong><\/h3>\n<p>Brauchst du eine L\u00f6sung, die gleichzeitig n\u00e4hrt und das Abnehmen unterst\u00fctzt? Der \u00abAll You Need Shake\u00bb bietet eine vollst\u00e4ndige Mahlzeit mit allen essentiellen N\u00e4hrstoffen und hilft beim Abnehmen.<\/p>\n<a href=\"\/produkt\/all-you-need-shake\/\" class=\"button white\" style=\"border-radius:99px;\">\n\t<i class=\"icon-angle-right\" aria-hidden=\"true\"><\/i>\t<span>All You Need Shake<\/span>\n\t<\/a>\n\n              <\/div>\n           <\/div>\n       <\/div>                     \n<style>\n#text-box-1916999598 {\n  width: 82%;\n}\n#text-box-1916999598 .text-box-content {\n  font-size: 100%;\n}\n@media (min-width:550px) {\n  #text-box-1916999598 {\n    width: 41%;\n  }\n}\n<\/style>\n    <\/div>\n \n        <\/div>\n      <\/div>\n\n            \n<style>\n#banner-1596596106 {\n  padding-top: 548px;\n  background-color: rgb(130, 114, 102);\n}\n#banner-1596596106 .banner-bg img {\n  object-position: 60% 16%;\n}\n@media (min-width:550px) {\n  #banner-1596596106 {\n    padding-top: 540px;\n  }\n}\n<\/style>\n  <\/div>\n\n\n\n  <div class=\"banner has-hover show-for-medium hide-for-small has-parallax\" id=\"banner-1078155382\">\n          <div class=\"banner-inner fill\">\n        <div class=\"banner-bg fill\" data-parallax=\"-3\" data-parallax-container=\".banner\" data-parallax-background>\n                                    <div class=\"overlay\"><\/div>            \n                    <\/div>\n\t\t\n        <div class=\"banner-layers container\">\n            <div class=\"fill banner-link\"><\/div>            \n   <div id=\"text-box-1926226427\" class=\"text-box banner-layer x50 md-x50 lg-x50 y50 md-y50 lg-y50 res-text\">\n              <div data-parallax=\"2\" data-parallax-fade=\"true\">                  <div class=\"text-box-content text dark\">\n              \n              <div class=\"text-inner text-center\">\n                  \n<h3 class=\"uppercase\"><strong>Join Our Newsletter<\/strong><\/h3>\n<p>Lorem ipsum dolor sit amet, consectetuer adipiscing elit, sed diam nonummy nibh euismod tincidunt ut laoreet dolore magna aliquam erat volutpat.<\/p>\n[contact-form-7 id=&#8220;7042&#8243;]\n              <\/div>\n           <\/div>\n              <\/div>              \n<style>\n#text-box-1926226427 {\n  width: 93%;\n}\n#text-box-1926226427 .text-box-content {\n  font-size: 100%;\n}\n@media (min-width:550px) {\n  #text-box-1926226427 {\n    width: 60%;\n  }\n}\n<\/style>\n    <\/div>\n \n        <\/div>\n      <\/div>\n\n            \n<style>\n#banner-1078155382 {\n  padding-top: 450px;\n}\n#banner-1078155382 .overlay {\n  background-color: rgba(0, 0, 0, 0.63);\n}\n<\/style>\n  <\/div>\n\n\n\n  <div class=\"banner has-hover show-for-medium hide-for-small\" id=\"banner-367659115\">\n          <div class=\"banner-inner fill\">\n        <div class=\"banner-bg fill\" >\n                                    <div class=\"overlay\"><\/div>            \n                    <\/div>\n\t\t\n        <div class=\"banner-layers container\">\n            <div class=\"fill banner-link\"><\/div>            \n   <div id=\"text-box-1018349872\" class=\"text-box banner-layer x50 md-x50 lg-x50 y50 md-y50 lg-y50 res-text\">\n              <div data-parallax=\"2\" data-parallax-fade=\"true\">                  <div class=\"text-box-content text dark\">\n              \n              <div class=\"text-inner text-center\">\n                  \n<h3 class=\"uppercase\"><strong>SPEZIAL-RABATT<\/strong><\/h3>\n<p>Verwende den Code SURPRISE f\u00fcr einen erhalte einen Spezialrabatt und bis zu 4 Giveaways pro Bestellung.<\/p>\n<div id=\"timer-625230181\" class=\"ux-timer dark\" data-text-plural=\"s\" data-text-hour=\"hour\" data-text-day=\"day\" data-text-week=\"week\" data-text-min=\"min\" data-text-sec=\"sec\" data-text-hour-p=\"\" data-text-day-p=\"\" data-text-week-p=\"\" data-text-min-p=\"\" data-text-sec-p=\"\" data-countdown=\"2021\/12\/31 18:00\"><span>&nbsp;<div class=\"loading-spin dark centered\"><\/div><strong>&nbsp;<\/strong><\/span><\/div>\n<style>\n#timer-625230181 {\n  font-size: 300%;\n}\n#timer-625230181 span {\n  background-color: rgba(0, 0, 0, 0.06);\n}\n<\/style>\n\n<a class=\"button white\" style=\"border-radius:99px;\">\n\t\t<span>Shop Now<\/span>\n\t<\/a>\n\n              <\/div>\n           <\/div>\n              <\/div>              \n<style>\n#text-box-1018349872 {\n  width: 79%;\n}\n#text-box-1018349872 .text-box-content {\n  font-size: 100%;\n}\n@media (min-width:550px) {\n  #text-box-1018349872 {\n    width: 60%;\n  }\n}\n<\/style>\n    <\/div>\n \n        <\/div>\n      <\/div>\n\n            \n<style>\n#banner-367659115 {\n  padding-top: 500px;\n}\n#banner-367659115 .overlay {\n  background-color: rgba(0, 185, 179, 0.91);\n}\n<\/style>\n  <\/div>\n\n\n","protected":false},"excerpt":{"rendered":"","protected":false},"author":1,"featured_media":0,"parent":0,"menu_order":0,"comment_status":"closed","ping_status":"closed","template":"page-transparent-header-light.php","meta":{"slim_seo":{"title":"Meal replacement - FitNFemale\u00ae","description":"This is how delicious weight loss can be: All You Need Shake - Complete nutrition &amp; simplified weight loss. Do you need a solution that nourishes you while also making weight loss easy?"},"footnotes":""},"class_list":["post-784421","page","type-page","status-publish","hentry"],"_links":{"self":[{"href":"https:\/\/fitnfemale.com\/en\/wp-json\/wp\/v2\/pages\/784421","targetHints":{"allow":["GET"]}}],"collection":[{"href":"https:\/\/fitnfemale.com\/en\/wp-json\/wp\/v2\/pages"}],"about":[{"href":"https:\/\/fitnfemale.com\/en\/wp-json\/wp\/v2\/types\/page"}],"author":[{"embeddable":true,"href":"https:\/\/fitnfemale.com\/en\/wp-json\/wp\/v2\/users\/1"}],"replies":[{"embeddable":true,"href":"https:\/\/fitnfemale.com\/en\/wp-json\/wp\/v2\/comments?post=784421"}],"version-history":[{"count":0,"href":"https:\/\/fitnfemale.com\/en\/wp-json\/wp\/v2\/pages\/784421\/revisions"}],"wp:attachment":[{"href":"https:\/\/fitnfemale.com\/en\/wp-json\/wp\/v2\/media?parent=784421"}],"curies":[{"name":"wp","href":"https:\/\/api.w.org\/{rel}","templated":true}]}}