{"id":961216,"date":"2026-01-29T10:23:20","date_gmt":"2026-01-29T09:23:20","guid":{"rendered":"https:\/\/fitnfemale.com\/?post_type=product&#038;p=961216"},"modified":"2026-04-20T18:13:21","modified_gmt":"2026-04-20T17:13:21","slug":"aura-supermix-matcha","status":"publish","type":"product","link":"https:\/\/fitnfemale.com\/deu\/produkt\/aura-supermix-matcha\/","title":{"rendered":"Aura Supermix"},"content":{"rendered":"<div class=\"img has-hover img-details x md-x lg-x y md-y lg-y\" id=\"image_2136191118\">\n\t\t\t\t\t\t\t\t<div class=\"img-inner dark\" >\n\t\t\t<img decoding=\"async\" width=\"1020\" height=\"569\" src=\"https:\/\/fitnfemale.com\/wp-content\/uploads\/aura-closeup-26.webp\" class=\"attachment-large size-large\" alt=\"Aura closeup\" srcset=\"https:\/\/fitnfemale.com\/wp-content\/uploads\/aura-closeup-26.webp 1376w, https:\/\/fitnfemale.com\/wp-content\/uploads\/aura-closeup-26-717x400.webp 717w, https:\/\/fitnfemale.com\/wp-content\/uploads\/aura-closeup-26-768x429.webp 768w, https:\/\/fitnfemale.com\/wp-content\/uploads\/aura-closeup-26-18x10.webp 18w, https:\/\/fitnfemale.com\/wp-content\/uploads\/aura-closeup-26-1000x558.webp 1000w\" sizes=\"(max-width: 1020px) 100vw, 1020px\" \/>\t\t\t\t\t\t\n\t\t\t\t\t<\/div>\n\t\t\t\t\t\t\t\t\n<style>\n#image_2136191118 {\n  width: 100%;\n}\n<\/style>\n\t<\/div>\n\t\n<p><strong>Die Kraft von Matcha \u2013 modern interpretiert<\/strong><\/p>\n<ul>\n<li class=\"bullet-star\">Ideal am Morgen \u2013 f\u00fcr deinen klaren Kopf und einen frischen Start in den Tag.<\/li>\n<li class=\"bullet-star\">Matcha &amp; L-Theanin \u2013 traditionell gesch\u00e4tzt f\u00fcr Konzentration und innere Ruhe.<\/li>\n<li class=\"bullet-star\">Hyalurons\u00e4ure (50 mg) &amp; Kollagen Typ I (500 mg) \u2013 wertvolle Strukturbausteine<\/li>\n<li class=\"bullet-star\">Frischer Ingwer-Zitronen-Geschmack trifft auf hochwertigen Matcha, Vitamin C &amp; Zink.<\/li>\n<li class=\"bullet-star\">Ohne Zuckerzusatz \u2013 fein l\u00f6slich, angenehm im Geschmack<\/li>\n<li class=\"bullet-star\">Vitamin C \u2013 tr\u00e4gt zur normalen Kollagenbildung bei<\/li>\n<li class=\"bullet-star\">Zink \u2013 unterst\u00fctzt Haut, Haare, N\u00e4gel &amp; Immunsystem<\/li>\n<\/ul>\n<div class=\"accordion\">\n<p class=\"translation-block\"><strong>Vollgepackt mit wertvollen Inhaltsstoffen:<\/strong> Nur das Beste f\u00fcr deinen K\u00f6rper.<\/p>\n\t<div id=\"accordion-175464098\" class=\"accordion-item\">\n\t\t<a id=\"accordion-175464098-label\" class=\"accordion-title plain\" href=\"#accordion-item-inhaltsstoffe\" aria-expanded=\"false\" aria-controls=\"accordion-175464098-content\">\n\t\t\t<button class=\"toggle\" aria-label=\"Toggle\"><i class=\"icon-angle-down\" aria-hidden=\"true\"><\/i><\/button>\n\t\t\t<span>Inhaltsstoffe<\/span>\n\t\t<\/a>\n\t\t<div id=\"accordion-175464098-content\" class=\"accordion-inner\" aria-labelledby=\"accordion-175464098-label\">\n\t\t\t\n<table class=\"ffnf-clean-table\">\n<thead>\n<tr>\n<th>Inhaltsstoffe<\/th>\n<th>Portion (10 g)<\/th>\n<th>% NRV*<\/th>\n<\/tr>\n<\/thead>\n<tbody>\n<tr>\n<td>Kollagen (Typ I)<\/td>\n<td>500 mg<\/td>\n<td>**<\/td>\n<\/tr>\n<tr>\n<td>Matcha-Pulver<\/td>\n<td>100 mg<\/td>\n<td>**<\/td>\n<\/tr>\n<tr>\n<td>L-Theanin<\/td>\n<td>100 mg<\/td>\n<td>**<\/td>\n<\/tr>\n<tr>\n<td>Vitamin C<\/td>\n<td>80 mg<\/td>\n<td>100 %<\/td>\n<\/tr>\n<tr>\n<td>Hyalurons\u00e4ure<\/td>\n<td>50 mg<\/td>\n<td>**<\/td>\n<\/tr>\n<tr>\n<td>Zink<\/td>\n<td>5 mg<\/td>\n<td>100 %<\/td>\n<\/tr>\n<\/tbody>\n<\/table>\n\t\t<\/div>\n\t<\/div>\n\t\n\t<div id=\"accordion-328999513\" class=\"accordion-item\">\n\t\t<a id=\"accordion-328999513-label\" class=\"accordion-title plain\" href=\"#accordion-item-n\u00e4hrwerte\" aria-expanded=\"false\" aria-controls=\"accordion-328999513-content\">\n\t\t\t<button class=\"toggle\" aria-label=\"Toggle\"><i class=\"icon-angle-down\" aria-hidden=\"true\"><\/i><\/button>\n\t\t\t<span>N\u00e4hrwerte<\/span>\n\t\t<\/a>\n\t\t<div id=\"accordion-328999513-content\" class=\"accordion-inner\" aria-labelledby=\"accordion-328999513-label\">\n\t\t\t\n<table class=\"ffnf-clean-table\">\n<thead>\n<tr>\n<th>N\u00e4hrwerte<\/th>\n<th>100 g<\/th>\n<th>Portion (10 g)<\/th>\n<\/tr>\n<\/thead>\n<tbody>\n<tr>\n<td>Energie<\/td>\n<td>1482 kJ \/ 354 kcal<\/td>\n<td>148 kJ \/ 35 kcal<\/td>\n<\/tr>\n<tr>\n<td>Fett<br \/>\n\u2013 davon ges\u00e4ttigte Fetts\u00e4uren<\/td>\n<td>&lt; 1 g<br \/>\n&lt; 0,3 g<\/td>\n<td>&lt; 0,1 g<br \/>\n&lt; 0,03 g<\/td>\n<\/tr>\n<tr>\n<td>Kohlenhydrate<br \/>\n\u2013 davon Zucker<\/td>\n<td>30 g<br \/>\n&lt; 1,0 g<\/td>\n<td>3,0 g<br \/>\n&lt; 0,1 g<\/td>\n<\/tr>\n<tr>\n<td>Ballaststoffe<\/td>\n<td>&lt; 2,0 g<\/td>\n<td>&lt; 0,2 g<\/td>\n<\/tr>\n<tr>\n<td>Eiweiss<\/td>\n<td>50 g<\/td>\n<td>5,0 g<\/td>\n<\/tr>\n<tr>\n<td>Salz<\/td>\n<td>0,5 g<\/td>\n<td>0,05 g<\/td>\n<\/tr>\n<\/tbody>\n<\/table>\n\t\t<\/div>\n\t<\/div>\n\t\n\t<div id=\"accordion-3100614951\" class=\"accordion-item\">\n\t\t<a id=\"accordion-3100614951-label\" class=\"accordion-title plain\" href=\"#accordion-item-tradition-trifft-innovation\" aria-expanded=\"false\" aria-controls=\"accordion-3100614951-content\">\n\t\t\t<button class=\"toggle\" aria-label=\"Toggle\"><i class=\"icon-angle-down\" aria-hidden=\"true\"><\/i><\/button>\n\t\t\t<span>Tradition trifft Innovation<\/span>\n\t\t<\/a>\n\t\t<div id=\"accordion-3100614951-content\" class=\"accordion-inner\" aria-labelledby=\"accordion-3100614951-label\">\n\t\t\t\n<p>Matcha ist fein vermahlener Gr\u00fcntee und wird seit Jahrhunderten in Japan gesch\u00e4tzt \u2013 f\u00fcr seine Kombination aus sanftem Koffein und L-Theanin. Diese besondere Zusammensetzung wird traditionell mit Klarheit und innerer Ruhe in Verbindung gebracht. Im AURA SUPERMIX wird hochwertiger Matcha mit funktionellen N\u00e4hrstoffen kombiniert: Kollagen, Hyalurons\u00e4ure, Vitamin C, Zink und L-Theanin erg\u00e4nzen sich zu einem modernen All-in-One-Mix f\u00fcr dein t\u00e4gliches Wohlbefinden.<\/p>\n\t\t<\/div>\n\t<\/div>\n\t\n<\/div>","protected":false},"excerpt":{"rendered":"<h2>Matcha kann viel. AURA kann mehr.<\/h2>\n<h4>Ein Matcha-Supermix zum Anr\u00fchren \u2013 mit <strong>Hyaluron<\/strong>, <strong>Kollagen<\/strong>, <strong>Vitamin C<\/strong>, <strong>Zink<\/strong> &amp; <strong>L-Theanin<\/strong> als fein abgestimmtes Blend. Zitronen-Ingwer, frisch und angenehm \u2013 ein Drink, den man nicht einfach trinkt, sondern gerne geniesst.<\/h4>","protected":false},"featured_media":961226,"comment_status":"open","ping_status":"closed","template":"","meta":{"slim_seo":{"title":"Aura Supermix - FitNFemale\u00ae","description":"Matcha kann viel. AURA kann mehr. Ein Matcha-Supermix zum Anr\u00fchren \u2013 mit Hyaluron , Kollagen , Vitamin C , Zink &amp; L-Theanin als fein abgestimmtes Blend. Zit"}},"product_brand":[],"product_cat":[401],"product_tag":[],"class_list":{"0":"post-961216","1":"product","2":"type-product","3":"status-publish","4":"has-post-thumbnail","6":"product_cat-health","7":"pa_marke-fitnfemale","8":"pa_misc-glutenfree","9":"pa_misc-lactosefree","10":"pa_misc-vegetarian","11":"pa_nutritionfactinfo-nofat","12":"pa_nutritionfactinfo-nocarbs","13":"pa_nutritionfactinfo-lactosefree","14":"pa_nutritionfactinfo-lowcalories","15":"pa_nutritionfactinfo-lowfat","16":"pa_nutritionfactinfo-lowsugar","17":"pa_schwangerschaft-geeignet","18":"pa_stillzeit-geeignet","19":"pa_vegan-ja","21":"first","22":"instock","23":"featured","24":"taxable","25":"shipping-taxable","26":"purchasable","27":"product-type-variable","28":"has-default-attributes"},"bundled_by":[],"bundle_stock_status":"instock","bundle_stock_quantity":null,"bundle_virtual":false,"bundle_layout":"","bundle_add_to_cart_form_location":"","bundle_editable_in_cart":false,"bundle_sold_individually_context":"","bundle_item_grouping":"","bundle_min_size":"","bundle_max_size":"","bundle_price":[],"bundled_items":[],"bundle_sell_ids":[],"gallery_images":[961229,962327,961227,961232,961228,961230],"_links":{"self":[{"href":"https:\/\/fitnfemale.com\/deu\/wp-json\/wp\/v2\/product\/961216","targetHints":{"allow":["GET"]}}],"collection":[{"href":"https:\/\/fitnfemale.com\/deu\/wp-json\/wp\/v2\/product"}],"about":[{"href":"https:\/\/fitnfemale.com\/deu\/wp-json\/wp\/v2\/types\/product"}],"replies":[{"embeddable":true,"href":"https:\/\/fitnfemale.com\/deu\/wp-json\/wp\/v2\/comments?post=961216"}],"wp:featuredmedia":[{"embeddable":true,"href":"https:\/\/fitnfemale.com\/deu\/wp-json\/wp\/v2\/media\/961226"}],"wp:attachment":[{"href":"https:\/\/fitnfemale.com\/deu\/wp-json\/wp\/v2\/media?parent=961216"}],"wp:term":[{"taxonomy":"product_brand","embeddable":true,"href":"https:\/\/fitnfemale.com\/deu\/wp-json\/wp\/v2\/product_brand?post=961216"},{"taxonomy":"product_cat","embeddable":true,"href":"https:\/\/fitnfemale.com\/deu\/wp-json\/wp\/v2\/product_cat?post=961216"},{"taxonomy":"product_tag","embeddable":true,"href":"https:\/\/fitnfemale.com\/deu\/wp-json\/wp\/v2\/product_tag?post=961216"}],"curies":[{"name":"wp","href":"https:\/\/api.w.org\/{rel}","templated":true}]}}