{"id":957236,"date":"2026-01-09T07:47:25","date_gmt":"2026-01-09T06:47:25","guid":{"rendered":"https:\/\/fitnfemale.com\/?post_type=product&#038;p=957236"},"modified":"2026-01-09T08:06:30","modified_gmt":"2026-01-09T07:06:30","slug":"curve-builder-set","status":"publish","type":"product","link":"https:\/\/fitnfemale.com\/deu\/produkt\/curve-builder-set\/","title":{"rendered":"Curve Builder Set"},"content":{"rendered":"<div class=\"img has-hover img-details x md-x lg-x y md-y lg-y\" id=\"image_25098606\">\n\t\t\t\t\t\t\t\t<div class=\"img-inner dark\" >\n\t\t\t<img decoding=\"async\" width=\"1020\" height=\"569\" src=\"https:\/\/fitnfemale.com\/wp-content\/uploads\/CurveBuilderSet-04.webp\" class=\"attachment-large size-large\" alt=\"CurveBuilderSet\" srcset=\"https:\/\/fitnfemale.com\/wp-content\/uploads\/CurveBuilderSet-04.webp 1376w, https:\/\/fitnfemale.com\/wp-content\/uploads\/CurveBuilderSet-04-717x400.webp 717w, https:\/\/fitnfemale.com\/wp-content\/uploads\/CurveBuilderSet-04-768x429.webp 768w, https:\/\/fitnfemale.com\/wp-content\/uploads\/CurveBuilderSet-04-18x10.webp 18w, https:\/\/fitnfemale.com\/wp-content\/uploads\/CurveBuilderSet-04-1000x558.webp 1000w\" sizes=\"(max-width: 1020px) 100vw, 1020px\" \/>\t\t\t\t\t\t\n\t\t\t\t\t<\/div>\n\t\t\t\t\t\t\t\t\n<style>\n#image_25098606 {\n  width: 100%;\n}\n<\/style>\n\t<\/div>\n\t\n<ul>\n<li class=\"bullet-arrow\"><strong><i class=\"fas fa-bolt\" style=\"margin-right: 6px;\"><\/i>Pink Rush \u2013 Workout-Drive &amp; Pump:<\/strong> F\u00fcr Fokus, Power und dieses \u201cLet\u2019s go\u201d-Gef\u00fchl im Training \u2013 wenn du wirklich abliefern willst.<\/li>\n<li class=\"bullet-arrow\"><strong><i class=\"fas fa-dumbbell\" style=\"margin-right: 6px;\"><\/i>Creatone \u2013 Kraft-Basis jeden Tag:<\/strong> Deine unkomplizierte Creatin-Routine f\u00fcr mehr Performance, mehr Wiederholungen und bessere Progression.<\/li>\n<li class=\"bullet-arrow\"><strong><i class=\"fas fa-heart\" style=\"margin-right: 6px;\"><\/i>Gainer Goddess \u2013 Kalorien-Boost f\u00fcr Kurven:<\/strong> Ideal, wenn du M\u00fche hast genug zu essen: unterst\u00fctzt dich dabei, leichter im \u00dcberschuss zu bleiben \u2013 f\u00fcr Gewichtszunahme mit Form.<\/li>\n<\/ul>\n\t<div class=\"img has-hover x md-x lg-x y md-y lg-y\" id=\"image_1568333475\">\n\t\t\t\t\t\t\t\t<div class=\"img-inner dark\" >\n\t\t\t<img decoding=\"async\" width=\"1020\" height=\"569\" src=\"https:\/\/fitnfemale.com\/wp-content\/uploads\/CurveBuilderSet-17.jpeg\" class=\"attachment-large size-large\" alt=\"CurveBuilderSet\" srcset=\"https:\/\/fitnfemale.com\/wp-content\/uploads\/CurveBuilderSet-17.jpeg 1376w, https:\/\/fitnfemale.com\/wp-content\/uploads\/CurveBuilderSet-17-717x400.jpeg 717w, https:\/\/fitnfemale.com\/wp-content\/uploads\/CurveBuilderSet-17-768x429.jpeg 768w, https:\/\/fitnfemale.com\/wp-content\/uploads\/CurveBuilderSet-17-18x10.jpeg 18w, https:\/\/fitnfemale.com\/wp-content\/uploads\/CurveBuilderSet-17-1000x558.jpeg 1000w\" sizes=\"(max-width: 1020px) 100vw, 1020px\" \/>\t\t\t\t\t\t\n\t\t\t\t\t<\/div>\n\t\t\t\t\t\t\t\t\n<style>\n#image_1568333475 {\n  width: 100%;\n}\n<\/style>\n\t<\/div>\n\t\n\n\t<section class=\"section dark\" id=\"section_2092267682\">\n\t\t<div class=\"section-bg fill\" >\n\t\t\t\t\t\t\t\t\t\n\t\t\t\n\n\t\t<\/div>\n\n\t\t\n\n\t\t<div class=\"section-content relative\">\n\t\t\t\n<p><i class=\"fas fa-info-circle\" style=\"color: #fff;\"><\/i> <strong>So nutzt du das Set<\/strong><br \/>\nCreatone t\u00e4glich (auch an Restdays) \u2022 Pink Rush 20\u201330 Min vor dem Training \u2022 Gainer Goddess 1 Portion als Snack oder nach dem Training, wenn du deine Kalorien easy erh\u00f6hen willst (mit Wasser oder Milch).<\/p>\n\t\t<\/div>\n\n\t\t\n<style>\n#section_2092267682 {\n  padding-top: 30px;\n  padding-bottom: 30px;\n  background-color: rgb(40, 40, 40);\n}\n<\/style>\n\t<\/section>","protected":false},"excerpt":{"rendered":"<h2>Curve Builder Set \u2013 Mehr Kurven. Mehr Kraft. Mehr du.<\/h2>\n<h4>Drei perfekt kombinierte Essentials f\u00fcr gesunde Gewichtszunahme mit Training: Pink Rush f\u00fcrs Workout-Feeling, Creatone als t\u00e4gliche Kraft-Basis und Gainer Goddess f\u00fcr einen easy Kalorien-\u00dcberschuss \u2013 damit du Kurven aufbaust, statt nur \u201cmehr zu essen\u201d.<\/h4>","protected":false},"featured_media":957237,"comment_status":"closed","ping_status":"closed","template":"","meta":{"slim_seo":{"title":"Curve Builder Set - FitNFemale\u00ae","description":"Curve Builder Set \u2013 Mehr Kurven. Mehr Kraft. Mehr du. Drei perfekt kombinierte Essentials f\u00fcr gesunde Gewichtszunahme mit Training: Pink Rush f\u00fcrs Workout-Feeli"}},"product_brand":[],"product_cat":[317,401,6290],"product_tag":[],"class_list":{"0":"post-957236","1":"product","2":"type-product","3":"status-publish","4":"has-post-thumbnail","6":"product_cat-abnehmen","7":"product_cat-health","8":"product_cat-set","10":"first","11":"instock","12":"sale","13":"virtual","14":"taxable","15":"purchasable","16":"product-type-bundle"},"bundled_by":[],"bundle_stock_status":"instock","bundle_stock_quantity":17,"bundle_virtual":false,"bundle_layout":"default","bundle_add_to_cart_form_location":"after_summary","bundle_editable_in_cart":false,"bundle_sold_individually_context":"product","bundle_item_grouping":"parent","bundle_min_size":"","bundle_max_size":"","bundle_price":{"price":{"min":{"incl_tax":"87.45","excl_tax":"85.233918"},"max":{"incl_tax":"87.45","excl_tax":"85.233918"}},"regular_price":{"min":{"incl_tax":"102.9","excl_tax":"100.292398"},"max":{"incl_tax":"102.9","excl_tax":"100.292398"}}},"bundled_items":[{"bundled_item_id":672,"product_id":5079,"menu_order":0,"quantity_min":1,"quantity_max":1,"quantity_default":1,"priced_individually":false,"shipped_individually":false,"override_title":false,"title":"Pink Rush (Muscle Tone Booster)","override_description":true,"description":"Dein Workout-Drive f\u00fcr mehr Power und Pump.","optional":false,"hide_thumbnail":false,"discount":"","override_variations":false,"allowed_variations":[],"override_default_variation_attributes":false,"default_variation_attributes":[],"single_product_visibility":"visible","cart_visibility":"visible","order_visibility":"visible","single_product_price_visibility":"visible","cart_price_visibility":"visible","order_price_visibility":"visible","stock_status":"in_stock"},{"bundled_item_id":673,"product_id":66283,"menu_order":1,"quantity_min":1,"quantity_max":1,"quantity_default":1,"priced_individually":false,"shipped_individually":false,"override_title":false,"title":"CreaTone Chews","override_description":true,"description":"T\u00e4gliche Creatin-Routine f\u00fcr Kraft und Performance.","optional":false,"hide_thumbnail":false,"discount":"","override_variations":false,"allowed_variations":[],"override_default_variation_attributes":false,"default_variation_attributes":[],"single_product_visibility":"visible","cart_visibility":"visible","order_visibility":"visible","single_product_price_visibility":"visible","cart_price_visibility":"visible","order_price_visibility":"visible","stock_status":"in_stock"},{"bundled_item_id":675,"product_id":763746,"menu_order":2,"quantity_min":1,"quantity_max":1,"quantity_default":1,"priced_individually":false,"shipped_individually":false,"override_title":false,"title":"Gainer Goddess","override_description":true,"description":"Extra Kalorien + N\u00e4hrstoffe, wenn du \u201cmehr Kurven\u201d willst.","optional":false,"hide_thumbnail":false,"discount":"","override_variations":false,"allowed_variations":[],"override_default_variation_attributes":false,"default_variation_attributes":[],"single_product_visibility":"visible","cart_visibility":"visible","order_visibility":"visible","single_product_price_visibility":"visible","cart_price_visibility":"visible","order_price_visibility":"visible","stock_status":"in_stock"}],"bundle_sell_ids":[],"gallery_images":[957240,957246,957242,957244,957241,957245],"_links":{"self":[{"href":"https:\/\/fitnfemale.com\/deu\/wp-json\/wp\/v2\/product\/957236","targetHints":{"allow":["GET"]}}],"collection":[{"href":"https:\/\/fitnfemale.com\/deu\/wp-json\/wp\/v2\/product"}],"about":[{"href":"https:\/\/fitnfemale.com\/deu\/wp-json\/wp\/v2\/types\/product"}],"replies":[{"embeddable":true,"href":"https:\/\/fitnfemale.com\/deu\/wp-json\/wp\/v2\/comments?post=957236"}],"wp:featuredmedia":[{"embeddable":true,"href":"https:\/\/fitnfemale.com\/deu\/wp-json\/wp\/v2\/media\/957237"}],"wp:attachment":[{"href":"https:\/\/fitnfemale.com\/deu\/wp-json\/wp\/v2\/media?parent=957236"}],"wp:term":[{"taxonomy":"product_brand","embeddable":true,"href":"https:\/\/fitnfemale.com\/deu\/wp-json\/wp\/v2\/product_brand?post=957236"},{"taxonomy":"product_cat","embeddable":true,"href":"https:\/\/fitnfemale.com\/deu\/wp-json\/wp\/v2\/product_cat?post=957236"},{"taxonomy":"product_tag","embeddable":true,"href":"https:\/\/fitnfemale.com\/deu\/wp-json\/wp\/v2\/product_tag?post=957236"}],"curies":[{"name":"wp","href":"https:\/\/api.w.org\/{rel}","templated":true}]}}