{"id":886466,"date":"2025-01-08T20:52:26","date_gmt":"2025-01-08T19:52:26","guid":{"rendered":"https:\/\/fitnfemale.com\/?post_type=product&#038;p=886466"},"modified":"2026-04-12T18:01:31","modified_gmt":"2026-04-12T17:01:31","slug":"hydroburn","status":"publish","type":"product","link":"https:\/\/fitnfemale.com\/deu\/produkt\/hydroburn\/","title":{"rendered":"Women&#8217;s Hydro Burn"},"content":{"rendered":"<div class=\"img has-hover img-details x md-x lg-x y md-y lg-y\" id=\"image_1470121751\">\n\t\t\t\t\t\t\t\t<div class=\"img-inner dark\" >\n\t\t\t<img decoding=\"async\" width=\"1020\" height=\"569\" src=\"https:\/\/fitnfemale.com\/wp-content\/uploads\/hydroburn-closeup-10.webp\" class=\"attachment-large size-large\" alt=\"Hydroburn closeup\" srcset=\"https:\/\/fitnfemale.com\/wp-content\/uploads\/hydroburn-closeup-10.webp 1376w, https:\/\/fitnfemale.com\/wp-content\/uploads\/hydroburn-closeup-10-717x400.webp 717w, https:\/\/fitnfemale.com\/wp-content\/uploads\/hydroburn-closeup-10-768x429.webp 768w, https:\/\/fitnfemale.com\/wp-content\/uploads\/hydroburn-closeup-10-18x10.webp 18w, https:\/\/fitnfemale.com\/wp-content\/uploads\/hydroburn-closeup-10-1000x558.webp 1000w\" sizes=\"(max-width: 1020px) 100vw, 1020px\" \/>\t\t\t\t\t\t\n\t\t\t\t\t<\/div>\n\t\t\t\t\t\t\t\t\n<style>\n#image_1470121751 {\n  width: 100%;\n}\n<\/style>\n\t<\/div>\n\t\n<ul>\n<li class=\"bullet-star translation-block\"><strong>Sanfte Entw\u00e4sserung<br><\/strong>L\u00f6wenzahnwurzel- und Schachtelhalmkraut-Extrakt sind bekannt daf\u00fcr, die Ausscheidung von \u00fcbersch\u00fcssigem Wasser auf nat\u00fcrliche Weise zu f\u00f6rdern und somit das Wohlbefinden zu unterst\u00fctzen.<\/li>\n<li class=\"bullet-star translation-block\"><strong>Zus\u00e4tzlicher Fokus auf Gewichtsmanagement<br><\/strong>Gr\u00fcner-Tee-Extrakt mit Epigallocatechingallat (EGCG) hilft dabei, ein normales K\u00f6rpergewicht zu erreichen oder zu halten.<\/li>\n<li class=\"bullet-star translation-block\"><strong>Energie f\u00fcr den Tag<br><\/strong>Koffein steigert die k\u00f6rperliche Ausdauer und Konzentration \u2013 ideal f\u00fcr Dein Workout oder einen aktiven Alltag.<\/li>\n<li class=\"bullet-star translation-block\"><strong>Alpha-Lipons\u00e4ure<\/strong><br>Ist eine nat\u00fcrliche Komponente in zellul\u00e4ren Prozessen.<\/li>\n<li class=\"bullet-star translation-block\"><strong>100% vegan<br><\/strong>Frei von tierischen Inhaltsstoffen \u2013 f\u00fcr einen nachhaltigen Lebensstil.<\/li>\n<\/ul>\n<div class=\"row\"  id=\"row-1025326654\">\n\n\t<div id=\"col-937748960\" class=\"col small-12 large-12\"  >\n\t\t\t\t<div class=\"col-inner\" style=\"background-color:#f1e5e6;\" >\n\t\t\t\n\t\t\t\n<h3>Warum Hydro Burn? Die durchdachte Rezeptur enth\u00e4lt<\/h3>\n<ul>\n<li class=\"bullet-checkmark translation-block\"><strong>&nbsp;L\u00f6wenzahnwurzel \u2013 <\/strong>Traditionell gesch\u00e4tzt f\u00fcr seine entw\u00e4ssernde Wirkung.<\/li>\n<li class=\"bullet-checkmark translation-block\"><strong>&nbsp;Schachtelhalmkraut \u2013 <\/strong>Reich an Kiesels\u00e4ure, unterst\u00fctzt die nat\u00fcrliche Entgiftung des K\u00f6rpers.<\/li>\n<li class=\"bullet-checkmark translation-block\"><strong>&nbsp;Gr\u00fcner-Tee <\/strong>(davon 90 mg EGCG) \u2013 F\u00f6rdert das Gleichgewicht und den Energiehaushalt.<\/li>\n<\/ul>\n\t\t<\/div>\n\t\t\t\t\n<style>\n#col-937748960 > .col-inner {\n  padding: 10px 10px 10px 0px;\n}\n<\/style>\n\t<\/div>\n\n\t\n\n<style>\n#row-1025326654 > .col > .col-inner {\n  padding: 10px 0px 0px 10px;\n}\n@media (min-width:550px) {\n  #row-1025326654 > .col > .col-inner {\n    padding: 10px 10px 10px 10px;\n  }\n}\n<\/style>\n<\/div>\n<table class=\"ffnf-clean-table\">\n<thead>\n<tr>\n<th>Inhaltsstoffe<\/th>\n<th>Portion (3 Kapseln)<\/th>\n<\/tr>\n<\/thead>\n<tbody>\n<tr>\n<td>Bitterorangextrakt<br \/>\u2013 davon Synephrin<\/td>\n<td>300 mg<br \/>18 mg<\/td>\n<\/tr>\n<tr>\n<td>Gr\u00fcntee-Extrakt<br \/>\u2013 davon EGCG<\/td>\n<td>200 mg<br \/>90 mg<\/td>\n<\/tr>\n<tr>\n<td>Koffein<\/td>\n<td>200 mg<\/td>\n<\/tr>\n<tr>\n<td>Himbeer-Extrakt (5 % Ketone)<br \/>\u2013 davon Ketone<\/td>\n<td>200 mg<br \/>30 mg<\/td>\n<\/tr>\n<tr>\n<td>L\u00f6wenzahnwurzel-Extrakt<\/td>\n<td>200 mg<\/td>\n<\/tr>\n<tr>\n<td>Schachtelhalmkraut-Extrakt<\/td>\n<td>200 mg<\/td>\n<\/tr>\n<\/tbody>\n<\/table>","protected":false},"excerpt":{"rendered":"<h2>Nat\u00fcrlich entw\u00e4ssern und aktiv durchstarten<\/h2>\n<h4>Hydro Burn ist eine kraftvolle Kombination aus nat\u00fcrlichen Pflanzenextrakten, die dich dabei unterst\u00fctzt, \u00fcbersch\u00fcssiges Wasser im K\u00f6rper sanft auszuleiten und gleichzeitig deinen aktiven Lebensstil optimal zu f\u00f6rdern. Mit bew\u00e4hrten Zutaten wie L\u00f6wenzahnwurzel-, Schachtelhalmkraut- und Gr\u00fcner-Tee-Extrakt setzt dieses Produkt auf die nat\u00fcrliche Unterst\u00fctzung deiner k\u00f6rpereigenen Balance.<\/h4>","protected":false},"featured_media":943257,"comment_status":"open","ping_status":"closed","template":"","meta":{"slim_seo":{"title":"Women's Hydro Burn - FitNFemale\u00ae","description":"Nat\u00fcrlich entw\u00e4ssern und aktiv durchstarten Hydro Burn ist eine kraftvolle Kombination aus nat\u00fcrlichen Pflanzenextrakten, die dich dabei unterst\u00fctzt, \u00fcbersch\u00fcss"}},"product_brand":[],"product_cat":[6364,317,1052],"product_tag":[],"class_list":{"0":"post-886466","1":"product","2":"type-product","3":"status-publish","4":"has-post-thumbnail","6":"product_cat-promo-30","7":"product_cat-abnehmen","8":"product_cat-fatburner","9":"pa_anwendungsbereiche-energy","10":"pa_anwendungsbereiche-weightloss","11":"pa_anwendungsbereiche-shaping","12":"pa_anwendungsbereiche-metabolism","13":"pa_marke-fitnfemale","14":"pa_misc-aspartamfree","15":"pa_misc-glutenfree","16":"pa_misc-lactosefree","17":"pa_schwangerschaft-nicht-geeignet","18":"pa_stillzeit-nicht-geeignet","19":"pa_vegan-ja","21":"first","22":"instock","23":"taxable","24":"shipping-taxable","25":"purchasable","26":"product-type-simple"},"bundled_by":[],"bundle_stock_status":"instock","bundle_stock_quantity":null,"bundle_virtual":false,"bundle_layout":"","bundle_add_to_cart_form_location":"","bundle_editable_in_cart":false,"bundle_sold_individually_context":"","bundle_item_grouping":"","bundle_min_size":"","bundle_max_size":"","bundle_price":[],"bundled_items":[],"bundle_sell_ids":[],"gallery_images":[953718,953722,953720,897132,953719,897133,887737],"_links":{"self":[{"href":"https:\/\/fitnfemale.com\/deu\/wp-json\/wp\/v2\/product\/886466","targetHints":{"allow":["GET"]}}],"collection":[{"href":"https:\/\/fitnfemale.com\/deu\/wp-json\/wp\/v2\/product"}],"about":[{"href":"https:\/\/fitnfemale.com\/deu\/wp-json\/wp\/v2\/types\/product"}],"replies":[{"embeddable":true,"href":"https:\/\/fitnfemale.com\/deu\/wp-json\/wp\/v2\/comments?post=886466"}],"wp:featuredmedia":[{"embeddable":true,"href":"https:\/\/fitnfemale.com\/deu\/wp-json\/wp\/v2\/media\/943257"}],"wp:attachment":[{"href":"https:\/\/fitnfemale.com\/deu\/wp-json\/wp\/v2\/media?parent=886466"}],"wp:term":[{"taxonomy":"product_brand","embeddable":true,"href":"https:\/\/fitnfemale.com\/deu\/wp-json\/wp\/v2\/product_brand?post=886466"},{"taxonomy":"product_cat","embeddable":true,"href":"https:\/\/fitnfemale.com\/deu\/wp-json\/wp\/v2\/product_cat?post=886466"},{"taxonomy":"product_tag","embeddable":true,"href":"https:\/\/fitnfemale.com\/deu\/wp-json\/wp\/v2\/product_tag?post=886466"}],"curies":[{"name":"wp","href":"https:\/\/api.w.org\/{rel}","templated":true}]}}