{"id":8097,"date":"2017-10-27T20:09:28","date_gmt":"2017-10-27T18:09:28","guid":{"rendered":"https:\/\/fitnfemale.com\/?post_type=product&#038;p=8097"},"modified":"2026-04-12T17:13:55","modified_gmt":"2026-04-12T16:13:55","slug":"flavourit","status":"publish","type":"product","link":"https:\/\/fitnfemale.com\/deu\/produkt\/flavourit\/","title":{"rendered":"Flavourit"},"content":{"rendered":"<div class=\"img has-hover img-details x md-x lg-x y md-y lg-y\" id=\"image_243373125\">\n\t\t\t\t\t\t\t\t<div class=\"img-inner dark\" >\n\t\t\t<img decoding=\"async\" width=\"1020\" height=\"569\" src=\"https:\/\/fitnfemale.com\/wp-content\/uploads\/flavourite-closeup-11.jpg\" class=\"attachment-large size-large\" alt=\"Flavourite closeup\" srcset=\"https:\/\/fitnfemale.com\/wp-content\/uploads\/flavourite-closeup-11.jpg 1376w, https:\/\/fitnfemale.com\/wp-content\/uploads\/flavourite-closeup-11-717x400.jpg 717w, https:\/\/fitnfemale.com\/wp-content\/uploads\/flavourite-closeup-11-768x429.jpg 768w, https:\/\/fitnfemale.com\/wp-content\/uploads\/flavourite-closeup-11-18x10.jpg 18w, https:\/\/fitnfemale.com\/wp-content\/uploads\/flavourite-closeup-11-1000x558.jpg 1000w\" sizes=\"(max-width: 1020px) 100vw, 1020px\" \/>\t\t\t\t\t\t\n\t\t\t\t\t<\/div>\n\t\t\t\t\t\t\t\t\n<style>\n#image_243373125 {\n  width: 100%;\n}\n<\/style>\n\t<\/div>\n\t\n<p><strong>Schlemmen ohne schlechtes Gewissen!<\/strong> &#8211; Flavourit bietet einzigartige Geschmackserlebnisse mit fast keinen Kalorien. Verleihe deinen einfachen Speisen mit nur einer Prise Flavourit eine Geschmacksexplosion. Pro Portion hat es h\u00f6chstens 12 Kilokalorien. Mach es zu deinem eigenen und genie\u00dfe 100% Geschmack ohne Zucker, Fett und k\u00fcnstliche Farbstoffe. Ein Must-Have in jeder Fitnessk\u00fcche!<\/p>\n<p><strong>Flavourite hilft bei Vermeidung von Zucker<\/strong> &#8211; Wenn du oft von Hei\u00dfhunger auf s\u00fc\u00dfe Leckereien wie Schokolade oder Pudding \u00fcberw\u00e4ltigt wirst, hat Flavourite die L\u00f6sung f\u00fcr dich. Mit Flavourite kannst du einfache Speisen wie Joghurt und Quark mit nur einer Portion in k\u00f6stliche Schlemmereien verwandeln, ohne auf Zucker geladene Kalorienbomben zur\u00fcckgreifen zu m\u00fcssen. Probiere es jetzt aus!<\/p>\n<p><strong>Individuelle Geschmackspr\u00e4ferenzen ber\u00fccksichtigen<\/strong> &#8211; Flavourite macht bei Geschmack keine Kompromisse. Das vegane Geschmackspulver ist ein echter Game Changer f\u00fcr deine Di\u00e4t und verleiht einfachen Speisen wie Quark, Porridge und Kaffee ein unvergleichliches Geschmacks-Upgrade. Egal, ob du es fruchtig-frisch, schokoladig-s\u00fc\u00df oder nussig-herb bevorzugst &#8211; Flavourite hat f\u00fcr jeden Geschmack eine Variante zu bieten. Entdecke deinen Favoriten und werde kreativ!<\/p>\n<div class=\"accordion\">\n\t<div id=\"accordion-2304654261\" class=\"accordion-item\">\n\t\t<a id=\"accordion-2304654261-label\" class=\"accordion-title plain active\" href=\"#accordion-item-n\u00e4hrwerte\" aria-expanded=\"true\" aria-controls=\"accordion-2304654261-content\">\n\t\t\t<button class=\"toggle\" aria-label=\"Toggle\"><i class=\"icon-angle-down\" aria-hidden=\"true\"><\/i><\/button>\n\t\t\t<span>N\u00e4hrwerte<\/span>\n\t\t<\/a>\n\t\t<div id=\"accordion-2304654261-content\" class=\"accordion-inner\" style=\"display: block;\" aria-labelledby=\"accordion-2304654261-label\">\n\t\t\t\n<table class=\"ffnf-clean-table\">\n<thead>\n<tr>\n<th>N\u00e4hrwerte<\/th>\n<th>100 g<\/th>\n<th>Portion (4 g)<\/th>\n<\/tr>\n<\/thead>\n<tbody>\n<tr>\n<td>Energie<\/td>\n<td>731 kJ \/ 182 kcal<\/td>\n<td>29 kJ \/ 7 kcal<\/td>\n<\/tr>\n<tr>\n<td>Fett<br \/>\u2013 davon ges\u00e4ttigte Fetts\u00e4uren<\/td>\n<td>0 g<br \/>0 g<\/td>\n<td>0 g<br \/>0 g<\/td>\n<\/tr>\n<tr>\n<td class=\"translation-block\">Kohlenhydrate<br>\u2013 davon Zucker<\/td>\n<td>3 g<br \/>0 g<\/td>\n<td>0,12 g<br \/>0 g<\/td>\n<\/tr>\n<tr>\n<td>Ballaststoffe<\/td>\n<td>85 g<\/td>\n<td>3,4 g<\/td>\n<\/tr>\n<tr>\n<td>Eiweiss<\/td>\n<td>0 g<\/td>\n<td>0 g<\/td>\n<\/tr>\n<tr>\n<td>Salz<\/td>\n<td>0,03 g<\/td>\n<td>0,00 g<\/td>\n<\/tr>\n<tr>\n<td>Sucralose<\/td>\n<td>\u2013<\/td>\n<td>0,01 g<\/td>\n<\/tr>\n<\/tbody>\n<\/table>\n\t\t<\/div>\n\t<\/div>\n\t\n<\/div>\n\t<div class=\"img has-hover x md-x lg-x y md-y lg-y\" id=\"image_1997027898\">\n\t\t\t\t\t\t\t\t<div class=\"img-inner dark\" >\n\t\t\t<img decoding=\"async\" width=\"1020\" height=\"569\" src=\"https:\/\/fitnfemale.com\/wp-content\/uploads\/flavourite-closeup-7.jpg\" class=\"attachment-large size-large\" alt=\"Flavourite closeup\" srcset=\"https:\/\/fitnfemale.com\/wp-content\/uploads\/flavourite-closeup-7.jpg 1376w, https:\/\/fitnfemale.com\/wp-content\/uploads\/flavourite-closeup-7-717x400.jpg 717w, https:\/\/fitnfemale.com\/wp-content\/uploads\/flavourite-closeup-7-768x429.jpg 768w, https:\/\/fitnfemale.com\/wp-content\/uploads\/flavourite-closeup-7-18x10.jpg 18w, https:\/\/fitnfemale.com\/wp-content\/uploads\/flavourite-closeup-7-1000x558.jpg 1000w\" sizes=\"(max-width: 1020px) 100vw, 1020px\" \/>\t\t\t\t\t\t\n\t\t\t\t\t<\/div>\n\t\t\t\t\t\t\t\t\n<style>\n#image_1997027898 {\n  width: 100%;\n}\n<\/style>\n\t<\/div>","protected":false},"excerpt":{"rendered":"<h2>Geschmack kann man normalerweise nicht kaufen \u2212 mit Flavourit ist das anders.<\/h2>\n<h4>Verleihe deinem Essen und deinen Getr\u00e4nken den ultimativen Geschmacks-Kick mit Flavourit!<\/h4>\n<ul>\n<li class=\"bullet-star\">Ein kalorienarmes Geschmackspulver, das deine Speisen und Getr\u00e4nke verfeinert<\/li>\n<li class=\"bullet-star\">Perfekt f\u00fcr Quark, Kaffee, Haferflocken, Shakes, Backkreationen und vieles mehr<\/li>\n<li class=\"bullet-star\">85% reine Ballaststoffe und ohne k\u00fcnstliche Farbstoffe<\/li>\n<li class=\"bullet-star\">Lediglich 7 Kalorien, 0.12g Kohlenhydrate und kein Fett pro Portion<\/li>\n<li class=\"bullet-star\">Lactosefrei, glutenfrei, ohne Fett, low calorie, aspartamfrei, low carb, zuckerfrei<\/li>\n<li class=\"bullet-star\">Mach es zu deinem eigenen: finde deinen Favoriten und werde kreativ!<\/li>\n<\/ul>","protected":false},"featured_media":944056,"comment_status":"open","ping_status":"closed","template":"","meta":{"slim_seo":{"title":"Flavourite - Favourite Flavour Powder","description":"Favourite Flavour Powder von FitnFemale\u00ae ist ein kalorienarmes Geschmackspulver. Es eignet sich perfekt zum Verfeinern und S\u00fc\u00dfen von diversen Speisen."}},"product_brand":[],"product_cat":[6363,6629,292,303],"product_tag":[],"class_list":{"0":"post-8097","1":"product","2":"type-product","3":"status-publish","4":"has-post-thumbnail","6":"product_cat-promo-40","7":"product_cat-basic","8":"product_cat-food","9":"product_cat-snack","10":"pa_anwendungsbereiche-gesundes-kochen-backen","11":"pa_marke-fitnfemale","12":"pa_misc-aspartamfree","13":"pa_misc-glutenfree","14":"pa_misc-lactosefree","15":"pa_misc-vegetarian","16":"pa_nutritionfactinfo-nofat","17":"pa_nutritionfactinfo-lowcalories","18":"pa_nutritionfactinfo-lowcarb","19":"pa_nutritionfactinfo-lowsugar","20":"pa_schwangerschaft-geeignet","21":"pa_stillzeit-geeignet","22":"pa_vegan-ja","24":"first","25":"instock","26":"taxable","27":"shipping-taxable","28":"purchasable","29":"product-type-variable","30":"has-default-attributes"},"bundled_by":[],"bundle_stock_status":"instock","bundle_stock_quantity":null,"bundle_virtual":false,"bundle_layout":"","bundle_add_to_cart_form_location":"","bundle_editable_in_cart":false,"bundle_sold_individually_context":"","bundle_item_grouping":"","bundle_min_size":"","bundle_max_size":"","bundle_price":[],"bundled_items":[],"bundle_sell_ids":[],"gallery_images":[954276,954275,954274,954273,954272,954279],"_links":{"self":[{"href":"https:\/\/fitnfemale.com\/deu\/wp-json\/wp\/v2\/product\/8097","targetHints":{"allow":["GET"]}}],"collection":[{"href":"https:\/\/fitnfemale.com\/deu\/wp-json\/wp\/v2\/product"}],"about":[{"href":"https:\/\/fitnfemale.com\/deu\/wp-json\/wp\/v2\/types\/product"}],"replies":[{"embeddable":true,"href":"https:\/\/fitnfemale.com\/deu\/wp-json\/wp\/v2\/comments?post=8097"}],"wp:featuredmedia":[{"embeddable":true,"href":"https:\/\/fitnfemale.com\/deu\/wp-json\/wp\/v2\/media\/944056"}],"wp:attachment":[{"href":"https:\/\/fitnfemale.com\/deu\/wp-json\/wp\/v2\/media?parent=8097"}],"wp:term":[{"taxonomy":"product_brand","embeddable":true,"href":"https:\/\/fitnfemale.com\/deu\/wp-json\/wp\/v2\/product_brand?post=8097"},{"taxonomy":"product_cat","embeddable":true,"href":"https:\/\/fitnfemale.com\/deu\/wp-json\/wp\/v2\/product_cat?post=8097"},{"taxonomy":"product_tag","embeddable":true,"href":"https:\/\/fitnfemale.com\/deu\/wp-json\/wp\/v2\/product_tag?post=8097"}],"curies":[{"name":"wp","href":"https:\/\/api.w.org\/{rel}","templated":true}]}}