{"id":793178,"date":"2023-11-23T20:46:01","date_gmt":"2023-11-23T19:46:01","guid":{"rendered":"https:\/\/fitnfemale.com\/?post_type=product&#038;p=793178"},"modified":"2026-04-12T18:15:29","modified_gmt":"2026-04-12T17:15:29","slug":"energy-cake-12er-display","status":"publish","type":"product","link":"https:\/\/fitnfemale.com\/deu\/produkt\/energy-cake-12er-display\/","title":{"rendered":"Energy Cake &#8211; 12er Display"},"content":{"rendered":"<div class=\"img has-hover img-details x md-x lg-x y md-y lg-y\" id=\"image_1890052352\">\n\t\t\t\t<div data-parallax-fade=\"true\" data-parallax=\"1\">\t\t\t\t<div class=\"img-inner dark\" >\n\t\t\t<img decoding=\"async\" width=\"1020\" height=\"569\" src=\"https:\/\/fitnfemale.com\/wp-content\/uploads\/energy-cake-closeup4.webp\" class=\"attachment-large size-large\" alt=\"Energy cake closeup4\" srcset=\"https:\/\/fitnfemale.com\/wp-content\/uploads\/energy-cake-closeup4.webp 1376w, https:\/\/fitnfemale.com\/wp-content\/uploads\/energy-cake-closeup4-717x400.webp 717w, https:\/\/fitnfemale.com\/wp-content\/uploads\/energy-cake-closeup4-768x429.webp 768w, https:\/\/fitnfemale.com\/wp-content\/uploads\/energy-cake-closeup4-18x10.webp 18w, https:\/\/fitnfemale.com\/wp-content\/uploads\/energy-cake-closeup4-1000x558.webp 1000w\" sizes=\"(max-width: 1020px) 100vw, 1020px\" \/>\t\t\t\t\t\t\n\t\t\t\t\t<\/div>\n\t\t\t\t<\/div>\t\t\t\t\n<style>\n#image_1890052352 {\n  width: 100%;\n}\n<\/style>\n\t<\/div>\n\t\n<p class=\"translation-block\"><strong>Energy Cake: Dein gesunder Genuss f\u00fcr zwischendurch<\/strong> Still deine Gel\u00fcste und versorge deinen K\u00f6rper mit unserem Energy Cake, erh\u00e4ltlich im praktischen 12er Display. Jeder Riegel ist ein Quell gesunder Haferflocken und bietet eine ausgewogene Menge an Kalorien.<\/p>\n<ul>\n<li class=\"bullet-star translation-block\"><strong>Reich an Haferflocken<\/strong>: Eine solide Basis aus Hafer f\u00fcr langanhaltende Energie.<\/li>\n<li class=\"bullet-star translation-block\"><strong>Ausgewogene N\u00e4hrstoffe<\/strong>: Jeder Riegel enth\u00e4lt 499 kcal und bietet ein ausgewogenes Verh\u00e4ltnis von Fetten, Kohlenhydraten und Proteinen.<\/li>\n<li class=\"bullet-star translation-block\"><strong>Verf\u00fchrerische Geschmacksrichtungen<\/strong>: Genie\u00dfe den vollen Geschmack von Schokolade, die Cremigkeit von Joghurt oder den klassischen Vanille-Geschmack.<\/li>\n<li class=\"bullet-star translation-block\"><strong>Ballaststoffreich<\/strong>: Mit 10,3g Ballaststoffen pro 100g h\u00e4lt dich dieser Snack satt und zufrieden.<\/li>\n<li class=\"bullet-star translation-block\"><strong>Bequem f\u00fcr unterwegs<\/strong>: Perfekt portioniert, nimm dir einen Energy Cake Riegel f\u00fcr einen Energieschub vor dem Training oder als Nachmittagssnack.<\/li>\n<\/ul>\n<p>Ideal f\u00fcr alle, die ihre Energie durch intensive Workouts aufrechterhalten m\u00f6chten oder eine schmackhafte M\u00f6glichkeit suchen, ihre Kalorienzufuhr auf gesunde Weise zu erh\u00f6hen. Mit Energy Cake w\u00e4hlst du den k\u00f6stlichen Weg, energiegeladen und auf Kurs zu deinen Wellnesszielen zu bleiben!<\/p>\n<table class=\"ffnf-clean-table\">\n<thead>\n<tr>\n<th>N\u00e4hrwerte<\/th>\n<th>100 g<\/th>\n<th>Riegel (120 g)<\/th>\n<\/tr>\n<\/thead>\n<tbody>\n<tr>\n<td>Energie<\/td>\n<td>1849 kJ \/ 441 kcal<\/td>\n<td>2218 kJ \/ 529 kcal<\/td>\n<\/tr>\n<tr>\n<td>Fett<br \/>\u2013 davon ges\u00e4ttigte Fetts\u00e4uren<\/td>\n<td>19,7 g<br \/>10,5 g<\/td>\n<td>23,7 g<br \/>12,6 g<\/td>\n<\/tr>\n<tr>\n<td class=\"translation-block\">Kohlenhydrate<br>\u2013 davon Zucker<\/td>\n<td>57,2 g<br \/>31,0 g<\/td>\n<td>68,6 g<br \/>37,2 g<\/td>\n<\/tr>\n<tr>\n<td>Ballaststoffe<\/td>\n<td>4,9 g<\/td>\n<td>5,9 g<\/td>\n<\/tr>\n<tr>\n<td>Eiwei\u00df<\/td>\n<td>6,3 g<\/td>\n<td>7,6 g<\/td>\n<\/tr>\n<tr>\n<td>Salz<\/td>\n<td>0,35 g<\/td>\n<td>0,42 g<\/td>\n<\/tr>\n<\/tbody>\n<\/table>\n\t<div class=\"img has-hover x md-x lg-x y md-y lg-y\" id=\"image_1213067434\">\n\t\t\t\t<div data-parallax-fade=\"true\" data-parallax=\"2\">\t\t\t\t<div class=\"img-inner dark\" >\n\t\t\t<img decoding=\"async\" width=\"1020\" height=\"569\" src=\"https:\/\/fitnfemale.com\/wp-content\/uploads\/energy-cake-closeup3.webp\" class=\"attachment-large size-large\" alt=\"Energy cake closeup3\" srcset=\"https:\/\/fitnfemale.com\/wp-content\/uploads\/energy-cake-closeup3.webp 1376w, https:\/\/fitnfemale.com\/wp-content\/uploads\/energy-cake-closeup3-717x400.webp 717w, https:\/\/fitnfemale.com\/wp-content\/uploads\/energy-cake-closeup3-768x429.webp 768w, https:\/\/fitnfemale.com\/wp-content\/uploads\/energy-cake-closeup3-18x10.webp 18w, https:\/\/fitnfemale.com\/wp-content\/uploads\/energy-cake-closeup3-1000x558.webp 1000w\" sizes=\"(max-width: 1020px) 100vw, 1020px\" \/>\t\t\t\t\t\t\n\t\t\t\t\t<\/div>\n\t\t\t\t<\/div>\t\t\t\t\n<style>\n#image_1213067434 {\n  width: 100%;\n}\n<\/style>\n\t<\/div>","protected":false},"excerpt":{"rendered":"<h2>Energie im leckeren Riegel \u2013 Energy Cake!<\/h2>\n<h4>Sichere dir deinen leckeren Energieschub mit unserem 12er Pack, gef\u00fcllt mit nahrhaften Haferflocken und ausgewogenen Kalorien. W\u00e4hle aus drei k\u00f6stlichen Geschmacksrichtungen: Schokolade, Joghurt und Vanille. Perfekt, um deinen aktiven Lebensstil mit anhaltender Energie zu unterst\u00fctzen.<\/h4>","protected":false},"featured_media":938227,"comment_status":"open","ping_status":"closed","template":"","meta":{"slim_seo":{"title":"Energy Cake - 12er Display - FitNFemale\u00ae","description":"Energie im leckeren Riegel \u2013 Energy Cake! Sichere dir deinen leckeren Energieschub mit unserem 12er Pack, gef\u00fcllt mit nahrhaften Haferflocken und ausgewogenen K"}},"product_brand":[],"product_cat":[6366,6629,292,303,1054],"product_tag":[],"class_list":{"0":"post-793178","1":"product","2":"type-product","3":"status-publish","4":"has-post-thumbnail","6":"product_cat-promo-10","7":"product_cat-basic","8":"product_cat-food","9":"product_cat-snack","10":"product_cat-snacks","11":"pa_anwendungsbereiche-energy","12":"pa_anwendungsbereiche-gesunder-snack","13":"pa_anwendungsbereiche-zunehmen","14":"pa_marke-fitnfemale","15":"pa_schwangerschaft-geeignet","16":"pa_stillzeit-geeignet","17":"pa_vegan-nein","19":"first","20":"instock","21":"taxable","22":"shipping-taxable","23":"purchasable","24":"product-type-variable","25":"has-default-attributes"},"bundled_by":[],"bundle_stock_status":"instock","bundle_stock_quantity":null,"bundle_virtual":false,"bundle_layout":"","bundle_add_to_cart_form_location":"","bundle_editable_in_cart":false,"bundle_sold_individually_context":"","bundle_item_grouping":"","bundle_min_size":"","bundle_max_size":"","bundle_price":[],"bundled_items":[],"bundle_sell_ids":[],"gallery_images":[954972,954977,954973,954979,954976,954974,954978,954975],"_links":{"self":[{"href":"https:\/\/fitnfemale.com\/deu\/wp-json\/wp\/v2\/product\/793178","targetHints":{"allow":["GET"]}}],"collection":[{"href":"https:\/\/fitnfemale.com\/deu\/wp-json\/wp\/v2\/product"}],"about":[{"href":"https:\/\/fitnfemale.com\/deu\/wp-json\/wp\/v2\/types\/product"}],"replies":[{"embeddable":true,"href":"https:\/\/fitnfemale.com\/deu\/wp-json\/wp\/v2\/comments?post=793178"}],"wp:featuredmedia":[{"embeddable":true,"href":"https:\/\/fitnfemale.com\/deu\/wp-json\/wp\/v2\/media\/938227"}],"wp:attachment":[{"href":"https:\/\/fitnfemale.com\/deu\/wp-json\/wp\/v2\/media?parent=793178"}],"wp:term":[{"taxonomy":"product_brand","embeddable":true,"href":"https:\/\/fitnfemale.com\/deu\/wp-json\/wp\/v2\/product_brand?post=793178"},{"taxonomy":"product_cat","embeddable":true,"href":"https:\/\/fitnfemale.com\/deu\/wp-json\/wp\/v2\/product_cat?post=793178"},{"taxonomy":"product_tag","embeddable":true,"href":"https:\/\/fitnfemale.com\/deu\/wp-json\/wp\/v2\/product_tag?post=793178"}],"curies":[{"name":"wp","href":"https:\/\/api.w.org\/{rel}","templated":true}]}}