{"id":763746,"date":"2023-07-25T13:03:26","date_gmt":"2023-07-25T12:03:26","guid":{"rendered":"https:\/\/fitnfemale.com\/?post_type=product&#038;p=763746"},"modified":"2026-04-12T18:12:29","modified_gmt":"2026-04-12T17:12:29","slug":"gainer-goddess","status":"publish","type":"product","link":"https:\/\/fitnfemale.com\/deu\/produkt\/gainer-goddess\/","title":{"rendered":"Gainer Goddess"},"content":{"rendered":"<div class=\"img has-hover img-details x md-x lg-x y md-y lg-y\" id=\"image_1601517814\">\n\t\t\t\t\t\t\t\t<div class=\"img-inner dark\" >\n\t\t\t<img decoding=\"async\" width=\"1020\" height=\"569\" src=\"https:\/\/fitnfemale.com\/wp-content\/uploads\/gainer-goddess-closeup12.webp\" class=\"attachment-large size-large\" alt=\"Gainer goddess closeup12\" srcset=\"https:\/\/fitnfemale.com\/wp-content\/uploads\/gainer-goddess-closeup12.webp 1376w, https:\/\/fitnfemale.com\/wp-content\/uploads\/gainer-goddess-closeup12-717x400.webp 717w, https:\/\/fitnfemale.com\/wp-content\/uploads\/gainer-goddess-closeup12-768x429.webp 768w, https:\/\/fitnfemale.com\/wp-content\/uploads\/gainer-goddess-closeup12-18x10.webp 18w, https:\/\/fitnfemale.com\/wp-content\/uploads\/gainer-goddess-closeup12-1000x558.webp 1000w\" sizes=\"(max-width: 1020px) 100vw, 1020px\" \/>\t\t\t\t\t\t\n\t\t\t\t\t<\/div>\n\t\t\t\t\t\t\t\t\n<style>\n#image_1601517814 {\n  width: 100%;\n}\n<\/style>\n\t<\/div>\n\t\n<ul>\n<li class=\"bullet-star\"><strong>Kohlenhydrate f\u00fcr Energie<\/strong>: Mit Maltodextrin, Hafermehl, Quinoamehl, S\u00fcsskartoffelpulver und Kokosfettpulver f\u00fcr eine nachhaltige Energiequelle.<\/li>\n<li class=\"bullet-star translation-block\"><strong>Vitamine und Mineralien<\/strong>: Eine sorgf\u00e4ltig ausgew\u00e4hlte Mischung zur Unterst\u00fctzung des allgemeinen Wohlbefindens.<\/li>\n<li class=\"bullet-star translation-block\"><strong>Nat\u00fcrliche Zutaten<\/strong>: Enth\u00e4lt Leinsamenmehl und Sonnenblumenlecithin f\u00fcr zus\u00e4tzliche N\u00e4hrstoffe.<\/li>\n<li class=\"bullet-star translation-block\"><strong>Zuckerfrei<\/strong>: Angenehm s\u00fc\u00dfer Geschmack dank Stevia, ganz ohne zus\u00e4tzlichen Zucker.<\/li>\n<li class=\"bullet-star translation-block\"><strong>F\u00fcr G\u00f6ttinnen entwickelt<\/strong>: Kreiert, um das Selbstbild jeder Frau zu st\u00e4rken und zu f\u00f6rdern.<\/li>\n<\/ul>\n<p>Angereichert mit nat\u00fcrlichen Zutaten wie Hafermehl, Quinoamehl und S\u00fc\u00dfkartoffelpulver bietet Gainer Goddess eine ausgewogene und langanhaltende Energiequelle. Die zugesetzten Vitamine und Mineralstoffe tragen zur t\u00e4glichen Versorgung mit Mikron\u00e4hrstoffen bei.<\/p>\n<p>Mit Gainer Goddess haben wir ein Nahrungserg\u00e4nzungsmittel f\u00fcr alle Frauen entwickelt, die eine ausgewogene Gewichtszunahme anstreben.<\/p>\n<p>Gainer Goddess ist keine gew\u00f6hnliche Gewichtszunahme-Formel. Es kombiniert hochwertige Kohlenhydrate und Proteine, um deinen K\u00f6rper mit Energie und N\u00e4hrstoffen zu versorgen. Unsere einzigartige Formel enth\u00e4lt Whey-Protein-Konzentrat und Erbsenprotein, sowie Maltodextrin, Hafermehl, Quinoamehl, S\u00fc\u00dfkartoffelpulver und Kokosfettpulver.<\/p>\n<p>Wir haben Inulin hinzugef\u00fcgt, ein Ballaststoff, der zur Unterst\u00fctzung einer normalen Verdauung beitr\u00e4gt.<\/p>\n<p>Doch das ist noch nicht alles. Mit Kollagenhydrolysat angereichert, enth\u00e4lt unsere Formel Zutaten, die traditionell mit der Unterst\u00fctzung von Haut, Haaren und N\u00e4geln in Verbindung gebracht werden.<\/p>\n<p>Unsere sorgf\u00e4ltig ausgew\u00e4hlte Mischung aus Vitaminen und Mineralstoffen unterst\u00fctzt die t\u00e4gliche Versorgung mit Mikron\u00e4hrstoffen. All dies wird mit Stevia f\u00fcr einen angenehm s\u00fc\u00dfen Geschmack abgerundet, ganz ohne zus\u00e4tzlichen Zucker.<\/p>\n<p>Und nat\u00fcrlich haben wir auch an die kleinsten Details gedacht. Mit Sonnenblumenlecithin zur Unterst\u00fctzung der Aufnahme von N\u00e4hrstoffen ist Gainer Goddess mehr als nur ein Weight Gainer.<\/p>\n<p>Ob du also Muskelmasse aufbauen, eine ausgewogene Gewichtszunahme anstreben oder einfach nur dein Wohlbefinden steigern m\u00f6chtest \u2013 Gainer Goddess ist das Nahrungserg\u00e4nzungsmittel, das du brauchst. Denn du bist eine G\u00f6ttin \u2013 und es ist an der Zeit, dass du dich auch so f\u00fchlst.<\/p>\n<div class=\"accordion\">\n\t<div id=\"accordion-1923434841\" class=\"accordion-item\">\n\t\t<a id=\"accordion-1923434841-label\" class=\"accordion-title plain\" href=\"#accordion-item-n\u00e4hrwerte\" aria-expanded=\"false\" aria-controls=\"accordion-1923434841-content\">\n\t\t\t<button class=\"toggle\" aria-label=\"Toggle\"><i class=\"icon-angle-down\" aria-hidden=\"true\"><\/i><\/button>\n\t\t\t<span>N\u00e4hrwerte<\/span>\n\t\t<\/a>\n\t\t<div id=\"accordion-1923434841-content\" class=\"accordion-inner\" aria-labelledby=\"accordion-1923434841-label\">\n\t\t\t\n<table class=\"ffnf-clean-table\">\n<thead>\n<tr>\n<th>N\u00e4hrwerte<\/th>\n<th>100 g<\/th>\n<th>Portion (50 g)<\/th>\n<\/tr>\n<\/thead>\n<tbody>\n<tr>\n<td>Energie<\/td>\n<td>1674 kJ \/ 396 kcal<\/td>\n<td>837 kJ \/ 198 kcal<\/td>\n<\/tr>\n<tr>\n<td>Fett<br \/>\u2013 davon ges\u00e4ttigte Fetts\u00e4uren<\/td>\n<td>7,7 g<br \/>3,9 g<\/td>\n<td>3,8 g<br \/>2,0 g<\/td>\n<\/tr>\n<tr>\n<td class=\"translation-block\">Kohlenhydrate<br>\u2013 davon Zucker<\/td>\n<td>50,9 g<br \/>3,2 g<\/td>\n<td>25,4 g<br \/>1,6 g<\/td>\n<\/tr>\n<tr>\n<td>Ballaststoffe<\/td>\n<td>3,0 g<\/td>\n<td>1,5 g<\/td>\n<\/tr>\n<tr>\n<td>Eiweiss<\/td>\n<td>29,4 g<\/td>\n<td>14,7 g<\/td>\n<\/tr>\n<tr>\n<td>Salz<\/td>\n<td>0,47 g<\/td>\n<td>0,24 g<\/td>\n<\/tr>\n<\/tbody>\n<\/table>\n\t\t<\/div>\n\t<\/div>\n\t\n\t<div id=\"accordion-758999344\" class=\"accordion-item\">\n\t\t<a id=\"accordion-758999344-label\" class=\"accordion-title plain\" href=\"#accordion-item-inhaltsstoffe\" aria-expanded=\"false\" aria-controls=\"accordion-758999344-content\">\n\t\t\t<button class=\"toggle\" aria-label=\"Toggle\"><i class=\"icon-angle-down\" aria-hidden=\"true\"><\/i><\/button>\n\t\t\t<span>Inhaltsstoffe<\/span>\n\t\t<\/a>\n\t\t<div id=\"accordion-758999344-content\" class=\"accordion-inner\" aria-labelledby=\"accordion-758999344-label\">\n\t\t\t\n<table class=\"ffnf-clean-table\">\n<thead>\n<tr>\n<th>Inhaltsstoffe<\/th>\n<th>100 g<\/th>\n<th>Portion (50 g)<\/th>\n<th>% NRV*<\/th>\n<\/tr>\n<\/thead>\n<tbody>\n<tr>\n<td>Vitamin A (Retinol)<\/td>\n<td>737,9 \u00b5g<\/td>\n<td>369,0 \u00b5g<\/td>\n<td>46 %<\/td>\n<\/tr>\n<tr>\n<td>Vitamin D (Calciferol)<\/td>\n<td>10,0 \u00b5g<\/td>\n<td>5,0 \u00b5g<\/td>\n<td>100 %<\/td>\n<\/tr>\n<tr>\n<td>Vitamin E (Alpha-Tocopherol)<\/td>\n<td>11,2 mg<\/td>\n<td>5,6 mg<\/td>\n<td>47 %<\/td>\n<\/tr>\n<tr>\n<td>Vitamin K (Phyllochinon)<\/td>\n<td>51,3 \u00b5g<\/td>\n<td>25,6 \u00b5g<\/td>\n<td>34 %<\/td>\n<\/tr>\n<tr>\n<td>Vitamin B1 (Thiamin)<\/td>\n<td>1,2 mg<\/td>\n<td>0,6 mg<\/td>\n<td>54 %<\/td>\n<\/tr>\n<tr>\n<td>Vitamin B2 (Riboflavin)<\/td>\n<td>1,4 mg<\/td>\n<td>0,7 mg<\/td>\n<td>49 %<\/td>\n<\/tr>\n<tr>\n<td>Vitamin B3 (Niacin)<\/td>\n<td>14,8 mg<\/td>\n<td>7,4 mg<\/td>\n<td>46 %<\/td>\n<\/tr>\n<tr>\n<td>Vitamin B5 (Pantothens\u00e4ure)<\/td>\n<td>5,8 mg<\/td>\n<td>2,9 mg<\/td>\n<td>48 %<\/td>\n<\/tr>\n<tr>\n<td>Vitamin B6 (Pyridoxin)<\/td>\n<td>1,3 mg<\/td>\n<td>0,7 mg<\/td>\n<td>48 %<\/td>\n<\/tr>\n<tr>\n<td>Vitamin B7 (Biotin)<\/td>\n<td>51,9 \u00b5g<\/td>\n<td>26,0 \u00b5g<\/td>\n<td>52 %<\/td>\n<\/tr>\n<tr>\n<td>Vitamin B9 (Fols\u00e4ure)<\/td>\n<td>213,2 \u00b5g<\/td>\n<td>106,6 \u00b5g<\/td>\n<td>53 %<\/td>\n<\/tr>\n<tr>\n<td>Vitamin B12 (Cobalamin)<\/td>\n<td>4,2 \u00b5g<\/td>\n<td>2,1 \u00b5g<\/td>\n<td>84 %<\/td>\n<\/tr>\n<tr>\n<td>Vitamin C (Ascorbins\u00e4ure)<\/td>\n<td>80,0 mg<\/td>\n<td>40,0 mg<\/td>\n<td>50 %<\/td>\n<\/tr>\n<tr>\n<td>Calcium<\/td>\n<td>310,0 mg<\/td>\n<td>155,0 mg<\/td>\n<td>19 %<\/td>\n<\/tr>\n<tr>\n<td>Magnesium<\/td>\n<td>148,7 mg<\/td>\n<td>74,3 mg<\/td>\n<td>20 %<\/td>\n<\/tr>\n<tr>\n<td>Phosphor<\/td>\n<td>370,9 mg<\/td>\n<td>185,5 mg<\/td>\n<td>26 %<\/td>\n<\/tr>\n<tr>\n<td>Eisen<\/td>\n<td>13,4 mg<\/td>\n<td>6,7 mg<\/td>\n<td>48 %<\/td>\n<\/tr>\n<tr>\n<td>Zink<\/td>\n<td>8,9 mg<\/td>\n<td>4,4 mg<\/td>\n<td>44 %<\/td>\n<\/tr>\n<tr>\n<td>Kupfer<\/td>\n<td>1,2 mg<\/td>\n<td>0,6 mg<\/td>\n<td>62 %<\/td>\n<\/tr>\n<tr>\n<td>Mangan<\/td>\n<td>2,0 mg<\/td>\n<td>1,0 mg<\/td>\n<td>49 %<\/td>\n<\/tr>\n<tr>\n<td>Jod<\/td>\n<td>105,4 \u00b5g<\/td>\n<td>52,7 \u00b5g<\/td>\n<td>35 %<\/td>\n<\/tr>\n<tr>\n<td>Chrom<\/td>\n<td>38,6 \u00b5g<\/td>\n<td>19,3 \u00b5g<\/td>\n<td>48 %<\/td>\n<\/tr>\n<tr>\n<td>Selen<\/td>\n<td>49,7 \u00b5g<\/td>\n<td>24,8 \u00b5g<\/td>\n<td>45 %<\/td>\n<\/tr>\n<tr>\n<td>Molyd\u00e4n<\/td>\n<td>41,5 \u00b5g<\/td>\n<td>20,7 \u00b5g<\/td>\n<td>41 %<\/td>\n<\/tr>\n<tr>\n<td>Molkeneiweisskonzentrat<\/td>\n<td>10,0 g<\/td>\n<td>5,0 g<\/td>\n<td>\u2013<\/td>\n<\/tr>\n<tr>\n<td>Erbseneiweiss<\/td>\n<td>10,0 g<\/td>\n<td>5,0 g<\/td>\n<td>\u2013<\/td>\n<\/tr>\n<tr>\n<td>Kollagenhydrolysat (Rind)<\/td>\n<td>10,0 g<\/td>\n<td>5,0 g<\/td>\n<td>\u2013<\/td>\n<\/tr>\n<\/tbody>\n<\/table>\n\t\t<\/div>\n\t<\/div>\n\t\n<\/div>","protected":false},"excerpt":{"rendered":"<h2><strong>Entdecke die G\u00f6ttin in dir mit Gainer Goddess.<\/strong><\/h2>\n<h4 class=\"translation-block\"><strong>Gainer Goddess<\/strong> ist deine ultimative Erg\u00e4nzung f\u00fcr eine ausgewogene Gewichtszunahme und innere Sch\u00f6nheit. Mit hochwertigen Proteinen, Kohlenhydraten und Kollagenhydrolysat bietet diese speziell entwickelte Formel eine Unterst\u00fctzung f\u00fcr verschiedene Bed\u00fcrfnisse.<\/h4>\n<ul>\n<li class=\"bullet-star translation-block\"><strong>Gesunde Gewichtszunahme<\/strong>: Speziell entwickelt, um Frauen zu unterst\u00fctzen, die eine ausgewogene Gewichtszunahme anstreben.<\/li>\n<li class=\"bullet-star translation-block\"><strong>Hochwertige Proteine<\/strong>: Enth\u00e4lt Whey-Protein-Konzentrat und Erbsenprotein, die zu einer proteinreichen Ern\u00e4hrung beitragen..<\/li>\n<li class=\"bullet-star translation-block\"><strong>Beauty-Boost<\/strong>: Angereichert mit Kollagenhydrolysat, das traditionell mit der Unterst\u00fctzung von Haut, Haaren und N\u00e4geln in Verbindung gebracht wird.<\/li>\n<\/ul>","protected":false},"featured_media":952468,"comment_status":"open","ping_status":"closed","template":"","meta":{"slim_seo":{"title":"Gainer Goddess - FitNFemale\u00ae","description":"Entdecke die G\u00f6ttin in dir mit Gainer Goddess. Gainer Goddess ist deine ultimative Erg\u00e4nzung f\u00fcr eine ausgewogene Gewichtszunahme und innere Sch\u00f6nheit. Mit hoch"}},"product_brand":[],"product_cat":[6629,1047,401,6671],"product_tag":[6487,6486,6489],"class_list":{"0":"post-763746","1":"product","2":"type-product","3":"status-publish","4":"has-post-thumbnail","6":"product_cat-basic","7":"product_cat-fit-strong","8":"product_cat-health","9":"product_cat-topdeals","10":"product_tag-beauty","11":"product_tag-collagen","12":"product_tag-skin","13":"pa_anwendungsbereiche-gewichtszunahme","14":"pa_anwendungsbereiche-muskelversorgung","15":"pa_anwendungsbereiche-recovery","16":"pa_marke-fitnfemale","17":"pa_misc-aspartamfree","18":"pa_schwangerschaft-geeignet","19":"pa_stillzeit-geeignet","20":"pa_vegan-nein","22":"first","23":"instock","24":"taxable","25":"shipping-taxable","26":"purchasable","27":"product-type-variable","28":"has-default-attributes"},"bundled_by":["957236"],"bundle_stock_status":"instock","bundle_stock_quantity":null,"bundle_virtual":false,"bundle_layout":"","bundle_add_to_cart_form_location":"","bundle_editable_in_cart":false,"bundle_sold_individually_context":"","bundle_item_grouping":"","bundle_min_size":"","bundle_max_size":"","bundle_price":[],"bundled_items":[],"bundle_sell_ids":[],"gallery_images":[953685,953686,953688,953682,952469,953684,953687,953683,961247],"_links":{"self":[{"href":"https:\/\/fitnfemale.com\/deu\/wp-json\/wp\/v2\/product\/763746","targetHints":{"allow":["GET"]}}],"collection":[{"href":"https:\/\/fitnfemale.com\/deu\/wp-json\/wp\/v2\/product"}],"about":[{"href":"https:\/\/fitnfemale.com\/deu\/wp-json\/wp\/v2\/types\/product"}],"replies":[{"embeddable":true,"href":"https:\/\/fitnfemale.com\/deu\/wp-json\/wp\/v2\/comments?post=763746"}],"wp:featuredmedia":[{"embeddable":true,"href":"https:\/\/fitnfemale.com\/deu\/wp-json\/wp\/v2\/media\/952468"}],"wp:attachment":[{"href":"https:\/\/fitnfemale.com\/deu\/wp-json\/wp\/v2\/media?parent=763746"}],"wp:term":[{"taxonomy":"product_brand","embeddable":true,"href":"https:\/\/fitnfemale.com\/deu\/wp-json\/wp\/v2\/product_brand?post=763746"},{"taxonomy":"product_cat","embeddable":true,"href":"https:\/\/fitnfemale.com\/deu\/wp-json\/wp\/v2\/product_cat?post=763746"},{"taxonomy":"product_tag","embeddable":true,"href":"https:\/\/fitnfemale.com\/deu\/wp-json\/wp\/v2\/product_tag?post=763746"}],"curies":[{"name":"wp","href":"https:\/\/api.w.org\/{rel}","templated":true}]}}