{"id":746579,"date":"2023-05-25T13:11:44","date_gmt":"2023-05-25T12:11:44","guid":{"rendered":"https:\/\/fitnfemale.com\/?post_type=product&#038;p=746579"},"modified":"2026-04-13T12:13:14","modified_gmt":"2026-04-13T11:13:14","slug":"pink-burn-2-in-1-smooth-fusion","status":"publish","type":"product","link":"https:\/\/fitnfemale.com\/deu\/produkt\/pink-burn-2-in-1-smooth-fusion\/","title":{"rendered":"Pink Burn (2 in 1) &#8211; Smooth Fusion"},"content":{"rendered":"<div class=\"img has-hover img-details x md-x lg-x y md-y lg-y\" id=\"image_405456146\">\n\t\t\t\t\t\t\t\t<div class=\"img-inner dark\" >\n\t\t\t<img decoding=\"async\" width=\"1020\" height=\"569\" src=\"https:\/\/fitnfemale.com\/wp-content\/uploads\/pinkburn-smoothfusion-5.jpg\" class=\"attachment-large size-large\" alt=\"Pinkburn smoothfusion\" srcset=\"https:\/\/fitnfemale.com\/wp-content\/uploads\/pinkburn-smoothfusion-5.jpg 1376w, https:\/\/fitnfemale.com\/wp-content\/uploads\/pinkburn-smoothfusion-5-717x400.jpg 717w, https:\/\/fitnfemale.com\/wp-content\/uploads\/pinkburn-smoothfusion-5-768x429.jpg 768w, https:\/\/fitnfemale.com\/wp-content\/uploads\/pinkburn-smoothfusion-5-18x10.jpg 18w, https:\/\/fitnfemale.com\/wp-content\/uploads\/pinkburn-smoothfusion-5-1000x558.jpg 1000w\" sizes=\"(max-width: 1020px) 100vw, 1020px\" \/>\t\t\t\t\t\t\n\t\t\t\t\t<\/div>\n\t\t\t\t\t\t\t\t\n<style>\n#image_405456146 {\n  width: 100%;\n}\n<\/style>\n\t<\/div>\n\t\n<ul>\n<li class=\"bullet-star translation-block\"><strong>Effektive Unterst\u00fctzung: <\/strong> Unsere Formel f\u00f6rdert die Leistungsf\u00e4higkeit w\u00e4hrend des Trainings. L-Citrullin und Taurin sind bekannt f\u00fcr ihre unterst\u00fctzende Wirkung auf die k\u00f6rperliche Leistungsf\u00e4higkeit und Ausdauer.<\/li>\n<li class=\"bullet-star translation-block\"><strong>Sanfte Wirkung: <\/strong>Ohne Kribbeln! Sp\u00fcrbar nur 15 Minuten nach der Einnahme.<\/li>\n<li class=\"bullet-star translation-block\"><strong>Starke Koffeinzufuhr:<\/strong> Mit 200mg Koffein pro Portion liefert Pink Burn eine kr\u00e4ftige Dosis Energie, die deinen Fokus und deine Ausdauer w\u00e4hrend des Trainings steigert.<\/li>\n<li class=\"bullet-star translation-block\"><strong>Gesunder Elektrolythaushalt:<\/strong> Unterst\u00fctzt einen ausgewogenen Elektrolythaushalt, wichtig f\u00fcr deine Trainingsperformance und Erholung.<\/li>\n<li class=\"bullet-star translation-block\"><strong>Erfrischender Geschmack:<\/strong> Genie\u00dfe den leichten, erfrischenden Mango-Geschmack, der jedes Training zu einem Vergn\u00fcgen macht.<\/li>\n<li class=\"bullet-star translation-block\"><strong>Optimaler Trainings-Cocktail: <\/strong> Die Kombination aus L-Citrullin, Taurin, Betain und Schisandra Chinensis-Extrakt macht Pink Burn Smooth Fusion zu deinem idealen Trainingsbegleiter.<\/li>\n<li class=\"bullet-star translation-block\"><strong>Kalorienbewusst:<\/strong> Mit nur 20 Kalorien pro Portion und ohne Fett, Zucker und Kohlenhydrate, passt dieses Produkt perfekt zu einem gesundheitsbewussten Lebensstil.<\/li>\n<\/ul>\n<p>Tauche ein in die sanfte Power von &#8218;Pink Burn Smooth Fusion&#8216; und erlebe dein Training auf einem neuen Level!<\/p>\n<div class=\"accordion\">\n\t<div id=\"accordion-1970637042\" class=\"accordion-item\">\n\t\t<a id=\"accordion-1970637042-label\" class=\"accordion-title plain\" href=\"#accordion-item-zus\u00e4tzliche-inhaltsstoffe\" aria-expanded=\"false\" aria-controls=\"accordion-1970637042-content\">\n\t\t\t<button class=\"toggle\" aria-label=\"Toggle\"><i class=\"icon-angle-down\" aria-hidden=\"true\"><\/i><\/button>\n\t\t\t<span>Zus\u00e4tzliche Inhaltsstoffe<\/span>\n\t\t<\/a>\n\t\t<div id=\"accordion-1970637042-content\" class=\"accordion-inner\" aria-labelledby=\"accordion-1970637042-label\">\n\t\t\t\n<p>In dieser Version gibt es zus\u00e4tzlich, zu allen anderen Inhaltsstoffen, folgende: L-Citrulline, Taurine, Betaine, Schisandra Chinensis Extract<\/p>\n\t\t<\/div>\n\t<\/div>\n\t\n\t<div id=\"accordion-613201492\" class=\"accordion-item\">\n\t\t<a id=\"accordion-613201492-label\" class=\"accordion-title plain\" href=\"#accordion-item-warum-eine-variante-ohne-beta-alanin?\" aria-expanded=\"false\" aria-controls=\"accordion-613201492-content\">\n\t\t\t<button class=\"toggle\" aria-label=\"Toggle\"><i class=\"icon-angle-down\" aria-hidden=\"true\"><\/i><\/button>\n\t\t\t<span>Warum eine Variante ohne Beta-Alanin?<\/span>\n\t\t<\/a>\n\t\t<div id=\"accordion-613201492-content\" class=\"accordion-inner\" aria-labelledby=\"accordion-613201492-label\">\n\t\t\t\n<p>Obwohl viele die kribbelnde Wirkung der Aminos\u00e4ure Beta-Alanin als positiv und leistungssteigernd empfinden, gibt es Personen, die diese Wirkung als zu extrem und unangenehm juckend empfinden.<\/p>\n<p>In einigen L\u00e4ndern, wie der Schweiz, ist Beta-Alanin nur in Kapselform zugelassen.<\/p>\n\t\t<\/div>\n\t<\/div>\n\t\n\t<div id=\"accordion-1610168504\" class=\"accordion-item\">\n\t\t<a id=\"accordion-1610168504-label\" class=\"accordion-title plain\" href=\"#accordion-item-n\u00e4hrwerte\" aria-expanded=\"false\" aria-controls=\"accordion-1610168504-content\">\n\t\t\t<button class=\"toggle\" aria-label=\"Toggle\"><i class=\"icon-angle-down\" aria-hidden=\"true\"><\/i><\/button>\n\t\t\t<span>N\u00e4hrwerte<\/span>\n\t\t<\/a>\n\t\t<div id=\"accordion-1610168504-content\" class=\"accordion-inner\" aria-labelledby=\"accordion-1610168504-label\">\n\t\t\t\n<table class=\"ffnf-clean-table\">\n<thead>\n<tr>\n<th>N\u00e4hrwerte<\/th>\n<th>100 g<\/th>\n<th>Portion (12 g)<\/th>\n<\/tr>\n<\/thead>\n<tbody>\n<tr>\n<td>Energie<\/td>\n<td>810 kJ \/ 193,3 kcal<\/td>\n<td>97,2 kJ \/ 23,2 kcal<\/td>\n<\/tr>\n<tr>\n<td>Fett<br \/>\u2013 davon ges\u00e4ttigte Fetts\u00e4uren<\/td>\n<td>0 g<br \/>0 g<\/td>\n<td>0 g<br \/>0 g<\/td>\n<\/tr>\n<tr>\n<td class=\"translation-block\">Kohlenhydrate<br>\u2013 davon Zucker<\/td>\n<td>6,67 g<br \/>0,4 g<\/td>\n<td>0,8 g<br \/>0,05 g<\/td>\n<\/tr>\n<tr>\n<td>Ballaststoffe<\/td>\n<td>0 g<\/td>\n<td>0 g<\/td>\n<\/tr>\n<tr>\n<td>Eiweiss<\/td>\n<td>41,67 g<\/td>\n<td>5,0 g<\/td>\n<\/tr>\n<tr>\n<td>Salz<\/td>\n<td>0 g<\/td>\n<td>0 g<\/td>\n<\/tr>\n<\/tbody>\n<\/table>\n\t\t<\/div>\n\t<\/div>\n\t\n\t<div id=\"accordion-1282306981\" class=\"accordion-item\">\n\t\t<a id=\"accordion-1282306981-label\" class=\"accordion-title plain\" href=\"#accordion-item-inhaltsstoffe\" aria-expanded=\"false\" aria-controls=\"accordion-1282306981-content\">\n\t\t\t<button class=\"toggle\" aria-label=\"Toggle\"><i class=\"icon-angle-down\" aria-hidden=\"true\"><\/i><\/button>\n\t\t\t<span>Inhaltsstoffe<\/span>\n\t\t<\/a>\n\t\t<div id=\"accordion-1282306981-content\" class=\"accordion-inner\" aria-labelledby=\"accordion-1282306981-label\">\n\t\t\t\n<table class=\"ffnf-clean-table\">\n<thead>\n<tr>\n<th>Inhaltsstoffe<\/th>\n<th>Portion (12 g)<\/th>\n<th>% NRV*<\/th>\n<\/tr>\n<\/thead>\n<tbody>\n<tr>\n<td>L-Arginin<\/td>\n<td>2000 mg<\/td>\n<td>&#8211;<\/td>\n<\/tr>\n<tr>\n<td>L-Citrullin<\/td>\n<td>1000 mg<\/td>\n<td>&#8211;<\/td>\n<\/tr>\n<tr>\n<td>Taurin<\/td>\n<td>1000 mg<\/td>\n<td>&#8211;<\/td>\n<\/tr>\n<tr>\n<td>L-Tyrosin<\/td>\n<td>500 mg<\/td>\n<td>&#8211;<\/td>\n<\/tr>\n<tr>\n<td>Bitterorangextrakt<\/td>\n<td>300 mg<\/td>\n<td>&#8211;<\/td>\n<\/tr>\n<tr>\n<td>Betain<\/td>\n<td>250 mg<\/td>\n<td>&#8211;<\/td>\n<\/tr>\n<tr>\n<td>Schisandra-Extrakt<\/td>\n<td>250 mg<\/td>\n<td>&#8211;<\/td>\n<\/tr>\n<tr>\n<td>Himbeer-Extrakt (5 % Ketone)<\/td>\n<td>200 mg<\/td>\n<td>&#8211;<\/td>\n<\/tr>\n<tr>\n<td>Koffein<\/td>\n<td>200 mg<\/td>\n<td>&#8211;<\/td>\n<\/tr>\n<tr>\n<td>Vitamin B1<\/td>\n<td>2,2 mg<\/td>\n<td>200 %<\/td>\n<\/tr>\n<tr>\n<td>Vitamin B2<\/td>\n<td>2,8 mg<\/td>\n<td>200 %<\/td>\n<\/tr>\n<tr>\n<td>Niacin<\/td>\n<td>48 mg<\/td>\n<td>300 %<\/td>\n<\/tr>\n<tr>\n<td>Pantothens\u00e4ure (B5)<\/td>\n<td>12 mg<\/td>\n<td>200 %<\/td>\n<\/tr>\n<tr>\n<td>Vitamin B6<\/td>\n<td>2,8 mg<\/td>\n<td>200 %<\/td>\n<\/tr>\n<tr>\n<td>Biotin<\/td>\n<td>100 \u00b5g<\/td>\n<td>200 %<\/td>\n<\/tr>\n<tr>\n<td>Fols\u00e4ure<\/td>\n<td>400 \u00b5g<\/td>\n<td>200 %<\/td>\n<\/tr>\n<tr>\n<td>Vitamin B12<\/td>\n<td>5 \u00b5g<\/td>\n<td>200 %<\/td>\n<\/tr>\n<tr>\n<td>Calcium<\/td>\n<td>400 mg<\/td>\n<td>50 %<\/td>\n<\/tr>\n<tr>\n<td>Magnesium<\/td>\n<td>187,5 mg<\/td>\n<td>50 %<\/td>\n<\/tr>\n<tr>\n<td>Phosphor<\/td>\n<td>210 mg<\/td>\n<td>30 %<\/td>\n<\/tr>\n<tr>\n<td>Natrium<\/td>\n<td>300 mg<\/td>\n<td>&#8211;<\/td>\n<\/tr>\n<tr>\n<td>Kalium<\/td>\n<td>300 mg<\/td>\n<td>15 %<\/td>\n<\/tr>\n<tr>\n<td>Chlorid<\/td>\n<td>120 mg<\/td>\n<td>15 %<\/td>\n<\/tr>\n<\/tbody>\n<\/table>\n\t\t<\/div>\n\t<\/div>\n\t\n<\/div>","protected":false},"excerpt":{"rendered":"<h2>Der Boost, den du kennst, jetzt noch sanfter: Entdecke das n\u00e4chste Level mit unserem 2-in-1 Boost &#8211; die &#8218;Pink Burn Smooth Fusion&#8216;!<\/h2>\n<h4>Steigere deine Trainingsleistung ohne das unangenehme Kribbeln \u2013 Pink Burn Smooth Fusion verzichtet vollst\u00e4ndig auf Beta-Alanin. Angereichert mit L-Citrullin, Taurin, Betain und Schisandra Chinensis-Extrakt, unterst\u00fctzt dieses Produkt dich dabei, deine Trainingsziele effektiver zu erreichen. Unsere #SmoothPowerFormula ist speziell darauf ausgelegt, dir eine kontinuierliche und sp\u00fcrbare Wirkung zu bieten, die bereits 15 Minuten nach der Einnahme einsetzt.<\/h4>","protected":false},"featured_media":916226,"comment_status":"open","ping_status":"closed","template":"","meta":{"slim_seo":{"title":"Pink Burn 2-in-1 Fatburner & Booster | Maximale Fettverbrennung | FitNFemale","description":"Der Pink Burn 2-in-1 Fatburner & Booster: Das perfekte Produkt vor dem Training f\u00fcr maximale Fettverbrennung, sofortige Wirkung, gesunden Elektrolythaushalt und Trainings-Cocktail in einem. Jetzt kaufen!"}},"product_brand":[],"product_cat":[6366,6364,317,1052,6671],"product_tag":[],"class_list":{"0":"post-746579","1":"product","2":"type-product","3":"status-publish","4":"has-post-thumbnail","6":"product_cat-promo-10","7":"product_cat-promo-30","8":"product_cat-abnehmen","9":"product_cat-fatburner","10":"product_cat-topdeals","11":"pa_anwendungsbereiche-energy","12":"pa_anwendungsbereiche-focus","13":"pa_anwendungsbereiche-weightloss","14":"pa_anwendungsbereiche-shaping","15":"pa_marke-fitnfemale","16":"pa_misc-aspartamfree","17":"pa_misc-glutenfree","18":"pa_misc-konservierungsfrei","19":"pa_misc-lactosefree","20":"pa_misc-vegetarian","21":"pa_nutritionfactinfo-nofat","22":"pa_nutritionfactinfo-nocarbs","23":"pa_nutritionfactinfo-lowcalories","24":"pa_nutritionfactinfo-lowsugar","25":"pa_schwangerschaft-nicht-geeignet","26":"pa_stillzeit-nicht-geeignet","27":"pa_vegan-ja","29":"first","30":"instock","31":"featured","32":"taxable","33":"shipping-taxable","34":"purchasable","35":"product-type-variable","36":"has-default-attributes"},"bundled_by":["786594","685988"],"bundle_stock_status":"instock","bundle_stock_quantity":null,"bundle_virtual":false,"bundle_layout":"","bundle_add_to_cart_form_location":"","bundle_editable_in_cart":false,"bundle_sold_individually_context":"","bundle_item_grouping":"","bundle_min_size":"","bundle_max_size":"","bundle_price":[],"bundled_items":[],"bundle_sell_ids":[],"gallery_images":[953715,935055,897137,953711,935056,953708,953710,909720,953713],"_links":{"self":[{"href":"https:\/\/fitnfemale.com\/deu\/wp-json\/wp\/v2\/product\/746579","targetHints":{"allow":["GET"]}}],"collection":[{"href":"https:\/\/fitnfemale.com\/deu\/wp-json\/wp\/v2\/product"}],"about":[{"href":"https:\/\/fitnfemale.com\/deu\/wp-json\/wp\/v2\/types\/product"}],"replies":[{"embeddable":true,"href":"https:\/\/fitnfemale.com\/deu\/wp-json\/wp\/v2\/comments?post=746579"}],"wp:featuredmedia":[{"embeddable":true,"href":"https:\/\/fitnfemale.com\/deu\/wp-json\/wp\/v2\/media\/916226"}],"wp:attachment":[{"href":"https:\/\/fitnfemale.com\/deu\/wp-json\/wp\/v2\/media?parent=746579"}],"wp:term":[{"taxonomy":"product_brand","embeddable":true,"href":"https:\/\/fitnfemale.com\/deu\/wp-json\/wp\/v2\/product_brand?post=746579"},{"taxonomy":"product_cat","embeddable":true,"href":"https:\/\/fitnfemale.com\/deu\/wp-json\/wp\/v2\/product_cat?post=746579"},{"taxonomy":"product_tag","embeddable":true,"href":"https:\/\/fitnfemale.com\/deu\/wp-json\/wp\/v2\/product_tag?post=746579"}],"curies":[{"name":"wp","href":"https:\/\/api.w.org\/{rel}","templated":true}]}}