{"id":729065,"date":"2023-03-27T10:38:05","date_gmt":"2023-03-27T09:38:05","guid":{"rendered":"https:\/\/fitnfemale.com\/?post_type=product&#038;p=729065"},"modified":"2026-04-12T18:15:14","modified_gmt":"2026-04-12T17:15:14","slug":"pink-burn-night-edition","status":"publish","type":"product","link":"https:\/\/fitnfemale.com\/deu\/produkt\/pink-burn-night-edition\/","title":{"rendered":"Pink Burn (3 in 1) Night Edition"},"content":{"rendered":"<div class=\"img has-hover img-details x md-x lg-x y md-y lg-y\" id=\"image_332530619\">\n\t\t\t\t\t\t\t\t<div class=\"img-inner dark\" >\n\t\t\t<img decoding=\"async\" width=\"1020\" height=\"569\" src=\"https:\/\/fitnfemale.com\/wp-content\/uploads\/6798225716097839377.jpg\" class=\"attachment-large size-large\" alt=\"6798225716097839377\" srcset=\"https:\/\/fitnfemale.com\/wp-content\/uploads\/6798225716097839377.jpg 1376w, https:\/\/fitnfemale.com\/wp-content\/uploads\/6798225716097839377-717x400.jpg 717w, https:\/\/fitnfemale.com\/wp-content\/uploads\/6798225716097839377-768x429.jpg 768w, https:\/\/fitnfemale.com\/wp-content\/uploads\/6798225716097839377-18x10.jpg 18w, https:\/\/fitnfemale.com\/wp-content\/uploads\/6798225716097839377-1000x558.jpg 1000w\" sizes=\"(max-width: 1020px) 100vw, 1020px\" \/>\t\t\t\t\t\t\n\t\t\t\t\t<\/div>\n\t\t\t\t\t\t\t\t\n<style>\n#image_332530619 {\n  width: 100%;\n}\n<\/style>\n\t<\/div>\n\t\n<ul>\n<li class=\"bullet-star\">Ausgewogener Elektrolythaushalt f\u00fcr ein gesundes Gleichgewicht<\/li>\n<li class=\"bullet-star\">Antioxidativer Schutz: Enth\u00e4lt L-Glutathion, das st\u00e4rkste Antioxidans im K\u00f6rper<\/li>\n<li class=\"bullet-star\">Ergiebig: 240g pro Dose = 20 bis 40 Portionen (je nach Dosierung)<\/li>\n<li class=\"bullet-star\">Leicht &amp; kalorienarm: Nur 20 Kalorien pro Portion \u2013 ohne Fett, Zucker und Kohlenhydrate<\/li>\n<\/ul>\n<div class=\"accordion\">\n\t<div id=\"accordion-2506725088\" class=\"accordion-item\">\n\t\t<a id=\"accordion-2506725088-label\" class=\"accordion-title plain\" href=\"#accordion-item-steigere-die-fettverbrennung\" aria-expanded=\"false\" aria-controls=\"accordion-2506725088-content\">\n\t\t\t<button class=\"toggle\" aria-label=\"Toggle\"><i class=\"icon-angle-down\" aria-hidden=\"true\"><\/i><\/button>\n\t\t\t<span>Steigere die Fettverbrennung<\/span>\n\t\t<\/a>\n\t\t<div id=\"accordion-2506725088-content\" class=\"accordion-inner\" aria-labelledby=\"accordion-2506725088-label\">\n\t\t\t\n\t<div class=\"img has-hover x md-x lg-x y md-y lg-y\" id=\"image_1894051401\">\n\t\t\t\t\t\t\t\t<div class=\"img-inner dark\" >\n\t\t\t<img decoding=\"async\" width=\"1020\" height=\"569\" src=\"https:\/\/fitnfemale.com\/wp-content\/uploads\/pinkburn-night-closeup2.webp\" class=\"attachment-large size-large\" alt=\"Pinkburn night closeup2\" srcset=\"https:\/\/fitnfemale.com\/wp-content\/uploads\/pinkburn-night-closeup2.webp 1376w, https:\/\/fitnfemale.com\/wp-content\/uploads\/pinkburn-night-closeup2-717x400.webp 717w, https:\/\/fitnfemale.com\/wp-content\/uploads\/pinkburn-night-closeup2-768x429.webp 768w, https:\/\/fitnfemale.com\/wp-content\/uploads\/pinkburn-night-closeup2-18x10.webp 18w, https:\/\/fitnfemale.com\/wp-content\/uploads\/pinkburn-night-closeup2-1000x558.webp 1000w\" sizes=\"(max-width: 1020px) 100vw, 1020px\" \/>\t\t\t\t\t\t\n\t\t\t\t\t<\/div>\n\t\t\t\t\t\t\t\t\n<style>\n#image_1894051401 {\n  width: 100%;\n}\n<\/style>\n\t<\/div>\n\t\n<p>Inhaltsstoffe wie Bitterorangenextrakt k\u00f6nnen deinen Stoffwechsel unterst\u00fctzen und die Fettverbrennung f\u00f6rdern. M\u00f6glicherweise beeinflusst es das Hormon Adiponectin, das an der Regulierung des K\u00f6rperfettanteils beteiligt ist.<\/p>\n\t\t<\/div>\n\t<\/div>\n\t\n\t<div id=\"accordion-777948148\" class=\"accordion-item\">\n\t\t<a id=\"accordion-777948148-label\" class=\"accordion-title plain\" href=\"#accordion-item-intensiviert-dein-training\" aria-expanded=\"false\" aria-controls=\"accordion-777948148-content\">\n\t\t\t<button class=\"toggle\" aria-label=\"Toggle\"><i class=\"icon-angle-down\" aria-hidden=\"true\"><\/i><\/button>\n\t\t\t<span>Intensiviert dein Training<\/span>\n\t\t<\/a>\n\t\t<div id=\"accordion-777948148-content\" class=\"accordion-inner\" aria-labelledby=\"accordion-777948148-label\">\n\t\t\t\n<p>Beta-Alanin, L-Arginin und L-Citrullin geben dir Energie und Fokus, um dein Workout auf hohem Level zu absolvieren. Das kann sich zus\u00e4tzlich positiv auf Kalorienverbrauch und Muskelaufbau auswirken.<\/p>\n\t\t<\/div>\n\t<\/div>\n\t\n\t<div id=\"accordion-1788447257\" class=\"accordion-item\">\n\t\t<a id=\"accordion-1788447257-label\" class=\"accordion-title plain\" href=\"#accordion-item-mit-glucomannan-als-idealer-sattmacher\" aria-expanded=\"false\" aria-controls=\"accordion-1788447257-content\">\n\t\t\t<button class=\"toggle\" aria-label=\"Toggle\"><i class=\"icon-angle-down\" aria-hidden=\"true\"><\/i><\/button>\n\t\t\t<span>Mit Glucomannan als idealer Sattmacher<\/span>\n\t\t<\/a>\n\t\t<div id=\"accordion-1788447257-content\" class=\"accordion-inner\" aria-labelledby=\"accordion-1788447257-label\">\n\t\t\t\n\t<div class=\"img has-hover x md-x lg-x y md-y lg-y\" id=\"image_1738847449\">\n\t\t\t\t<div data-parallax-fade=\"true\" data-parallax=\"1\">\t\t\t\t<div class=\"img-inner dark\" >\n\t\t\t<img decoding=\"async\" width=\"1020\" height=\"583\" src=\"https:\/\/fitnfemale.com\/wp-content\/uploads\/gluccomanan-sattmacher-konjak-pflanze.jpg\" class=\"attachment-large size-large\" alt=\"Gluccomanan sattmacher konjak pflanze\" srcset=\"https:\/\/fitnfemale.com\/wp-content\/uploads\/gluccomanan-sattmacher-konjak-pflanze.jpg 1344w, https:\/\/fitnfemale.com\/wp-content\/uploads\/gluccomanan-sattmacher-konjak-pflanze-700x400.jpg 700w, https:\/\/fitnfemale.com\/wp-content\/uploads\/gluccomanan-sattmacher-konjak-pflanze-768x439.jpg 768w, https:\/\/fitnfemale.com\/wp-content\/uploads\/gluccomanan-sattmacher-konjak-pflanze-18x10.jpg 18w, https:\/\/fitnfemale.com\/wp-content\/uploads\/gluccomanan-sattmacher-konjak-pflanze-1000x571.jpg 1000w\" sizes=\"(max-width: 1020px) 100vw, 1020px\" \/>\t\t\t\t\t\t\n\t\t\t\t\t<\/div>\n\t\t\t\t<\/div>\t\t\t\t\n<style>\n#image_1738847449 {\n  width: 100%;\n}\n<\/style>\n\t<\/div>\n\t\n<div class=\"is-divider divider clearfix\" ><\/div>\n<p>Durch die enorme Wasserbindekapazit\u00e4t quillt Glucomannan im Magen-Darm-Trakt auf und kann so schneller ein S\u00e4ttigungsgef\u00fchl ausl\u00f6sen. Es kann auch Fett binden, sodass der K\u00f6rper es nicht energetisch verwertet, sondern ungenutzt ausscheidet. Damit unterst\u00fctzt Glucomannan m\u00f6glicherweise die Gewichtsreduktion.<\/p>\n\t\t<\/div>\n\t<\/div>\n\t\n\t<div id=\"accordion-2220443022\" class=\"accordion-item\">\n\t\t<a id=\"accordion-2220443022-label\" class=\"accordion-title plain\" href=\"#accordion-item-l-glutathion-(gsh)-als-kraftvoller-zellschutz\" aria-expanded=\"false\" aria-controls=\"accordion-2220443022-content\">\n\t\t\t<button class=\"toggle\" aria-label=\"Toggle\"><i class=\"icon-angle-down\" aria-hidden=\"true\"><\/i><\/button>\n\t\t\t<span>L-Glutathion (GSH) als kraftvoller Zellschutz<\/span>\n\t\t<\/a>\n\t\t<div id=\"accordion-2220443022-content\" class=\"accordion-inner\" aria-labelledby=\"accordion-2220443022-label\">\n\t\t\t\n<p>Es z\u00e4hlt zu den wichtigsten und st\u00e4rksten Antioxidantien in unserem K\u00f6rper. Es sch\u00fctzt die Zellen vor oxidativem Stress und Zellsch\u00e4den und hilft den Mitochondrien, ausreichend Energie zu produzieren.<\/p>\n\t\t<\/div>\n\t<\/div>\n\t\n\t<div id=\"accordion-2744837087\" class=\"accordion-item\">\n\t\t<a id=\"accordion-2744837087-label\" class=\"accordion-title plain\" href=\"#accordion-item-n\u00e4hrwerte\" aria-expanded=\"false\" aria-controls=\"accordion-2744837087-content\">\n\t\t\t<button class=\"toggle\" aria-label=\"Toggle\"><i class=\"icon-angle-down\" aria-hidden=\"true\"><\/i><\/button>\n\t\t\t<span>N\u00e4hrwerte<\/span>\n\t\t<\/a>\n\t\t<div id=\"accordion-2744837087-content\" class=\"accordion-inner\" aria-labelledby=\"accordion-2744837087-label\">\n\t\t\t\n<table class=\"ffnf-clean-table\">\n<thead>\n<tr>\n<th>N\u00e4hrwerte<\/th>\n<th>100 g<\/th>\n<th>Portion (12 g)<\/th>\n<\/tr>\n<\/thead>\n<tbody>\n<tr>\n<td>Energie<\/td>\n<td>810 kJ \/ 193,3 kcal<\/td>\n<td>97,2 kJ \/ 23,2 kcal<\/td>\n<\/tr>\n<tr>\n<td>Fett<br \/>\u2013 davon ges\u00e4ttigte Fetts\u00e4uren<\/td>\n<td>0 g<br \/>0 g<\/td>\n<td>0 g<br \/>0 g<\/td>\n<\/tr>\n<tr>\n<td class=\"translation-block\">Kohlenhydrate<br>\u2013 davon Zucker<\/td>\n<td>6,67 g<br \/>0,4 g<\/td>\n<td>0,8 g<br \/>0,05 g<\/td>\n<\/tr>\n<tr>\n<td>Ballaststoffe<\/td>\n<td>0 g<\/td>\n<td>0 g<\/td>\n<\/tr>\n<tr>\n<td>Eiwei\u00df<\/td>\n<td>41,67 g<\/td>\n<td>5,0 g<\/td>\n<\/tr>\n<tr>\n<td>Salz<\/td>\n<td>0 g<\/td>\n<td>0 g<\/td>\n<\/tr>\n<\/tbody>\n<\/table>\n\t\t<\/div>\n\t<\/div>\n\t\n\t<div id=\"accordion-4133945176\" class=\"accordion-item\">\n\t\t<a id=\"accordion-4133945176-label\" class=\"accordion-title plain\" href=\"#accordion-item-inhaltsstoffe\" aria-expanded=\"false\" aria-controls=\"accordion-4133945176-content\">\n\t\t\t<button class=\"toggle\" aria-label=\"Toggle\"><i class=\"icon-angle-down\" aria-hidden=\"true\"><\/i><\/button>\n\t\t\t<span>Inhaltsstoffe<\/span>\n\t\t<\/a>\n\t\t<div id=\"accordion-4133945176-content\" class=\"accordion-inner\" aria-labelledby=\"accordion-4133945176-label\">\n\t\t\t\n<table class=\"ffnf-clean-table\">\n<thead>\n<tr>\n<th>Inhaltsstoffe<\/th>\n<th>Portion (12 g)<\/th>\n<th>% NRV*<\/th>\n<\/tr>\n<\/thead>\n<tbody>\n<tr>\n<td>Beta-Alanin<\/td>\n<td>2,5 g<\/td>\n<td>&#8211;<\/td>\n<\/tr>\n<tr>\n<td>L-Arginin<\/td>\n<td>2 g<\/td>\n<td>&#8211;<\/td>\n<\/tr>\n<tr>\n<td>L-Citrullin<\/td>\n<td>250 mg<\/td>\n<td>&#8211;<\/td>\n<\/tr>\n<tr>\n<td>Glucomannan<\/td>\n<td>300 mg<\/td>\n<td>&#8211;<\/td>\n<\/tr>\n<tr>\n<td>L-Tryptophan<\/td>\n<td>250 mg<\/td>\n<td>&#8211;<\/td>\n<\/tr>\n<tr>\n<td>Bitterorangextrakt<\/td>\n<td>150 mg<\/td>\n<td>&#8211;<\/td>\n<\/tr>\n<tr>\n<td>Alpha-Lipons\u00e4ure<\/td>\n<td>50 mg<\/td>\n<td>&#8211;<\/td>\n<\/tr>\n<tr>\n<td>L-Glutathion<\/td>\n<td>50 mg<\/td>\n<td>&#8211;<\/td>\n<\/tr>\n<tr>\n<td>Vitamin B1<\/td>\n<td>2,2 mg<\/td>\n<td>200 %<\/td>\n<\/tr>\n<tr>\n<td>Vitamin B2<\/td>\n<td>2,8 mg<\/td>\n<td>200 %<\/td>\n<\/tr>\n<tr>\n<td>Niacin<\/td>\n<td>32 mg<\/td>\n<td>200 %<\/td>\n<\/tr>\n<tr>\n<td>Pantothens\u00e4ure (B5)<\/td>\n<td>12 mg<\/td>\n<td>200 %<\/td>\n<\/tr>\n<tr>\n<td>Vitamin B6<\/td>\n<td>2,8 mg<\/td>\n<td>200 %<\/td>\n<\/tr>\n<tr>\n<td>Biotin<\/td>\n<td>100 \u00b5g<\/td>\n<td>200 %<\/td>\n<\/tr>\n<tr>\n<td>Fols\u00e4ure<\/td>\n<td>400 \u00b5g<\/td>\n<td>200 %<\/td>\n<\/tr>\n<tr>\n<td>Vitamin B12<\/td>\n<td>5 \u00b5g<\/td>\n<td>200 %<\/td>\n<\/tr>\n<tr>\n<td>Calcium<\/td>\n<td>400 mg<\/td>\n<td>50 %<\/td>\n<\/tr>\n<tr>\n<td>Magnesium<\/td>\n<td>187,5 mg<\/td>\n<td>50 %<\/td>\n<\/tr>\n<tr>\n<td>Phosphor<\/td>\n<td>210 mg<\/td>\n<td>30 %<\/td>\n<\/tr>\n<tr>\n<td>Natrium<\/td>\n<td>300 mg<\/td>\n<td>&#8211;<\/td>\n<\/tr>\n<tr>\n<td>Kalium<\/td>\n<td>300 mg<\/td>\n<td>15 %<\/td>\n<\/tr>\n<tr>\n<td>Chlorid<\/td>\n<td>120 mg<\/td>\n<td>15 %<\/td>\n<\/tr>\n<\/tbody>\n<\/table>\n\t\t<\/div>\n\t<\/div>\n\t\n<\/div>","protected":false},"excerpt":{"rendered":"<h2>Schluss mit Ausreden! Erreiche deine Ziele trotz anstrengendem Tag mit Pink Burn (3 in 1) Night Edition.<\/h2>\n<h4>Entdecke die perfekte Unterst\u00fctzung f\u00fcr dein sp\u00e4tes Workout &#8211; ganz ohne Schlafst\u00f6rungen!<\/h4>\n<ul>\n<li class=\"bullet-star\">Das magische Trio: Fatburner, Workout-Booster &amp; Appetitkontrolle in einem k\u00f6stlichen Drink<\/li>\n<li class=\"bullet-star\">L\u00e4nger satt &amp; Hei\u00dfhunger ad\u00e9: 3g Glucomannan pro Portion f\u00fcr ein langanhaltendes S\u00e4ttigungsgef\u00fchl<\/li>\n<li class=\"bullet-star\">Turbo-Fettverbrennung: Kann deinen Stoffwechsel ankurbeln und dein Training intensivieren<\/li>\n<li class=\"bullet-star\">Schlaf-freundlich: Kein Koffein \u2013 ideal f\u00fcr dein Abend-Workout!<\/li>\n<li class=\"bullet-star\">Schnelle Wirkung: Schon 20 Minuten nach der Einnahme sp\u00fcrbar!<\/li>\n<\/ul>\n<p>Gib deinem K\u00f6rper die Power, die er f\u00fcr dein Training braucht, unterst\u00fctze deinen Stoffwechsel und reduziere das Hungergef\u00fchl mit Glucomannan.<\/p>\n<p>Die Pink Burn Night Edition ist dein perfekter Begleiter f\u00fcr sp\u00e4te Workouts &#8211; ohne den typischen Wachmacher-Effekt, der deinen Schlaf st\u00f6ren kann.<\/p>","protected":false},"featured_media":916227,"comment_status":"open","ping_status":"closed","template":"","meta":{"slim_seo":{"title":"Pink Burn (3 in 1) Night Edition - FitNFemale\u00ae","description":"Schluss mit Ausreden! Erreiche deine Ziele trotz anstrengendem Tag mit Pink Burn (3 in 1) Night Edition. Entdecke die perfekte Unterst\u00fctzung f\u00fcr dein sp\u00e4tes Wor"}},"product_brand":[],"product_cat":[6364,317,1052,6671],"product_tag":[],"class_list":{"0":"post-729065","1":"product","2":"type-product","3":"status-publish","4":"has-post-thumbnail","6":"product_cat-promo-30","7":"product_cat-abnehmen","8":"product_cat-fatburner","9":"product_cat-topdeals","10":"pa_anwendungsbereiche-energy","11":"pa_anwendungsbereiche-leanmuscle","12":"pa_anwendungsbereiche-focus","13":"pa_anwendungsbereiche-for-your-workout","14":"pa_anwendungsbereiche-weightloss","15":"pa_anwendungsbereiche-shaping","16":"pa_marke-fitnfemale","17":"pa_misc-aspartamfree","18":"pa_misc-glutenfree","19":"pa_misc-lactosefree","20":"pa_nutritionfactinfo-nofat","21":"pa_nutritionfactinfo-nocarbs","22":"pa_nutritionfactinfo-lowcalories","23":"pa_nutritionfactinfo-lowsugar","24":"pa_schwangerschaft-nicht-geeignet","25":"pa_stillzeit-nicht-geeignet","26":"pa_vegan-ja","28":"first","29":"instock","30":"featured","31":"taxable","32":"shipping-taxable","33":"purchasable","34":"product-type-variable","35":"has-default-attributes"},"bundled_by":["738020","957225"],"bundle_stock_status":"instock","bundle_stock_quantity":null,"bundle_virtual":false,"bundle_layout":"","bundle_add_to_cart_form_location":"","bundle_editable_in_cart":false,"bundle_sold_individually_context":"","bundle_item_grouping":"","bundle_min_size":"","bundle_max_size":"","bundle_price":[],"bundled_items":[],"bundle_sell_ids":[],"gallery_images":[953699,953703,953698,953704,953701,953706,953702,909720],"_links":{"self":[{"href":"https:\/\/fitnfemale.com\/deu\/wp-json\/wp\/v2\/product\/729065","targetHints":{"allow":["GET"]}}],"collection":[{"href":"https:\/\/fitnfemale.com\/deu\/wp-json\/wp\/v2\/product"}],"about":[{"href":"https:\/\/fitnfemale.com\/deu\/wp-json\/wp\/v2\/types\/product"}],"replies":[{"embeddable":true,"href":"https:\/\/fitnfemale.com\/deu\/wp-json\/wp\/v2\/comments?post=729065"}],"wp:featuredmedia":[{"embeddable":true,"href":"https:\/\/fitnfemale.com\/deu\/wp-json\/wp\/v2\/media\/916227"}],"wp:attachment":[{"href":"https:\/\/fitnfemale.com\/deu\/wp-json\/wp\/v2\/media?parent=729065"}],"wp:term":[{"taxonomy":"product_brand","embeddable":true,"href":"https:\/\/fitnfemale.com\/deu\/wp-json\/wp\/v2\/product_brand?post=729065"},{"taxonomy":"product_cat","embeddable":true,"href":"https:\/\/fitnfemale.com\/deu\/wp-json\/wp\/v2\/product_cat?post=729065"},{"taxonomy":"product_tag","embeddable":true,"href":"https:\/\/fitnfemale.com\/deu\/wp-json\/wp\/v2\/product_tag?post=729065"}],"curies":[{"name":"wp","href":"https:\/\/api.w.org\/{rel}","templated":true}]}}