{"id":70981,"date":"2018-11-01T20:59:41","date_gmt":"2018-11-01T19:59:41","guid":{"rendered":"https:\/\/fitnfemale.com\/?post_type=product&#038;p=70981"},"modified":"2026-04-18T18:01:42","modified_gmt":"2026-04-18T17:01:42","slug":"slim-sweets","status":"publish","type":"product","link":"https:\/\/fitnfemale.com\/deu\/produkt\/slim-sweets\/","title":{"rendered":"Slim Sweets &#8211;  Appetitkontrolle"},"content":{"rendered":"<h4 class=\"uppercase\">Zertifizierter Abnehmhelfer f\u00fcr deinen Alltag<\/h4>\n<p style=\"padding: 0 0 10px 0;\">Die EFSA (Europ\u00e4ische Beh\u00f6rde f\u00fcr Lebensmittelsicherheit) hat Glucomannan detailliert wissenschaftlich gepr\u00fcft und es als hilfreiches Nahrungserg\u00e4nzungsmittel anerkannt. In Kombination mit einer gesunden Lebensweise und einer abwechslungsreichen Ern\u00e4hrung kann Glucomannan nachweislich helfen, das K\u00f6rpergewicht zu reduzieren. Besonders positive Effekte kann der Ballaststoff Glucomannan daher bei \u00fcbergewichtigen Personen erzielen.<\/p>\n<ul>\n<li class=\"bullet-star\">Glucomannan ist eine echte Geheimwaffe gegen Hei\u00dfhungerattacken<\/li>\n<li class=\"bullet-star\">Glucomannan ist der ideale Sattmacher<\/li>\n<li class=\"bullet-star\">Neu mit Chrom Picolinat: Chrom Picolinat spielt eine bedeutende Rolle f\u00fcr die Regulierung des Blutzuckerspiegels<br \/>\nund tr\u00e4gt zu einem normalen Stoffwechsel bei.<\/li>\n<li class=\"bullet-star\">F\u00fcr ein l\u00e4nger anhaltendes S\u00e4ttigungsgef\u00fchl<\/li>\n<li class=\"bullet-star\">Tr\u00e4gt zur Stabilisierung des Blutzuckers bei<\/li>\n<li class=\"bullet-star\">Positiver Einfluss auf Blutfettwerte<\/li>\n<li class=\"bullet-star\">Glucomannan unterst\u00fctzt das Abnehmen<\/li>\n<li class=\"bullet-star\">Wirksamkeit durch EU-Verordnung 432\/2012 best\u00e4tigt<\/li>\n<li class=\"bullet-star\">Leckerer Erdbeer-Geschmack<\/li>\n<\/ul>\n<div class=\"accordion\">\n\t<div id=\"accordion-1107117603\" class=\"accordion-item\">\n\t\t<a id=\"accordion-1107117603-label\" class=\"accordion-title plain\" href=\"#accordion-item-n\u00e4hrwerte-und-inhaltsstoffe\" aria-expanded=\"false\" aria-controls=\"accordion-1107117603-content\">\n\t\t\t<button class=\"toggle\" aria-label=\"Toggle\"><i class=\"icon-angle-down\" aria-hidden=\"true\"><\/i><\/button>\n\t\t\t<span>N\u00e4hrwerte und Inhaltsstoffe<\/span>\n\t\t<\/a>\n\t\t<div id=\"accordion-1107117603-content\" class=\"accordion-inner\" aria-labelledby=\"accordion-1107117603-label\">\n\t\t\t\n<div class=\"row\"  id=\"row-569980698\">\n\n\t<div id=\"col-1925892219\" class=\"col small-12 large-12\"  >\n\t\t\t\t<div class=\"col-inner text-center\"  >\n\t\t\t\n\t\t\t\n\t<div class=\"img has-hover x md-x lg-x y md-y lg-y\" id=\"image_158328735\">\n\t\t\t\t\t\t\t\t<div class=\"img-inner dark\" >\n\t\t\t<img decoding=\"async\" width=\"1\" height=\"1\" src=\"https:\/\/fitnfemale.com\/wp-content\/uploads\/slim-sweets-facts2.svg\" class=\"attachment-large size-large\" alt=\"Slim sweets facts2\" \/>\t\t\t\t\t\t\n\t\t\t\t\t<\/div>\n\t\t\t\t\t\t\t\t\n<style>\n#image_158328735 {\n  width: 100%;\n}\n@media (min-width:550px) {\n  #image_158328735 {\n    width: 100%;\n  }\n}\n<\/style>\n\t<\/div>\n\t\n\t\t<\/div>\n\t\t\t\t\t<\/div>\n\n\t\n\n<style>\n#row-569980698 > .col > .col-inner {\n  background-color: rgb(240, 75, 139);\n}\n<\/style>\n<\/div>\n\t\t<\/div>\n\t<\/div>\n\t\n\t<div id=\"accordion-858142380\" class=\"accordion-item\">\n\t\t<a id=\"accordion-858142380-label\" class=\"accordion-title plain\" href=\"#accordion-item-was-ist-glucomannan?\" aria-expanded=\"false\" aria-controls=\"accordion-858142380-content\">\n\t\t\t<button class=\"toggle\" aria-label=\"Toggle\"><i class=\"icon-angle-down\" aria-hidden=\"true\"><\/i><\/button>\n\t\t\t<span>Was ist Glucomannan?<\/span>\n\t\t<\/a>\n\t\t<div id=\"accordion-858142380-content\" class=\"accordion-inner\" aria-labelledby=\"accordion-858142380-label\">\n\t\t\t\n<p>Bei Glucomannan handelt es sich um einen Stoff, der aus der Konjakwurzel gewonnen wird, die auch als Teufelszunge bekannt ist. Chemisch betrachtet ist Glucomannan eine st\u00e4rke\u00e4hnliche Substanz, die sich aus komplexen Kohlenhydratketten zusammensetzt.<\/p>\n<p>Eine besondere Eigenschaft des Glucomannans ist die extrem hohe Wasserbindungskapazit\u00e4t, denn immerhin kann der Ballaststoff im Verh\u00e4ltnis zum Eigengewicht die f\u00fcnfzigfache Wassermenge binden. Seit 2010 darf\u00a0Glucomannan\u00a0gem\u00e4\u00df der Health-Claims-Verordnung der EFSA offiziell mit einer gewichtsreduzierenden Wirkung beworben werden.<\/p>\n\t\t<\/div>\n\t<\/div>\n\t\n\t<div id=\"accordion-1226575246\" class=\"accordion-item\">\n\t\t<a id=\"accordion-1226575246-label\" class=\"accordion-title plain\" href=\"#accordion-item-glucomannan-als-idealer-sattmacher\" aria-expanded=\"false\" aria-controls=\"accordion-1226575246-content\">\n\t\t\t<button class=\"toggle\" aria-label=\"Toggle\"><i class=\"icon-angle-down\" aria-hidden=\"true\"><\/i><\/button>\n\t\t\t<span>Glucomannan als idealer Sattmacher<\/span>\n\t\t<\/a>\n\t\t<div id=\"accordion-1226575246-content\" class=\"accordion-inner\" aria-labelledby=\"accordion-1226575246-label\">\n\t\t\t\n<p>Die enorme Wasserbindekapazit\u00e4t des Ballaststoffs f\u00fchrt dazu, dass Glucomannan nach der Einnahme im Magen-Darm-Trakt aufquillt. Dabei nimmt der Stoff das Wasser auf und wird zu einer gelartigen Masse, die leicht das zehnfache Volumen annehmen kann. Durch die Erh\u00f6hung des Volumens und die Konsistenz der Masse tritt das S\u00e4ttigungsgef\u00fchl deutlich schneller ein, sodass du deutlich weniger isst. Zudem h\u00e4lt das S\u00e4ttigungsgef\u00fchl ebenfalls l\u00e4nger an.<\/p>\n\t\t<\/div>\n\t<\/div>\n\t\n\t<div id=\"accordion-2711647403\" class=\"accordion-item\">\n\t\t<a id=\"accordion-2711647403-label\" class=\"accordion-title plain\" href=\"#accordion-item-hei\u00dfhungerattacken-sind-pass\u00e9\" aria-expanded=\"false\" aria-controls=\"accordion-2711647403-content\">\n\t\t\t<button class=\"toggle\" aria-label=\"Toggle\"><i class=\"icon-angle-down\" aria-hidden=\"true\"><\/i><\/button>\n\t\t\t<span>Hei\u00dfhungerattacken sind pass\u00e9<\/span>\n\t\t<\/a>\n\t\t<div id=\"accordion-2711647403-content\" class=\"accordion-inner\" aria-labelledby=\"accordion-2711647403-label\">\n\t\t\t\n<p>Glucomannan wirkt allerdings nicht nur physisch, sondern auch auf der biochemischen Ebene. Wie Wissenschaftler der thail\u00e4ndischen Mahidol University herausgefunden haben, beeinflusst Glucomannan die Aussch\u00fcttung des Hormons Ghrelin. Und ausgerechnet dieses Hormon spielt eine entscheidende Rolle im Rahmen des S\u00e4ttigungsmechanismus. Hier gilt: Je geringer der Ghrelinspiegel, desto geringer ist der Appetit. Da die Einnahme von Glucomannan das Absinken des Ghrelinspiegels im Blut mit sich bringt, ist Glucomannan eine echte Geheimwaffe gegen Hei\u00dfhungerattacken.<\/p>\n\t\t<\/div>\n\t<\/div>\n\t\n\t<div id=\"accordion-2212626516\" class=\"accordion-item\">\n\t\t<a id=\"accordion-2212626516-label\" class=\"accordion-title plain\" href=\"#accordion-item-positiver-einfluss-auf-blutfettwerte\" aria-expanded=\"false\" aria-controls=\"accordion-2212626516-content\">\n\t\t\t<button class=\"toggle\" aria-label=\"Toggle\"><i class=\"icon-angle-down\" aria-hidden=\"true\"><\/i><\/button>\n\t\t\t<span>Positiver Einfluss auf Blutfettwerte<\/span>\n\t\t<\/a>\n\t\t<div id=\"accordion-2212626516-content\" class=\"accordion-inner\" aria-labelledby=\"accordion-2212626516-label\">\n\t\t\t\n<p>Das ist aber noch nicht alles, denn der Ballaststoff kann im Magen-Darm-Trakt nicht nur Wasser binden, sondern auch Fett. \u00c4hnlich wie ein Schwamm saugt der Ballaststoff einen Teil der Nahrungsfette auf und bindet diese. Somit k\u00f6nnen diese nicht \u00fcber die Darmschleimhaut aufgenommen werden, sodass der K\u00f6rper die Fette nicht energetisch verwertet, sondern ungenutzt \u00fcber den Stuhl ausscheidet. Durch die so verminderte Kalorienaufnahme, unterst\u00fctzt Glucomannan das Abnehmen zus\u00e4tzlich.<\/p>\n\t\t<\/div>\n\t<\/div>\n\t\n\t<div id=\"accordion-4126999520\" class=\"accordion-item\">\n\t\t<a id=\"accordion-4126999520-label\" class=\"accordion-title plain\" href=\"#accordion-item-glucomannan-tr\u00e4gt-zur-stabilisierung-des-blutzuckers-bei\" aria-expanded=\"false\" aria-controls=\"accordion-4126999520-content\">\n\t\t\t<button class=\"toggle\" aria-label=\"Toggle\"><i class=\"icon-angle-down\" aria-hidden=\"true\"><\/i><\/button>\n\t\t\t<span>Glucomannan tr\u00e4gt zur Stabilisierung des Blutzuckers bei<\/span>\n\t\t<\/a>\n\t\t<div id=\"accordion-4126999520-content\" class=\"accordion-inner\" aria-labelledby=\"accordion-4126999520-label\">\n\t\t\t\n<p>Die Ballaststoffe des Glucomannans sorgen nicht nur f\u00fcr ein anhaltendes S\u00e4ttigungsgef\u00fchl, sondern auch f\u00fcr einen stabilen Blutzucker. Das Geheimnis des Konjakmehls liegt darin, dass der Zucker aus unserer Ern\u00e4hrung bedingt durch die komplexen Kohlenhydratketten nur langsam in den Blutkreislauf aufgenommen wird. Somit beugt die Einnahme nicht nur der Entstehung von Insulinresistenz vor, sondern vermindert auch \u00fcber diesen Mechanismus auch das Risiko f\u00fcr Diabetes Typ 2.<\/p>\n\t\t<\/div>\n\t<\/div>\n\t\n<\/div>","protected":false},"excerpt":{"rendered":"<h2>Wieso darf abnehmen nicht lecker sein? Kaubonbons mit Glucomannan f\u00fcr die Reduktion des Appetits &amp; Verhinderung von Hei\u00dfhungerattacken.<\/h2>\n<h4>Slim Sweets sind Kaubonbons mit Glucomannan f\u00fcr die Reduktion des Appetits und Verhinderung von Hei\u00dfhungerattacken. Die Ballaststoffe des Glucomannans sorgen f\u00fcr ein anhaltendes S\u00e4ttigungsgef\u00fchl. Der leckere Erdbeer-Geschmack des Kaubonbons rundet das Produkt ab.<\/h4>","protected":false},"featured_media":633440,"comment_status":"open","ping_status":"closed","template":"","meta":{"slim_seo":{"title":"Slim Sweets - Appetitkontrolle - FitNFemale\u00ae","description":"Wieso darf abnehmen nicht lecker sein? Kaubonbons mit Glucomannan f\u00fcr die Reduktion des Appetits &amp; Verhinderung von Hei\u00dfhungerattacken. Slim Sweets sind Kau"}},"product_brand":[],"product_cat":[6364,317],"product_tag":[],"class_list":{"0":"post-70981","1":"product","2":"type-product","3":"status-publish","4":"has-post-thumbnail","6":"product_cat-promo-30","7":"product_cat-abnehmen","8":"pa_anwendungsbereiche-appetit-control","9":"pa_anwendungsbereiche-weightloss","10":"pa_anwendungsbereiche-shaping","11":"pa_marke-fitnfemale","12":"pa_misc-aspartamfree","13":"pa_misc-glutenfree","14":"pa_misc-lactosefree","15":"pa_misc-vegetarian","16":"pa_nutritionfactinfo-high-fiber","17":"pa_nutritionfactinfo-highcarb","18":"pa_nutritionfactinfo-lowcalories","19":"pa_nutritionfactinfo-nosugar","20":"pa_schwangerschaft-nicht-geeignet","21":"pa_stillzeit-nicht-geeignet","22":"pa_vegan-ja","24":"first","25":"outofstock","26":"featured","27":"taxable","28":"shipping-taxable","29":"purchasable","30":"product-type-simple"},"bundled_by":["89922"],"bundle_stock_status":"outofstock","bundle_stock_quantity":0,"bundle_virtual":false,"bundle_layout":"","bundle_add_to_cart_form_location":"","bundle_editable_in_cart":false,"bundle_sold_individually_context":"","bundle_item_grouping":"","bundle_min_size":"","bundle_max_size":"","bundle_price":[],"bundled_items":[],"bundle_sell_ids":[],"gallery_images":[615063,621992,621991],"_links":{"self":[{"href":"https:\/\/fitnfemale.com\/deu\/wp-json\/wp\/v2\/product\/70981","targetHints":{"allow":["GET"]}}],"collection":[{"href":"https:\/\/fitnfemale.com\/deu\/wp-json\/wp\/v2\/product"}],"about":[{"href":"https:\/\/fitnfemale.com\/deu\/wp-json\/wp\/v2\/types\/product"}],"replies":[{"embeddable":true,"href":"https:\/\/fitnfemale.com\/deu\/wp-json\/wp\/v2\/comments?post=70981"}],"wp:featuredmedia":[{"embeddable":true,"href":"https:\/\/fitnfemale.com\/deu\/wp-json\/wp\/v2\/media\/633440"}],"wp:attachment":[{"href":"https:\/\/fitnfemale.com\/deu\/wp-json\/wp\/v2\/media?parent=70981"}],"wp:term":[{"taxonomy":"product_brand","embeddable":true,"href":"https:\/\/fitnfemale.com\/deu\/wp-json\/wp\/v2\/product_brand?post=70981"},{"taxonomy":"product_cat","embeddable":true,"href":"https:\/\/fitnfemale.com\/deu\/wp-json\/wp\/v2\/product_cat?post=70981"},{"taxonomy":"product_tag","embeddable":true,"href":"https:\/\/fitnfemale.com\/deu\/wp-json\/wp\/v2\/product_tag?post=70981"}],"curies":[{"name":"wp","href":"https:\/\/api.w.org\/{rel}","templated":true}]}}