{"id":685988,"date":"2022-10-21T12:56:41","date_gmt":"2022-10-21T11:56:41","guid":{"rendered":"https:\/\/fitnfemale.com\/?post_type=product&#038;p=685988"},"modified":"2026-01-06T09:48:32","modified_gmt":"2026-01-06T08:48:32","slug":"fatburn-duo-day","status":"publish","type":"product","link":"https:\/\/fitnfemale.com\/deu\/produkt\/fatburn-duo-day\/","title":{"rendered":"Fatburn Duo Day"},"content":{"rendered":"<div class=\"img has-hover img-details x md-x lg-x y md-y lg-y\" id=\"image_1892565833\">\n\t\t\t\t\t\t\t\t<div class=\"img-inner dark\" >\n\t\t\t<img decoding=\"async\" width=\"1020\" height=\"569\" src=\"https:\/\/fitnfemale.com\/wp-content\/uploads\/fatburn-duo-day8.jpeg\" class=\"attachment-large size-large\" alt=\"Fatburn duo day8\" srcset=\"https:\/\/fitnfemale.com\/wp-content\/uploads\/fatburn-duo-day8.jpeg 1376w, https:\/\/fitnfemale.com\/wp-content\/uploads\/fatburn-duo-day8-717x400.jpeg 717w, https:\/\/fitnfemale.com\/wp-content\/uploads\/fatburn-duo-day8-768x429.jpeg 768w, https:\/\/fitnfemale.com\/wp-content\/uploads\/fatburn-duo-day8-18x10.jpeg 18w, https:\/\/fitnfemale.com\/wp-content\/uploads\/fatburn-duo-day8-1000x558.jpeg 1000w\" sizes=\"(max-width: 1020px) 100vw, 1020px\" \/>\t\t\t\t\t\t\n\t\t\t\t\t<\/div>\n\t\t\t\t\t\t\t\t\n<style>\n#image_1892565833 {\n  width: 100%;\n}\n<\/style>\n\t<\/div>\n\t\n<ul>\n<li class=\"bullet-arrow\"><i class=\"fas fa-fire\"><\/i> <strong>Fatburner &amp; Booster in einem:<\/strong> Pink Burn kombiniert 23 leistungsstarke Wirkstoffe \u2013 f\u00fcr Fettverbrennung, Fokus und Power vor dem Training.<\/li>\n<li class=\"bullet-arrow\"><i class=\"fas fa-bolt\"><\/i> <strong>Schneller Kick:<\/strong> wenn du vor dem Training extra Drive willst.<\/li>\n<li class=\"bullet-arrow\"><i class=\"fas fa-capsules\"><\/i> <strong>Pink Fire \u2013 der smarte Alltagsburner:<\/strong> 17 sorgf\u00e4ltig ausgew\u00e4hlte Wirkstoffe unterst\u00fctzen deinen Stoffwechsel und helfen dir, deine Ziele zu erreichen.<\/li>\n<li class=\"bullet-arrow\"><i class=\"fas fa-check-circle\"><\/i> <strong>Mehr Kontrolle im Alltag:<\/strong> Mehr Kontrolle im Alltag: f\u00fcr Tage, an denen du dranbleiben willst.<\/li>\n<li class=\"bullet-arrow\"><i class=\"fas fa-trophy\"><\/i> <strong>Ready f\u00fcr echte Resultate:<\/strong> Die FatCryingFormula wurde entwickelt, um deine Performance aufs n\u00e4chste Level zu bringen.<\/li>\n<\/ul>\n\n\t<section class=\"section dark\" id=\"section_208547223\">\n\t\t<div class=\"section-bg fill\" >\n\t\t\t\t\t\t\t\t\t\n\t\t\t\n\n\t\t<\/div>\n\n\t\t\n\n\t\t<div class=\"section-content relative\">\n\t\t\t\n<p><i class=\"fas fa-info-circle\" style=\"color: #fff;\"><\/i> <strong>So nutzt du das Set<\/strong><br \/>\nPink Fire morgens oder mittags \u2022 Pink Burn 20\u201330 Min vor dem Training (mit viel Wasser).<\/p>\n\t\t<\/div>\n\n\t\t\n<style>\n#section_208547223 {\n  padding-top: 30px;\n  padding-bottom: 30px;\n  background-color: rgb(40, 40, 40);\n}\n<\/style>\n\t<\/section>","protected":false},"excerpt":{"rendered":"<h2>Fatburn Duo Day \u2013 Fettverbrennung, die du sp\u00fcrst.<\/h2>\n<h4>Maximale Wirkung, kein Kompromiss: <em>Pink Burn<\/em> und <em>Pink Fire<\/em> liefern dir die geballte Kraft f\u00fcr deinen Tag \u2013 abgestimmt auf die Bed\u00fcrfnisse aktiver Frauen.<\/h4>","protected":false},"featured_media":943260,"comment_status":"closed","ping_status":"closed","template":"","meta":{"slim_seo":{"title":"Fatburn Duo Day - FitNFemale\u00ae","description":"Fatburn Duo Day \u2013 Fettverbrennung, die du sp\u00fcrst. Maximale Wirkung, kein Kompromiss: Pink Burn und Pink Fire liefern dir die geballte Kraft f\u00fcr deinen Tag \u2013 abg"}},"product_brand":[],"product_cat":[6364,317,1052,2627,6290],"product_tag":[],"class_list":{"0":"post-685988","1":"product","2":"type-product","3":"status-publish","4":"has-post-thumbnail","6":"product_cat-promo-30","7":"product_cat-abnehmen","8":"product_cat-fatburner","9":"product_cat-sale","10":"product_cat-set","12":"first","13":"instock","14":"sale","15":"virtual","16":"taxable","17":"purchasable","18":"product-type-bundle"},"bundled_by":[],"bundle_stock_status":"instock","bundle_stock_quantity":37,"bundle_virtual":false,"bundle_layout":"default","bundle_add_to_cart_form_location":"default","bundle_editable_in_cart":false,"bundle_sold_individually_context":"product","bundle_item_grouping":"parent","bundle_min_size":"","bundle_max_size":"","bundle_price":{"price":{"min":{"incl_tax":"54.8","excl_tax":"53.411306"},"max":{"incl_tax":"54.8","excl_tax":"53.411306"}},"regular_price":{"min":{"incl_tax":"54.8","excl_tax":"53.411306"},"max":{"incl_tax":"54.8","excl_tax":"53.411306"}}},"bundled_items":[{"bundled_item_id":471,"product_id":337831,"menu_order":0,"quantity_min":1,"quantity_max":1,"quantity_default":1,"priced_individually":false,"shipped_individually":false,"override_title":false,"title":"Pink Fire - Fatburner","override_description":true,"description":"Dein Daily-Fatburner f\u00fcr Fokus und Drive.","optional":false,"hide_thumbnail":false,"discount":"","override_variations":false,"allowed_variations":[],"override_default_variation_attributes":false,"default_variation_attributes":[],"single_product_visibility":"visible","cart_visibility":"visible","order_visibility":"visible","single_product_price_visibility":"visible","cart_price_visibility":"visible","order_price_visibility":"visible","stock_status":"in_stock"},{"bundled_item_id":584,"product_id":746579,"menu_order":1,"quantity_min":1,"quantity_max":1,"quantity_default":1,"priced_individually":false,"shipped_individually":false,"override_title":true,"title":"Pink Burn Smooth Fusion","override_description":true,"description":"Booster f\u00fcr Training und Power am Tag.","optional":false,"hide_thumbnail":false,"discount":"","override_variations":false,"allowed_variations":[],"override_default_variation_attributes":false,"default_variation_attributes":[],"single_product_visibility":"visible","cart_visibility":"hidden","order_visibility":"visible","single_product_price_visibility":"visible","cart_price_visibility":"visible","order_price_visibility":"visible","stock_status":"in_stock"}],"bundle_sell_ids":[],"gallery_images":[954086,954081,954084,934892,954082],"_links":{"self":[{"href":"https:\/\/fitnfemale.com\/deu\/wp-json\/wp\/v2\/product\/685988","targetHints":{"allow":["GET"]}}],"collection":[{"href":"https:\/\/fitnfemale.com\/deu\/wp-json\/wp\/v2\/product"}],"about":[{"href":"https:\/\/fitnfemale.com\/deu\/wp-json\/wp\/v2\/types\/product"}],"replies":[{"embeddable":true,"href":"https:\/\/fitnfemale.com\/deu\/wp-json\/wp\/v2\/comments?post=685988"}],"wp:featuredmedia":[{"embeddable":true,"href":"https:\/\/fitnfemale.com\/deu\/wp-json\/wp\/v2\/media\/943260"}],"wp:attachment":[{"href":"https:\/\/fitnfemale.com\/deu\/wp-json\/wp\/v2\/media?parent=685988"}],"wp:term":[{"taxonomy":"product_brand","embeddable":true,"href":"https:\/\/fitnfemale.com\/deu\/wp-json\/wp\/v2\/product_brand?post=685988"},{"taxonomy":"product_cat","embeddable":true,"href":"https:\/\/fitnfemale.com\/deu\/wp-json\/wp\/v2\/product_cat?post=685988"},{"taxonomy":"product_tag","embeddable":true,"href":"https:\/\/fitnfemale.com\/deu\/wp-json\/wp\/v2\/product_tag?post=685988"}],"curies":[{"name":"wp","href":"https:\/\/api.w.org\/{rel}","templated":true}]}}