{"id":66283,"date":"2018-10-28T14:45:07","date_gmt":"2018-10-28T13:45:07","guid":{"rendered":"https:\/\/fitnfemale.com\/?post_type=product&#038;p=66283"},"modified":"2026-04-12T18:15:10","modified_gmt":"2026-04-12T17:15:10","slug":"creatone-kreatin-kautabletten","status":"publish","type":"product","link":"https:\/\/fitnfemale.com\/deu\/produkt\/creatone-kreatin-kautabletten\/","title":{"rendered":"CreaTone Chews"},"content":{"rendered":"<div class=\"img has-hover img-details x md-x lg-x y md-y lg-y\" id=\"image_625695645\">\n\t\t\t\t\t\t\t\t<div class=\"img-inner dark\" >\n\t\t\t<img decoding=\"async\" width=\"1020\" height=\"569\" src=\"https:\/\/fitnfemale.com\/wp-content\/uploads\/creatone-closeup-7.webp\" class=\"attachment-large size-large\" alt=\"Creatone closeup\" srcset=\"https:\/\/fitnfemale.com\/wp-content\/uploads\/creatone-closeup-7.webp 1376w, https:\/\/fitnfemale.com\/wp-content\/uploads\/creatone-closeup-7-717x400.webp 717w, https:\/\/fitnfemale.com\/wp-content\/uploads\/creatone-closeup-7-768x429.webp 768w, https:\/\/fitnfemale.com\/wp-content\/uploads\/creatone-closeup-7-18x10.webp 18w, https:\/\/fitnfemale.com\/wp-content\/uploads\/creatone-closeup-7-1000x558.webp 1000w\" sizes=\"(max-width: 1020px) 100vw, 1020px\" \/>\t\t\t\t\t\t\n\t\t\t\t\t<\/div>\n\t\t\t\t\t\t\t\t\n<style>\n#image_625695645 {\n  width: 100%;\n}\n<\/style>\n\t<\/div>\n\t\n<p>Maximiere deine Leistungsf\u00e4higkeit und erreiche deine Fitnessziele mit CreaTone! Diese Kreatin-Kautabletten bieten dir eine optimale Unterst\u00fctzung f\u00fcr den Muskelaufbau und tragen zur Steigerung deiner k\u00f6rperlichen Leistung bei Schnellkrafttraining im Rahmen kurzzeitiger intensiver k\u00f6rperlicher Bet\u00e4tigung bei. Mit 1000mg hochwertigem Creatin Monohydrat pro Tablette und einem erfrischenden Orangen-Geschmack sind sie ideal f\u00fcr unterwegs und zwischendurch. Hol dir jetzt dieses Qualit\u00e4tsprodukt, hergestellt in Deutschland, und bringe deine Workouts auf ein neues Level!<\/p>\n<div class=\"accordion\">\n\t<div id=\"accordion-875085903\" class=\"accordion-item\">\n\t\t<a id=\"accordion-875085903-label\" class=\"accordion-title plain\" href=\"#accordion-item-n\u00e4hrwerte\" aria-expanded=\"false\" aria-controls=\"accordion-875085903-content\">\n\t\t\t<button class=\"toggle\" aria-label=\"Toggle\"><i class=\"icon-angle-down\" aria-hidden=\"true\"><\/i><\/button>\n\t\t\t<span>N\u00e4hrwerte<\/span>\n\t\t<\/a>\n\t\t<div id=\"accordion-875085903-content\" class=\"accordion-inner\" aria-labelledby=\"accordion-875085903-label\">\n\t\t\t\n<table class=\"ffnf-clean-table\">\n<thead>\n<tr>\n<th>N\u00e4hrwerte<\/th>\n<th>1 Tablette<\/th>\n<th>Portion (3 Tabletten)<\/th>\n<\/tr>\n<\/thead>\n<tbody>\n<tr>\n<td>Energie<\/td>\n<td>18 kJ \/ 4,3 kcal<\/td>\n<td>54 kJ \/ 12,9 kcal<\/td>\n<\/tr>\n<tr>\n<td>Fett<br \/>\u2013 davon ges\u00e4ttigte Fetts\u00e4uren<\/td>\n<td>&lt; 0,1 g<br \/>&lt; 0,1 g<\/td>\n<td>0,15 g<br \/>0,15 g<\/td>\n<\/tr>\n<tr>\n<td class=\"translation-block\">Kohlenhydrate<br>\u2013 davon Zucker<\/td>\n<td>1,14 g<br \/>0,49 g<\/td>\n<td>3,4 g<br \/>1,5 g<\/td>\n<\/tr>\n<tr>\n<td>Eiwei\u00df<\/td>\n<td>&lt; 0,1 g<\/td>\n<td>&lt; 0,1 g<\/td>\n<\/tr>\n<tr>\n<td>Salz<\/td>\n<td>&lt; 0,1 g<\/td>\n<td>&lt; 0,1 g<\/td>\n<\/tr>\n<\/tbody>\n<\/table>\n\t\t<\/div>\n\t<\/div>\n\t\n\t<div id=\"accordion-3066667756\" class=\"accordion-item\">\n\t\t<a id=\"accordion-3066667756-label\" class=\"accordion-title plain\" href=\"#accordion-item-inhaltsstoffe\" aria-expanded=\"false\" aria-controls=\"accordion-3066667756-content\">\n\t\t\t<button class=\"toggle\" aria-label=\"Toggle\"><i class=\"icon-angle-down\" aria-hidden=\"true\"><\/i><\/button>\n\t\t\t<span>Inhaltsstoffe<\/span>\n\t\t<\/a>\n\t\t<div id=\"accordion-3066667756-content\" class=\"accordion-inner\" aria-labelledby=\"accordion-3066667756-label\">\n\t\t\t\n<table class=\"ffnf-clean-table\">\n<thead>\n<tr>\n<th>Inhaltsstoffe<\/th>\n<th>1 Tablette<\/th>\n<th>Portion (3 Tabletten)<\/th>\n<\/tr>\n<\/thead>\n<tbody>\n<tr>\n<td>Creatin Monohydrat<br \/>\u2013 davon Creatin<\/td>\n<td>1000 mg<br \/>879 mg<\/td>\n<td>3000 mg<br \/>2637 mg<\/td>\n<\/tr>\n<\/tbody>\n<\/table>\n\t\t<\/div>\n\t<\/div>\n\t\n<\/div>","protected":false},"excerpt":{"rendered":"<h2>Booste dein Training mit CreaTone &#8211; f\u00fcr mehr Leistung und schnellere Fortschritte<\/h2>\n<h4>Diese Kreatin-Kautabletten sind der ideale Begleiter f\u00fcr Frauen, die ihre k\u00f6rperliche Leistungsf\u00e4higkeit steigern und den Muskelaufbau unterst\u00fctzen m\u00f6chten.<\/h4>\n<ul>\n<li class=\"bullet-star\">1000mg Creatin Monohydrat pro Kautablette<\/li>\n<li class=\"bullet-star\">Tr\u00e4gt zur Steigerung der k\u00f6rperlichen Leistung bei Schnellkrafttraining im Rahmen kurzzeitiger intensiver k\u00f6rperlicher Bet\u00e4tigung bei.<\/li>\n<li class=\"bullet-star\">Erfrischender Orangen-Geschmack f\u00fcr einen angenehmen Genuss<\/li>\n<li class=\"bullet-star\">Perfekt f\u00fcr Frauen, die ihre Fitnessziele erreichen wollen<\/li>\n<li class=\"bullet-star\">Hochwertiges Qualit\u00e4tsprodukt, hergestellt in Deutschland<\/li>\n<\/ul>","protected":false},"featured_media":943450,"comment_status":"open","ping_status":"closed","template":"","meta":{"slim_seo":{"title":"CreaTone Chews - FitnFemale\u00ae","description":"Booste dein Training mit CreaTone - f\u00fcr mehr Leistung und schnellere Fortschritte Diese Kreatin-Kautabletten sind der ideale Begleiter f\u00fcr Frauen, die ihre k\u00f6rp"}},"product_brand":[],"product_cat":[6629,1047],"product_tag":[],"class_list":{"0":"post-66283","1":"product","2":"type-product","3":"status-publish","4":"has-post-thumbnail","6":"product_cat-basic","7":"product_cat-fit-strong","8":"pa_anwendungsbereiche-for-your-workout","9":"pa_anwendungsbereiche-muskelversorgung","10":"pa_marke-fitnfemale","11":"pa_misc-aspartamfree","12":"pa_misc-glutenfree","13":"pa_misc-lactosefree","14":"pa_schwangerschaft-geeignet","15":"pa_stillzeit-geeignet","16":"pa_vegan-ja","18":"first","19":"instock","20":"taxable","21":"shipping-taxable","22":"purchasable","23":"product-type-variable","24":"has-default-attributes"},"bundled_by":["957236"],"bundle_stock_status":"instock","bundle_stock_quantity":null,"bundle_virtual":false,"bundle_layout":"","bundle_add_to_cart_form_location":"","bundle_editable_in_cart":false,"bundle_sold_individually_context":"","bundle_item_grouping":"","bundle_min_size":"","bundle_max_size":"","bundle_price":[],"bundled_items":[],"bundle_sell_ids":[],"gallery_images":[953740,953731,953741,953734,953739,953732,953729,639880],"_links":{"self":[{"href":"https:\/\/fitnfemale.com\/deu\/wp-json\/wp\/v2\/product\/66283","targetHints":{"allow":["GET"]}}],"collection":[{"href":"https:\/\/fitnfemale.com\/deu\/wp-json\/wp\/v2\/product"}],"about":[{"href":"https:\/\/fitnfemale.com\/deu\/wp-json\/wp\/v2\/types\/product"}],"replies":[{"embeddable":true,"href":"https:\/\/fitnfemale.com\/deu\/wp-json\/wp\/v2\/comments?post=66283"}],"wp:featuredmedia":[{"embeddable":true,"href":"https:\/\/fitnfemale.com\/deu\/wp-json\/wp\/v2\/media\/943450"}],"wp:attachment":[{"href":"https:\/\/fitnfemale.com\/deu\/wp-json\/wp\/v2\/media?parent=66283"}],"wp:term":[{"taxonomy":"product_brand","embeddable":true,"href":"https:\/\/fitnfemale.com\/deu\/wp-json\/wp\/v2\/product_brand?post=66283"},{"taxonomy":"product_cat","embeddable":true,"href":"https:\/\/fitnfemale.com\/deu\/wp-json\/wp\/v2\/product_cat?post=66283"},{"taxonomy":"product_tag","embeddable":true,"href":"https:\/\/fitnfemale.com\/deu\/wp-json\/wp\/v2\/product_tag?post=66283"}],"curies":[{"name":"wp","href":"https:\/\/api.w.org\/{rel}","templated":true}]}}