{"id":627268,"date":"2021-11-20T20:36:10","date_gmt":"2021-11-20T19:36:10","guid":{"rendered":"https:\/\/fitnfemale.com\/?post_type=product&#038;p=627268"},"modified":"2026-01-26T10:07:41","modified_gmt":"2026-01-26T09:07:41","slug":"glow-trio","status":"publish","type":"product","link":"https:\/\/fitnfemale.com\/deu\/produkt\/glow-trio\/","title":{"rendered":"Glow Trio"},"content":{"rendered":"<div class=\"img has-hover img-details x md-x lg-x y md-y lg-y\" id=\"image_1139516484\">\n\t\t\t\t\t\t\t\t<div class=\"img-inner dark\" >\n\t\t\t<img decoding=\"async\" width=\"1020\" height=\"569\" src=\"https:\/\/fitnfemale.com\/wp-content\/uploads\/collagen-trio-7.webp\" class=\"attachment-large size-large\" alt=\"Collagen trio\" srcset=\"https:\/\/fitnfemale.com\/wp-content\/uploads\/collagen-trio-7.webp 1376w, https:\/\/fitnfemale.com\/wp-content\/uploads\/collagen-trio-7-717x400.webp 717w, https:\/\/fitnfemale.com\/wp-content\/uploads\/collagen-trio-7-768x429.webp 768w, https:\/\/fitnfemale.com\/wp-content\/uploads\/collagen-trio-7-18x10.webp 18w, https:\/\/fitnfemale.com\/wp-content\/uploads\/collagen-trio-7-1000x558.webp 1000w\" sizes=\"(max-width: 1020px) 100vw, 1020px\" \/>\t\t\t\t\t\t\n\t\t\t\t\t<\/div>\n\t\t\t\t\t\t\t\t\n<style>\n#image_1139516484 {\n  width: 100%;\n}\n<\/style>\n\t<\/div>\n\t\n<ul>\n<li class=\"bullet-arrow\"><strong><i class=\"fas fa-magic\" style=\"margin-right: 6px;\"><\/i>Strahlende Haut &amp; starkes Bindegewebe:<\/strong> Mit hochwertigem Collagen, Vitamin C &amp; Superfoods wie A\u00e7ai und Camu Camu.<\/li>\n<li class=\"bullet-arrow\"><strong><i class=\"fas fa-bolt\" style=\"margin-right: 6px;\"><\/i>Mehr Energie \u2013 ganz ohne Koffein-Crashs:<\/strong> \u201eCollagen Energy\u201c bringt dich mit Zink, Biotin &amp; Q10 in Schwung \u2013 f\u00fcr Beauty &amp; Power in einem Drink.<\/li>\n<li class=\"bullet-arrow\"><strong><i class=\"fas fa-leaf\" style=\"margin-right: 6px;\"><\/i>Daily Balance &amp; Hormon-Support:<\/strong> \u201eWomen\u2019s Magic Mix\u201c unterst\u00fctzt dich t\u00e4glich mit Ashwagandha, Vitaminen und Pflanzenextrakten \u2013 f\u00fcr innere Ruhe und weniger Heisshunger.<\/li>\n<li class=\"bullet-arrow\"><strong><i class=\"fas fa-sun\" style=\"margin-right: 6px;\"><\/i>Morgens:<\/strong> Women\u2019s Magic Mix \u2013 deine t\u00e4gliche Portion Balance<\/li>\n<li class=\"bullet-arrow\"><strong><i class=\"fas fa-bolt\" style=\"margin-right: 6px;\"><\/i>Wenn du Energie brauchst:<\/strong> Collagen Energy \u2013 dein nat\u00fcrlicher Boost f\u00fcr Fokus &amp; Power<\/li>\n<li class=\"bullet-arrow\"><strong><i class=\"fas fa-moon\" style=\"margin-right: 6px;\"><\/i>Abends oder an ruhigeren Tagen:<\/strong> Collagen Supermix \u2013 Regeneration &amp; Sch\u00f6nheit im Schlaf<\/li>\n<\/ul>\n\n\t<section class=\"section dark\" id=\"section_1254012610\">\n\t\t<div class=\"section-bg fill\" >\n\t\t\t\t\t\t\t\t\t\n\t\t\t\n\n\t\t<\/div>\n\n\t\t\n\n\t\t<div class=\"section-content relative\">\n\t\t\t\n<p><i class=\"fas fa-info-circle\" style=\"color: #fff;\"><\/i> <strong>So nutzt du das Set<\/strong><br \/>\nWomen\u2019s Magic Mix morgens \u2022 Collagen Energy wenn du Power brauchst \u2022 Collagen Supermix abends oder an ruhigeren Tagen.<\/p>\n\t\t<\/div>\n\n\t\t\n<style>\n#section_1254012610 {\n  padding-top: 30px;\n  padding-bottom: 30px;\n  background-color: rgb(40, 40, 40);\n}\n<\/style>\n\t<\/section>","protected":false},"excerpt":{"rendered":"<h2>Glow Trio \u2013 Sch\u00f6nheit. Energie. Wohlgef\u00fchl.<\/h2>\n<h4>Das Glow Trio kombiniert drei Power-Produkte \u2013 <em>Collagen Supermix, Collagen Energy und Women\u2019s Magic Mix<\/em> \u2013 perfekt auf die Bed\u00fcrfnisse aktiver Frauen abgestimmt. F\u00fcr sichtbare Ergebnisse von innen nach aussen.<\/h4>","protected":false},"featured_media":954215,"comment_status":"closed","ping_status":"closed","template":"","meta":{"slim_seo":{"title":"Glow Trio - FitNFemale\u00ae","description":"Glow Trio \u2013 Sch\u00f6nheit. Energie. Wohlgef\u00fchl. Das Glow Trio kombiniert drei Power-Produkte \u2013 Collagen Supermix, Collagen Energy und Women\u2019s Magic Mix \u2013 perfekt au"}},"product_brand":[],"product_cat":[6364,6629,401,2627,6290],"product_tag":[],"class_list":{"0":"post-627268","1":"product","2":"type-product","3":"status-publish","4":"has-post-thumbnail","6":"product_cat-promo-30","7":"product_cat-basic","8":"product_cat-health","9":"product_cat-sale","10":"product_cat-set","12":"first","13":"instock","14":"sale","15":"virtual","16":"taxable","17":"purchasable","18":"product-type-bundle"},"bundled_by":[],"bundle_stock_status":"instock","bundle_stock_quantity":58,"bundle_virtual":false,"bundle_layout":"default","bundle_add_to_cart_form_location":"after_summary","bundle_editable_in_cart":false,"bundle_sold_individually_context":"product","bundle_item_grouping":"parent","bundle_min_size":"","bundle_max_size":"","bundle_price":{"price":{"min":{"incl_tax":"87.7","excl_tax":"85.477583"},"max":{"incl_tax":"87.7","excl_tax":"85.477583"}},"regular_price":{"min":{"incl_tax":"87.7","excl_tax":"85.477583"},"max":{"incl_tax":"87.7","excl_tax":"85.477583"}}},"bundled_items":[{"bundled_item_id":386,"product_id":528925,"menu_order":0,"quantity_min":1,"quantity_max":1,"quantity_default":1,"priced_individually":false,"shipped_individually":false,"override_title":false,"title":"Collagen Supermix","override_description":true,"description":"Dein t\u00e4glicher Glow-Boost f\u00fcr Haut &amp; Wohlgef\u00fchl.","optional":false,"hide_thumbnail":false,"discount":"","override_variations":true,"allowed_variations":[528926],"override_default_variation_attributes":false,"default_variation_attributes":[],"single_product_visibility":"visible","cart_visibility":"hidden","order_visibility":"visible","single_product_price_visibility":"visible","cart_price_visibility":"visible","order_price_visibility":"visible","stock_status":"in_stock"},{"bundled_item_id":387,"product_id":150323,"menu_order":1,"quantity_min":1,"quantity_max":1,"quantity_default":1,"priced_individually":false,"shipped_individually":false,"override_title":false,"title":"Women's Magic Mix","override_description":true,"description":"Daily Balance f\u00fcr innere Ruhe und Wohlgef\u00fchl.","optional":false,"hide_thumbnail":false,"discount":"","override_variations":true,"allowed_variations":[151199],"override_default_variation_attributes":false,"default_variation_attributes":[],"single_product_visibility":"visible","cart_visibility":"hidden","order_visibility":"visible","single_product_price_visibility":"visible","cart_price_visibility":"visible","order_price_visibility":"visible","stock_status":"in_stock"},{"bundled_item_id":440,"product_id":660258,"menu_order":2,"quantity_min":1,"quantity_max":1,"quantity_default":1,"priced_individually":false,"shipped_individually":false,"override_title":false,"title":"Collagen Energy","override_description":true,"description":"Beauty-Energie f\u00fcr aktive Tage \u2013 ohne Crash.","optional":false,"hide_thumbnail":false,"discount":"","override_variations":false,"allowed_variations":[660259],"override_default_variation_attributes":false,"default_variation_attributes":[],"single_product_visibility":"visible","cart_visibility":"hidden","order_visibility":"visible","single_product_price_visibility":"visible","cart_price_visibility":"visible","order_price_visibility":"visible","stock_status":"in_stock"}],"bundle_sell_ids":[],"gallery_images":[954261,954256,954134,954257,954138,953182,953183,953318],"_links":{"self":[{"href":"https:\/\/fitnfemale.com\/deu\/wp-json\/wp\/v2\/product\/627268","targetHints":{"allow":["GET"]}}],"collection":[{"href":"https:\/\/fitnfemale.com\/deu\/wp-json\/wp\/v2\/product"}],"about":[{"href":"https:\/\/fitnfemale.com\/deu\/wp-json\/wp\/v2\/types\/product"}],"replies":[{"embeddable":true,"href":"https:\/\/fitnfemale.com\/deu\/wp-json\/wp\/v2\/comments?post=627268"}],"wp:featuredmedia":[{"embeddable":true,"href":"https:\/\/fitnfemale.com\/deu\/wp-json\/wp\/v2\/media\/954215"}],"wp:attachment":[{"href":"https:\/\/fitnfemale.com\/deu\/wp-json\/wp\/v2\/media?parent=627268"}],"wp:term":[{"taxonomy":"product_brand","embeddable":true,"href":"https:\/\/fitnfemale.com\/deu\/wp-json\/wp\/v2\/product_brand?post=627268"},{"taxonomy":"product_cat","embeddable":true,"href":"https:\/\/fitnfemale.com\/deu\/wp-json\/wp\/v2\/product_cat?post=627268"},{"taxonomy":"product_tag","embeddable":true,"href":"https:\/\/fitnfemale.com\/deu\/wp-json\/wp\/v2\/product_tag?post=627268"}],"curies":[{"name":"wp","href":"https:\/\/api.w.org\/{rel}","templated":true}]}}