{"id":621793,"date":"2021-10-14T19:46:48","date_gmt":"2021-10-14T18:46:48","guid":{"rendered":"https:\/\/fitnfemale.com\/?post_type=product&#038;p=621793"},"modified":"2026-04-12T18:01:26","modified_gmt":"2026-04-12T17:01:26","slug":"shape-bands-5er-set","status":"publish","type":"product","link":"https:\/\/fitnfemale.com\/deu\/produkt\/shape-bands-5er-set\/","title":{"rendered":"Shape-Bands 5er-Set &#8211; Purple Vibes"},"content":{"rendered":"<ul>\n<li class=\"bullet-star\">Band <strong>X-Light<\/strong> (bis 2,5 kg Widerstand)<\/li>\n<li class=\"bullet-star\">Band <strong>Light<\/strong> (bis 5 kg Widerstand)<\/li>\n<li class=\"bullet-star\">Band <strong>Medium<\/strong> (bis 9 kg Widerstand)<\/li>\n<li class=\"bullet-star\">Band <strong>Heavy<\/strong> (bis 13 kg Widerstand)<\/li>\n<li class=\"bullet-star\">Band <strong>X-Heavy<\/strong> (bis 18 kg Widerstand)<\/li>\n<\/ul>\n<p>Rutschfestes und hochwertiges Latex-Material mit einer L\u00e4nge von 60cm und einer Breite von 5cm. Je nach Widerstand variiert die Materialdicke zwischen 0.35mm und 1.1mm.<\/p>","protected":false},"excerpt":{"rendered":"<h2>5 B\u00e4nder f\u00fcr alle F\u00e4lle &#8211; Check \u2714\ufe0f<\/h2>\n<h4>Hochwertige Shape Bands im 5er-Set &#8211; rutschfeste, elastische und langlebige Widerstandsb\u00e4nder im praktischen Beutel. Perfekt f\u00fcr das Training zu Hause. Ideal f\u00fcr das Training von Po und Beinen.<\/h4>\n<p>Unsere Latex Shape Bands gibt&#8217;s im 5er Set mit unterschiedlichem Widerstand f\u00fcr ein abwechslungsreiches Training:<\/p>","protected":false},"featured_media":948730,"comment_status":"open","ping_status":"closed","template":"","meta":{"slim_seo":{"title":"Shape-Bands 5er-Set - Purple Vibes - FitNFemale\u00ae","description":"5 B\u00e4nder f\u00fcr alle F\u00e4lle - Check \u2714\ufe0f Hochwertige Shape Bands im 5er-Set - rutschfeste, elastische und langlebige Widerstandsb\u00e4nder im praktischen Beutel. Perfekt"}},"product_brand":[],"product_cat":[6363,6629,283,6216],"product_tag":[],"class_list":{"0":"post-621793","1":"product","2":"type-product","3":"status-publish","4":"has-post-thumbnail","6":"product_cat-promo-40","7":"product_cat-basic","8":"product_cat-equipment","9":"product_cat-trainingszubehoer","10":"pa_anwendungsbereiche-for-your-workout","11":"pa_marke-fitnfemale","12":"pa_schwangerschaft-geeignet","13":"pa_stillzeit-geeignet","15":"first","16":"outofstock","17":"sale","18":"taxable","19":"shipping-taxable","20":"purchasable","21":"product-type-simple"},"bundled_by":["627227","470906"],"bundle_stock_status":"outofstock","bundle_stock_quantity":1,"bundle_virtual":false,"bundle_layout":"","bundle_add_to_cart_form_location":"","bundle_editable_in_cart":false,"bundle_sold_individually_context":"","bundle_item_grouping":"","bundle_min_size":"","bundle_max_size":"","bundle_price":[],"bundled_items":[],"bundle_sell_ids":[],"gallery_images":[634184,622657,630836],"_links":{"self":[{"href":"https:\/\/fitnfemale.com\/deu\/wp-json\/wp\/v2\/product\/621793","targetHints":{"allow":["GET"]}}],"collection":[{"href":"https:\/\/fitnfemale.com\/deu\/wp-json\/wp\/v2\/product"}],"about":[{"href":"https:\/\/fitnfemale.com\/deu\/wp-json\/wp\/v2\/types\/product"}],"replies":[{"embeddable":true,"href":"https:\/\/fitnfemale.com\/deu\/wp-json\/wp\/v2\/comments?post=621793"}],"wp:featuredmedia":[{"embeddable":true,"href":"https:\/\/fitnfemale.com\/deu\/wp-json\/wp\/v2\/media\/948730"}],"wp:attachment":[{"href":"https:\/\/fitnfemale.com\/deu\/wp-json\/wp\/v2\/media?parent=621793"}],"wp:term":[{"taxonomy":"product_brand","embeddable":true,"href":"https:\/\/fitnfemale.com\/deu\/wp-json\/wp\/v2\/product_brand?post=621793"},{"taxonomy":"product_cat","embeddable":true,"href":"https:\/\/fitnfemale.com\/deu\/wp-json\/wp\/v2\/product_cat?post=621793"},{"taxonomy":"product_tag","embeddable":true,"href":"https:\/\/fitnfemale.com\/deu\/wp-json\/wp\/v2\/product_tag?post=621793"}],"curies":[{"name":"wp","href":"https:\/\/api.w.org\/{rel}","templated":true}]}}