{"id":616770,"date":"2021-09-09T08:13:42","date_gmt":"2021-09-09T07:13:42","guid":{"rendered":"https:\/\/fitnfemale.com\/?post_type=product&#038;p=616770"},"modified":"2026-04-12T18:01:21","modified_gmt":"2026-04-12T17:01:21","slug":"pms-balance","status":"publish","type":"product","link":"https:\/\/fitnfemale.com\/deu\/produkt\/pms-balance\/","title":{"rendered":"PMS Balance"},"content":{"rendered":"<div class=\"img has-hover img-details x md-x lg-x y md-y lg-y\" id=\"image_720262099\">\n\t\t\t\t\t\t\t\t<div class=\"img-inner dark\" >\n\t\t\t<img decoding=\"async\" width=\"1020\" height=\"569\" src=\"https:\/\/fitnfemale.com\/wp-content\/uploads\/pms-closeup-11.webp\" class=\"attachment-large size-large\" alt=\"Pms closeup\" srcset=\"https:\/\/fitnfemale.com\/wp-content\/uploads\/pms-closeup-11.webp 1376w, https:\/\/fitnfemale.com\/wp-content\/uploads\/pms-closeup-11-717x400.webp 717w, https:\/\/fitnfemale.com\/wp-content\/uploads\/pms-closeup-11-768x429.webp 768w, https:\/\/fitnfemale.com\/wp-content\/uploads\/pms-closeup-11-18x10.webp 18w, https:\/\/fitnfemale.com\/wp-content\/uploads\/pms-closeup-11-1000x558.webp 1000w\" sizes=\"(max-width: 1020px) 100vw, 1020px\" \/>\t\t\t\t\t\t\n\t\t\t\t\t<\/div>\n\t\t\t\t\t\t\t\t\n<style>\n#image_720262099 {\n  width: 100%;\n}\n<\/style>\n\t<\/div>\n\t\n<p>Einfach zu verwenden: Nimm 4 Kapseln t\u00e4glich ab dem Eisprung f\u00fcr 5 bis 7 Tage ein.<\/p>\n<p>Leidest auch du unter PMS? Du kannst deinen K\u00f6rper mit essenziellen Mikron\u00e4hrstoffen unterst\u00fctzen, die eine wichtige Rolle f\u00fcr dein Wohlbefinden spielen.<\/p>\n<p>Viele Frauen leiden unter ihren Tagen. Die Rede ist vom sogenannten pr\u00e4menstruellen Syndrom (kurz: PMS). Dieses ist tats\u00e4chlich keine Seltenheit, sondern tritt sch\u00e4tzungsweise bei bis zu 80 Prozent aller Frauen im geb\u00e4rf\u00e4higen Alter auf. Sowohl die Auspr\u00e4gung der Symptome als auch die Dauer des pr\u00e4menstruellen Syndroms unterscheiden sich von Frau zu Frau stark.<\/p>\n<p>Um diesem Umstand Rechnung zu tragen und dich dabei zu unterst\u00fctzen, mit dem pr\u00e4menstruellen Syndrom umzugehen, haben wir eine spezielle PMS-Formel entwickelt. Diese besteht aus nat\u00fcrlichen Inhaltsstoffen, die sich ebenfalls positiv auf dein allgemeines Wohlbefinden auswirken k\u00f6nnen.<\/p>\n<div class=\"accordion\">\n\t<div id=\"accordion-729265180\" class=\"accordion-item\">\n\t\t<a id=\"accordion-729265180-label\" class=\"accordion-title plain\" href=\"#accordion-item-typische-symptome-des-pr\u00e4menstruellen-syndroms\" aria-expanded=\"false\" aria-controls=\"accordion-729265180-content\">\n\t\t\t<button class=\"toggle\" aria-label=\"Toggle\"><i class=\"icon-angle-down\" aria-hidden=\"true\"><\/i><\/button>\n\t\t\t<span>Typische Symptome des pr\u00e4menstruellen Syndroms<\/span>\n\t\t<\/a>\n\t\t<div id=\"accordion-729265180-content\" class=\"accordion-inner\" aria-labelledby=\"accordion-729265180-label\">\n\t\t\t\n<p>Die auftretenden PMS-Symptome sind vielf\u00e4ltig und teilen sich in k\u00f6rperliche und psychische Symptome auf. Bedingt durch die Symptomvielfalt ist es so, dass die meisten Frauen nur einen Teil der Beschwerden entwickeln. Hierbei ist durchaus \u00fcblich, dass manche Frauen eher zu k\u00f6rperlichen Symptomen neigen, andere dagegen eher zu psychischen Symptomen. Im schlimmsten Fall bekommst du leider eine Mischung aus beiden Symptom-Spektren. Umso wichtiger ist es, dass du die typische PMS-Symptomatik kennst.<\/p>\n<p>K\u00f6rperliche Symptome beim pr\u00e4menstruellen Syndrom:<br \/>\nBeginnen wir mit den besonders h\u00e4ufigen k\u00f6rperlichen Symptomen, die dich heimsuchen k\u00f6nnen. Kennst du das? Kurz vor deiner Regel spielt dein Appetit- und Essverhalten absolut verr\u00fcckt? Dann handelt es sich h\u00f6chstwahrscheinlich um eine Auswirkung des pr\u00e4menstruellen Syndroms. Dieses hat n\u00e4mlich einen enormen Einfluss auf den Appetit und die Verdauung.<\/p>\n<p>Das Symptomspektrum reicht hier von Gewichtszunahme (vor allem durch Wassereinlagerung) \u00fcber Hei\u00dfhungerattacken und V\u00f6llegef\u00fchl bis hin zu \u00dcbelkeit und der Entwicklung eines Bl\u00e4hbauchs. Auch andere k\u00f6rperliche Anzeichen wie Brustschmerzen oder ein Spannen in der Brust sind m\u00f6gliche Symptome.<\/p>\n<p>H\u00e4ufig geht dies auf eine hormonell bedingte Einlagerung von Wasser in das Brustgewebe zur\u00fcck. Ebenfalls typisch sind Kopfschmerzen, die in der Regel mittig im Kopf auftreten. Bei manchen Frauen entwickelt sich aus den Kopfschmerzen sogar eine Migr\u00e4ne inklusive Licht- und L\u00e4rmempfindlichkeit. Hinzu kommen weitere k\u00f6rperliche PMS-Symptome wie u.a.:<\/p>\n<ul>\n<li>Pickel<\/li>\n<li>unreine Haut<\/li>\n<li>Hitzewallungen<\/li>\n<li>Schwei\u00dfausbr\u00fcche<\/li>\n<li>R\u00fcckenschmerzen<\/li>\n<li>Schwindel<\/li>\n<li>Kreislaufbeschwerden<\/li>\n<li>Unterleibsschmerzen<\/li>\n<li>Druckgef\u00fchl im Unterbrauch<\/li>\n<li>Durchfall<\/li>\n<li>Verstopfungen<\/li>\n<\/ul>\n\t\t<\/div>\n\t<\/div>\n\t\n\t<div id=\"accordion-1395291402\" class=\"accordion-item\">\n\t\t<a id=\"accordion-1395291402-label\" class=\"accordion-title plain\" aria-expanded=\"false\" aria-controls=\"accordion-1395291402-content\">\n\t\t\t<button class=\"toggle\" aria-label=\"Toggle\"><i class=\"icon-angle-down\" aria-hidden=\"true\"><\/i><\/button>\n\t\t\t<span>Pr\u00e4menstruelles Syndrom: psychische Symptome<\/span>\n\t\t<\/a>\n\t\t<div id=\"accordion-1395291402-content\" class=\"accordion-inner\" aria-labelledby=\"accordion-1395291402-label\">\n\t\t\t\n<p>In den meisten F\u00e4llen bleibt es nicht bei k\u00f6rperlichen Symptomen. Oftmals sind diese von vielf\u00e4ltigen psychischen Symptomen begleitet. Laut Befragungen f\u00fchlen sich betroffene Frauen vor dem Beginn der Regel h\u00e4ufig gereizter, schneller \u00fcberfordert und sorgenvoller. Auch das Gef\u00fchl von Kontrollverlust und schnellerer Erm\u00fcdung sowie einem erh\u00f6hten Schlafbed\u00fcrfnis ist sehr weit verbreitet.<\/p>\n<p>In selteneren F\u00e4llen fallen die bekannten Stimmungsschwankungen deutlich heftiger aus und k\u00f6nnen sich sogar in Richtung einer depressiven Verstimmung entwickeln. Typische psychische Symptome des pr\u00e4menstruellen Syndroms sind dar\u00fcber hinaus:<\/p>\n<ul>\n<li class=\"bullet-arrow\">Antriebslosigkeit<\/li>\n<li class=\"bullet-arrow\">Hyperaktivit\u00e4t<\/li>\n<li class=\"bullet-arrow\">unerkl\u00e4rliche Stimmungsschwankungen<\/li>\n<li class=\"bullet-arrow\">Ein- und Durchschlafst\u00f6rungen<\/li>\n<li class=\"bullet-arrow\">Konzentrationsst\u00f6rungen<\/li>\n<li class=\"bullet-arrow\">innere Unruhe<\/li>\n<li class=\"bullet-arrow\">Interessenlosigkeit<\/li>\n<li class=\"bullet-arrow\">Neigung zu gr\u00f6\u00dferer \u00c4ngstlichkeit<\/li>\n<li class=\"bullet-arrow\">depressive Verstimmungen<\/li>\n<li class=\"bullet-arrow\">Gereiztheit und pl\u00f6tzliche Wutanf\u00e4lle<\/li>\n<\/ul>\n\t\t<\/div>\n\t<\/div>\n\t\n\t<div id=\"accordion-2840761076\" class=\"accordion-item\">\n\t\t<a id=\"accordion-2840761076-label\" class=\"accordion-title plain\" href=\"#accordion-item-diese-ursachen-stecken-hinter-pms\" aria-expanded=\"false\" aria-controls=\"accordion-2840761076-content\">\n\t\t\t<button class=\"toggle\" aria-label=\"Toggle\"><i class=\"icon-angle-down\" aria-hidden=\"true\"><\/i><\/button>\n\t\t\t<span>Diese Ursachen stecken hinter PMS<\/span>\n\t\t<\/a>\n\t\t<div id=\"accordion-2840761076-content\" class=\"accordion-inner\" aria-labelledby=\"accordion-2840761076-label\">\n\t\t\t\n<p>Auch wenn die letztendliche Ursache f\u00fcr das pr\u00e4menstruelle Syndrom noch immer nicht bis ins letzte Detail gekl\u00e4rt ist, sind sich Mediziner in einem Punkt einig: die Hormone tragen die Hauptverantwortung. Allem voran stehen hier \u2013 wer h\u00e4tte das gedacht \u2013 die weiblichen Geschlechtshormone \u00d6strogen und Progesteron.<\/p>\n<p>Die hormonelle Umstellung vor der Regel f\u00fchrt zu vielf\u00e4ltigen Ver\u00e4nderungen im K\u00f6rper, die unter anderem den Wasser- und Elektrolythaushalt betreffen. Beide Faktoren k\u00f6nnen k\u00f6rperliche Beschwerden ausl\u00f6sen. Da diese Einfl\u00fcsse auf den Hormonspiegel auch andere Hormone wie etwa das Gl\u00fcckshormon Serotonin durcheinanderbringen, k\u00f6nnen sie auch zu psychischen Symptomen f\u00fchren. Zudem gibt es weitere Faktoren, die zur Entstehung des pr\u00e4menstruellen Syndroms beitragen k\u00f6nnen:<\/p>\n<ul>\n<li class=\"bullet-arrow\">Stress<\/li>\n<li class=\"bullet-arrow\">erh\u00f6hter Nikotinkonsum<\/li>\n<li class=\"bullet-arrow\">zu geringer Melatoninspiegel im Blut<\/li>\n<li class=\"bullet-arrow\">Hypothyreose (Schilddr\u00fcsenunterfunktion)<\/li>\n<li class=\"bullet-arrow\">Probleme in der Beziehung<\/li>\n<li class=\"bullet-arrow\">zu wenig Bewegung<\/li>\n<li class=\"bullet-arrow\">ungesunde Ern\u00e4hrung<\/li>\n<li class=\"bullet-arrow\">Einsatz (mancher) hormoneller Verh\u00fctungsmittel<\/li>\n<li class=\"bullet-arrow\">St\u00f6rungen des vegetativen Nervensystems<\/li>\n<li class=\"bullet-arrow\">famili\u00e4re Vorbelastung<\/li>\n<li class=\"bullet-arrow\">psychische Erkrankungen (v.a. Depression u. depressive Verstimmung)<\/li>\n<\/ul>\n\t\t<\/div>\n\t<\/div>\n\t\n\t<div id=\"accordion-3361643251\" class=\"accordion-item\">\n\t\t<a id=\"accordion-3361643251-label\" class=\"accordion-title plain\" href=\"#accordion-item-was-hilft-bei-pms?\" aria-expanded=\"false\" aria-controls=\"accordion-3361643251-content\">\n\t\t\t<button class=\"toggle\" aria-label=\"Toggle\"><i class=\"icon-angle-down\" aria-hidden=\"true\"><\/i><\/button>\n\t\t\t<span>Was hilft bei PMS?<\/span>\n\t\t<\/a>\n\t\t<div id=\"accordion-3361643251-content\" class=\"accordion-inner\" aria-labelledby=\"accordion-3361643251-label\">\n\t\t\t\n<p>Entsprechend der vielf\u00e4ltigen Symptomatik und den zugrunde liegenden Ursachen kannst du durch verschiedene Ma\u00dfnahmen Linderung finden.<\/p>\n<p>\u00c4rzte sprechen in diesem Zusammenhang beispielsweise von Rauchen, \u00dcbergewicht, unausgewogener Ern\u00e4hrung sowie Schlaf- und Bewegungsmangel als grossen Risikofaktoren, die das Auftreten von Symptomen beg\u00fcnstigen k\u00f6nnen. Einige Empfehlungen zur Verbesserung der Situation sind:<\/p>\n<ul>\n<li class=\"bullet-arrow\">H\u00f6r mit dem Rauchen auf.<\/li>\n<li class=\"bullet-arrow\">Versuche, bestehendes \u00dcbergewicht zu reduzieren.<\/li>\n<li class=\"bullet-arrow\">Ern\u00e4hre dich ausgewogen mit viel Protein und Gem\u00fcse.<\/li>\n<li class=\"bullet-arrow\">Schlafe regelm\u00e4ssig mindestens 6 bis 8 Stunden t\u00e4glich.<\/li>\n<li class=\"bullet-arrow\">Bewege dich im Alltag ausreichend.<\/li>\n<li class=\"bullet-arrow\">Treibe dreimal die Woche f\u00fcr jeweils mindestens 45 Minuten Sport.<\/li>\n<\/ul>\n\t\t<\/div>\n\t<\/div>\n\t\n\t<div id=\"accordion-2910741763\" class=\"accordion-item\">\n\t\t<a id=\"accordion-2910741763-label\" class=\"accordion-title plain\" href=\"#accordion-item-wirkstoffe\" aria-expanded=\"false\" aria-controls=\"accordion-2910741763-content\">\n\t\t\t<button class=\"toggle\" aria-label=\"Toggle\"><i class=\"icon-angle-down\" aria-hidden=\"true\"><\/i><\/button>\n\t\t\t<span>Wirkstoffe<\/span>\n\t\t<\/a>\n\t\t<div id=\"accordion-2910741763-content\" class=\"accordion-inner\" aria-labelledby=\"accordion-2910741763-label\">\n\t\t\t\n<ul>\n<li class=\"bullet-star translation-block\"><strong>M\u00f6nchspfeffer<\/strong>: Jede Portion unserer PMS-Formel enth\u00e4lt 20 mg M\u00f6nchspfeffer.<\/li>\n<li class=\"bullet-star translation-block\"><strong>Ginkgo biloba<\/strong>: Der Ginkgo ist eine urspr\u00fcnglich in China beheimatete, mittlerweile aber weltweit angebaute Baumart. Verschiedene Ginkgoextrakte werden bereits seit Jahrhunderten in der asiatischen Medizin verwendet.<\/li>\n<li class=\"bullet-star translation-block\"><strong>Eisen<\/strong>: Im menschlichen Organismus ist das Spurenelement Eisen an zahlreichen Prozessen wie dem Sauerstofftransport beteiligt.<\/li>\n<li class=\"bullet-star\"><strong>Fols\u00e4ure<\/strong>: Fols\u00e4ure z\u00e4hlt zu den B-Vitaminen. Der auch unter dem Namen Vitamin B9 bekannte Stoff kann vom K\u00f6rper nicht selbst hergestellt werden. Fols\u00e4ure tr\u00e4gt zu einer normalen Blutbildung und zur Verringerung von M\u00fcdigkeit und Erm\u00fcdung bei.<\/li>\n<li class=\"bullet-star translation-block\"><strong>Biotin<\/strong>: Biotin geh\u00f6rt zu den f\u00fcr den Menschen wichtigen B-Vitaminen und ist auch unter dem Namen Vitamin B7 bekannt. Es tr\u00e4gt zu einem normalen Energiestoffwechsel und zu einer normalen Funktion des Nervensystems bei.<\/li>\n<li class=\"bullet-star\"><strong>Vitamin D<\/strong>: Vitamin D, bekannt als &#8218;Sonnen-Vitamin&#8216;, tr\u00e4gt zur normalen Funktion des Immunsystems bei und unterst\u00fctzt die Erhaltung normaler Knochen und Z\u00e4hne.<\/li>\n<li class=\"bullet-star translation-block\"><strong>Magnesium<\/strong>: Magnesium tr\u00e4gt zu einem normalen Energiestoffwechsel bei.<\/li>\n<li class=\"bullet-star translation-block\"><strong>Kalzium<\/strong>: Kalzium ist der mengenm\u00e4\u00dfig wichtigste Mineralstoff f\u00fcr den Menschen. Es tr\u00e4gt zur Erhaltung normaler Knochen und Z\u00e4hne bei.<\/li>\n<li class=\"bullet-star translation-block\"><strong>Zink<\/strong>: Zink geh\u00f6rt zu den lebensnotwendigen Spurenelementen, die der K\u00f6rper nicht selbst herstellen kann. Es tr\u00e4gt zu einer normalen Funktion des Immunsystems und zum Schutz der Zellen vor oxidativem Stress bei.<\/li>\n<li class=\"bullet-star translation-block\"><strong>Vitamin K2<\/strong>: Vitamin K2 spielt eine wichtige Rolle im K\u00f6rper, indem es zur Erhaltung normaler Knochen und zu einer normalen Blutgerinnung beitr\u00e4gt.<\/li>\n<li class=\"bullet-star\"><strong>100%<\/strong> vegan<\/li>\n<\/ul>\n\t\t<\/div>\n\t<\/div>\n\t\n\t<div id=\"accordion-2789728022\" class=\"accordion-item\">\n\t\t<a id=\"accordion-2789728022-label\" class=\"accordion-title plain\" href=\"#accordion-item-einnahme-von-pms-balance\" aria-expanded=\"false\" aria-controls=\"accordion-2789728022-content\">\n\t\t\t<button class=\"toggle\" aria-label=\"Toggle\"><i class=\"icon-angle-down\" aria-hidden=\"true\"><\/i><\/button>\n\t\t\t<span>Einnahme von PMS Balance<\/span>\n\t\t<\/a>\n\t\t<div id=\"accordion-2789728022-content\" class=\"accordion-inner\" aria-labelledby=\"accordion-2789728022-label\">\n\t\t\t\n<p>4 Kapseln, t\u00e4glich ab dem Eisprung f\u00fcr 5 bis 7 Tage.<\/p>\n\t\t<\/div>\n\t<\/div>\n\t\n\t<div id=\"accordion-2106775052\" class=\"accordion-item\">\n\t\t<a id=\"accordion-2106775052-label\" class=\"accordion-title plain\" href=\"#accordion-item-inhaltsstoffe\" aria-expanded=\"false\" aria-controls=\"accordion-2106775052-content\">\n\t\t\t<button class=\"toggle\" aria-label=\"Toggle\"><i class=\"icon-angle-down\" aria-hidden=\"true\"><\/i><\/button>\n\t\t\t<span>Inhaltsstoffe<\/span>\n\t\t<\/a>\n\t\t<div id=\"accordion-2106775052-content\" class=\"accordion-inner\" aria-labelledby=\"accordion-2106775052-label\">\n\t\t\t\n<table class=\"ffnf-clean-table\">\n<thead>\n<tr>\n<th>Inhaltsstoffe<\/th>\n<th>Portion (4 Kapseln)<\/th>\n<th>% NRV*<\/th>\n<\/tr>\n<\/thead>\n<tbody>\n<tr>\n<td>M\u00f6nchspfeffer-Extrakt<\/td>\n<td>20,0 mg<\/td>\n<td>\u2013<\/td>\n<\/tr>\n<tr>\n<td>Ginkgo Biloba-Extrakt<\/td>\n<td>60,0 mg<\/td>\n<td>\u2013<\/td>\n<\/tr>\n<tr>\n<td>Eisen<\/td>\n<td>12,0 mg<\/td>\n<td>86 %<\/td>\n<\/tr>\n<tr>\n<td>Zink<\/td>\n<td>10,0 mg<\/td>\n<td>100 %<\/td>\n<\/tr>\n<tr>\n<td>Calcium<\/td>\n<td>400,0 mg<\/td>\n<td>50 %<\/td>\n<\/tr>\n<tr>\n<td>Magnesium<\/td>\n<td>56,0 mg<\/td>\n<td>15 %<\/td>\n<\/tr>\n<tr>\n<td>Vitamin B1 (Thiamin)<\/td>\n<td>0,6 mg<\/td>\n<td>55 %<\/td>\n<\/tr>\n<tr>\n<td>Vitamin B6 (Pyridoxin)<\/td>\n<td>1,4 mg<\/td>\n<td>100 %<\/td>\n<\/tr>\n<tr>\n<td>Vitamin B7 (Biotin)<\/td>\n<td>25,0 \u00b5g<\/td>\n<td>50 %<\/td>\n<\/tr>\n<tr>\n<td>Vitamin B9 (Fols\u00e4ure)<\/td>\n<td>200,0 \u00b5g<\/td>\n<td>100 %<\/td>\n<\/tr>\n<tr>\n<td>Vitamin C (Ascorbins\u00e4ure)<\/td>\n<td>100,0 mg<\/td>\n<td>125 %<\/td>\n<\/tr>\n<tr>\n<td>Vitamin D (Calciferol)<\/td>\n<td>2,5 \u00b5g<\/td>\n<td>50 %<\/td>\n<\/tr>\n<tr>\n<td>Vitamin E (Alpha-Tocopherol)<\/td>\n<td>8,0 mg<\/td>\n<td>67 %<\/td>\n<\/tr>\n<tr>\n<td>Vitamin K2 (Menachinon)<\/td>\n<td>56,0 \u00b5g<\/td>\n<td>75 %<\/td>\n<\/tr>\n<\/tbody>\n<\/table>\n\t\t<\/div>\n\t<\/div>\n\t\n<\/div>\n\t<div class=\"img has-hover x md-x lg-x y md-y lg-y\" id=\"image_1727747272\">\n\t\t\t\t\t\t\t\t<div class=\"img-inner dark\" >\n\t\t\t<img decoding=\"async\" width=\"1020\" height=\"569\" src=\"https:\/\/fitnfemale.com\/wp-content\/uploads\/pms-closeup04.webp\" class=\"attachment-large size-large\" alt=\"Pms closeup04\" srcset=\"https:\/\/fitnfemale.com\/wp-content\/uploads\/pms-closeup04.webp 1376w, https:\/\/fitnfemale.com\/wp-content\/uploads\/pms-closeup04-717x400.webp 717w, https:\/\/fitnfemale.com\/wp-content\/uploads\/pms-closeup04-768x429.webp 768w, https:\/\/fitnfemale.com\/wp-content\/uploads\/pms-closeup04-18x10.webp 18w, https:\/\/fitnfemale.com\/wp-content\/uploads\/pms-closeup04-1000x558.webp 1000w\" sizes=\"(max-width: 1020px) 100vw, 1020px\" \/>\t\t\t\t\t\t\n\t\t\t\t\t<\/div>\n\t\t\t\t\t\t\t\t\n<style>\n#image_1727747272 {\n  width: 100%;\n}\n<\/style>\n\t<\/div>","protected":false},"excerpt":{"rendered":"<h2>Lass dich von deinem Zyklus nicht aus der Balance werfen!<\/h2>\n<h4>Lass dich von PMS nicht aus der Ruhe bringen! Mit unserer speziell entwickelten PMS-Formel bieten wir eine sorgf\u00e4ltig ausgew\u00e4hlte Kombination von Mikron\u00e4hrstoffen, die darauf abzielt, das Wohlbefinden w\u00e4hrend des Zyklus zu unterst\u00fctzen. Unsere Formel wurde unter Ber\u00fccksichtigung der Bedeutung von Mikron\u00e4hrstoffen f\u00fcr den K\u00f6rper entwickelt. Die nat\u00fcrlichen Inhaltsstoffe wurden gezielt ausgew\u00e4hlt, um dein allgemeines Wohlbefinden zu unterst\u00fctzen.<\/h4>","protected":false},"featured_media":943269,"comment_status":"open","ping_status":"closed","template":"","meta":{"slim_seo":{"title":"PMS Balance - FitNFemale\u00ae","description":"Lass dich von deinem Zyklus nicht aus der Balance werfen! Lass dich von PMS nicht aus der Ruhe bringen! Mit unserer speziell entwickelten PMS-Formel bieten wir"}},"product_brand":[],"product_cat":[6364,401,6671],"product_tag":[],"class_list":{"0":"post-616770","1":"product","2":"type-product","3":"status-publish","4":"has-post-thumbnail","6":"product_cat-promo-30","7":"product_cat-health","8":"product_cat-topdeals","9":"pa_marke-fitnfemale","10":"pa_nutritionfactinfo-no-sweetener","11":"pa_nutritionfactinfo-nocarbs","12":"pa_nutritionfactinfo-nosugar","13":"pa_schwangerschaft-nicht-geeignet","14":"pa_stillzeit-geeignet","15":"pa_vegan-ja","17":"first","18":"instock","19":"taxable","20":"shipping-taxable","21":"purchasable","22":"product-type-simple"},"bundled_by":["627259","956599"],"bundle_stock_status":"instock","bundle_stock_quantity":302,"bundle_virtual":false,"bundle_layout":"","bundle_add_to_cart_form_location":"","bundle_editable_in_cart":false,"bundle_sold_individually_context":"","bundle_item_grouping":"","bundle_min_size":"","bundle_max_size":"","bundle_price":[],"bundled_items":[],"bundle_sell_ids":[],"gallery_images":[953753,953754,953757,911640,953755,953758,814956,953756,661811,953759],"_links":{"self":[{"href":"https:\/\/fitnfemale.com\/deu\/wp-json\/wp\/v2\/product\/616770","targetHints":{"allow":["GET"]}}],"collection":[{"href":"https:\/\/fitnfemale.com\/deu\/wp-json\/wp\/v2\/product"}],"about":[{"href":"https:\/\/fitnfemale.com\/deu\/wp-json\/wp\/v2\/types\/product"}],"replies":[{"embeddable":true,"href":"https:\/\/fitnfemale.com\/deu\/wp-json\/wp\/v2\/comments?post=616770"}],"wp:featuredmedia":[{"embeddable":true,"href":"https:\/\/fitnfemale.com\/deu\/wp-json\/wp\/v2\/media\/943269"}],"wp:attachment":[{"href":"https:\/\/fitnfemale.com\/deu\/wp-json\/wp\/v2\/media?parent=616770"}],"wp:term":[{"taxonomy":"product_brand","embeddable":true,"href":"https:\/\/fitnfemale.com\/deu\/wp-json\/wp\/v2\/product_brand?post=616770"},{"taxonomy":"product_cat","embeddable":true,"href":"https:\/\/fitnfemale.com\/deu\/wp-json\/wp\/v2\/product_cat?post=616770"},{"taxonomy":"product_tag","embeddable":true,"href":"https:\/\/fitnfemale.com\/deu\/wp-json\/wp\/v2\/product_tag?post=616770"}],"curies":[{"name":"wp","href":"https:\/\/api.w.org\/{rel}","templated":true}]}}