{"id":606937,"date":"2021-07-12T12:22:08","date_gmt":"2021-07-12T11:22:08","guid":{"rendered":"https:\/\/fitnfemale.com\/?post_type=product&#038;p=606937"},"modified":"2022-11-20T08:20:56","modified_gmt":"2022-11-20T07:20:56","slug":"strong-workout-set","status":"publish","type":"product","link":"https:\/\/fitnfemale.com\/deu\/produkt\/strong-workout-set\/","title":{"rendered":"Strong Workout Set"},"content":{"rendered":"<p><strong>Mit diesem Set bist du optimal versorgt vor, w\u00e4hrend und nach deinem Training.<br \/>\n<\/strong><\/p>\n<p><strong>Vor dem Training &#8211; Pre-Workout Kick<\/strong><br \/>\nPINK RUSH ist ein Pre-Workout Booster der neusten Generation mit Muscle-Tone Formula. M\u00f6chtest du das Maximum aus deinem Training rausholen? Dann ist der PINK RUSH genau das Richtige f\u00fcr dich. Mit hochdosierten Top-Inhaltsstoffen wie Beta-Alanin, Koffein, Kreatin, Himbeerketonen, L-Tyrosin, Bitterorangenextrakt und L-Arginin verleiht der PINK RUSH deinem Training den perfekten Kick! Ein Mix aus Vitaminen, Mineralien und einer auf Frauen abgestimmte Kreatindosierung sorgen f\u00fcr ein optimales Ergebnis.<\/p>\n<p><strong>W\u00e4hrend dem Training &#8211; Intra Workout<br \/>\n<\/strong>Train ist das leckere All-in-One Workout Getr\u00e4nk f\u00fcr k\u00f6rperliche Anstrengung und gibt Frau genau das, was sie w\u00e4hrend dem Training ben\u00f6tigt. Hochwertigste EAAs in ultramikronisierter Form, kombiniert mit L-Carnitin f\u00fcr die Energiegewinnung durch Fetts\u00e4uren. Zus\u00e4tzlich ist TRAIN angereichert mit hochverf\u00fcgbarem Magnesium, Eisen und Riboflavin (Vitamin B2). TRAIN kann w\u00e4hrend einer Di\u00e4t aber auch bei einer Aufbauphase w\u00e4hrend dem Training gut eingenommen werden. Der leckere Pfirsich-Eistee-Geschmack rundet dieses Produkt ab.<\/p>\n<p><strong>Nach dem Training oder f\u00fcr morgens nach dem Aufstehen<br \/>\n<\/strong>Beim\u00a0WHEY ISOLATE\u00a0handelt es sich um isoliertes Molkeprotein mit 97% Protein. Es ist mit einem sehr geringen Fett, Kohlenhydrat- und Laktoseanteil das ultimative Proteinprodukt und auch f\u00fcr laktoseintolerante Personen geeignet.<\/p>","protected":false},"excerpt":{"rendered":"<p>Mit diesem Set bist du optimal versorgt vor, w\u00e4hrend und nach deinem Training. Vor dem Training &#8211; Pre-Workout Kick PINK RUSH ist ein Pre-Workout Booster der neusten Generation mit Muscle-Tone Formula. M\u00f6chtest du das Maximum aus deinem Training rausholen? Dann ist der PINK RUSH genau das Richtige f\u00fcr dich. Mit hochdosierten Top-Inhaltsstoffen wie Beta-Alanin, Koffein, [&#8230;]\n","protected":false},"featured_media":606940,"comment_status":"closed","ping_status":"closed","template":"","meta":{"slim_seo":{"title":"Strong Workout Set - FitNFemale\u00ae","description":"Mit diesem Set bist du optimal versorgt vor, w\u00e4hrend und nach deinem Training. Vor dem Training - Pre-Workout Kick PINK RUSH ist ein Pre-Workout Booster der neu"}},"product_brand":[],"product_cat":[6364,6290],"product_tag":[],"class_list":{"0":"post-606937","1":"product","2":"type-product","3":"status-publish","4":"has-post-thumbnail","6":"product_cat-promo-30","7":"product_cat-set","9":"first","10":"instock","11":"virtual","12":"taxable","13":"purchasable","14":"product-type-bundle"},"bundled_by":[],"bundle_stock_status":"insufficientstock","bundle_stock_quantity":0,"bundle_virtual":false,"bundle_layout":"default","bundle_add_to_cart_form_location":"default","bundle_editable_in_cart":false,"bundle_sold_individually_context":"product","bundle_item_grouping":"parent","bundle_min_size":"","bundle_max_size":"","bundle_price":{"price":{"min":{"incl_tax":"73.6","excl_tax":"71.734893"},"max":{"incl_tax":"73.6","excl_tax":"71.734893"}},"regular_price":{"min":{"incl_tax":"73.6","excl_tax":"71.734893"},"max":{"incl_tax":"73.6","excl_tax":"71.734893"}}},"bundled_items":[{"bundled_item_id":307,"product_id":5079,"menu_order":0,"quantity_min":1,"quantity_max":1,"quantity_default":1,"priced_individually":false,"shipped_individually":false,"override_title":false,"title":"Pink Rush (Muscle Tone Booster)","override_description":false,"description":"","optional":false,"hide_thumbnail":false,"discount":"","override_variations":false,"allowed_variations":[],"override_default_variation_attributes":false,"default_variation_attributes":[],"single_product_visibility":"visible","cart_visibility":"visible","order_visibility":"visible","single_product_price_visibility":"visible","cart_price_visibility":"visible","order_price_visibility":"visible","stock_status":"in_stock"},{"bundled_item_id":308,"product_id":217135,"menu_order":1,"quantity_min":1,"quantity_max":1,"quantity_default":1,"priced_individually":false,"shipped_individually":false,"override_title":false,"title":"TRAIN - more effective","override_description":false,"description":"","optional":false,"hide_thumbnail":false,"discount":"","override_variations":false,"allowed_variations":[],"override_default_variation_attributes":false,"default_variation_attributes":[],"single_product_visibility":"visible","cart_visibility":"visible","order_visibility":"visible","single_product_price_visibility":"visible","cart_price_visibility":"visible","order_price_visibility":"visible","stock_status":"out_of_stock"},{"bundled_item_id":309,"product_id":33575,"menu_order":2,"quantity_min":1,"quantity_max":1,"quantity_default":1,"priced_individually":false,"shipped_individually":false,"override_title":false,"title":"Whey Isolate","override_description":false,"description":"","optional":false,"hide_thumbnail":false,"discount":"","override_variations":false,"allowed_variations":[],"override_default_variation_attributes":false,"default_variation_attributes":[],"single_product_visibility":"visible","cart_visibility":"visible","order_visibility":"visible","single_product_price_visibility":"visible","cart_price_visibility":"visible","order_price_visibility":"visible","stock_status":"in_stock"},{"bundled_item_id":310,"product_id":552595,"menu_order":3,"quantity_min":1,"quantity_max":1,"quantity_default":1,"priced_individually":false,"shipped_individually":false,"override_title":false,"title":"Black is beautiful Shaker","override_description":false,"description":"","optional":false,"hide_thumbnail":false,"discount":"","override_variations":false,"allowed_variations":[],"override_default_variation_attributes":false,"default_variation_attributes":[],"single_product_visibility":"visible","cart_visibility":"visible","order_visibility":"visible","single_product_price_visibility":"visible","cart_price_visibility":"visible","order_price_visibility":"visible","stock_status":"out_of_stock"}],"bundle_sell_ids":[],"gallery_images":[408161,605619,570889,567963,583664],"_links":{"self":[{"href":"https:\/\/fitnfemale.com\/deu\/wp-json\/wp\/v2\/product\/606937","targetHints":{"allow":["GET"]}}],"collection":[{"href":"https:\/\/fitnfemale.com\/deu\/wp-json\/wp\/v2\/product"}],"about":[{"href":"https:\/\/fitnfemale.com\/deu\/wp-json\/wp\/v2\/types\/product"}],"replies":[{"embeddable":true,"href":"https:\/\/fitnfemale.com\/deu\/wp-json\/wp\/v2\/comments?post=606937"}],"wp:featuredmedia":[{"embeddable":true,"href":"https:\/\/fitnfemale.com\/deu\/wp-json\/wp\/v2\/media\/606940"}],"wp:attachment":[{"href":"https:\/\/fitnfemale.com\/deu\/wp-json\/wp\/v2\/media?parent=606937"}],"wp:term":[{"taxonomy":"product_brand","embeddable":true,"href":"https:\/\/fitnfemale.com\/deu\/wp-json\/wp\/v2\/product_brand?post=606937"},{"taxonomy":"product_cat","embeddable":true,"href":"https:\/\/fitnfemale.com\/deu\/wp-json\/wp\/v2\/product_cat?post=606937"},{"taxonomy":"product_tag","embeddable":true,"href":"https:\/\/fitnfemale.com\/deu\/wp-json\/wp\/v2\/product_tag?post=606937"}],"curies":[{"name":"wp","href":"https:\/\/api.w.org\/{rel}","templated":true}]}}