{"id":58627,"date":"2018-09-13T08:44:22","date_gmt":"2018-09-13T07:44:22","guid":{"rendered":"https:\/\/fitnfemale.com\/?post_type=product&#038;p=58627"},"modified":"2024-01-12T15:05:49","modified_gmt":"2024-01-12T14:05:49","slug":"shape-express-bundle","status":"publish","type":"product","link":"https:\/\/fitnfemale.com\/deu\/produkt\/shape-express-bundle\/","title":{"rendered":"Shape Express Bundle"},"content":{"rendered":"<div class=\"message-box relative dark\" style=\"padding-top:15px;padding-bottom:15px;\"><div class=\"message-box-bg-image bg-fill fill\" ><\/div><div class=\"message-box-bg-overlay bg-fill fill\" style=\"background-color:rgb(194, 156, 160);\"><\/div><div class=\"container relative\"><div class=\"inner last-reset\">\n<div class=\"row align-middle align-center\"  id=\"row-400238792\">\n\n\t<div id=\"col-466031484\" class=\"col small-12 large-12\"  >\n\t\t\t\t<div class=\"col-inner\"  >\n\t\t\t\n\t\t\t\n<p>Unmittelbar nach dem Kauf, erh\u00e4ltst du automatisch einen Fragekatalog per Email. Bitte sende uns diesen so rasch wie m\u00f6glich beantwortet zur\u00fcck, damit wir den Plan f\u00fcr dich individuell erstellen k\u00f6nnen.<\/p>\n\t\t<\/div>\n\t\t\t\t\t<\/div>\n\n\t\n<\/div>\n<\/div><\/div><\/div>\n\t<div id=\"gap-1228975364\" class=\"gap-element clearfix\" style=\"display:block; height:auto;\">\n\t\t\n<style>\n#gap-1228975364 {\n  padding-top: 11px;\n}\n<\/style>\n\t<\/div>\n\t\n<div class=\"accordion\">\n\t<div id=\"accordion-2908530469\" class=\"accordion-item\">\n\t\t<a id=\"accordion-2908530469-label\" class=\"accordion-title plain\" href=\"#accordion-item-zus\u00e4tzliche-informationen\" aria-expanded=\"false\" aria-controls=\"accordion-2908530469-content\">\n\t\t\t<button class=\"toggle\" aria-label=\"Toggle\"><i class=\"icon-angle-down\" aria-hidden=\"true\"><\/i><\/button>\n\t\t\t<span>Zus\u00e4tzliche Informationen<\/span>\n\t\t<\/a>\n\t\t<div id=\"accordion-2908530469-content\" class=\"accordion-inner\" aria-labelledby=\"accordion-2908530469-label\">\n\t\t\t\n<ul>\n<li>Der Plan wird dir elektronisch gesendet, nach dem du uns deine Angaben gesendet hast. Pl\u00e4ne und eBooks sind vom R\u00fccktrittsrecht ausgeschlossen.<\/li>\n<li>Der Plan ist aktuell nur in Deutsch verf\u00fcgbar.<\/li>\n<li>Wenn du vom Kauf der Produkte des Shape Bundles nach Erhalt zur\u00fccktreten m\u00f6chtest, werden trotzdem 40.00 Euro\/Schweizer Franken f\u00fcr den Plan verrechnet, welche nicht zur\u00fcck erstattet werden k\u00f6nnen.<\/li>\n<li>Unmittelbar nach dem Kauf erh\u00e4ltst eine Email mit Fragen zu deiner Ausgangslage, welche als Grundlage f\u00fcr die Ermittlung von deinem Energiebedarf n\u00f6tig sind.<\/li>\n<li>Im Paket enthalten ist eine Methode (L\u00f6sungsweg) um schnellstm\u00f6gliche Erfolge erzielen zu k\u00f6nnen. F\u00fcr einen Ern\u00e4hrungsplan und\/oder ganzheitlicher Trainingsplan entscheide empfehlen wir die Produkte &#8222;<a href=\"\/deu\/shop\/dein-ernaehrungsplan\/\">Dein Ern\u00e4hrungsplan<\/a>&#8220; oder &#8222;<a href=\"\/deu\/shop\/get-lean-trainings-ernaehrungsplan\/\">Get Lean Plan<\/a>&#8222;.<\/li>\n<\/ul>\n\t\t<\/div>\n\t<\/div>\n\t\n\t<div id=\"accordion-284270041\" class=\"accordion-item\">\n\t\t<a id=\"accordion-284270041-label\" class=\"accordion-title plain\" href=\"#accordion-item-ziele\" aria-expanded=\"false\" aria-controls=\"accordion-284270041-content\">\n\t\t\t<button class=\"toggle\" aria-label=\"Toggle\"><i class=\"icon-angle-down\" aria-hidden=\"true\"><\/i><\/button>\n\t\t\t<span>Ziele<\/span>\n\t\t<\/a>\n\t\t<div id=\"accordion-284270041-content\" class=\"accordion-inner\" aria-labelledby=\"accordion-284270041-label\">\n\t\t\t\n<p>Das Ziel vom Shape Express Bundle ist, sich im eignen K\u00f6rper wohl zu f\u00fchlen. Die Zeit von 3 &#8211; 4 Wochen ist je nach Ausgangslage knapp bemessen, aber du wirst garantiert (noch) fitter sein als zuvor. Der Plan ist darauf ausgerichtet, dass du diesen neben dem Job ausf\u00fchren kannst. Kein stures Kalorienz\u00e4hlen, aber es ist wichtig, dass du dich an die angegebenen Einnahme- und Trainingszeiten h\u00e4ltst w\u00e4hrend dieser Zeit. Hungern musst du nicht, aber bewusst und gesund essen ist bis auf den Cheatday (1x pro Woche) Pflicht.<\/p>\n\t\t<\/div>\n\t<\/div>\n\t\n\t<div id=\"accordion-4266201357\" class=\"accordion-item\">\n\t\t<a id=\"accordion-4266201357-label\" class=\"accordion-title plain\" href=\"#accordion-item-individueller-plan-in-pdf-form\" aria-expanded=\"false\" aria-controls=\"accordion-4266201357-content\">\n\t\t\t<button class=\"toggle\" aria-label=\"Toggle\"><i class=\"icon-angle-down\" aria-hidden=\"true\"><\/i><\/button>\n\t\t\t<span>Individueller Plan in PDF Form<\/span>\n\t\t<\/a>\n\t\t<div id=\"accordion-4266201357-content\" class=\"accordion-inner\" aria-labelledby=\"accordion-4266201357-label\">\n\t\t\t\n<p>Die Dokumente erh\u00e4ltst du per Mail (PDF), also in elektronischer Form. Da der Plan individuelle Teile enth\u00e4lt, erh\u00e4ltst du den Plan sp\u00e4testens 12h nach dem Erhalt der Produkte.<\/p>\n\t\t<\/div>\n\t<\/div>\n\t\n<\/div>\n<div class=\"container section-title-container\" style=\"margin-bottom:-10px;\"><h3 class=\"section-title section-title-center\"><b aria-hidden=\"true\"><\/b><span class=\"section-title-main\" ><i class=\"icon-heart\" aria-hidden=\"true\"><\/i>Erfolgsgeschichten<\/span><b aria-hidden=\"true\"><\/b><\/h3><\/div>\n\t<div id=\"text-4068517835\" class=\"text\">\n\t\t\n<p>Embrace Your Unique Beauty \u2013 erreiche deine pers\u00f6nliche Wohlf\u00fchl-Figur mit FitNFemale.<\/p>\n\t\t\n<style>\n#text-4068517835 {\n  text-align: center;\n}\n<\/style>\n\t<\/div>\n\t\n<div class=\"row row-collapse\"  id=\"row-1465433969\">\n\n\n\t<div id=\"col-651589950\" class=\"col small-12 large-12\"  >\n\t\t\t\t<div class=\"col-inner\"  >\n\t\t\t\n\t\t\t\n\n<div class=\"slider-wrapper relative\" id=\"slider-1630511326\" >\n    <div class=\"slider slider-nav-dots-dashes-spaced slider-nav-circle slider-nav-large slider-nav-dark slider-style-normal\"\n        data-flickity-options='{            \"cellAlign\": \"center\",            \"imagesLoaded\": true,            \"lazyLoad\": 1,            \"freeScroll\": false,            \"wrapAround\": true,            \"autoPlay\": 6000,            \"pauseAutoPlayOnHover\" : true,            \"prevNextButtons\": true,            \"contain\" : true,            \"adaptiveHeight\" : true,            \"dragThreshold\" : 10,            \"percentPosition\": true,            \"pageDots\": true,            \"rightToLeft\": false,            \"draggable\": true,            \"selectedAttraction\": 0.1,            \"parallax\" : 0,            \"friction\": 0.6        }'\n        >\n        \n\n<div class=\"row row-small row-full-width align-center row-divided\"  id=\"row-702289792\">\n\n\n\t<div id=\"col-1105793437\" class=\"col medium-6 small-12 large-6\"  >\n\t\t\t\t<div class=\"col-inner\" style=\"background-color:rgb(255,255,255);\" >\n\t\t\t\n\t\t\t\n\n\t<div class=\"box has-hover   has-hover box-text-bottom\" >\n\n\t\t<div class=\"box-image\" >\n\t\t\t\t\t\t<div class=\"\" >\n\t\t\t\t<img decoding=\"async\" width=\"768\" height=\"768\" src=\"https:\/\/fitnfemale.com\/wp-content\/uploads\/tanja-768x768.jpg\" class=\"attachment-medium_large size-medium_large\" alt=\"Tanja\" srcset=\"https:\/\/fitnfemale.com\/wp-content\/uploads\/tanja-768x768.jpg 768w, https:\/\/fitnfemale.com\/wp-content\/uploads\/tanja-200x200.jpg 200w, https:\/\/fitnfemale.com\/wp-content\/uploads\/tanja-1000x1000.jpg 1000w, https:\/\/fitnfemale.com\/wp-content\/uploads\/tanja-400x400.jpg 400w, https:\/\/fitnfemale.com\/wp-content\/uploads\/tanja-800x800.jpg 800w, https:\/\/fitnfemale.com\/wp-content\/uploads\/tanja-280x280.jpg 280w, https:\/\/fitnfemale.com\/wp-content\/uploads\/tanja-12x12.jpg 12w, https:\/\/fitnfemale.com\/wp-content\/uploads\/tanja.jpg 1024w\" sizes=\"(max-width: 768px) 100vw, 768px\" \/>\t\t\t\t\t\t\t\t\t\t\t<\/div>\n\t\t\t\t\t<\/div>\n\n\t\t<div class=\"box-text text-center\" >\n\t\t\t<div class=\"box-text-inner\">\n\t\t\t\t\n\n<h4><strong>Tanja<\/strong><\/h4>\n<p>Pers\u00f6nlicher Erfolg: -8kg<\/p>\n\n\t\t\t<\/div>\n\t\t<\/div>\n\t<\/div>\n\t\n\n\t\t<\/div>\n\t\t\t\t\n<style>\n#col-1105793437 > .col-inner {\n  margin: 10px 0px 10px 0px;\n}\n<\/style>\n\t<\/div>\n\n\t\n\n<\/div>\n<div class=\"row row-small row-full-width align-center row-divided\"  id=\"row-405093182\">\n\n\n\t<div id=\"col-1342639909\" class=\"col medium-6 small-12 large-6\"  >\n\t\t\t\t<div class=\"col-inner\"  >\n\t\t\t\n\t\t\t\n\n\t<div class=\"box has-hover   has-hover box-text-bottom\" >\n\n\t\t<div class=\"box-image\" >\n\t\t\t\t\t\t<div class=\"\" >\n\t\t\t\t<img decoding=\"async\" width=\"768\" height=\"768\" src=\"https:\/\/fitnfemale.com\/wp-content\/uploads\/ana-tranformation-fnf-768x768.jpg\" class=\"attachment-medium_large size-medium_large\" alt=\"Ana tranformation fnf\" srcset=\"https:\/\/fitnfemale.com\/wp-content\/uploads\/ana-tranformation-fnf-768x768.jpg 768w, https:\/\/fitnfemale.com\/wp-content\/uploads\/ana-tranformation-fnf-200x200.jpg 200w, https:\/\/fitnfemale.com\/wp-content\/uploads\/ana-tranformation-fnf-1000x1000.jpg 1000w, https:\/\/fitnfemale.com\/wp-content\/uploads\/ana-tranformation-fnf-400x400.jpg 400w, https:\/\/fitnfemale.com\/wp-content\/uploads\/ana-tranformation-fnf-800x800.jpg 800w, https:\/\/fitnfemale.com\/wp-content\/uploads\/ana-tranformation-fnf-280x280.jpg 280w, https:\/\/fitnfemale.com\/wp-content\/uploads\/ana-tranformation-fnf-12x12.jpg 12w, https:\/\/fitnfemale.com\/wp-content\/uploads\/ana-tranformation-fnf.jpg 1024w\" sizes=\"(max-width: 768px) 100vw, 768px\" \/>\t\t\t\t\t\t\t\t\t\t\t<\/div>\n\t\t\t\t\t<\/div>\n\n\t\t<div class=\"box-text text-center\" >\n\t\t\t<div class=\"box-text-inner\">\n\t\t\t\t\n\n<h4><strong>Ana<\/strong><\/h4>\n<p>Pers\u00f6nlicher Erfolg -5kg<\/p>\n\n\n\t\t\t<\/div>\n\t\t<\/div>\n\t<\/div>\n\t\n\n\t\t<\/div>\n\t\t\t\t\n<style>\n#col-1342639909 > .col-inner {\n  margin: 10px 0px 10px 0px;\n}\n<\/style>\n\t<\/div>\n\n\t\n\n\n<style>\n#row-405093182 > .col > .col-inner {\n  background-color: rgb(255, 255, 255);\n}\n<\/style>\n<\/div>\n<div class=\"row row-small row-full-width align-center row-divided\"  id=\"row-1115227083\">\n\n\n\t<div id=\"col-1145366235\" class=\"col medium-6 small-12 large-6\"  >\n\t\t\t\t<div class=\"col-inner\"  >\n\t\t\t\n\t\t\t\n\n\t<div class=\"box has-hover   has-hover box-text-bottom\" >\n\n\t\t<div class=\"box-image\" >\n\t\t\t\t\t\t<div class=\"\" >\n\t\t\t\t<img decoding=\"async\" width=\"768\" height=\"768\" src=\"https:\/\/fitnfemale.com\/wp-content\/uploads\/Unbenannt-10-768x768.jpg\" class=\"attachment-medium_large size-medium_large\" alt=\"Unbenannt\" srcset=\"https:\/\/fitnfemale.com\/wp-content\/uploads\/Unbenannt-10-768x768.jpg 768w, https:\/\/fitnfemale.com\/wp-content\/uploads\/Unbenannt-10-200x200.jpg 200w, https:\/\/fitnfemale.com\/wp-content\/uploads\/Unbenannt-10-1000x1000.jpg 1000w, https:\/\/fitnfemale.com\/wp-content\/uploads\/Unbenannt-10-400x400.jpg 400w, https:\/\/fitnfemale.com\/wp-content\/uploads\/Unbenannt-10-800x800.jpg 800w, https:\/\/fitnfemale.com\/wp-content\/uploads\/Unbenannt-10-280x280.jpg 280w, https:\/\/fitnfemale.com\/wp-content\/uploads\/Unbenannt-10-12x12.jpg 12w, https:\/\/fitnfemale.com\/wp-content\/uploads\/Unbenannt-10.jpg 1024w\" sizes=\"(max-width: 768px) 100vw, 768px\" \/>\t\t\t\t\t\t\t\t\t\t\t<\/div>\n\t\t\t\t\t<\/div>\n\n\t\t<div class=\"box-text text-center\" >\n\t\t\t<div class=\"box-text-inner\">\n\t\t\t\t\n\n<h4><strong>Sarah<\/strong><\/h4>\n<p>Pers\u00f6nlicher Erfolg: -10kg<\/p>\n\n\t\t\t<\/div>\n\t\t<\/div>\n\t<\/div>\n\t\n\n\t\t<\/div>\n\t\t\t\t\n<style>\n#col-1145366235 > .col-inner {\n  margin: 10px 0px 10px 0px;\n}\n<\/style>\n\t<\/div>\n\n\t\n\n\n<style>\n#row-1115227083 > .col > .col-inner {\n  padding: 0px 0px 0px 0px;\n  background-color: rgb(255, 255, 255);\n}\n<\/style>\n<\/div>\n<div class=\"row row-small row-full-width align-center row-divided\"  id=\"row-318187234\">\n\n\n\t<div id=\"col-543199752\" class=\"col medium-6 small-12 large-6\"  >\n\t\t\t\t<div class=\"col-inner\" style=\"background-color:rgb(255, 255, 255);\" >\n\t\t\t\n\t\t\t\n\n\t<div class=\"box has-hover   has-hover box-text-bottom\" >\n\n\t\t<div class=\"box-image\" >\n\t\t\t\t\t\t<div class=\"\" >\n\t\t\t\t<img decoding=\"async\" width=\"768\" height=\"768\" src=\"https:\/\/fitnfemale.com\/wp-content\/uploads\/denisa-768x768.jpg\" class=\"attachment-medium_large size-medium_large\" alt=\"Denisa\" srcset=\"https:\/\/fitnfemale.com\/wp-content\/uploads\/denisa-768x768.jpg 768w, https:\/\/fitnfemale.com\/wp-content\/uploads\/denisa-200x200.jpg 200w, https:\/\/fitnfemale.com\/wp-content\/uploads\/denisa-1000x1000.jpg 1000w, https:\/\/fitnfemale.com\/wp-content\/uploads\/denisa-400x400.jpg 400w, https:\/\/fitnfemale.com\/wp-content\/uploads\/denisa-800x800.jpg 800w, https:\/\/fitnfemale.com\/wp-content\/uploads\/denisa-280x280.jpg 280w, https:\/\/fitnfemale.com\/wp-content\/uploads\/denisa-12x12.jpg 12w, https:\/\/fitnfemale.com\/wp-content\/uploads\/denisa.jpg 1024w\" sizes=\"(max-width: 768px) 100vw, 768px\" \/>\t\t\t\t\t\t\t\t\t\t\t<\/div>\n\t\t\t\t\t<\/div>\n\n\t\t<div class=\"box-text text-center\" >\n\t\t\t<div class=\"box-text-inner\">\n\t\t\t\t\n\n<h4><strong>Denisa<\/strong><\/h4>\n<p>Pers\u00f6nlicher Erfolg -6kg<\/p>\n\n\t\t\t<\/div>\n\t\t<\/div>\n\t<\/div>\n\t\n\n\t\t<\/div>\n\t\t\t\t\n<style>\n#col-543199752 > .col-inner {\n  margin: 10px 0px 10px 0px;\n}\n<\/style>\n\t<\/div>\n\n\t\n\n\n<style>\n#row-318187234 > .col > .col-inner {\n  padding: 0px 0px 0px 0px;\n  background-color: rgb(255, 255, 255);\n}\n<\/style>\n<\/div>\n\n     <\/div>\n\n     <div class=\"loading-spin dark large centered\"><\/div>\n\n\t<\/div>\n\n\n\n\t\t<\/div>\n\t\t\t\t\t<\/div>\n\n\t\n\n\n<style>\n#row-1465433969 > .col > .col-inner {\n  background-color: rgb(245, 245, 245);\n}\n<\/style>\n<\/div>","protected":false},"excerpt":{"rendered":"<h2>Du bist motiviert und m\u00f6chtest gerne sofort durchstarten? Dann ist dieses Paket genau das richtige f\u00fcr dich!<\/h2>\n<h4>Der Name ist Programm und wurde speziell f\u00fcr die Sommerzeit zusammengestellt.<\/h4>\n<ul>\n<li class=\"bullet-star\">Aufeinander abgestimmte Produkte in kombiniert mit individuellen Ern\u00e4hrungsrichtlinien<\/li>\n<li class=\"bullet-star\">Kalorienplan, speziell auf dich zugeschnitten<\/li>\n<li class=\"bullet-star\">Einnahmenplan inkl. Ern\u00e4hrungsrichtlinien<\/li>\n<li class=\"bullet-star\">Wirkungsvolle Trainingstipps (minimaler Aufwand, maximales Ergebnis) mit Fokus auf Fettverbrennung, Ges\u00e4ss und Bauch<\/li>\n<\/ul>","protected":false},"featured_media":712781,"comment_status":"open","ping_status":"closed","template":"","meta":{"slim_seo":{"title":"Shape Express Bundle - FitNFemale\u00ae","description":"Du bist motiviert und m\u00f6chtest gerne sofort durchstarten? Dann ist dieses Paket genau das richtige f\u00fcr dich! Der Name ist Programm und wurde speziell f\u00fcr die So"}},"product_brand":[],"product_cat":[6629,311],"product_tag":[],"class_list":{"0":"post-58627","1":"product","2":"type-product","3":"status-publish","4":"has-post-thumbnail","6":"product_cat-basic","7":"product_cat-bundle","8":"pa_anwendungsbereiche-for-your-workout","9":"pa_anwendungsbereiche-weightloss","10":"pa_anwendungsbereiche-shaping","11":"pa_anwendungsbereiche-metabolism","12":"pa_marke-fitnfemale","13":"pa_schwangerschaft-nicht-geeignet","14":"pa_stillzeit-nicht-geeignet","16":"first","17":"instock","18":"sale","19":"featured","20":"downloadable","21":"taxable","22":"shipping-taxable","23":"purchasable","24":"product-type-bundle"},"bundled_by":[],"bundle_stock_status":"insufficientstock","bundle_stock_quantity":0,"bundle_virtual":false,"bundle_layout":"default","bundle_add_to_cart_form_location":"default","bundle_editable_in_cart":false,"bundle_sold_individually_context":"product","bundle_item_grouping":"noindent","bundle_min_size":"","bundle_max_size":"","bundle_price":{"price":{"min":{"incl_tax":"96.8","excl_tax":"94.346979"},"max":{"incl_tax":"96.8","excl_tax":"94.346979"}},"regular_price":{"min":{"incl_tax":"121","excl_tax":"117.933723"},"max":{"incl_tax":"121","excl_tax":"117.933723"}}},"bundled_items":[{"bundled_item_id":101,"product_id":58626,"menu_order":0,"quantity_min":1,"quantity_max":1,"quantity_default":1,"priced_individually":false,"shipped_individually":true,"override_title":false,"title":"Shape Express Plan","override_description":true,"description":"Ern\u00e4hrungs- &amp; Trainingsteil mit einem pers\u00f6nlichen Kalorienplan, speziell auf dich zugeschnitten. Viele Tipps und ein ausgekl\u00fcgeltes System, welches du gut im Alltag umsetzen kannst.","optional":false,"hide_thumbnail":false,"discount":"","override_variations":false,"allowed_variations":[],"override_default_variation_attributes":false,"default_variation_attributes":[],"single_product_visibility":"visible","cart_visibility":"hidden","order_visibility":"visible","single_product_price_visibility":"visible","cart_price_visibility":"visible","order_price_visibility":"visible","stock_status":"in_stock"},{"bundled_item_id":94,"product_id":5032,"menu_order":1,"quantity_min":1,"quantity_max":1,"quantity_default":1,"priced_individually":false,"shipped_individually":false,"override_title":false,"title":"Pink Burn (2 in 1)","override_description":true,"description":"","optional":false,"hide_thumbnail":false,"discount":"","override_variations":false,"allowed_variations":[46426,46425,11072,26510],"override_default_variation_attributes":false,"default_variation_attributes":[],"single_product_visibility":"visible","cart_visibility":"hidden","order_visibility":"visible","single_product_price_visibility":"visible","cart_price_visibility":"visible","order_price_visibility":"visible","stock_status":"in_stock"},{"bundled_item_id":483,"product_id":678396,"menu_order":2,"quantity_min":1,"quantity_max":1,"quantity_default":1,"priced_individually":false,"shipped_individually":false,"override_title":false,"title":"All you need Shake","override_description":true,"description":"","optional":false,"hide_thumbnail":false,"discount":"","override_variations":false,"allowed_variations":[],"override_default_variation_attributes":false,"default_variation_attributes":[],"single_product_visibility":"visible","cart_visibility":"hidden","order_visibility":"visible","single_product_price_visibility":"visible","cart_price_visibility":"visible","order_price_visibility":"visible","stock_status":"in_stock"},{"bundled_item_id":484,"product_id":43303,"menu_order":3,"quantity_min":1,"quantity_max":1,"quantity_default":1,"priced_individually":false,"shipped_individually":false,"override_title":false,"title":"Shape Me Shake","override_description":true,"description":"","optional":false,"hide_thumbnail":false,"discount":"","override_variations":false,"allowed_variations":[],"override_default_variation_attributes":false,"default_variation_attributes":[],"single_product_visibility":"visible","cart_visibility":"hidden","order_visibility":"visible","single_product_price_visibility":"visible","cart_price_visibility":"visible","order_price_visibility":"visible","stock_status":"in_stock"},{"bundled_item_id":482,"product_id":545706,"menu_order":4,"quantity_min":10,"quantity_max":10,"quantity_default":10,"priced_individually":false,"shipped_individually":false,"override_title":false,"title":"Shape Bar - Caramel Crisp","override_description":true,"description":"","optional":false,"hide_thumbnail":false,"discount":"","override_variations":false,"allowed_variations":[],"override_default_variation_attributes":false,"default_variation_attributes":[],"single_product_visibility":"visible","cart_visibility":"visible","order_visibility":"visible","single_product_price_visibility":"visible","cart_price_visibility":"visible","order_price_visibility":"visible","stock_status":"out_of_stock"},{"bundled_item_id":462,"product_id":4994,"menu_order":5,"quantity_min":1,"quantity_max":1,"quantity_default":1,"priced_individually":false,"shipped_individually":false,"override_title":false,"title":"Omega 3","override_description":true,"description":"","optional":false,"hide_thumbnail":false,"discount":"","override_variations":false,"allowed_variations":[],"override_default_variation_attributes":false,"default_variation_attributes":[],"single_product_visibility":"visible","cart_visibility":"hidden","order_visibility":"visible","single_product_price_visibility":"visible","cart_price_visibility":"visible","order_price_visibility":"visible","stock_status":"in_stock"},{"bundled_item_id":528,"product_id":5004,"menu_order":6,"quantity_min":1,"quantity_max":1,"quantity_default":1,"priced_individually":false,"shipped_individually":false,"override_title":false,"title":"Black Beauty Shaker","override_description":false,"description":"","optional":false,"hide_thumbnail":false,"discount":"","override_variations":false,"allowed_variations":[],"override_default_variation_attributes":false,"default_variation_attributes":[],"single_product_visibility":"visible","cart_visibility":"hidden","order_visibility":"visible","single_product_price_visibility":"visible","cart_price_visibility":"visible","order_price_visibility":"visible","stock_status":"in_stock"}],"bundle_sell_ids":[],"gallery_images":[],"_links":{"self":[{"href":"https:\/\/fitnfemale.com\/deu\/wp-json\/wp\/v2\/product\/58627","targetHints":{"allow":["GET"]}}],"collection":[{"href":"https:\/\/fitnfemale.com\/deu\/wp-json\/wp\/v2\/product"}],"about":[{"href":"https:\/\/fitnfemale.com\/deu\/wp-json\/wp\/v2\/types\/product"}],"replies":[{"embeddable":true,"href":"https:\/\/fitnfemale.com\/deu\/wp-json\/wp\/v2\/comments?post=58627"}],"wp:featuredmedia":[{"embeddable":true,"href":"https:\/\/fitnfemale.com\/deu\/wp-json\/wp\/v2\/media\/712781"}],"wp:attachment":[{"href":"https:\/\/fitnfemale.com\/deu\/wp-json\/wp\/v2\/media?parent=58627"}],"wp:term":[{"taxonomy":"product_brand","embeddable":true,"href":"https:\/\/fitnfemale.com\/deu\/wp-json\/wp\/v2\/product_brand?post=58627"},{"taxonomy":"product_cat","embeddable":true,"href":"https:\/\/fitnfemale.com\/deu\/wp-json\/wp\/v2\/product_cat?post=58627"},{"taxonomy":"product_tag","embeddable":true,"href":"https:\/\/fitnfemale.com\/deu\/wp-json\/wp\/v2\/product_tag?post=58627"}],"curies":[{"name":"wp","href":"https:\/\/api.w.org\/{rel}","templated":true}]}}