{"id":547016,"date":"2020-10-27T15:35:18","date_gmt":"2020-10-27T14:35:18","guid":{"rendered":"https:\/\/fitnfemale.com\/?post_type=product&#038;p=547016"},"modified":"2024-09-25T19:59:36","modified_gmt":"2024-09-25T18:59:36","slug":"shape-bar-meal-replacement-package","status":"publish","type":"product","link":"https:\/\/fitnfemale.com\/deu\/produkt\/shape-bar-meal-replacement-package\/","title":{"rendered":"Shape Bars &#8211; Caramel Crisp"},"content":{"rendered":"<h3>Entdecke die Shape Bar und verabschiede dich von langweiligen Di\u00e4t-Mahlzeiten!<\/h3>\n<p>Mit einer Shape Bar pro Tag kannst du leicht ein Kaloriendefizit von 400-600 Kalorien erreichen. Dies bedeutet, dass du \u00fcber einen l\u00e4ngeren Zeitpunkt einfach und ohne gro\u00dfe Anstrengung Gewicht verlieren kannst. Du musst keine drastischen \u00c4nderungen in deiner Ern\u00e4hrung oder deinem Lifestyle vornehmen.<\/p>\n<div class=\"accordion\">\n\t<div id=\"accordion-2444266808\" class=\"accordion-item\">\n\t\t<a id=\"accordion-2444266808-label\" class=\"accordion-title plain\" href=\"#accordion-item-shape-bar-im-vergleich-mit-anderen-riegeln\" aria-expanded=\"false\" aria-controls=\"accordion-2444266808-content\">\n\t\t\t<button class=\"toggle\" aria-label=\"Toggle\"><i class=\"icon-angle-down\" aria-hidden=\"true\"><\/i><\/button>\n\t\t\t<span>Shape Bar im Vergleich mit anderen Riegeln<\/span>\n\t\t<\/a>\n\t\t<div id=\"accordion-2444266808-content\" class=\"accordion-inner\" aria-labelledby=\"accordion-2444266808-label\">\n\t\t\t\n\t<div class=\"img has-hover x md-x lg-x y md-y lg-y\" id=\"image_943719522\">\n\t\t\t\t\t\t\t\t<div class=\"img-inner dark\" >\n\t\t\t<img decoding=\"async\" width=\"400\" height=\"400\" src=\"https:\/\/fitnfemale.com\/wp-content\/uploads\/shape-bar-vs-standart-3-400x400.jpg\" class=\"attachment-medium size-medium\" alt=\"Shape bar vs standart\" srcset=\"https:\/\/fitnfemale.com\/wp-content\/uploads\/shape-bar-vs-standart-3-400x400.jpg 400w, https:\/\/fitnfemale.com\/wp-content\/uploads\/shape-bar-vs-standart-3-200x200.jpg 200w, https:\/\/fitnfemale.com\/wp-content\/uploads\/shape-bar-vs-standart-3-510x510.jpg 510w, https:\/\/fitnfemale.com\/wp-content\/uploads\/shape-bar-vs-standart-3-280x280.jpg 280w, https:\/\/fitnfemale.com\/wp-content\/uploads\/shape-bar-vs-standart-3-768x768.jpg 768w, https:\/\/fitnfemale.com\/wp-content\/uploads\/shape-bar-vs-standart-3-12x12.jpg 12w, https:\/\/fitnfemale.com\/wp-content\/uploads\/shape-bar-vs-standart-3-130x130.jpg 130w, https:\/\/fitnfemale.com\/wp-content\/uploads\/shape-bar-vs-standart-3-150x150.jpg 150w, https:\/\/fitnfemale.com\/wp-content\/uploads\/shape-bar-vs-standart-3.jpg 800w\" sizes=\"(max-width: 400px) 100vw, 400px\" \/>\t\t\t\t\t\t\n\t\t\t\t\t<\/div>\n\t\t\t\t\t\t\t\t\n<style>\n#image_943719522 {\n  width: 100%;\n}\n<\/style>\n\t<\/div>\n\t\n\t\t<\/div>\n\t<\/div>\n\t\n\t<div id=\"accordion-1734560899\" class=\"accordion-item\">\n\t\t<a id=\"accordion-1734560899-label\" class=\"accordion-title plain\" href=\"#accordion-item-was-kann-helfen-f\u00fcr-die-umstellung\" aria-expanded=\"false\" aria-controls=\"accordion-1734560899-content\">\n\t\t\t<button class=\"toggle\" aria-label=\"Toggle\"><i class=\"icon-angle-down\" aria-hidden=\"true\"><\/i><\/button>\n\t\t\t<span>Was kann helfen f\u00fcr die Umstellung<\/span>\n\t\t<\/a>\n\t\t<div id=\"accordion-1734560899-content\" class=\"accordion-inner\" aria-labelledby=\"accordion-1734560899-label\">\n\t\t\t\n<ul>\n<li class=\"bullet-star\">Eine Schale mit frischem Gem\u00fcse nach dem Riegel (Tomaten, Gurken, Radieschen,..) wenig Kalorien und man hat doch noch etwas zu beissen<\/li>\n<li class=\"bullet-star\">Setze am Wochenende aus.<\/li>\n<\/ul>\n\t\t<\/div>\n\t<\/div>\n\t\n\t<div id=\"accordion-1979477800\" class=\"accordion-item\">\n\t\t<a id=\"accordion-1979477800-label\" class=\"accordion-title plain\" href=\"#accordion-item-es-ist-simpel-und-f\u00fchrt-schnell-zu-sichtbaren-erfolgen.\" aria-expanded=\"false\" aria-controls=\"accordion-1979477800-content\">\n\t\t\t<button class=\"toggle\" aria-label=\"Toggle\"><i class=\"icon-angle-down\" aria-hidden=\"true\"><\/i><\/button>\n\t\t\t<span>Es ist simpel und f\u00fchrt schnell zu sichtbaren Erfolgen.<\/span>\n\t\t<\/a>\n\t\t<div id=\"accordion-1979477800-content\" class=\"accordion-inner\" aria-labelledby=\"accordion-1979477800-label\">\n\t\t\t\n<p>Mit dem Shape Bar schnell und nachhaltig abnehmen. Das einfachste Prinzip und das A und O beim Abnehmen lautet Kaloriendefizit. Hier kann man jedoch Vieles falsch machen. Im schlimmsten Fall f\u00e4llt der K\u00f6rper in einen Schutzmodus und\/oder wird durch Mangelerscheinungen krank oder m\u00fcde. Der Shape Bar sorgt daf\u00fcr, dass genau dies nicht geschieht. Streng nach EU Di\u00e4t-Verordnung enth\u00e4lt der Riegel unter anderem genau die N\u00e4hrwerte, Mineralien und Vitamine, die eine Mahlzeit vollst\u00e4ndig ersetzen.<\/p>\n\t\t<\/div>\n\t<\/div>\n\t\n\t<div id=\"accordion-3405428041\" class=\"accordion-item\">\n\t\t<a id=\"accordion-3405428041-label\" class=\"accordion-title plain\" href=\"#accordion-item-alle-n\u00e4hrwerte-\/-vitamine-und-mineralien\" aria-expanded=\"false\" aria-controls=\"accordion-3405428041-content\">\n\t\t\t<button class=\"toggle\" aria-label=\"Toggle\"><i class=\"icon-angle-down\" aria-hidden=\"true\"><\/i><\/button>\n\t\t\t<span>Alle N\u00e4hrwerte \/ Vitamine und Mineralien<\/span>\n\t\t<\/a>\n\t\t<div id=\"accordion-3405428041-content\" class=\"accordion-inner\" aria-labelledby=\"accordion-3405428041-label\">\n\t\t\t\n\t<div class=\"img has-hover x md-x lg-x y md-y lg-y\" id=\"image_715339262\">\n\t\t\t\t\t\t\t\t<div class=\"img-inner dark\" >\n\t\t\t<img decoding=\"async\" width=\"800\" height=\"800\" src=\"https:\/\/fitnfemale.com\/wp-content\/uploads\/shape-bar-specs-800x800.jpg\" class=\"attachment-large size-large\" alt=\"Shape bar specs\" srcset=\"https:\/\/fitnfemale.com\/wp-content\/uploads\/shape-bar-specs-800x800.jpg 800w, https:\/\/fitnfemale.com\/wp-content\/uploads\/shape-bar-specs-200x200.jpg 200w, https:\/\/fitnfemale.com\/wp-content\/uploads\/shape-bar-specs-1000x1000.jpg 1000w, https:\/\/fitnfemale.com\/wp-content\/uploads\/shape-bar-specs-400x400.jpg 400w, https:\/\/fitnfemale.com\/wp-content\/uploads\/shape-bar-specs-280x280.jpg 280w, https:\/\/fitnfemale.com\/wp-content\/uploads\/shape-bar-specs-768x768.jpg 768w, https:\/\/fitnfemale.com\/wp-content\/uploads\/shape-bar-specs-12x12.jpg 12w, https:\/\/fitnfemale.com\/wp-content\/uploads\/shape-bar-specs.jpg 1327w\" sizes=\"(max-width: 800px) 100vw, 800px\" \/>\t\t\t\t\t\t\n\t\t\t\t\t<\/div>\n\t\t\t\t\t\t\t\t\n<style>\n#image_715339262 {\n  width: 100%;\n}\n<\/style>\n\t<\/div>\n\t\n\t\t<\/div>\n\t<\/div>\n\t\n\t<div id=\"accordion-2416735897\" class=\"accordion-item\">\n\t\t<a id=\"accordion-2416735897-label\" class=\"accordion-title plain\" href=\"#accordion-item-wieso-wurde-die-kalorienanzahl-tief---auf-212-kcal---gehalten?\" aria-expanded=\"false\" aria-controls=\"accordion-2416735897-content\">\n\t\t\t<button class=\"toggle\" aria-label=\"Toggle\"><i class=\"icon-angle-down\" aria-hidden=\"true\"><\/i><\/button>\n\t\t\t<span>Wieso wurde die Kalorienanzahl tief - auf 212 kcal - gehalten?<\/span>\n\t\t<\/a>\n\t\t<div id=\"accordion-2416735897-content\" class=\"accordion-inner\" aria-labelledby=\"accordion-2416735897-label\">\n\t\t\t\n<p>Ganz einfach: wenn man schon die Motivation und den Willen hat, eine Mahlzeit pro Tag mit einem Riegel zu ersetzen, soll es auch Ergebnisse liefern. Es ist die ersten Tage klar eine Umstellung (f\u00fcr K\u00f6rper und Geist), wenn man eine Mahlzeit mit 400-500kcal gewohnt war. Jedoch hat man mit diesem Riegel die Gewissheit, dass der K\u00f6rper trotz Kaloriendefizit weiterhin mit gen\u00fcgend Kohlenhydraten, Eiweiss, Fett, Vitaminen und Mineralien versorgt wird. Der K\u00f6rper gew\u00f6hnt sich nach wenigen Tagen (in der Regel 3-4) an die Umstellung.<\/p>\n\t\t<\/div>\n\t<\/div>\n\t\n<\/div>\n\n\t<section class=\"section\" id=\"section_655735925\">\n\t\t<div class=\"section-bg fill\" >\n\t\t\t\t\t\t\t\t\t<div class=\"effect-sliding-glass bg-effect fill no-click\"><\/div>\n\t\t\t\n\n\t\t<\/div>\n\n\t\t\t<div class=\"ux-shape-divider ux-shape-divider--top ux-shape-divider--style-triangle-invert\">\n\t\t<svg viewbox=\"0 0 1000 100\" xmlns=\"http:\/\/www.w3.org\/2000\/svg\" preserveaspectratio=\"none\">\n\t<path class=\"ux-shape-fill\" d=\"M500 95.6L0 0V100H1000V0L500 95.6Z\"\/>\n<\/svg>\n\t<\/div>\n\n\t<div class=\"ux-shape-divider ux-shape-divider--bottom ux-shape-divider--style-fan\">\n\t\t<svg viewbox=\"0 0 1000 100\" xmlns=\"http:\/\/www.w3.org\/2000\/svg\" preserveaspectratio=\"none\">\n  <path class=\"ux-shape-fill\" d=\"M500 50L1067.25 102.5H-67.2466L500 50Z\"\/>\n  <path class=\"ux-shape-fill\" opacity=\"0.15\" d=\"M1011 2.70583L500 50.0001L-12 2.61328V105H1011V2.70583Z\"\/>\n  <path class=\"ux-shape-fill\" opacity=\"0.3\" d=\"M-13 50H1010V105H-13V50Z\"\/>\n<\/svg>\n\t<\/div>\n\n\t\t<div class=\"section-content relative\">\n\t\t\t\n\t<div id=\"text-4157236950\" class=\"text\">\n\t\t\n<h2 class=\"uppercase\">Bessere Werte f\u00fcr eine vollwertige Mahlzeit gibt es nicht.<\/h2>\n\t\t\n<style>\n#text-4157236950 {\n  font-size: 0.85rem;\n  text-align: center;\n  color: rgb(255,255,255);\n}\n#text-4157236950 > * {\n  color: rgb(255,255,255);\n}\n<\/style>\n\t<\/div>\n\t\n\t<div id=\"gap-763873737\" class=\"gap-element clearfix\" style=\"display:block; height:auto;\">\n\t\t\n<style>\n#gap-763873737 {\n  padding-top: 11px;\n}\n@media (min-width:550px) {\n  #gap-763873737 {\n    padding-top: 30px;\n  }\n}\n<\/style>\n\t<\/div>\n\t\n<div class=\"row row-small align-middle align-center row-box-shadow-3 row-box-shadow-5-hover\"  id=\"row-977472833\">\n\n\t<div id=\"col-1933127028\" class=\"col medium-4 small-12 large-4\"  >\n\t\t\t\t<div class=\"col-inner\" style=\"background-color:#F9E7F0;\" >\n\t\t\t\n\t\t\t\n\t<div id=\"text-1288139376\" class=\"text\">\n\t\t\n<h2><span class=\"count-up\">204<\/span>kcal<\/h2>\n<p><small class=\"uppercase\">Kalorien<\/small><\/p>\n\t\t\n<style>\n#text-1288139376 {\n  font-size: 1.3rem;\n  text-align: center;\n}\n<\/style>\n\t<\/div>\n\t\n\t\t<\/div>\n\t\t\t\t\n<style>\n#col-1933127028 > .col-inner {\n  padding: 20px 0px 0px 0px;\n  margin: 0px 0px 20px 0px;\n  border-radius: 100px;\n}\n@media (min-width:550px) {\n  #col-1933127028 > .col-inner {\n    padding: 30px 0px 20px 0px;\n  }\n}\n<\/style>\n\t<\/div>\n\n\t\n\n\t<div id=\"col-1837087748\" class=\"col medium-4 small-12 large-4\"  >\n\t\t\t\t<div class=\"col-inner\" style=\"background-color:#F9E7F0;\" >\n\t\t\t\n\t\t\t\n\t<div id=\"text-81167330\" class=\"text\">\n\t\t\n<h2><span class=\"count-up\">15,0<\/span>g<\/h2>\n<p><small class=\"uppercase\">Protein<\/small><\/p>\n\t\t\n<style>\n#text-81167330 {\n  font-size: 1.3rem;\n  text-align: center;\n}\n<\/style>\n\t<\/div>\n\t\n\t\t<\/div>\n\t\t\t\t\n<style>\n#col-1837087748 > .col-inner {\n  padding: 20px 0px 0px 0px;\n  margin: 0px 0px 20px 0px;\n  border-radius: 100px;\n}\n@media (min-width:550px) {\n  #col-1837087748 > .col-inner {\n    padding: 30px 0px 20px 0px;\n  }\n}\n<\/style>\n\t<\/div>\n\n\t\n\n\t<div id=\"col-1746079139\" class=\"col medium-4 small-12 large-4\"  >\n\t\t\t\t<div class=\"col-inner\" style=\"background-color:#F9E7F0;\" >\n\t\t\t\n\t\t\t\n\t<div id=\"text-4271384291\" class=\"text\">\n\t\t\n<h2><span class=\"count-up\">19,4<\/span>g<\/h2>\n<p><small class=\"uppercase\">Kohlenhydrate<\/small><\/p>\n\t\t\n<style>\n#text-4271384291 {\n  font-size: 1.3rem;\n  text-align: center;\n}\n<\/style>\n\t<\/div>\n\t\n\t\t<\/div>\n\t\t\t\t\n<style>\n#col-1746079139 > .col-inner {\n  padding: 20px 0px 0px 0px;\n  margin: 0px 0px 0px 0px;\n  border-radius: 100px;\n}\n@media (min-width:550px) {\n  #col-1746079139 > .col-inner {\n    padding: 30px 0px 20px 0px;\n  }\n}\n<\/style>\n\t<\/div>\n\n\t\n<\/div>\n\t\t<\/div>\n\n\t\t\n<style>\n#section_655735925 {\n  padding-top: 30px;\n  padding-bottom: 30px;\n  background-color: #c29ca0;\n}\n#section_655735925 .ux-shape-divider--top svg {\n  height: 249px;\n  --divider-top-width: 100%;\n}\n#section_655735925 .ux-shape-divider--top .ux-shape-fill {\n  fill: #c29ca0;\n}\n#section_655735925 .ux-shape-divider--bottom svg {\n  height: 20px;\n  --divider-width: 100%;\n}\n@media (min-width:550px) {\n  #section_655735925 .ux-shape-divider--top svg {\n    height: 91px;\n  }\n  #section_655735925 .ux-shape-divider--bottom svg {\n    height: 56px;\n  }\n}\n<\/style>\n\t<\/section>\n\t\n\t<div id=\"gap-1449470343\" class=\"gap-element clearfix show-for-small\" style=\"display:block; height:auto;\">\n\t\t\n<style>\n#gap-1449470343 {\n  padding-top: 73px;\n}\n<\/style>\n\t<\/div>","protected":false},"excerpt":{"rendered":"<h2>Ja, ich will eine leckere Snack-Mahlzeit zum Abnehmen!<\/h2>\n<h4>Die Shape Bar ist ein vollwertiger Mahlzeitersatz-Riegel, vollgepackt mit Vitaminen und Mineralien, Protein, gesunden Kohlenhydraten und Fetten, der dabei hilft, Gewicht zu kontrollieren. Mit nur 212 Kalorien pro Riegel ist sie eine ideale Wahl f\u00fcr alle, die auf ihre Kalorienaufnahme achten m\u00f6chten. Der k\u00f6stliche Caramel-Geschmack, gepaart mit crunchy Crisps und einem leckeren Schokoladen-\u00dcberzug, wird dich begeistern.<\/h4>\n<ul>\n<li class=\"bullet-star\">Eine perfekte Kombination aus Geschmack und N\u00e4hrstoffen<\/li>\n<li class=\"bullet-star\">24 Vitaminen und Mineralien f\u00fcr eine vollwertige Ern\u00e4hrung<\/li>\n<li class=\"bullet-star\">Entspricht der EU Di\u00e4tverordnung 2016\/1413<\/li>\n<li class=\"bullet-star\">Optimal, um Fr\u00fchst\u00fcck, Mittagessen oder Abendessen zu ersetzen<\/li>\n<li class=\"bullet-star\">Kann bei einer ausgewogenen Ern\u00e4hrung zur Gewichtsreduktion beitragen, w\u00e4hrend der K\u00f6rper mit wichtigen N\u00e4hrstoffen versorgt wird.<\/li>\n<li class=\"bullet-star\">Einfach und bequem &#8211; Ersetze maximal eine Mahlzeit pro Tag.<\/li>\n<\/ul>","protected":false},"featured_media":698343,"comment_status":"open","ping_status":"closed","template":"","meta":{"slim_seo":{"title":"Shape Bars - Caramel Crisp - FitNFemale\u00ae","description":"Ja, ich will eine leckere Snack-Mahlzeit zum Abnehmen! Die Shape Bar ist ein vollwertiger Mahlzeitersatz-Riegel, vollgepackt mit Vitaminen und Mineralien, Prote"}},"product_brand":[],"product_cat":[6364,317,6629,292,1054],"product_tag":[],"class_list":{"0":"post-547016","1":"product","2":"type-product","3":"status-publish","4":"has-post-thumbnail","6":"product_cat-promo-30","7":"product_cat-abnehmen","8":"product_cat-basic","9":"product_cat-food","10":"product_cat-snacks","11":"pa_anwendungsbereiche-weightloss","12":"pa_anwendungsbereiche-meal-replacement","13":"pa_anwendungsbereiche-shaping","14":"pa_marke-fitnfemale","15":"pa_misc-aspartamfree","16":"pa_misc-glutenfree","17":"pa_product-amount-10-riegel-mahlzeiten","18":"pa_schwangerschaft-nicht-geeignet","19":"pa_stillzeit-geeignet","20":"pa_vegan-nein","22":"first","23":"instock","24":"sale","25":"featured","26":"taxable","27":"shipping-taxable","28":"purchasable","29":"product-type-bundle"},"bundled_by":[],"bundle_stock_status":"insufficientstock","bundle_stock_quantity":0,"bundle_virtual":false,"bundle_layout":"default","bundle_add_to_cart_form_location":"default","bundle_editable_in_cart":false,"bundle_sold_individually_context":"product","bundle_item_grouping":"parent","bundle_min_size":"","bundle_max_size":"","bundle_price":{"price":{"min":{"incl_tax":"20.25","excl_tax":"19.736842"},"max":{"incl_tax":"20.25","excl_tax":"19.736842"}},"regular_price":{"min":{"incl_tax":"28.9","excl_tax":"28.167641"},"max":{"incl_tax":"28.9","excl_tax":"28.167641"}}},"bundled_items":[{"bundled_item_id":275,"product_id":545706,"menu_order":0,"quantity_min":10,"quantity_max":10,"quantity_default":10,"priced_individually":false,"shipped_individually":false,"override_title":false,"title":"Shape Bar - Caramel Crisp","override_description":true,"description":"","optional":false,"hide_thumbnail":true,"discount":"","override_variations":false,"allowed_variations":[],"override_default_variation_attributes":false,"default_variation_attributes":[],"single_product_visibility":"hidden","cart_visibility":"hidden","order_visibility":"hidden","single_product_price_visibility":"visible","cart_price_visibility":"visible","order_price_visibility":"visible","stock_status":"out_of_stock"}],"bundle_sell_ids":[],"gallery_images":[737401,739475,612934,570981],"_links":{"self":[{"href":"https:\/\/fitnfemale.com\/deu\/wp-json\/wp\/v2\/product\/547016","targetHints":{"allow":["GET"]}}],"collection":[{"href":"https:\/\/fitnfemale.com\/deu\/wp-json\/wp\/v2\/product"}],"about":[{"href":"https:\/\/fitnfemale.com\/deu\/wp-json\/wp\/v2\/types\/product"}],"replies":[{"embeddable":true,"href":"https:\/\/fitnfemale.com\/deu\/wp-json\/wp\/v2\/comments?post=547016"}],"wp:featuredmedia":[{"embeddable":true,"href":"https:\/\/fitnfemale.com\/deu\/wp-json\/wp\/v2\/media\/698343"}],"wp:attachment":[{"href":"https:\/\/fitnfemale.com\/deu\/wp-json\/wp\/v2\/media?parent=547016"}],"wp:term":[{"taxonomy":"product_brand","embeddable":true,"href":"https:\/\/fitnfemale.com\/deu\/wp-json\/wp\/v2\/product_brand?post=547016"},{"taxonomy":"product_cat","embeddable":true,"href":"https:\/\/fitnfemale.com\/deu\/wp-json\/wp\/v2\/product_cat?post=547016"},{"taxonomy":"product_tag","embeddable":true,"href":"https:\/\/fitnfemale.com\/deu\/wp-json\/wp\/v2\/product_tag?post=547016"}],"curies":[{"name":"wp","href":"https:\/\/api.w.org\/{rel}","templated":true}]}}