{"id":540344,"date":"2020-09-22T20:12:00","date_gmt":"2020-09-22T19:12:00","guid":{"rendered":"https:\/\/fitnfemale.com\/?post_type=product&#038;p=540344"},"modified":"2026-04-12T18:11:46","modified_gmt":"2026-04-12T17:11:46","slug":"biotics-supermix","status":"publish","type":"product","link":"https:\/\/fitnfemale.com\/deu\/produkt\/biotics-supermix\/","title":{"rendered":"Biotics Supermix"},"content":{"rendered":"<div class=\"img has-hover img-details x md-x lg-x y md-y lg-y\" id=\"image_871975894\">\n\t\t\t\t\t\t\t\t<div class=\"img-inner dark\" >\n\t\t\t<img decoding=\"async\" width=\"1020\" height=\"569\" src=\"https:\/\/fitnfemale.com\/wp-content\/uploads\/biotics-supermix-closeup3.webp\" class=\"attachment-large size-large\" alt=\"Biotics supermix closeup3\" srcset=\"https:\/\/fitnfemale.com\/wp-content\/uploads\/biotics-supermix-closeup3.webp 1376w, https:\/\/fitnfemale.com\/wp-content\/uploads\/biotics-supermix-closeup3-717x400.webp 717w, https:\/\/fitnfemale.com\/wp-content\/uploads\/biotics-supermix-closeup3-768x429.webp 768w, https:\/\/fitnfemale.com\/wp-content\/uploads\/biotics-supermix-closeup3-18x10.webp 18w, https:\/\/fitnfemale.com\/wp-content\/uploads\/biotics-supermix-closeup3-1000x558.webp 1000w\" sizes=\"(max-width: 1020px) 100vw, 1020px\" \/>\t\t\t\t\t\t\n\t\t\t\t\t<\/div>\n\t\t\t\t\t\t\t\t\n<style>\n#image_871975894 {\n  width: 100%;\n}\n<\/style>\n\t<\/div>\n\t\n<p>F\u00fcr die beste Wirkung empfehlen wir eine Aktivierungszeit von 10 Minuten. Probiere unseren innovativen Supermix-Drink f\u00fcr ein gutes Bauchgef\u00fchl.<\/p>\n<div class=\"accordion\">\n\t<div id=\"accordion-2234552705\" class=\"accordion-item\">\n\t\t<a id=\"accordion-2234552705-label\" class=\"accordion-title plain\" href=\"#accordion-item-wie-darmbakterien-unser-k\u00f6rpergewicht-beeinflussen\" aria-expanded=\"false\" aria-controls=\"accordion-2234552705-content\">\n\t\t\t<button class=\"toggle\" aria-label=\"Toggle\"><i class=\"icon-angle-down\" aria-hidden=\"true\"><\/i><\/button>\n\t\t\t<span>Wie Darmbakterien unser K\u00f6rpergewicht beeinflussen<\/span>\n\t\t<\/a>\n\t\t<div id=\"accordion-2234552705-content\" class=\"accordion-inner\" aria-labelledby=\"accordion-2234552705-label\">\n\t\t\t\n\t<div class=\"img has-hover x md-x lg-x y md-y lg-y\" id=\"image_1760878753\">\n\t\t\t\t\t\t\t\t<div class=\"img-inner dark\" >\n\t\t\t<img decoding=\"async\" width=\"400\" height=\"400\" src=\"https:\/\/fitnfemale.com\/wp-content\/uploads\/biotics-back-infai1-1-400x400.webp\" class=\"attachment-medium size-medium\" alt=\"Biotics back infai1 (1)\" srcset=\"https:\/\/fitnfemale.com\/wp-content\/uploads\/biotics-back-infai1-1-400x400.webp 400w, https:\/\/fitnfemale.com\/wp-content\/uploads\/biotics-back-infai1-1-801x800.webp 801w, https:\/\/fitnfemale.com\/wp-content\/uploads\/biotics-back-infai1-1-280x280.webp 280w, https:\/\/fitnfemale.com\/wp-content\/uploads\/biotics-back-infai1-1-768x767.webp 768w, https:\/\/fitnfemale.com\/wp-content\/uploads\/biotics-back-infai1-1-12x12.webp 12w, https:\/\/fitnfemale.com\/wp-content\/uploads\/biotics-back-infai1-1-1000x999.webp 1000w, https:\/\/fitnfemale.com\/wp-content\/uploads\/biotics-back-infai1-1-200x200.webp 200w, https:\/\/fitnfemale.com\/wp-content\/uploads\/biotics-back-infai1-1-120x120.webp 120w, https:\/\/fitnfemale.com\/wp-content\/uploads\/biotics-back-infai1-1.webp 1500w\" sizes=\"(max-width: 400px) 100vw, 400px\" \/>\t\t\t\t\t\t\n\t\t\t\t\t<\/div>\n\t\t\t\t\t\t\t\t\n<style>\n#image_1760878753 {\n  width: 100%;\n}\n<\/style>\n\t<\/div>\n\t\n<p>Ob wir unser K\u00f6rpergewicht halten k\u00f6nnen oder zunehmen, h\u00e4ngt auch von den Mikroorganismen in unserem Darm ab. Diese beeinflussen, wie viele Kalorien wir aus der Nahrung aufnehmen und wie diese Energie verwendet wird.<\/p>\n<p>Nicht nur die Menge und Art der Nahrung, die wir zu uns nehmen, ist entscheidend f\u00fcr unser Gewicht. Ebenso wichtig ist, was sp\u00e4ter im K\u00f6rper mit dem eingenommenen Essen geschieht. Billionen von Mikroben in unserem Darm spielen eine wichtige Rolle bei der Verdauung der Nahrung.<\/p>\n\t\t<\/div>\n\t<\/div>\n\t\n\t<div id=\"accordion-1796272479\" class=\"accordion-item\">\n\t\t<a id=\"accordion-1796272479-label\" class=\"accordion-title plain\" href=\"#accordion-item-die-perfekte-einnahme-von-biotics-supermix\" aria-expanded=\"false\" aria-controls=\"accordion-1796272479-content\">\n\t\t\t<button class=\"toggle\" aria-label=\"Toggle\"><i class=\"icon-angle-down\" aria-hidden=\"true\"><\/i><\/button>\n\t\t\t<span>Die perfekte Einnahme von Biotics Supermix<\/span>\n\t\t<\/a>\n\t\t<div id=\"accordion-1796272479-content\" class=\"accordion-inner\" aria-labelledby=\"accordion-1796272479-label\">\n\t\t\t\n<ul>\n<li class=\"bullet-arrow\">Biotics Supermix sollte immer losgel\u00f6st vom Essen eingenommen werden, vorzugsweise morgens, nach dem Aufstehen, auf n\u00fcchternem Magen.<\/li>\n<li class=\"bullet-arrow\">Nach der Einnahme sollte man mindestens 30 Minuten bis zur n\u00e4chsten Mahlzeit warten.<\/li>\n<li class=\"bullet-arrow\">Als alternatives Einnahmefenster zum Morgen bietet sich die Einnahme vor dem Schlafen an. Hier ist zu beachten, dass die letzte Mahlzeit bereits 2 &#8211; 3 Stunden her sein sollte.<\/li>\n<li class=\"bullet-arrow\">Die Aktivierungszeit von 10 Minuten einhalten (Details siehe oben)<\/li>\n<\/ul>\n\t\t<\/div>\n\t<\/div>\n\t\n\t<div id=\"accordion-1419099711\" class=\"accordion-item\">\n\t\t<a id=\"accordion-1419099711-label\" class=\"accordion-title plain\" href=\"#accordion-item-was-sind-flohsamenschalen?\" aria-expanded=\"false\" aria-controls=\"accordion-1419099711-content\">\n\t\t\t<button class=\"toggle\" aria-label=\"Toggle\"><i class=\"icon-angle-down\" aria-hidden=\"true\"><\/i><\/button>\n\t\t\t<span>Was sind Flohsamenschalen?<\/span>\n\t\t<\/a>\n\t\t<div id=\"accordion-1419099711-content\" class=\"accordion-inner\" aria-labelledby=\"accordion-1419099711-label\">\n\t\t\t\n<p>Dass sich Flohsamenschalen so gro\u00dfer Beliebtheit erfreuen, ist kein Wunder. Aber was steckt eigentlich dahinter? Genau genommen handelt es sich dabei um die Samenschalen der sogenannten <em>Plantago ovata<\/em>. Die Wegerich-Art ist unter anderem mit dem hierzulande bekannten Spitzwegerich sowie dem Strandwegerich verwandt.<\/p>\n<p>Urspr\u00fcnglich stammt die <em>Plantago ovata<\/em> aus Indien und Pakistan, weshalb die Samen h\u00e4ufig auch als &#8222;Indische Flohsamen&#8220; verkauft werden. Ihren Namen haben die Flohsamen bzw. deren Schalen von der zweif\u00e4cherigen Deckkapsel mit ihren elliptischen Samen, die optisch an Fl\u00f6he erinnern.<\/p>\n\t\t<\/div>\n\t<\/div>\n\t\n\t<div id=\"accordion-3371641814\" class=\"accordion-item\">\n\t\t<a id=\"accordion-3371641814-label\" class=\"accordion-title plain\" href=\"#accordion-item-was-bewirken-flohsamenschalen?\" aria-expanded=\"false\" aria-controls=\"accordion-3371641814-content\">\n\t\t\t<button class=\"toggle\" aria-label=\"Toggle\"><i class=\"icon-angle-down\" aria-hidden=\"true\"><\/i><\/button>\n\t\t\t<span>Was bewirken Flohsamenschalen?<\/span>\n\t\t<\/a>\n\t\t<div id=\"accordion-3371641814-content\" class=\"accordion-inner\" aria-labelledby=\"accordion-3371641814-label\">\n\t\t\t\n<p>Flohsamenschalen haben die Eigenschaft, bei Kontakt mit Wasser stark aufzuquellen. Dabei bindet die \u00e4u\u00dfere Schicht aus langkettigen Zuckermolek\u00fclen viel Wasser, wodurch die Schalen ihr Volumen vervielfachen. Im Gegensatz zu ganzen Flohsamen, deren Volumen bei Kontakt mit Fl\u00fcssigkeit auf das Neunfache ansteigt, liegt der Quellindex bei den Schalen bei 40.<\/p>\n<p>Dar\u00fcber hinaus ist der Ballaststoffanteil der Flohsamenschalen deutlich h\u00f6her als bei Flohsamen. Gleichzeitig bildet sich beim Aufquellen der Schalen eine Art Schleim. Dieser Schleim legt sich wie eine Schutzschicht auf die Schleimh\u00e4ute der Darmwand.<\/p>\n\t\t<\/div>\n\t<\/div>\n\t\n\t<div id=\"accordion-1644797929\" class=\"accordion-item\">\n\t\t<a id=\"accordion-1644797929-label\" class=\"accordion-title plain\" href=\"#accordion-item-welche-vorteile-haben-flohsamenschalen?\" aria-expanded=\"false\" aria-controls=\"accordion-1644797929-content\">\n\t\t\t<button class=\"toggle\" aria-label=\"Toggle\"><i class=\"icon-angle-down\" aria-hidden=\"true\"><\/i><\/button>\n\t\t\t<span>Welche Vorteile haben Flohsamenschalen?<\/span>\n\t\t<\/a>\n\t\t<div id=\"accordion-1644797929-content\" class=\"accordion-inner\" aria-labelledby=\"accordion-1644797929-label\">\n\t\t\t\n<p>Durch die Kombination aus Quellf\u00e4higkeit, Ballaststoffanteil und Schleimbildung k\u00f6nnen Flohsamenschalen das allgemeine Wohlbefinden im Magen-Darm-Trakt unterst\u00fctzen. So etwa dienen die enthaltenen Ballaststoffe den im Darm enthaltenen Bakterien als Nahrung, was zur Gesunderhaltung der Darmflora beitragen kann.<\/p>\n<p>Dar\u00fcber hinaus beugt der abgesonderte Schleim nicht nur Schleimhautirritationen vor, sondern soll auch dazu beitragen, sch\u00e4dliche Stoffe zu binden. \u00dcberdies kann der Einsatz von Flohsamenschalen bei Darmbeschwerden wie Durchfall zur Festigung des Stuhls beitragen. Im Gegenzug erfreuen sich Flohsamenschalen auch bei Verstopfungen gro\u00dfer Beliebtheit. Hier erh\u00f6ht das Aufquellen das Volumen des Stuhls und kann so dazu beitragen, die nat\u00fcrliche Darmbewegung zu f\u00f6rdern.<\/p>\n<p>Da die Flohsamen stark aufquellen, musst du \u00fcber den Tag hinweg viel Fl\u00fcssigkeit zu dir nehmen. Zwei bis drei Liter sollten es schon sein, damit die Samen ihre Wirkung entfalten k\u00f6nnen.<\/p>\n<p>Hinweis: Bei chronischen Erkrankungen ist es ratsam, vor der Einnahme von Flohsamen einen Arzt zu konsultieren, um m\u00f6gliche Wechselwirkungen mit Medikamenten zu kl\u00e4ren.<\/p>\n\t\t<\/div>\n\t<\/div>\n\t\n\t<div id=\"accordion-737965983\" class=\"accordion-item\">\n\t\t<a id=\"accordion-737965983-label\" class=\"accordion-title plain\" href=\"#accordion-item-was-bedeutet-aktivierungszeit?\" aria-expanded=\"false\" aria-controls=\"accordion-737965983-content\">\n\t\t\t<button class=\"toggle\" aria-label=\"Toggle\"><i class=\"icon-angle-down\" aria-hidden=\"true\"><\/i><\/button>\n\t\t\t<span>Was bedeutet Aktivierungszeit?<\/span>\n\t\t<\/a>\n\t\t<div id=\"accordion-737965983-content\" class=\"accordion-inner\" aria-labelledby=\"accordion-737965983-label\">\n\t\t\t\n<p>Es ist sinnvoll, das anger\u00fchrte Getr\u00e4nk vor der Einnahme f\u00fcr 10min ruhen zu lassen. Somit k\u00f6nnen sich die enthaltenen Darmbakterien optimal entfalten.<\/p>\n\t\t<\/div>\n\t<\/div>\n\t\n\t<div id=\"accordion-3652569393\" class=\"accordion-item\">\n\t\t<a id=\"accordion-3652569393-label\" class=\"accordion-title plain\" href=\"#accordion-item-allgemeines-zu-darmbakterien\" aria-expanded=\"false\" aria-controls=\"accordion-3652569393-content\">\n\t\t\t<button class=\"toggle\" aria-label=\"Toggle\"><i class=\"icon-angle-down\" aria-hidden=\"true\"><\/i><\/button>\n\t\t\t<span>Allgemeines zu Darmbakterien<\/span>\n\t\t<\/a>\n\t\t<div id=\"accordion-3652569393-content\" class=\"accordion-inner\" aria-labelledby=\"accordion-3652569393-label\">\n\t\t\t\n<p>Noch immer verbinden viele Menschen Bakterien mit etwas Negativem und glauben, dass ausnahmslos alle Bakterien sch\u00e4dlich sind. Wenn genau diese Menschen w\u00fcssten, dass ein durchschnittlicher Mensch aus einer Ansammlung von rund 1,5 Kilogramm Bakterien besteht, w\u00fcrde sich ihnen wohl der Magen umdrehen. Diese Bakterien, die insgesamt 400-500 Arten entstammen, sind f\u00fcr uns alles andere als sch\u00e4dlich.<\/p>\n<p>Ein Gro\u00dfteil dieser Bakterien lebt in unserem Darm und ist f\u00fcr unser Leben unverzichtbar. Auch unter dem Namen Darmflora bekannt, verrichten sie zahlreiche bedeutende Aufgaben, wie die Aufspaltung von Nahrungsbestandteilen. Ohne unsere Darmflora k\u00f6nnten wir nur einen Bruchteil an N\u00e4hrstoffen aufnehmen. Dar\u00fcber hinaus halten die \u201cguten\u201d Bakterien potenziell sch\u00e4dliche Bakterien davon ab, sich im Darm unkontrolliert zu vermehren.<\/p>\n<p>Aus diesem Grund ist es wichtig, dass wir unsere Darmflora stets im Gleichgewicht halten. Umso wichtiger ist auch die Wiederherstellung einer gesch\u00e4digten Darmflora nach einer Antibiotika-Behandlung. Schlie\u00dflich machen die entsprechenden Wirkstoffe kaum eine Ausnahme zwischen \u201cn\u00fctzlichen\u201d und \u201csch\u00e4dlichen\u201d Bakterien. Bevor wir dir sagen, was du tun solltest, musst du aber zun\u00e4chst die Symptome einer gest\u00f6rten Darmflora erkennen.<\/p>\n<p>Mehr Informationen zum Thema findest du im Fachartikel <a href=\"https:\/\/fitnfemale.com\/deu\/darmgesundheit-die-besten-strategien-fuer-einen-gesunden-darm\/\" target=\"_blank\" rel=\"noopener noreferrer\">Darmgesundheit \u2013 Die besten Strategien f\u00fcr einen gesunden Darm<\/a><\/p>\n<div id=\"tab-ux_custom_tab\" class=\"woocommerce-Tabs-panel woocommerce-Tabs-panel--ux_custom_tab panel entry-contentactive\" role=\"tabpanel\" aria-labelledby=\"tab-title-ux_custom_tab\"><\/div>\n\t\t<\/div>\n\t<\/div>\n\t\n\t<div id=\"accordion-1544099307\" class=\"accordion-item\">\n\t\t<a id=\"accordion-1544099307-label\" class=\"accordion-title plain\" href=\"#accordion-item-biotics-supermix-kombiniert-mit-anderen-produkten\" aria-expanded=\"false\" aria-controls=\"accordion-1544099307-content\">\n\t\t\t<button class=\"toggle\" aria-label=\"Toggle\"><i class=\"icon-angle-down\" aria-hidden=\"true\"><\/i><\/button>\n\t\t\t<span>Biotics Supermix kombiniert mit anderen Produkten<\/span>\n\t\t<\/a>\n\t\t<div id=\"accordion-1544099307-content\" class=\"accordion-inner\" aria-labelledby=\"accordion-1544099307-label\">\n\t\t\t\n<p>Biotics Supermix l\u00e4sst sich sehr gut mit s\u00e4mtlichen Produkten von FitnFemale kombinieren bzw. einnehmen. Booster und Fatburner sollten mit ca. 4-5 h Verz\u00f6gerung eingenommen werden. F\u00fcr ein\u00a0 gutes K\u00f6rpergef\u00fchl empfehlen wir zus\u00e4tzlich die Einnahme von <a href=\"https:\/\/fitnfemale.com\/deu\/shop\/omega-3\/\">OMEGA 3<\/a>, <a href=\"https:\/\/fitnfemale.com\/deu\/shop\/womens-magic-mix\/\">WOMEN\u2019S MAGIC MIX<\/a> (All-in-one Drink f\u00fcr Haut, Haare, N\u00e4gel, Shaping &amp; Appetitkontrolle!)<\/p>\n\t\t<\/div>\n\t<\/div>\n\t\n\t<div id=\"accordion-4154945175\" class=\"accordion-item\">\n\t\t<a id=\"accordion-4154945175-label\" class=\"accordion-title plain\" href=\"#accordion-item-inhaltsstoffe\" aria-expanded=\"false\" aria-controls=\"accordion-4154945175-content\">\n\t\t\t<button class=\"toggle\" aria-label=\"Toggle\"><i class=\"icon-angle-down\" aria-hidden=\"true\"><\/i><\/button>\n\t\t\t<span>Inhaltsstoffe<\/span>\n\t\t<\/a>\n\t\t<div id=\"accordion-4154945175-content\" class=\"accordion-inner\" aria-labelledby=\"accordion-4154945175-label\">\n\t\t\t\n<table class=\"ffnf-clean-table\">\n<thead>\n<tr>\n<th>Inhaltsstoffe<\/th>\n<th>Portion (12 g)<\/th>\n<th>\u00a0<\/th>\n<th>% NRV*<\/th>\n<\/tr>\n<\/thead>\n<tbody>\n<tr>\n<td>Lactobacillus acidophilus<\/td>\n<td>100 Mio. CFU<\/td>\n<td>\u00a0<\/td>\n<td>&#8211;<\/td>\n<\/tr>\n<tr>\n<td>Bifidobacterium lactis<\/td>\n<td>100 Mio. CFU<\/td>\n<td>\u00a0<\/td>\n<td>&#8211;<\/td>\n<\/tr>\n<tr>\n<td>Flohsamenschalen<\/td>\n<td>5 g<\/td>\n<td>\u00a0<\/td>\n<td>&#8211;<\/td>\n<\/tr>\n<tr>\n<td>Chicor\u00e9e-Inulin<\/td>\n<td>5 g<\/td>\n<td>\u00a0<\/td>\n<td>&#8211;<\/td>\n<\/tr>\n<tr>\n<td>Vitamin C<\/td>\n<td>80 mg<\/td>\n<td>\u00a0<\/td>\n<td>100 %<\/td>\n<\/tr>\n<\/tbody>\n<\/table>\n\t\t<\/div>\n\t<\/div>\n\t\n\t<div id=\"accordion-2068641825\" class=\"accordion-item\">\n\t\t<a id=\"accordion-2068641825-label\" class=\"accordion-title plain\" href=\"#accordion-item-n\u00e4hrwerte\" aria-expanded=\"false\" aria-controls=\"accordion-2068641825-content\">\n\t\t\t<button class=\"toggle\" aria-label=\"Toggle\"><i class=\"icon-angle-down\" aria-hidden=\"true\"><\/i><\/button>\n\t\t\t<span>N\u00e4hrwerte<\/span>\n\t\t<\/a>\n\t\t<div id=\"accordion-2068641825-content\" class=\"accordion-inner\" aria-labelledby=\"accordion-2068641825-label\">\n\t\t\t\n<table class=\"ffnf-clean-table\">\n<thead>\n<tr>\n<th>N\u00e4hrwerte<\/th>\n<th>Portion (6 g)<\/th>\n<th>Portion (12 g)<\/th>\n<\/tr>\n<\/thead>\n<tbody>\n<tr>\n<td>Energie<\/td>\n<td>46 kJ \/ 11 kcal<\/td>\n<td>91 kJ \/ 22 kcal<\/td>\n<\/tr>\n<tr>\n<td>Fett<br \/>\u2013 davon ges\u00e4ttigte Fetts\u00e4uren<\/td>\n<td>&lt; 0,5 g<br \/>&lt; 0,1 g<\/td>\n<td>&lt; 0,5 g<br \/>&lt; 0,1 g<\/td>\n<\/tr>\n<tr>\n<td class=\"translation-block\">Kohlenhydrate<br>\u2013 davon Zucker<\/td>\n<td>0,7 g<br \/>0,25 g<\/td>\n<td>1,4 g<br \/>0,5 g<\/td>\n<\/tr>\n<tr>\n<td>Ballaststoffe<\/td>\n<td>4,2 g<\/td>\n<td>8,3 g<\/td>\n<\/tr>\n<tr>\n<td>Eiweiss<\/td>\n<td>&lt; 0,5 g<\/td>\n<td>&lt; 0,5 g<\/td>\n<\/tr>\n<tr>\n<td>Salz<\/td>\n<td>&lt; 0,01 g<\/td>\n<td>&lt; 0,01 g<\/td>\n<\/tr>\n<\/tbody>\n<\/table>\n\t\t<\/div>\n\t<\/div>\n\t\n<\/div>","protected":false},"excerpt":{"rendered":"<h2>Ein Supermix f\u00fcr ein gutes Bauchgef\u00fchl.<\/h2>\n<h4>Ein leckerer, nat\u00fcrlicher Drink, vollgepackt mit hochwertigen Inhaltsstoffen.<\/h4>\n<p>Wertvolle und hochdosierte Darmbakterien, kombiniert mit Ballaststoffen aus Flohsamenschalen und Chicor\u00e9e Inulin, Vitamin C, nat\u00fcrlichem Geschmack aus echtem Erdbeersaft Fruchtpulver und leich ges\u00fcsst mit Stevia. Ein Produkt, das dazu beitragen kann, das Wohlbefinden im Verdauungssystem zu unterst\u00fctzen.<\/p>\n<ul>\n<li class=\"bullet-star\">Enth\u00e4lt 10 Milliarden Probiotika-Kulturen pro Tag<\/li>\n<li class=\"bullet-star\">Mit nat\u00fcrlichem Erdbeersaft Fruchtpulver f\u00fcr einen leckeren Geschmack<\/li>\n<li class=\"bullet-star\">Reich an Vitamin C, das zur normalen Funktion des Immunsystems beitr\u00e4gt<\/li>\n<li class=\"bullet-star\">100% vegan und leicht ges\u00fc\u00dft mit Stevia<\/li>\n<li class=\"bullet-star\">Enth\u00e4lt Ballaststoffe aus Flohsamenschalen und Chicoree Inulin<\/li>\n<\/ul>","protected":false},"featured_media":943437,"comment_status":"open","ping_status":"closed","template":"","meta":{"slim_seo":{"title":"Biotics Supermix - FitNFemale\u00ae","description":"Ein Supermix f\u00fcr ein gutes Bauchgef\u00fchl. Ein leckerer, nat\u00fcrlicher Drink, vollgepackt mit hochwertigen Inhaltsstoffen. Wertvolle und hochdosierte Darmbakterien,"}},"product_brand":[],"product_cat":[6363,317,6629,619,401],"product_tag":[],"class_list":{"0":"post-540344","1":"product","2":"type-product","3":"status-publish","4":"has-post-thumbnail","6":"product_cat-promo-40","7":"product_cat-abnehmen","8":"product_cat-basic","9":"product_cat-fitness-drink","10":"product_cat-health","11":"pa_anwendungsbereiche-better-digestion","12":"pa_anwendungsbereiche-energy","13":"pa_anwendungsbereiche-skin-hair-nails","14":"pa_anwendungsbereiche-immune-system","15":"pa_anwendungsbereiche-shaping","16":"pa_marke-fitnfemale","17":"pa_misc-aspartamfree","18":"pa_misc-glutenfree","19":"pa_misc-lactosefree","20":"pa_nutritionfactinfo-high-fiber","21":"pa_schwangerschaft-geeignet","22":"pa_stillzeit-geeignet","23":"pa_vegan-ja","25":"first","26":"instock","27":"featured","28":"taxable","29":"shipping-taxable","30":"purchasable","31":"product-type-variable","32":"has-default-attributes"},"bundled_by":["348815","956646"],"bundle_stock_status":"instock","bundle_stock_quantity":null,"bundle_virtual":false,"bundle_layout":"","bundle_add_to_cart_form_location":"","bundle_editable_in_cart":false,"bundle_sold_individually_context":"","bundle_item_grouping":"","bundle_min_size":"","bundle_max_size":"","bundle_price":[],"bundled_items":[],"bundle_sell_ids":[],"gallery_images":[584806,953760,953764,953762,754646,953763,754642],"_links":{"self":[{"href":"https:\/\/fitnfemale.com\/deu\/wp-json\/wp\/v2\/product\/540344","targetHints":{"allow":["GET"]}}],"collection":[{"href":"https:\/\/fitnfemale.com\/deu\/wp-json\/wp\/v2\/product"}],"about":[{"href":"https:\/\/fitnfemale.com\/deu\/wp-json\/wp\/v2\/types\/product"}],"replies":[{"embeddable":true,"href":"https:\/\/fitnfemale.com\/deu\/wp-json\/wp\/v2\/comments?post=540344"}],"wp:featuredmedia":[{"embeddable":true,"href":"https:\/\/fitnfemale.com\/deu\/wp-json\/wp\/v2\/media\/943437"}],"wp:attachment":[{"href":"https:\/\/fitnfemale.com\/deu\/wp-json\/wp\/v2\/media?parent=540344"}],"wp:term":[{"taxonomy":"product_brand","embeddable":true,"href":"https:\/\/fitnfemale.com\/deu\/wp-json\/wp\/v2\/product_brand?post=540344"},{"taxonomy":"product_cat","embeddable":true,"href":"https:\/\/fitnfemale.com\/deu\/wp-json\/wp\/v2\/product_cat?post=540344"},{"taxonomy":"product_tag","embeddable":true,"href":"https:\/\/fitnfemale.com\/deu\/wp-json\/wp\/v2\/product_tag?post=540344"}],"curies":[{"name":"wp","href":"https:\/\/api.w.org\/{rel}","templated":true}]}}