{"id":528925,"date":"2020-08-06T20:51:12","date_gmt":"2020-08-06T19:51:12","guid":{"rendered":"https:\/\/fitnfemale.com\/?post_type=product&#038;p=528925"},"modified":"2026-04-12T17:00:54","modified_gmt":"2026-04-12T16:00:54","slug":"collagen-supermix","status":"publish","type":"product","link":"https:\/\/fitnfemale.com\/deu\/produkt\/collagen-supermix\/","title":{"rendered":"Collagen Supermix"},"content":{"rendered":"<div class=\"img has-hover img-details x md-x lg-x y md-y lg-y\" id=\"image_1619363477\">\n\t\t\t\t\t\t\t\t<div class=\"img-inner dark\" >\n\t\t\t<img decoding=\"async\" width=\"1020\" height=\"569\" src=\"https:\/\/fitnfemale.com\/wp-content\/uploads\/collagen-kollagen-details-rec-1400x781.webp\" class=\"attachment-large size-large\" alt=\"Collagen kollagen details rec\" srcset=\"https:\/\/fitnfemale.com\/wp-content\/uploads\/collagen-kollagen-details-rec-1400x781.webp 1400w, https:\/\/fitnfemale.com\/wp-content\/uploads\/collagen-kollagen-details-rec-717x400.webp 717w, https:\/\/fitnfemale.com\/wp-content\/uploads\/collagen-kollagen-details-rec-768x429.webp 768w, https:\/\/fitnfemale.com\/wp-content\/uploads\/collagen-kollagen-details-rec-18x10.webp 18w, https:\/\/fitnfemale.com\/wp-content\/uploads\/collagen-kollagen-details-rec-1000x558.webp 1000w, https:\/\/fitnfemale.com\/wp-content\/uploads\/collagen-kollagen-details-rec.webp 1500w\" sizes=\"(max-width: 1020px) 100vw, 1020px\" \/>\t\t\t\t\t\t\n\t\t\t\t\t<\/div>\n\t\t\t\t\t\t\t\t\n<style>\n#image_1619363477 {\n  width: 100%;\n}\n<\/style>\n\t<\/div>\n\t\n<ul>\n<li class=\"bullet-star\">Enth\u00e4lt Collagen, das als Baustein f\u00fcr Bindegewebe, Haut, Haare, Gelenke und Knochen bekannt ist.<\/li>\n<li class=\"bullet-star\">Mit A\u00e7a\u00ed Beeren, die traditionell zur Unterst\u00fctzung des allgemeinen Wohlbefindens verwendet werden.<\/li>\n<li class=\"bullet-star\">Mit Ashwagandha<\/li>\n<li class=\"bullet-star\">Camu Camu enth\u00e4lt nat\u00fcrlicherweise hohe Vitamin- und Provitamin-Anteile.<\/li>\n<li class=\"bullet-star\">MSM ist bekannt f\u00fcr seine Rolle bei der Unterst\u00fctzung wichtiger K\u00f6rperfunktionen.<\/li>\n<li class=\"bullet-star\">Vitamin C tr\u00e4gt zur normalen Funktion des Immunsystems bei.<\/li>\n<li class=\"bullet-star\">Enth\u00e4lt 100% nat\u00fcrliches Collagen aus artgerechter Tierhaltung.<\/li>\n<li class=\"bullet-star\">Geniesse den sanften und nat\u00fcrlichen Geschmack von A\u00e7a\u00ed.<\/li>\n<\/ul>\n<div class=\"accordion\">\n\t<div id=\"accordion-4148286808\" class=\"accordion-item\">\n\t\t<a id=\"accordion-4148286808-label\" class=\"accordion-title plain\" href=\"#accordion-item-inhaltsstoffe\" aria-expanded=\"false\" aria-controls=\"accordion-4148286808-content\">\n\t\t\t<button class=\"toggle\" aria-label=\"Toggle\"><i class=\"icon-angle-down\" aria-hidden=\"true\"><\/i><\/button>\n\t\t\t<span>Inhaltsstoffe<\/span>\n\t\t<\/a>\n\t\t<div id=\"accordion-4148286808-content\" class=\"accordion-inner\" aria-labelledby=\"accordion-4148286808-label\">\n\t\t\t\n<table class=\"ffnf-clean-table\">\n<thead>\n<tr>\n<th>Inhaltsstoffe<\/th>\n<th>100 g<\/th>\n<th>Portion (10 g)<\/th>\n<\/tr>\n<\/thead>\n<tbody>\n<tr>\n<td>Kollagenhydrolysat<\/td>\n<td>70000 mg<\/td>\n<td>7000 mg<\/td>\n<\/tr>\n<tr>\n<td>Methylsulfonylmethan (MSM)<\/td>\n<td>10000 mg<\/td>\n<td>1000 mg<\/td>\n<\/tr>\n<tr>\n<td>A\u00e7a\u00ed-Frucht-Extrakt<\/td>\n<td>2500 mg<\/td>\n<td>250 mg<\/td>\n<\/tr>\n<tr>\n<td>Camu Camu Extrakt<\/td>\n<td>1000 mg<\/td>\n<td>100 mg<\/td>\n<\/tr>\n<tr>\n<td>Ashwagandha-Extrakt<\/td>\n<td>500 mg<\/td>\n<td>50 mg<\/td>\n<\/tr>\n<tr>\n<td>Vitamin C<\/td>\n<td>250 mg<\/td>\n<td>25 mg<\/td>\n<\/tr>\n<\/tbody>\n<\/table>\n\t\t<\/div>\n\t<\/div>\n\t\n\t<div id=\"accordion-1571685550\" class=\"accordion-item\">\n\t\t<a id=\"accordion-1571685550-label\" class=\"accordion-title plain\" href=\"#accordion-item-n\u00e4hrwerte\" aria-expanded=\"false\" aria-controls=\"accordion-1571685550-content\">\n\t\t\t<button class=\"toggle\" aria-label=\"Toggle\"><i class=\"icon-angle-down\" aria-hidden=\"true\"><\/i><\/button>\n\t\t\t<span>N\u00e4hrwerte<\/span>\n\t\t<\/a>\n\t\t<div id=\"accordion-1571685550-content\" class=\"accordion-inner\" aria-labelledby=\"accordion-1571685550-label\">\n\t\t\t\n<table class=\"ffnf-clean-table\">\n<thead>\n<tr>\n<th>N\u00e4hrwerte<\/th>\n<th>100 g<\/th>\n<th>Portion (10 g)<\/th>\n<\/tr>\n<\/thead>\n<tbody>\n<tr>\n<td>Energie<\/td>\n<td>1349 kJ \/ 317 kcal<\/td>\n<td>135 kJ \/ 32 kcal<\/td>\n<\/tr>\n<tr>\n<td>Fett<br \/>\u2013 davon ges\u00e4ttigte Fetts\u00e4uren<\/td>\n<td>0,1 g<br \/>&lt; 0,1 g<\/td>\n<td>&lt; 0,1 g<br \/>&lt; 0,1 g<\/td>\n<\/tr>\n<tr>\n<td class=\"translation-block\">Kohlenhydrate<br>\u2013 davon Zucker<\/td>\n<td>8,9 g<br \/>2,5 g<\/td>\n<td>0,9 g<br \/>0,3 g<\/td>\n<\/tr>\n<tr>\n<td>Eiweiss<\/td>\n<td>69,9 g<\/td>\n<td>7,0 g<\/td>\n<\/tr>\n<tr>\n<td>Salz<\/td>\n<td>0,23 g<\/td>\n<td>0,02 g<\/td>\n<\/tr>\n<\/tbody>\n<\/table>\n\t\t<\/div>\n\t<\/div>\n\t\n\t<div id=\"accordion-2546802929\" class=\"accordion-item\">\n\t\t<a id=\"accordion-2546802929-label\" class=\"accordion-title plain\" href=\"#accordion-item-was-ist-kollagen?\" aria-expanded=\"false\" aria-controls=\"accordion-2546802929-content\">\n\t\t\t<button class=\"toggle\" aria-label=\"Toggle\"><i class=\"icon-angle-down\" aria-hidden=\"true\"><\/i><\/button>\n\t\t\t<span>Was ist Kollagen?<\/span>\n\t\t<\/a>\n\t\t<div id=\"accordion-2546802929-content\" class=\"accordion-inner\" aria-labelledby=\"accordion-2546802929-label\">\n\t\t\t\n<p>Kollagen ist das am h\u00e4ufigsten vorkommende Strukturprotein in deinem K\u00f6rper. Es verleiht Haut, Haaren, N\u00e4geln, Knochen, Sehnen und Bindegewebe ihre Festigkeit und Elastizit\u00e4t.<\/p>\n<p>Mit zunehmendem Alter nimmt die k\u00f6rpereigene Produktion ab \u2013 daher setzen viele bewusst auf eine gezielte Erg\u00e4nzung von aussen.<\/p>\n\t<div class=\"img has-hover x md-x lg-x y md-y lg-y\" id=\"image_2079951729\">\n\t\t\t\t\t\t\t\t<div class=\"img-inner dark\" >\n\t\t\t<img decoding=\"async\" width=\"877\" height=\"800\" src=\"https:\/\/fitnfemale.com\/wp-content\/uploads\/collagen-vorher-nachher-877x800.jpg\" class=\"attachment-large size-large\" alt=\"Collagen vorher nachher\" srcset=\"https:\/\/fitnfemale.com\/wp-content\/uploads\/collagen-vorher-nachher-877x800.jpg 877w, https:\/\/fitnfemale.com\/wp-content\/uploads\/collagen-vorher-nachher-439x400.jpg 439w, https:\/\/fitnfemale.com\/wp-content\/uploads\/collagen-vorher-nachher-768x700.jpg 768w, https:\/\/fitnfemale.com\/wp-content\/uploads\/collagen-vorher-nachher-13x12.jpg 13w, https:\/\/fitnfemale.com\/wp-content\/uploads\/collagen-vorher-nachher-1000x912.jpg 1000w, https:\/\/fitnfemale.com\/wp-content\/uploads\/collagen-vorher-nachher.jpg 1092w\" sizes=\"(max-width: 877px) 100vw, 877px\" \/>\t\t\t\t\t\t\n\t\t\t\t\t<\/div>\n\t\t\t\t\t\t\t\t\n<style>\n#image_2079951729 {\n  width: 100%;\n}\n<\/style>\n\t<\/div>\n\t\n\t\t<\/div>\n\t<\/div>\n\t\n\t<div id=\"accordion-2169422463\" class=\"accordion-item\">\n\t\t<a id=\"accordion-2169422463-label\" class=\"accordion-title plain\" href=\"#accordion-item-was-ist-kollagen-hydrolysat?\" aria-expanded=\"false\" aria-controls=\"accordion-2169422463-content\">\n\t\t\t<button class=\"toggle\" aria-label=\"Toggle\"><i class=\"icon-angle-down\" aria-hidden=\"true\"><\/i><\/button>\n\t\t\t<span>Was ist Kollagen-Hydrolysat?<\/span>\n\t\t<\/a>\n\t\t<div id=\"accordion-2169422463-content\" class=\"accordion-inner\" aria-labelledby=\"accordion-2169422463-label\">\n\t\t\t\n<p>Hydrolysiertes Kollagen ist besonders fein aufgespaltenes Kollagen \u2013 sogenannte Peptide \u2013, die vom K\u00f6rper leichter aufgenommen werden k\u00f6nnen. Durch die enzymatische Aufbereitung entsteht eine hohe Bioverf\u00fcgbarkeit und gute Vertr\u00e4glichkeit.<\/p>\n\t\t<\/div>\n\t<\/div>\n\t\n\t<div id=\"accordion-1295328605\" class=\"accordion-item\">\n\t\t<a id=\"accordion-1295328605-label\" class=\"accordion-title plain\" href=\"#accordion-item-f\u00fcr-was-ist-es-gut-und-welche-funktionen-hat-es?\" aria-expanded=\"false\" aria-controls=\"accordion-1295328605-content\">\n\t\t\t<button class=\"toggle\" aria-label=\"Toggle\"><i class=\"icon-angle-down\" aria-hidden=\"true\"><\/i><\/button>\n\t\t\t<span>F\u00fcr was ist es gut und welche Funktionen hat es?<\/span>\n\t\t<\/a>\n\t\t<div id=\"accordion-1295328605-content\" class=\"accordion-inner\" aria-labelledby=\"accordion-1295328605-label\">\n\t\t\t\n<p>Schon die mengenm\u00e4\u00dfige Verteilung des Strukturproteins im K\u00f6rper zeigt, welchen Stellenwert das es f\u00fcr unseren Organismus hat. Hier ein kurzer \u00dcberblick \u00fcber die wichtigsten Funktionen, die hochwertiges Kollagen in deinem K\u00f6rper \u00fcbernimmt:<\/p>\n<ul>\n<li class=\"bullet-star\"><strong>Unterst\u00fctzung der Hautstruktur \u00b7<\/strong> Mit dem Alter nimmt der Kollagenanteil in der Haut ab.<\/li>\n<li class=\"bullet-star translation-block\"><strong>Unterst\u00fctzt B\u00e4nder und Sehnen \u00b7<\/strong> Kollagen ist ein wesentlicher Bestandteil von B\u00e4ndern und Sehnen und kann zur Unterst\u00fctzung ihrer Struktur beitragen, insbesondere bei k\u00f6rperlicher Aktivit\u00e4t.<\/li>\n<li class=\"bullet-star translation-block\"><strong>Unterst\u00fctzt die Gelenkfunktion \u00b7&nbsp;<\/strong>Kollagen ist ein wichtiger Bestandteil des Gelenkknorpels und kann zur Unterst\u00fctzung der Gelenkfunktion beitragen.<\/li>\n<li class=\"bullet-star translation-block\"><strong>Unterst\u00fctzt den Muskelaufbau \u00b7<\/strong> Kollagen ist auch in der Muskulatur vorhanden und kann eine Rolle bei der Unterst\u00fctzung des Muskelaufbaus spielen.<\/li>\n<\/ul>\n\t\t<\/div>\n\t<\/div>\n\t\n\t<div id=\"accordion-1586748925\" class=\"accordion-item\">\n\t\t<a id=\"accordion-1586748925-label\" class=\"accordion-title plain\" href=\"#accordion-item-wieso-kein-veganes-kollagen?\" aria-expanded=\"false\" aria-controls=\"accordion-1586748925-content\">\n\t\t\t<button class=\"toggle\" aria-label=\"Toggle\"><i class=\"icon-angle-down\" aria-hidden=\"true\"><\/i><\/button>\n\t\t\t<span>Wieso kein veganes Kollagen?<\/span>\n\t\t<\/a>\n\t\t<div id=\"accordion-1586748925-content\" class=\"accordion-inner\" aria-labelledby=\"accordion-1586748925-label\">\n\t\t\t\n<p>Es gibt aktuell <strong>kein echtes veganes Kollagen<\/strong>. Echte Kollagenpeptide k\u00f6nnen nur aus tierischen Quellen gewonnen werden \u2013 wie in unserem Fall Typ 1 &amp; Typ 3 aus hochwertigem Rinderkollagen. Viele sogenannte &#8222;vegane Kollagenprodukte&#8220; enthalten nur Kollagen-Booster \u2013 aber kein Kollagen selbst.<\/p>\n\t\t<\/div>\n\t<\/div>\n\t\n\t<div id=\"accordion-1021385092\" class=\"accordion-item\">\n\t\t<a id=\"accordion-1021385092-label\" class=\"accordion-title plain\" href=\"#accordion-item-wieso-kein-marine-kollagen?\" aria-expanded=\"false\" aria-controls=\"accordion-1021385092-content\">\n\t\t\t<button class=\"toggle\" aria-label=\"Toggle\"><i class=\"icon-angle-down\" aria-hidden=\"true\"><\/i><\/button>\n\t\t\t<span>Wieso kein Marine-Kollagen?<\/span>\n\t\t<\/a>\n\t\t<div id=\"accordion-1021385092-content\" class=\"accordion-inner\" aria-labelledby=\"accordion-1021385092-label\">\n\t\t\t\n<p><strong>Ein weit verbreiteter Irrglaube:<\/strong> Marine-Kollagen sei besser \u2013 oder sogar vegan.<br \/>Fakt ist: Marine-Kollagen wird aus Fischhaut, -schuppen oder -gr\u00e4ten gewonnen. Es ist also **nicht vegan** \u2013 sondern tierischen Ursprungs, genau wie unser Kollagen aus Rind.<\/p>\n<p><strong>Was viele nicht wissen:<\/strong> Die Idee, dass \u201eFisch besser sei\u201c, basiert auf <strong>Marketing \u2013 nicht auf Wirkung<\/strong>. Entscheidend sind Reinheit, Peptidform &amp; Bioverf\u00fcgbarkeit \u2013 und die liefern wir mit unserem hochwertigen Rinderkollagen zuverl\u00e4ssig.<\/p>\n<p><strong>Ein weiterer Vorteil:<\/strong> Wir verzichten bewusst auf marine Quellen \u2013 weil viele Fischbest\u00e4nde \u00fcberfischt sind. Unser Kollagen stammt aus verantwortungsvoll gewonnener Rinderquelle \u2013 <strong>nachhaltiger, kraftvoll &amp; ohne Meeresbelastung<\/strong>.<\/p>\n\t\t<\/div>\n\t<\/div>\n\t\n\t<div id=\"accordion-3093312039\" class=\"accordion-item\">\n\t\t<a id=\"accordion-3093312039-label\" class=\"accordion-title plain\" href=\"#accordion-item-die-kollagen-produktion-nimmt-im-alter-ab.\" aria-expanded=\"false\" aria-controls=\"accordion-3093312039-content\">\n\t\t\t<button class=\"toggle\" aria-label=\"Toggle\"><i class=\"icon-angle-down\" aria-hidden=\"true\"><\/i><\/button>\n\t\t\t<span>Die Kollagen-Produktion nimmt im Alter ab.<\/span>\n\t\t<\/a>\n\t\t<div id=\"accordion-3093312039-content\" class=\"accordion-inner\" aria-labelledby=\"accordion-3093312039-label\">\n\t\t\t\n\n  <div class=\"banner has-hover\" id=\"banner-42840691\">\n          <div class=\"banner-inner fill\">\n        <div class=\"banner-bg fill\" >\n                                                \n                    <\/div>\n\t\t\n        <div class=\"banner-layers container\">\n            <div class=\"fill banner-link\"><\/div>            \n   <div id=\"text-box-410673519\" class=\"text-box banner-layer x50 md-x50 lg-x50 y0 md-y0 lg-y0 res-text\">\n                                <div class=\"text-box-content text\">\n              \n              <div class=\"text-inner text-center\">\n                  \n\t<div id=\"text-347286780\" class=\"text\">\n\t\t\n<p>Ab dem 20. Lebensjahr nimmt die Kollagenproduktion im K\u00f6rper j\u00e4hrlich um etwa 1 Prozent ab. Nach dem 30. Lebensjahr beschleunigt sich der R\u00fcckgang der Kollagenproduktion. Dies kann dazu f\u00fchren, dass Haare, Haut und N\u00e4gel im Alter d\u00fcnner und br\u00fcchiger werden (<a href=\"https:\/\/www.ncbi.nlm.nih.gov\/pmc\/articles\/PMC4082169\/\" target=\"_blank\" rel=\"nofollow noopener\">The Effects of Aging on Skin Collagen<\/a>, <a href=\"https:\/\/www.health.harvard.edu\/staying-healthy\/foods-that-boost-collagen\" target=\"_blank\" rel=\"nofollow noopener\">Harvard Health Publishing<\/a>).<br \/>\n\t\t\n<style>\n#text-347286780 {\n  font-size: 0.9rem;\n  line-height: 1.5;\n  text-align: left;\n}\n<\/style>\n\t<\/div>\n\t\n\t<div class=\"img has-hover x md-x lg-x y md-y lg-y\" id=\"image_1291753025\">\n\t\t\t\t\t\t\t\t<div class=\"img-inner dark\" >\n\t\t\t<img decoding=\"async\" width=\"661\" height=\"323\" src=\"https:\/\/fitnfemale.com\/wp-content\/uploads\/kollagen-produktion2-1.png\" class=\"attachment-large size-large\" alt=\"Kollagen produktion2\" srcset=\"https:\/\/fitnfemale.com\/wp-content\/uploads\/kollagen-produktion2-1.png 661w, https:\/\/fitnfemale.com\/wp-content\/uploads\/kollagen-produktion2-1-510x249.png 510w, https:\/\/fitnfemale.com\/wp-content\/uploads\/kollagen-produktion2-1-18x9.png 18w\" sizes=\"(max-width: 661px) 100vw, 661px\" \/>\t\t\t\t\t\t\n\t\t\t\t\t<\/div>\n\t\t\t\t\t\t\t\t\n<style>\n#image_1291753025 {\n  width: 100%;\n}\n<\/style>\n\t<\/div>\n\t\n              <\/div>\n           <\/div>\n                            \n<style>\n#text-box-410673519 {\n  width: 89%;\n}\n#text-box-410673519 .text-box-content {\n  font-size: 100%;\n}\n<\/style>\n    <\/div>\n \n        <\/div>\n      <\/div>\n\n            \n<style>\n#banner-42840691 {\n  padding-top: 312px;\n  background-color: rgb(252, 237, 238);\n}\n@media (min-width:550px) {\n  #banner-42840691 {\n    padding-top: 425px;\n  }\n}\n<\/style>\n  <\/div>\n\n\n\t\t<\/div>\n\t<\/div>\n\t\n<\/div>","protected":false},"excerpt":{"rendered":"<h2>Der Supermix f\u00fcr die Sch\u00f6nheit von Innen<\/h2>\n<h4>Ein Beauty-Health-Fitness-Drink mit Collagen, A\u00e7a\u00ed, Ashwagandha, Camu Camu, MSM und Vitamin C, der dazu beitragen kann, dein Wohlbefinden zu unterst\u00fctzen. Enth\u00e4lt Inhaltsstoffe, die traditionell im Zusammenhang mit Bindegewebe, Haut, Haare, Gelenke, Knochen, Stressbew\u00e4ltigung und allgemeiner Gesundheit stehen.<\/h4>","protected":false},"featured_media":943815,"comment_status":"open","ping_status":"closed","template":"","meta":{"slim_seo":{"title":"Collagen Supermix - FitNFemale\u00ae","description":"Der Supermix f\u00fcr die Sch\u00f6nheit von Innen Ein Beauty-Health-Fitness-Drink mit Collagen, A\u00e7a\u00ed, Ashwagandha, Camu Camu, MSM und Vitamin C, der dazu beitragen kann,"}},"product_brand":[],"product_cat":[6508,6629,401],"product_tag":[6487,6486,6488],"class_list":{"0":"post-528925","1":"product","2":"type-product","3":"status-publish","4":"has-post-thumbnail","6":"product_cat-promo-25","7":"product_cat-basic","8":"product_cat-health","9":"product_tag-beauty","10":"product_tag-collagen","11":"product_tag-health","12":"pa_anwendungsbereiche-bindegewebe","13":"pa_anwendungsbereiche-gelenke-und-knochen","14":"pa_anwendungsbereiche-health","15":"pa_anwendungsbereiche-skin-hair-nails","16":"pa_anwendungsbereiche-immune-system","17":"pa_marke-fitnfemale","18":"pa_misc-aspartamfree","19":"pa_misc-glutenfree","20":"pa_misc-lactosefree","21":"pa_nutritionfactinfo-nofat","22":"pa_nutritionfactinfo-nocarbs","23":"pa_nutritionfactinfo-nosugar","24":"pa_schwangerschaft-nicht-geeignet","25":"pa_stillzeit-nicht-geeignet","26":"pa_vegan-nein","28":"first","29":"instock","30":"featured","31":"taxable","32":"shipping-taxable","33":"purchasable","34":"product-type-simple"},"bundled_by":["545696","627268","738344","786592","956371"],"bundle_stock_status":"instock","bundle_stock_quantity":58,"bundle_virtual":false,"bundle_layout":"","bundle_add_to_cart_form_location":"","bundle_editable_in_cart":false,"bundle_sold_individually_context":"","bundle_item_grouping":"","bundle_min_size":"","bundle_max_size":"","bundle_price":[],"bundled_items":[],"bundle_sell_ids":[],"gallery_images":[953182,952999,950469,934679,953184,953200,953183,953202],"_links":{"self":[{"href":"https:\/\/fitnfemale.com\/deu\/wp-json\/wp\/v2\/product\/528925","targetHints":{"allow":["GET"]}}],"collection":[{"href":"https:\/\/fitnfemale.com\/deu\/wp-json\/wp\/v2\/product"}],"about":[{"href":"https:\/\/fitnfemale.com\/deu\/wp-json\/wp\/v2\/types\/product"}],"replies":[{"embeddable":true,"href":"https:\/\/fitnfemale.com\/deu\/wp-json\/wp\/v2\/comments?post=528925"}],"wp:featuredmedia":[{"embeddable":true,"href":"https:\/\/fitnfemale.com\/deu\/wp-json\/wp\/v2\/media\/943815"}],"wp:attachment":[{"href":"https:\/\/fitnfemale.com\/deu\/wp-json\/wp\/v2\/media?parent=528925"}],"wp:term":[{"taxonomy":"product_brand","embeddable":true,"href":"https:\/\/fitnfemale.com\/deu\/wp-json\/wp\/v2\/product_brand?post=528925"},{"taxonomy":"product_cat","embeddable":true,"href":"https:\/\/fitnfemale.com\/deu\/wp-json\/wp\/v2\/product_cat?post=528925"},{"taxonomy":"product_tag","embeddable":true,"href":"https:\/\/fitnfemale.com\/deu\/wp-json\/wp\/v2\/product_tag?post=528925"}],"curies":[{"name":"wp","href":"https:\/\/api.w.org\/{rel}","templated":true}]}}