{"id":525423,"date":"2020-07-23T08:22:55","date_gmt":"2020-07-23T07:22:55","guid":{"rendered":"https:\/\/fitnfemale.com\/?post_type=product&#038;p=525423"},"modified":"2026-04-14T18:00:57","modified_gmt":"2026-04-14T17:00:57","slug":"shape-bands-set-latex","status":"publish","type":"product","link":"https:\/\/fitnfemale.com\/deu\/produkt\/shape-bands-set-latex\/","title":{"rendered":"Shape-Bands Pink 5er-Set"},"content":{"rendered":"<p>Hochwertige Shape Bands im 5er-Set &#8211; rutschfeste, elastische und langlebige Widerstandsb\u00e4nder im praktischen Beutel. Perfekt f\u00fcr das Training zu Hause. Ideal f\u00fcr das Training von Po und Beinen.<\/p>\n<p>Unsere Latex Shape Bands gibt&#8217;s im 5er Set mit unterschiedlichem Widerstand f\u00fcr ein abwechslungsreiches Training:<\/p>\n<ul>\n<li class=\"bullet-star\">Band <strong>X-Light<\/strong> (bis 2,5 kg Widerstand)<\/li>\n<li class=\"bullet-star\">Band <strong>Light<\/strong> (bis 5 kg Widerstand)<\/li>\n<li class=\"bullet-star\">Band <strong>Medium<\/strong> (bis 9 kg Widerstand)<\/li>\n<li class=\"bullet-star\">Band <strong>Heavy<\/strong> (bis 13 kg Widerstand)<\/li>\n<li class=\"bullet-star\">Band <strong>X-Heavy<\/strong> (bis 18 kg Widerstand)<\/li>\n<\/ul>\n<p>Rutschfestes und hochwertiges Latex-Material mit einer L\u00e4nge von 60cm und einer Breite von 5cm. Je nach Widerstand variiert die Materialdicke zwischen 0.35mm und 1.1mm.<\/p>\n<h3 class=\"accordion_title\">ZUSATZINFORMATIONEN<\/h3><div class=\"accordion\">\n\n<\/div>","protected":false},"excerpt":{"rendered":"<p>Keine Ausreden mehr! Mit den Shape Bands kann das Training zu Hause losgehen!<\/p>","protected":false},"featured_media":525426,"comment_status":"open","ping_status":"closed","template":"","meta":{"slim_seo":{"title":"Shape-Bands Pink 5er-Set - FitNFemale\u00ae","description":"Keine Ausreden mehr! Mit den Shape Bands kann das Training zu Hause losgehen!"}},"product_brand":[],"product_cat":[6366,283,6216],"product_tag":[],"class_list":{"0":"post-525423","1":"product","2":"type-product","3":"status-publish","4":"has-post-thumbnail","6":"product_cat-promo-10","7":"product_cat-equipment","8":"product_cat-trainingszubehoer","9":"pa_anwendungsbereiche-for-your-workout","10":"pa_marke-fitnfemale","11":"pa_schwangerschaft-geeignet","12":"pa_stillzeit-geeignet","14":"first","15":"outofstock","16":"taxable","17":"shipping-taxable","18":"purchasable","19":"product-type-simple"},"bundled_by":[],"bundle_stock_status":"outofstock","bundle_stock_quantity":2,"bundle_virtual":false,"bundle_layout":"","bundle_add_to_cart_form_location":"","bundle_editable_in_cart":false,"bundle_sold_individually_context":"","bundle_item_grouping":"","bundle_min_size":"","bundle_max_size":"","bundle_price":[],"bundled_items":[],"bundle_sell_ids":[],"gallery_images":[525425,537282,622249],"_links":{"self":[{"href":"https:\/\/fitnfemale.com\/deu\/wp-json\/wp\/v2\/product\/525423","targetHints":{"allow":["GET"]}}],"collection":[{"href":"https:\/\/fitnfemale.com\/deu\/wp-json\/wp\/v2\/product"}],"about":[{"href":"https:\/\/fitnfemale.com\/deu\/wp-json\/wp\/v2\/types\/product"}],"replies":[{"embeddable":true,"href":"https:\/\/fitnfemale.com\/deu\/wp-json\/wp\/v2\/comments?post=525423"}],"wp:featuredmedia":[{"embeddable":true,"href":"https:\/\/fitnfemale.com\/deu\/wp-json\/wp\/v2\/media\/525426"}],"wp:attachment":[{"href":"https:\/\/fitnfemale.com\/deu\/wp-json\/wp\/v2\/media?parent=525423"}],"wp:term":[{"taxonomy":"product_brand","embeddable":true,"href":"https:\/\/fitnfemale.com\/deu\/wp-json\/wp\/v2\/product_brand?post=525423"},{"taxonomy":"product_cat","embeddable":true,"href":"https:\/\/fitnfemale.com\/deu\/wp-json\/wp\/v2\/product_cat?post=525423"},{"taxonomy":"product_tag","embeddable":true,"href":"https:\/\/fitnfemale.com\/deu\/wp-json\/wp\/v2\/product_tag?post=525423"}],"curies":[{"name":"wp","href":"https:\/\/api.w.org\/{rel}","templated":true}]}}