{"id":5117,"date":"2017-10-02T18:11:08","date_gmt":"2017-10-02T18:11:08","guid":{"rendered":"http:\/\/blog.fitnfemale.de\/shop\/protein-pancake\/"},"modified":"2026-04-23T11:14:39","modified_gmt":"2026-04-23T10:14:39","slug":"protein-pancakes","status":"publish","type":"product","link":"https:\/\/fitnfemale.com\/deu\/produkt\/protein-pancakes\/","title":{"rendered":"Protein Pancakes"},"content":{"rendered":"<p>Das Produkt eignet sich ideal f\u00fcr den Muskelaufbau und f\u00fcr Di\u00e4tphasen.<\/p>\n<ul>\n<li class=\"bullet-star\">Schnelle und einfache Zubereitung<\/li>\n<li class=\"bullet-star\">Neutraler Geschmack, ideal zur Verfeinerung mit Aromapulvern &#8211; Flavourite<\/li>\n<li class=\"bullet-star\">Enth\u00e4lt bis zu 48% reines Protein<\/li>\n<li class=\"bullet-star\">Zuckerarm durch den Einsatz von Sucralose<\/li>\n<li class=\"bullet-star\">Perfekt als Zwischenmahlzeit oder kleine, aber eiwei\u00dfreiche Mahlzeit<\/li>\n<li class=\"bullet-star\">Bietet eine konstante Proteinversorgung dank hochwertiger, langsam und schnell verf\u00fcgbarer Proteinarten<\/li>\n<\/ul>\n<p>Mit dem FitNFemale Protein Pancakes Mix kannst du deine proteinreiche Ern\u00e4hrung f\u00fcr den Muskelaufbau unterst\u00fctzen und dabei gleichzeitig eine leckere, s\u00fc\u00dfe Mahlzeit genie\u00dfen. Ob mit Zimt und Apfelmus oder mit Obst und Kokosflocken \u2013 lass deiner Kreativit\u00e4t freien Lauf!<\/p>","protected":false},"excerpt":{"rendered":"<h2>Einfach und lecker: Der Protein-Pfannkuchen-Mix<\/h2>\n<h4>Gib deinem K\u00f6rper das, was er braucht, ohne auf Geschmack verzichten zu m\u00fcssen. Mit dem FitNFemale Protein Pancakes Mix kannst du im Handumdrehen luftig-leichte, geschmackvolle Pfannkuchen zubereiten, die im Vergleich zu normalen Pfannkuchen bis zu 50% weniger Zucker und Fett enthalten.<\/h4>","protected":false},"featured_media":633988,"comment_status":"open","ping_status":"closed","template":"","meta":{"slim_seo":{"title":"Protein Pancakes - FitNFemale\u00ae","description":"Einfach und lecker: Der Protein-Pfannkuchen-Mix Gib deinem K\u00f6rper das, was er braucht, ohne auf Geschmack verzichten zu m\u00fcssen. Mit dem FitNFemale Protein Panca"}},"product_brand":[],"product_cat":[6364,292,303],"product_tag":[],"class_list":{"0":"post-5117","1":"product","2":"type-product","3":"status-publish","4":"has-post-thumbnail","6":"product_cat-promo-30","7":"product_cat-food","8":"product_cat-snack","9":"pa_anwendungsbereiche-gesundes-kochen-backen","10":"pa_marke-fitnfemale","11":"pa_misc-aspartamfree","12":"pa_nutritionfactinfo-lowcarb","13":"pa_nutritionfactinfo-lowfat","14":"pa_nutritionfactinfo-lowsugar","15":"pa_schwangerschaft-geeignet","16":"pa_stillzeit-geeignet","17":"pa_vegan-nein","19":"first","20":"outofstock","21":"featured","22":"taxable","23":"shipping-taxable","24":"purchasable","25":"product-type-variable","26":"has-default-attributes"},"bundled_by":[],"bundle_stock_status":"outofstock","bundle_stock_quantity":0,"bundle_virtual":false,"bundle_layout":"","bundle_add_to_cart_form_location":"","bundle_editable_in_cart":false,"bundle_sold_individually_context":"","bundle_item_grouping":"","bundle_min_size":"","bundle_max_size":"","bundle_price":[],"bundled_items":[],"bundle_sell_ids":[],"gallery_images":[4322,8258,410416,149505,8757],"_links":{"self":[{"href":"https:\/\/fitnfemale.com\/deu\/wp-json\/wp\/v2\/product\/5117","targetHints":{"allow":["GET"]}}],"collection":[{"href":"https:\/\/fitnfemale.com\/deu\/wp-json\/wp\/v2\/product"}],"about":[{"href":"https:\/\/fitnfemale.com\/deu\/wp-json\/wp\/v2\/types\/product"}],"replies":[{"embeddable":true,"href":"https:\/\/fitnfemale.com\/deu\/wp-json\/wp\/v2\/comments?post=5117"}],"wp:featuredmedia":[{"embeddable":true,"href":"https:\/\/fitnfemale.com\/deu\/wp-json\/wp\/v2\/media\/633988"}],"wp:attachment":[{"href":"https:\/\/fitnfemale.com\/deu\/wp-json\/wp\/v2\/media?parent=5117"}],"wp:term":[{"taxonomy":"product_brand","embeddable":true,"href":"https:\/\/fitnfemale.com\/deu\/wp-json\/wp\/v2\/product_brand?post=5117"},{"taxonomy":"product_cat","embeddable":true,"href":"https:\/\/fitnfemale.com\/deu\/wp-json\/wp\/v2\/product_cat?post=5117"},{"taxonomy":"product_tag","embeddable":true,"href":"https:\/\/fitnfemale.com\/deu\/wp-json\/wp\/v2\/product_tag?post=5117"}],"curies":[{"name":"wp","href":"https:\/\/api.w.org\/{rel}","templated":true}]}}