{"id":5116,"date":"2017-10-02T18:11:03","date_gmt":"2017-10-02T18:11:03","guid":{"rendered":"http:\/\/blog.fitnfemale.de\/shop\/dein-ernaehrungsplan\/"},"modified":"2026-04-12T18:01:05","modified_gmt":"2026-04-12T17:01:05","slug":"dein-ernaehrungsplan","status":"publish","type":"product","link":"https:\/\/fitnfemale.com\/deu\/produkt\/dein-ernaehrungsplan\/","title":{"rendered":"Dein Ern\u00e4hrungsplan"},"content":{"rendered":"<div class=\"message-box relative dark\" style=\"padding-top:15px;padding-bottom:15px;\"><div class=\"message-box-bg-image bg-fill fill\" ><\/div><div class=\"message-box-bg-overlay bg-fill fill\" ><\/div><div class=\"container relative\"><div class=\"inner last-reset\">\n<div class=\"row align-middle align-center\"  id=\"row-1818413848\">\n\n\t<div id=\"col-1905816667\" class=\"col small-12 large-12\"  >\n\t\t\t\t<div class=\"col-inner\"  >\n\t\t\t\n\t\t\t\n<p>Unmittelbar nachdem du den Plan gekauft hast, erh\u00e4ltst du automatisch einen Fragekatalog per Email. Bitte sende uns diesen so rasch wie m\u00f6glich beantwortet zur\u00fcck, damit wir den Plan f\u00fcr dich individuell erstellen k\u00f6nnen.<\/p>\n\t\t<\/div>\n\t\t\t\t\t<\/div>\n\n\t\n<\/div>\n<\/div><\/div><\/div>\n\t<div id=\"gap-210484588\" class=\"gap-element clearfix\" style=\"display:block; height:auto;\">\n\t\t\n<style>\n#gap-210484588 {\n  padding-top: 30px;\n}\n<\/style>\n\t<\/div>\n\t\n<a href=\"https:\/\/m.me\/FitnFemale\" target=\"_blank\" class=\"button primary is-outline is-small\" rel=\"noopener\" >\n\t\t<span>Fragen? Melde dich bei uns im Chat<\/span>\n\t<i class=\"icon-angle-right\" aria-hidden=\"true\"><\/i><\/a>\n\n\t<div id=\"gap-116363182\" class=\"gap-element clearfix\" style=\"display:block; height:auto;\">\n\t\t\n<style>\n#gap-116363182 {\n  padding-top: 30px;\n}\n<\/style>\n\t<\/div>\n\t\n<p><strong><small>Da dieser Plan individuelle, auf dich abgestimmte, Komponenten enth\u00e4lt, erh\u00e4ltst du den Plan <u> innert 48 Stunden<\/u> per Mail. Dieser Plan wird dir elektronisch gesendet, deshalb fallen keine Versandkosten an. Pl\u00e4ne und eBooks sind vom R\u00fccktrittsrecht ausgeschlossen.<\/small><\/strong><\/p>","protected":false},"excerpt":{"rendered":"<h2>Dein Ern\u00e4hrungsplan von FITNFEMALE\u00ae<\/h2>\n<h4>Ern\u00e4hre dich wie eine Athletin! Die richtige Ern\u00e4hrung macht \u00fcber 60% von deinem Erfolg aus.<\/h4>\n<ul>\n<li class=\"bullet-star\">Individuelle Ermittlung deines t\u00e4glichen Energiebedarfs, an Trainings- wie auch trainingsfreien Tagen!<\/li>\n<li class=\"bullet-star\">Kein sturer und eint\u00f6niger Ern\u00e4hrungsplan! Du kannst aus vielen verschiedenen M\u00f6glichkeiten selbst entscheiden, auf was du gerade Lust hast!<\/li>\n<li class=\"bullet-star\">Jeden Sonntag Cheatday (bei 4 &amp; 5 Trainingstagen).<\/li>\n<li class=\"bullet-star\">Alle Mahlzeiten\/Rezepte f\u00fcr Hauptmahlzeiten und Snacks mit Bildern und N\u00e4hrwertangaben.<\/li>\n<li class=\"bullet-star\">Mit N\u00e4hrwert-Tabellen &#8211; angepasst auf alle Tages-Mahlzeiten.<\/li>\n<li class=\"bullet-star\">Wichtiges Info-Material zu athletischer und gesunder Ern\u00e4hrung inklusive.<\/li>\n<li class=\"bullet-star\">41 Seiten mit m\u00f6glichen Mahlzeiten, Snacks und Rezepten.<\/li>\n<li class=\"bullet-star\">Pass deine Ern\u00e4hrung Woche f\u00fcr Woche deinem Terminkalender\/Trainingsprogramm einfach an.<\/li>\n<li class=\"bullet-star\">Individuell gestaltbar.<\/li>\n<\/ul>","protected":false},"featured_media":738432,"comment_status":"open","ping_status":"closed","template":"","meta":{"slim_seo":{"title":"Dein Ern\u00e4hrungsplan - FitNFemale\u00ae","description":"Dein Ern\u00e4hrungsplan von FITNFEMALE\u00ae Ern\u00e4hre dich wie eine Athletin! Die richtige Ern\u00e4hrung macht \u00fcber 60% von deinem Erfolg aus. Individuelle Ermittlung deines"}},"product_brand":[],"product_cat":[428,6671],"product_tag":[],"class_list":{"0":"post-5116","1":"product","2":"type-product","3":"status-publish","4":"has-post-thumbnail","6":"product_cat-plan","7":"product_cat-topdeals","8":"pa_anwendungsbereiche-better-digestion","9":"pa_anwendungsbereiche-gesundes-kochen-backen","10":"pa_anwendungsbereiche-weightloss","11":"pa_anwendungsbereiche-shaping","12":"pa_marke-fitnfemale","13":"pa_misc-digital","14":"pa_schwangerschaft-geeignet","15":"pa_stillzeit-geeignet","17":"first","18":"instock","19":"virtual","20":"sold-individually","21":"taxable","22":"purchasable","23":"product-type-simple"},"bundled_by":[],"bundle_stock_status":"instock","bundle_stock_quantity":null,"bundle_virtual":false,"bundle_layout":"","bundle_add_to_cart_form_location":"","bundle_editable_in_cart":false,"bundle_sold_individually_context":"","bundle_item_grouping":"","bundle_min_size":"","bundle_max_size":"","bundle_price":[],"bundled_items":[],"bundle_sell_ids":[],"gallery_images":[407653],"_links":{"self":[{"href":"https:\/\/fitnfemale.com\/deu\/wp-json\/wp\/v2\/product\/5116","targetHints":{"allow":["GET"]}}],"collection":[{"href":"https:\/\/fitnfemale.com\/deu\/wp-json\/wp\/v2\/product"}],"about":[{"href":"https:\/\/fitnfemale.com\/deu\/wp-json\/wp\/v2\/types\/product"}],"replies":[{"embeddable":true,"href":"https:\/\/fitnfemale.com\/deu\/wp-json\/wp\/v2\/comments?post=5116"}],"wp:featuredmedia":[{"embeddable":true,"href":"https:\/\/fitnfemale.com\/deu\/wp-json\/wp\/v2\/media\/738432"}],"wp:attachment":[{"href":"https:\/\/fitnfemale.com\/deu\/wp-json\/wp\/v2\/media?parent=5116"}],"wp:term":[{"taxonomy":"product_brand","embeddable":true,"href":"https:\/\/fitnfemale.com\/deu\/wp-json\/wp\/v2\/product_brand?post=5116"},{"taxonomy":"product_cat","embeddable":true,"href":"https:\/\/fitnfemale.com\/deu\/wp-json\/wp\/v2\/product_cat?post=5116"},{"taxonomy":"product_tag","embeddable":true,"href":"https:\/\/fitnfemale.com\/deu\/wp-json\/wp\/v2\/product_tag?post=5116"}],"curies":[{"name":"wp","href":"https:\/\/api.w.org\/{rel}","templated":true}]}}