{"id":5059,"date":"2017-10-02T19:10:56","date_gmt":"2017-10-02T18:10:56","guid":{"rendered":"http:\/\/blog.fitnfemale.de\/shop\/fitness-pasta\/"},"modified":"2026-04-12T18:01:38","modified_gmt":"2026-04-12T17:01:38","slug":"fitness-pasta","status":"publish","type":"product","link":"https:\/\/fitnfemale.com\/deu\/produkt\/fitness-pasta\/","title":{"rendered":"Fitness Pasta"},"content":{"rendered":"<p>Bist du auf der Suche nach einem Nudelgericht, das nicht nur k\u00f6stlich schmeckt, sondern auch deine sportlichen Ziele unterst\u00fctzt? Dann haben wir genau das Richtige f\u00fcr dich: unsere Fitness-Pasta!<\/p>\n<p>Unsere Fitness-Pasta ist vollgepackt mit wertvollem Eiwei\u00df und Ballaststoffen, die deinen K\u00f6rper optimal mit N\u00e4hrstoffen versorgen und dich dabei unterst\u00fctzen, deine sportlichen Ziele zu erreichen. Dabei musst du aber keinesfalls auf den k\u00f6stlichen Geschmack von Pasta verzichten &#8211; unsere Fitness-Pasta schmeckt einfach himmlisch!<\/p>\n<p>Das Geheimnis unserer Fitness-Pasta liegt in der speziellen Eiwei\u00dfmischung aus Weizen, Roggensauerteig, Haferfaser, Soja und Reis. Diese Kombination liefert dir die perfekte Mischung aus schnell verdaulichen und langsameren Proteinen sowie Ballaststoffen, die dich lange satt halten und deine Verdauung unterst\u00fctzen.<\/p>\n<p>Doch das ist noch nicht alles: Unsere Fitness-Pasta ist au\u00dferdem reich an wertvollen Mineralstoffen und Vitaminen, die deinen K\u00f6rper optimal mit N\u00e4hrstoffen versorgen und dich dabei unterst\u00fctzen, deine sportliche Leistung zu verbessern.<\/p>\n<p>Und das Beste daran? Unsere Fitness-Pasta ist einfach und schnell zubereitet und l\u00e4sst sich perfekt mit deinen Lieblingszutaten kombinieren. Egal, ob du es gerne vegetarisch, vegan oder mit Fleisch oder Fisch magst &#8211; mit unserer Fitness-Pasta sind der Kreativit\u00e4t beim Kochen keine Grenzen gesetzt.<\/p>\n<p>Also worauf wartest du noch? Bestelle jetzt unsere Fitness-Pasta und erlebe den perfekten Mix aus Geschmack und N\u00e4hrstoffen!<\/p>","protected":false},"excerpt":{"rendered":"<h2>Pasta-Liebhaber aufgepasst: Jetzt gibt&#8217;s low carb Protein Pasta, direkt aus Italien!<\/h2>\n<h4>Spitzenn\u00e4hrwerten, nahrhaft und himmlich lecker. Der Geschmack und die Konsistenz lassen gegen\u00fcber normaler Pasta nichts vermissen! Perfekt f\u00fcr den gesunden Pasta-Genuss.<\/h4>\n<ul>\n<li class=\"bullet-star\">High Protein &amp; lowcarb<\/li>\n<li class=\"bullet-star\">Bis zu sechsmal weniger Kohlenhydrate wie normale Pasta<\/li>\n<li class=\"bullet-star\">Angenehme Konsistenz<\/li>\n<li class=\"bullet-star\">S\u00e4ttigt gut und lange<\/li>\n<li class=\"bullet-star\">Die Nudeln verbinden sich hervorragend mit Sosse<\/li>\n<li class=\"bullet-star\">Ausschliesslich hochwertige Rohstoffe<\/li>\n<li class=\"bullet-star\">Hergestellt in Italien<\/li>\n<\/ul>","protected":false},"featured_media":633398,"comment_status":"open","ping_status":"closed","template":"","meta":{"slim_seo":{"title":"Fitness Pasta - FitNFemale\u00ae","description":"Pasta-Liebhaber aufgepasst: Jetzt gibt's low carb Protein Pasta, direkt aus Italien! Spitzenn\u00e4hrwerten, nahrhaft und himmlich lecker. Der Geschmack und die Kons"}},"product_brand":[],"product_cat":[6366,292],"product_tag":[],"class_list":{"0":"post-5059","1":"product","2":"type-product","3":"status-publish","4":"has-post-thumbnail","6":"product_cat-promo-10","7":"product_cat-food","8":"pa_anwendungsbereiche-gesundes-kochen-backen","9":"pa_misc-aspartamfree","10":"pa_nutritionfactinfo-highprotein","11":"pa_nutritionfactinfo-lactosefree","12":"pa_nutritionfactinfo-lowcalories","13":"pa_nutritionfactinfo-lowcarb","14":"pa_nutritionfactinfo-lowfat","15":"pa_nutritionfactinfo-lowsugar","16":"pa_schwangerschaft-geeignet","17":"pa_stillzeit-geeignet","18":"pa_vegan-ja","20":"first","21":"outofstock","22":"taxable","23":"shipping-taxable","24":"purchasable","25":"product-type-simple"},"bundled_by":[],"bundle_stock_status":"outofstock","bundle_stock_quantity":0,"bundle_virtual":false,"bundle_layout":"","bundle_add_to_cart_form_location":"","bundle_editable_in_cart":false,"bundle_sold_individually_context":"","bundle_item_grouping":"","bundle_min_size":"","bundle_max_size":"","bundle_price":[],"bundled_items":[],"bundle_sell_ids":[],"gallery_images":[361729,361728,361730,3204,677980],"_links":{"self":[{"href":"https:\/\/fitnfemale.com\/deu\/wp-json\/wp\/v2\/product\/5059","targetHints":{"allow":["GET"]}}],"collection":[{"href":"https:\/\/fitnfemale.com\/deu\/wp-json\/wp\/v2\/product"}],"about":[{"href":"https:\/\/fitnfemale.com\/deu\/wp-json\/wp\/v2\/types\/product"}],"replies":[{"embeddable":true,"href":"https:\/\/fitnfemale.com\/deu\/wp-json\/wp\/v2\/comments?post=5059"}],"wp:featuredmedia":[{"embeddable":true,"href":"https:\/\/fitnfemale.com\/deu\/wp-json\/wp\/v2\/media\/633398"}],"wp:attachment":[{"href":"https:\/\/fitnfemale.com\/deu\/wp-json\/wp\/v2\/media?parent=5059"}],"wp:term":[{"taxonomy":"product_brand","embeddable":true,"href":"https:\/\/fitnfemale.com\/deu\/wp-json\/wp\/v2\/product_brand?post=5059"},{"taxonomy":"product_cat","embeddable":true,"href":"https:\/\/fitnfemale.com\/deu\/wp-json\/wp\/v2\/product_cat?post=5059"},{"taxonomy":"product_tag","embeddable":true,"href":"https:\/\/fitnfemale.com\/deu\/wp-json\/wp\/v2\/product_tag?post=5059"}],"curies":[{"name":"wp","href":"https:\/\/api.w.org\/{rel}","templated":true}]}}