{"id":5050,"date":"2017-10-02T19:10:51","date_gmt":"2017-10-02T18:10:51","guid":{"rendered":"http:\/\/blog.fitnfemale.de\/shop\/get-strong-water-jug\/"},"modified":"2026-04-12T18:01:35","modified_gmt":"2026-04-12T17:01:35","slug":"get-strong-water-jug","status":"publish","type":"product","link":"https:\/\/fitnfemale.com\/deu\/produkt\/get-strong-water-jug\/","title":{"rendered":"Water Jug"},"content":{"rendered":"<div class=\"img has-hover img-details x md-x lg-x y md-y lg-y\" id=\"image_173432058\">\n\t\t\t\t\t\t\t\t<div class=\"img-inner dark\" >\n\t\t\t<img decoding=\"async\" width=\"1020\" height=\"569\" src=\"https:\/\/fitnfemale.com\/wp-content\/uploads\/waterjug-closeup7.webp\" class=\"attachment-large size-large\" alt=\"Waterjug closeup7\" srcset=\"https:\/\/fitnfemale.com\/wp-content\/uploads\/waterjug-closeup7.webp 1376w, https:\/\/fitnfemale.com\/wp-content\/uploads\/waterjug-closeup7-717x400.webp 717w, https:\/\/fitnfemale.com\/wp-content\/uploads\/waterjug-closeup7-768x429.webp 768w, https:\/\/fitnfemale.com\/wp-content\/uploads\/waterjug-closeup7-18x10.webp 18w, https:\/\/fitnfemale.com\/wp-content\/uploads\/waterjug-closeup7-1000x558.webp 1000w\" sizes=\"(max-width: 1020px) 100vw, 1020px\" \/>\t\t\t\t\t\t\n\t\t\t\t\t<\/div>\n\t\t\t\t\t\t\t\t\n<style>\n#image_173432058 {\n  width: 100%;\n}\n<\/style>\n\t<\/div>","protected":false},"excerpt":{"rendered":"<h2>Dein Hydration-Booster f\u00fcr Gym, Alltag &#038; Abenteuer<\/h2>\n<h4>Mit 2.2 Litern Fassungsverm\u00f6gen sorgt die Water Jug daf\u00fcr, dass du jederzeit optimal mit Fl\u00fcssigkeit versorgt bist \u2013 stylisch, praktisch und immer griffbereit.<\/h4>\n<ul>\n<li class=\"bullet-star\">Riesenvolumen: 2.2 Liter f\u00fcr den ganzen Tag \u2013 kein st\u00e4ndiges Nachf\u00fcllen n\u00f6tig.<\/li>\n<li class=\"bullet-star\">Perfekt f\u00fcrs Gym &#038; unterwegs: Leicht, robust und mit sportlichem Look.<\/li>\n<li class=\"bullet-star\">100 % leakproof: Kein Tropfen geht daneben \u2013 egal wie hart dein Workout ist.<\/li>\n<li class=\"bullet-star\">Easy Handling: Komfortabler Griff &#038; drehfester Verschluss f\u00fcr maximalen Komfort.<\/li>\n<li class=\"bullet-star\">Motivationsspruch inklusive: &#8222;Drink Clean. Train Dirty.&#8220; \u2013 stay focused!<\/li>\n<li class=\"bullet-star\">Original von Fitnessmagnet \u2013 jetzt zum Spezialpreis erh\u00e4ltlich!<\/li>\n<\/ul>","protected":false},"featured_media":938033,"comment_status":"closed","ping_status":"closed","template":"","meta":{"slim_seo":{"title":"Water Jug - FitNFemale\u00ae","description":"Dein Hydration-Booster f\u00fcr Gym, Alltag & Abenteuer Mit 2.2 Litern Fassungsverm\u00f6gen sorgt die Water Jug daf\u00fcr, dass du jederzeit optimal mit Fl\u00fcssigkeit versorgt"}},"product_brand":[],"product_cat":[283,6217],"product_tag":[],"class_list":{"0":"post-5050","1":"product","2":"type-product","3":"status-publish","4":"has-post-thumbnail","6":"product_cat-equipment","7":"product_cat-trinkflaschen","8":"pa_anwendungsbereiche-for-your-workout","9":"pa_anwendungsbereiche-workout-bottle","10":"pa_marke-fitnessmagnet","11":"pa_misc-aspartamfree","12":"pa_misc-glutenfree","13":"pa_misc-lactosefree","14":"pa_misc-vegetarian","16":"first","17":"instock","18":"sale","19":"taxable","20":"shipping-taxable","21":"purchasable","22":"product-type-simple"},"bundled_by":[],"bundle_stock_status":"instock","bundle_stock_quantity":1023,"bundle_virtual":false,"bundle_layout":"","bundle_add_to_cart_form_location":"","bundle_editable_in_cart":false,"bundle_sold_individually_context":"","bundle_item_grouping":"","bundle_min_size":"","bundle_max_size":"","bundle_price":[],"bundled_items":[],"bundle_sell_ids":[],"gallery_images":[954286,954290,954288],"_links":{"self":[{"href":"https:\/\/fitnfemale.com\/deu\/wp-json\/wp\/v2\/product\/5050","targetHints":{"allow":["GET"]}}],"collection":[{"href":"https:\/\/fitnfemale.com\/deu\/wp-json\/wp\/v2\/product"}],"about":[{"href":"https:\/\/fitnfemale.com\/deu\/wp-json\/wp\/v2\/types\/product"}],"replies":[{"embeddable":true,"href":"https:\/\/fitnfemale.com\/deu\/wp-json\/wp\/v2\/comments?post=5050"}],"wp:featuredmedia":[{"embeddable":true,"href":"https:\/\/fitnfemale.com\/deu\/wp-json\/wp\/v2\/media\/938033"}],"wp:attachment":[{"href":"https:\/\/fitnfemale.com\/deu\/wp-json\/wp\/v2\/media?parent=5050"}],"wp:term":[{"taxonomy":"product_brand","embeddable":true,"href":"https:\/\/fitnfemale.com\/deu\/wp-json\/wp\/v2\/product_brand?post=5050"},{"taxonomy":"product_cat","embeddable":true,"href":"https:\/\/fitnfemale.com\/deu\/wp-json\/wp\/v2\/product_cat?post=5050"},{"taxonomy":"product_tag","embeddable":true,"href":"https:\/\/fitnfemale.com\/deu\/wp-json\/wp\/v2\/product_tag?post=5050"}],"curies":[{"name":"wp","href":"https:\/\/api.w.org\/{rel}","templated":true}]}}