{"id":5041,"date":"2017-10-02T18:10:51","date_gmt":"2017-10-02T18:10:51","guid":{"rendered":"http:\/\/blog.fitnfemale.de\/shop\/active-drink\/"},"modified":"2026-04-12T18:14:33","modified_gmt":"2026-04-12T17:14:33","slug":"active-drink","status":"publish","type":"product","link":"https:\/\/fitnfemale.com\/deu\/produkt\/active-drink\/","title":{"rendered":"Active Drink"},"content":{"rendered":"<div class=\"img has-hover img-details x md-x lg-x y md-y lg-y\" id=\"image_1596924300\">\n\t\t\t\t\t\t\t\t<div class=\"img-inner dark\" >\n\t\t\t<img decoding=\"async\" width=\"1020\" height=\"569\" src=\"https:\/\/fitnfemale.com\/wp-content\/uploads\/activdrink-closeup1.jpg\" class=\"attachment-large size-large\" alt=\"Activdrink closeup1\" srcset=\"https:\/\/fitnfemale.com\/wp-content\/uploads\/activdrink-closeup1.jpg 1376w, https:\/\/fitnfemale.com\/wp-content\/uploads\/activdrink-closeup1-717x400.jpg 717w, https:\/\/fitnfemale.com\/wp-content\/uploads\/activdrink-closeup1-768x429.jpg 768w, https:\/\/fitnfemale.com\/wp-content\/uploads\/activdrink-closeup1-18x10.jpg 18w, https:\/\/fitnfemale.com\/wp-content\/uploads\/activdrink-closeup1-1000x558.jpg 1000w\" sizes=\"(max-width: 1020px) 100vw, 1020px\" \/>\t\t\t\t\t\t\n\t\t\t\t\t<\/div>\n\t\t\t\t\t\t\t\t\n<style>\n#image_1596924300 {\n  width: 100%;\n}\n<\/style>\n\t<\/div>\n\t\n<p>Der Active Drink ist die perfekte Wahl f\u00fcr alle, die eine kalorienarme, geschmackvolle und n\u00e4hrstoffreiche Erfrischung suchen oder nicht den ganzen Tag nur Wasser trinken m\u00f6chten. Ob w\u00e4hrend einer Trainingseinheit oder zwischendurch, der Active Drink bietet ein echtes Geschmackserlebnis und kann dich in deinem aktiven Leben unterst\u00fctzen!<\/p>\n<table class=\"ffnf-clean-table\">\n<thead>\n<tr>\n<th>N\u00e4hrwerte<\/th>\n<th>100 ml<\/th>\n<th>Portion (500 ml)<\/th>\n<\/tr>\n<\/thead>\n<tbody>\n<tr>\n<td>Energie<\/td>\n<td>220 kJ \/ 51 kcal<\/td>\n<td>11,0 kJ \/ 2,5 kcal<\/td>\n<\/tr>\n<tr>\n<td>Fett<br \/>\u2013 davon ges\u00e4ttigte Fetts\u00e4uren<\/td>\n<td>&lt; 0,1 g<br \/>&lt; 0,1 g<\/td>\n<td>&lt; 0,1 g<br \/>&lt; 0,1 g<\/td>\n<\/tr>\n<tr>\n<td class=\"translation-block\">Kohlenhydrate<br>\u2013 davon Zucker<\/td>\n<td>1,2 g<br \/>1,2 g<\/td>\n<td>0,1 g<br \/>0,1 g<\/td>\n<\/tr>\n<tr>\n<td>Eiwei\u00df<\/td>\n<td>&lt; 0,1 g<\/td>\n<td>&lt; 0,1 g<\/td>\n<\/tr>\n<tr>\n<td>Salz<\/td>\n<td>1,55 g<\/td>\n<td>0,1 g<\/td>\n<\/tr>\n<\/tbody>\n<\/table>\n<table class=\"ffnf-clean-table\">\n<thead>\n<tr>\n<th>Inhaltsstoffe<\/th>\n<th>100 ml<\/th>\n<th>Portion (500 ml)<\/th>\n<th>% NRV*<\/th>\n<\/tr>\n<\/thead>\n<tbody>\n<tr>\n<td>Vitamin B1<\/td>\n<td>6,6 mg<\/td>\n<td>0,4 mg<\/td>\n<td>600 % \/ 38 %<\/td>\n<\/tr>\n<tr>\n<td>Niacin (NE)<\/td>\n<td>96,0 mg<\/td>\n<td>6,0 mg<\/td>\n<td>600 % \/ 38 %<\/td>\n<\/tr>\n<tr>\n<td>Vitamin B6<\/td>\n<td>8,4 mg<\/td>\n<td>0,5 mg<\/td>\n<td>600 % \/ 38 %<\/td>\n<\/tr>\n<tr>\n<td>Vitamin B12<\/td>\n<td>15,0 \u00b5g<\/td>\n<td>1,0 \u00b5g<\/td>\n<td>600 % \/ 38 %<\/td>\n<\/tr>\n<tr>\n<td>L-Carnitin<\/td>\n<td>327 mg<\/td>\n<td>20,3 mg<\/td>\n<td>&#8211;<\/td>\n<\/tr>\n<\/tbody>\n<\/table>","protected":false},"excerpt":{"rendered":"<h2>Active Drink: Geschmack, Vitamine, Mineralien und mehr<\/h2>\n<h4>Der Active Drink ist der perfekte Begleiter f\u00fcr einen aktiven Lebensstil! Er stillt nicht nur deinen t\u00e4glichen Fl\u00fcssigkeitsbedarf, sondern liefert dir auch wichtige Vitamine und Mineralien, um deinen K\u00f6rper zu unterst\u00fctzen.<\/h4>\n<ul>\n<li class=\"bullet-star\">Vielf\u00e4ltige Geschmacksrichtungen<\/li>\n<li class=\"bullet-star\">Enth\u00e4lt wertvolle Vitamine, Magnesium und L-Carnitin<\/li>\n<li class=\"bullet-star\">Arm an Kalorien, Kohlenhydraten, Fett und Zucker<\/li>\n<li class=\"bullet-star\">Frei von Aspartam und Glucose<\/li>\n<li class=\"bullet-star\">Extrem ergiebig, nur wenige Tropfen Konzentrat pro Getr\u00e4nk werden ben\u00f6tigt<\/li>\n<li class=\"bullet-star\">Aus hochwertigen Rohstoffen hergestelltes Konzentrat mit 1000ml Inhalt<\/li>\n<li class=\"bullet-star\">Mit einer Flasche (1000ml Konzentrat) kannst du 80 Liter Getr\u00e4nk zubereiten<\/li>\n<\/ul>","protected":false},"featured_media":943270,"comment_status":"open","ping_status":"closed","template":"","meta":{"slim_seo":{"title":"Active Drink - FitNFemale\u00ae","description":"Active Drink: Geschmack, Vitamine, Mineralien und mehr Der Active Drink ist der perfekte Begleiter f\u00fcr einen aktiven Lebensstil! Er stillt nicht nur deinen t\u00e4gl"}},"product_brand":[],"product_cat":[6366,6629,619,401],"product_tag":[],"class_list":{"0":"post-5041","1":"product","2":"type-product","3":"status-publish","4":"has-post-thumbnail","6":"product_cat-promo-10","7":"product_cat-basic","8":"product_cat-fitness-drink","9":"product_cat-health","10":"pa_marke-fitnfemale","11":"pa_misc-aspartamfree","12":"pa_misc-glutenfree","13":"pa_misc-lactosefree","14":"pa_misc-vegetarian","15":"pa_nutritionfactinfo-lowcalories","16":"pa_nutritionfactinfo-lowcarb","17":"pa_nutritionfactinfo-lowfat","18":"pa_nutritionfactinfo-lowsugar","19":"pa_schwangerschaft-geeignet","20":"pa_stillzeit-geeignet","22":"first","23":"instock","24":"sale","25":"taxable","26":"shipping-taxable","27":"purchasable","28":"product-type-variable","29":"has-default-attributes"},"bundled_by":[],"bundle_stock_status":"instock","bundle_stock_quantity":null,"bundle_virtual":false,"bundle_layout":"","bundle_add_to_cart_form_location":"","bundle_editable_in_cart":false,"bundle_sold_individually_context":"","bundle_item_grouping":"","bundle_min_size":"","bundle_max_size":"","bundle_price":[],"bundled_items":[],"bundle_sell_ids":[],"gallery_images":[814958,954284,954268,954270,954269],"_links":{"self":[{"href":"https:\/\/fitnfemale.com\/deu\/wp-json\/wp\/v2\/product\/5041","targetHints":{"allow":["GET"]}}],"collection":[{"href":"https:\/\/fitnfemale.com\/deu\/wp-json\/wp\/v2\/product"}],"about":[{"href":"https:\/\/fitnfemale.com\/deu\/wp-json\/wp\/v2\/types\/product"}],"replies":[{"embeddable":true,"href":"https:\/\/fitnfemale.com\/deu\/wp-json\/wp\/v2\/comments?post=5041"}],"wp:featuredmedia":[{"embeddable":true,"href":"https:\/\/fitnfemale.com\/deu\/wp-json\/wp\/v2\/media\/943270"}],"wp:attachment":[{"href":"https:\/\/fitnfemale.com\/deu\/wp-json\/wp\/v2\/media?parent=5041"}],"wp:term":[{"taxonomy":"product_brand","embeddable":true,"href":"https:\/\/fitnfemale.com\/deu\/wp-json\/wp\/v2\/product_brand?post=5041"},{"taxonomy":"product_cat","embeddable":true,"href":"https:\/\/fitnfemale.com\/deu\/wp-json\/wp\/v2\/product_cat?post=5041"},{"taxonomy":"product_tag","embeddable":true,"href":"https:\/\/fitnfemale.com\/deu\/wp-json\/wp\/v2\/product_tag?post=5041"}],"curies":[{"name":"wp","href":"https:\/\/api.w.org\/{rel}","templated":true}]}}