{"id":5033,"date":"2017-10-02T19:10:46","date_gmt":"2017-10-02T18:10:46","guid":{"rendered":"http:\/\/blog.fitnfemale.de\/shop\/fit-strong-kombi\/"},"modified":"2026-01-06T10:11:06","modified_gmt":"2026-01-06T09:11:06","slug":"fit-strong-kombi","status":"publish","type":"product","link":"https:\/\/fitnfemale.com\/deu\/produkt\/fit-strong-kombi\/","title":{"rendered":"Fit &amp; Strong Workout"},"content":{"rendered":"<div class=\"img has-hover img-details x md-x lg-x y md-y lg-y\" id=\"image_1316841833\">\n\t\t\t\t\t\t\t\t<div class=\"img-inner dark\" >\n\t\t\t<img decoding=\"async\" width=\"1020\" height=\"569\" src=\"https:\/\/fitnfemale.com\/wp-content\/uploads\/fit-strong-bundle-closeup-18.jpg\" class=\"attachment-large size-large\" alt=\"Fit strong bundle closeup\" srcset=\"https:\/\/fitnfemale.com\/wp-content\/uploads\/fit-strong-bundle-closeup-18.jpg 1376w, https:\/\/fitnfemale.com\/wp-content\/uploads\/fit-strong-bundle-closeup-18-717x400.jpg 717w, https:\/\/fitnfemale.com\/wp-content\/uploads\/fit-strong-bundle-closeup-18-768x429.jpg 768w, https:\/\/fitnfemale.com\/wp-content\/uploads\/fit-strong-bundle-closeup-18-18x10.jpg 18w, https:\/\/fitnfemale.com\/wp-content\/uploads\/fit-strong-bundle-closeup-18-1000x558.jpg 1000w\" sizes=\"(max-width: 1020px) 100vw, 1020px\" \/>\t\t\t\t\t\t\n\t\t\t\t\t<\/div>\n\t\t\t\t\t\t\t\t\n<style>\n#image_1316841833 {\n  width: 100%;\n}\n<\/style>\n\t<\/div>\n\t\n<p>Die Produkte sind perfekt aufeinander abgestimmt, um in Kombination mit dem kostenlosen Einnahme- &amp; Ern\u00e4hrungsplan Basic und regelm\u00e4\u00dfigem Training (mindestens 2-3 Einheiten pro Woche) optimale Ergebnisse zu erzielen. Das Bundle enth\u00e4lt:<\/p>\n<ul>\n<li class=\"bullet-arrow\"><strong><i class=\"fas fa-star\" style=\"margin-right: 6px;\"><\/i>Shape Me Shake \u2013 Protein-Meal f\u00fcr deinen Alltag:<\/strong> Ideal nach dem Training oder als schnelle Mahlzeit \u2013 wenn du es unkompliziert und lecker willst.<\/li>\n<li class=\"bullet-arrow\"><strong><i class=\"fas fa-bolt\" style=\"margin-right: 6px;\"><\/i>Pink Rush \u2013 Workout-Drive f\u00fcr Muskel-Tone:<\/strong> Perfekt vor dem Training f\u00fcr Fokus, Pump und das \u201eLets go\u201c-Gef\u00fchl.<\/li>\n<li class=\"bullet-arrow\"><strong><i class=\"fas fa-bolt\" style=\"margin-right: 6px;\"><\/i>Collagen Energy \u2013 Beauty &#038; Power in einem Drink:<\/strong> Dein Push f\u00fcr aktive Tage \u2013 wenn du Energie brauchst, ohne dich \u201eheavy\u201c zu f\u00fchlen.<\/li>\n<li class=\"bullet-arrow\"><strong><i class=\"fas fa-gift\" style=\"margin-right: 6px;\"><\/i>Black Beauty Shaker \u2013 geschenkt:<\/strong> Damit deine Routine \u00fcberall funktioniert: shaken, trinken, weiter.<\/li>\n<\/ul>\n\n\t<section class=\"section dark\" id=\"section_1577880890\">\n\t\t<div class=\"section-bg fill\" >\n\t\t\t\t\t\t\t\t\t\n\t\t\t\n\n\t\t<\/div>\n\n\t\t\n\n\t\t<div class=\"section-content relative\">\n\t\t\t\n<p><i class=\"fas fa-info-circle\" style=\"color: #fff;\"><\/i> <strong>So nutzt du das Set<\/strong><br \/>\nShape Me Shake nach dem Training oder als schnelle Mahlzeit \u2022 Pink Rush 20\u201330 Min vor dem Workout \u2022 Collagen Energy tags\u00fcber, wenn du Power brauchst \u2022 alles easy im Shaker mixen.<\/p>\n\t\t<\/div>\n\n\t\t\n<style>\n#section_1577880890 {\n  padding-top: 30px;\n  padding-bottom: 30px;\n  background-color: rgb(40, 40, 40);\n}\n<\/style>\n\t<\/section>","protected":false},"excerpt":{"rendered":"<h2>Gib deinem Fitness-Lifestyle einen Boost mit dem Fit &amp; Strong Bundle!<\/h2>\n<h4>Die speziell ausgew\u00e4hlten Produkte versorgen dich vor, w\u00e4hrend und nach dem Training ideal, um maximale Trainingserfolge zu erzielen und deinen aktiven Lebensstil zu unterst\u00fctzen.<\/h4>\n<p>Mit diesem Paket hast du alles was, du brauchst. Der Einnahmeplan f\u00fcr Trainings- und trainingsfreie Tage mit Zusatz-Tipps zur Ern\u00e4hrung runden das Paket ab.<\/p>\n<ul>\n<li class=\"bullet-star\">4 sorgf\u00e4ltig ausgew\u00e4hlte Fit &amp; Strong Produkte<\/li>\n<li class=\"bullet-star\">Einnahmeplan \u2013 kostenlos <u>kostenlos<\/u><\/li>\n<li class=\"bullet-star\">Ern\u00e4hrungsplan Basic \u2013 kostenlos <u>kostenlos<\/u><\/li>\n<li class=\"bullet-star\">Versand <u>kostenlos<\/u><\/li>\n<\/ul>","protected":false},"featured_media":954118,"comment_status":"open","ping_status":"closed","template":"","meta":{"slim_seo":{"title":"Fit &amp; Strong Workout - FitNFemale\u00ae","description":"Gib deinem Fitness-Lifestyle einen Boost mit dem Fit &amp; Strong Bundle! Die speziell ausgew\u00e4hlten Produkte versorgen dich vor, w\u00e4hrend und nach dem Training i"}},"product_brand":[],"product_cat":[311,1047],"product_tag":[],"class_list":{"0":"post-5033","1":"product","2":"type-product","3":"status-publish","4":"has-post-thumbnail","6":"product_cat-bundle","7":"product_cat-fit-strong","8":"pa_anwendungsbereiche-energy","9":"pa_anwendungsbereiche-for-your-workout","10":"pa_anwendungsbereiche-power","11":"pa_marke-fitnfemale","12":"pa_stillzeit-nicht-geeignet","13":"pa_vegan-nein","15":"first","16":"instock","17":"sale","18":"featured","19":"downloadable","20":"taxable","21":"shipping-taxable","22":"purchasable","23":"product-type-bundle"},"bundled_by":[],"bundle_stock_status":"instock","bundle_stock_quantity":83,"bundle_virtual":false,"bundle_layout":"default","bundle_add_to_cart_form_location":"default","bundle_editable_in_cart":false,"bundle_sold_individually_context":"product","bundle_item_grouping":"noindent","bundle_min_size":"","bundle_max_size":"","bundle_price":{"price":{"min":{"incl_tax":"85.6","excl_tax":"83.430799"},"max":{"incl_tax":"85.6","excl_tax":"83.430799"}},"regular_price":{"min":{"incl_tax":"85.6","excl_tax":"83.430799"},"max":{"incl_tax":"85.6","excl_tax":"83.430799"}}},"bundled_items":[{"bundled_item_id":597,"product_id":43303,"menu_order":0,"quantity_min":1,"quantity_max":1,"quantity_default":1,"priced_individually":false,"shipped_individually":false,"override_title":false,"title":"Shape Me Shake","override_description":true,"description":"Dein Protein-Meal f\u00fcr Form &amp; S\u00e4ttigung.","optional":false,"hide_thumbnail":false,"discount":"","override_variations":false,"allowed_variations":[],"override_default_variation_attributes":false,"default_variation_attributes":[],"single_product_visibility":"visible","cart_visibility":"hidden","order_visibility":"visible","single_product_price_visibility":"visible","cart_price_visibility":"visible","order_price_visibility":"visible","stock_status":"in_stock"},{"bundled_item_id":633,"product_id":5079,"menu_order":1,"quantity_min":1,"quantity_max":1,"quantity_default":1,"priced_individually":false,"shipped_individually":false,"override_title":false,"title":"Pink Rush (Muscle Tone Booster)","override_description":true,"description":"Pump &amp; Fokus f\u00fcrs Training \u2013 mit Drive.","optional":false,"hide_thumbnail":false,"discount":"","override_variations":false,"allowed_variations":[],"override_default_variation_attributes":false,"default_variation_attributes":[],"single_product_visibility":"visible","cart_visibility":"hidden","order_visibility":"visible","single_product_price_visibility":"visible","cart_price_visibility":"visible","order_price_visibility":"visible","stock_status":"in_stock"},{"bundled_item_id":634,"product_id":660258,"menu_order":2,"quantity_min":1,"quantity_max":1,"quantity_default":1,"priced_individually":false,"shipped_individually":false,"override_title":false,"title":"Collagen Energy","override_description":true,"description":"Beauty-Energie f\u00fcr aktive Tage \u2013 ohne Crash.","optional":false,"hide_thumbnail":false,"discount":"","override_variations":false,"allowed_variations":[],"override_default_variation_attributes":false,"default_variation_attributes":[],"single_product_visibility":"visible","cart_visibility":"hidden","order_visibility":"visible","single_product_price_visibility":"visible","cart_price_visibility":"visible","order_price_visibility":"visible","stock_status":"in_stock"},{"bundled_item_id":635,"product_id":5004,"menu_order":3,"quantity_min":1,"quantity_max":1,"quantity_default":1,"priced_individually":false,"shipped_individually":false,"override_title":false,"title":"Black Beauty Shaker","override_description":true,"description":"Geschenkt \u2013 f\u00fcr deine Routine to go.","optional":false,"hide_thumbnail":false,"discount":"","override_variations":false,"allowed_variations":[],"override_default_variation_attributes":false,"default_variation_attributes":[],"single_product_visibility":"visible","cart_visibility":"hidden","order_visibility":"visible","single_product_price_visibility":"visible","cart_price_visibility":"visible","order_price_visibility":"visible","stock_status":"in_stock"}],"bundle_sell_ids":[],"gallery_images":[953961,953962,952994,953740,953963,953921,953313],"_links":{"self":[{"href":"https:\/\/fitnfemale.com\/deu\/wp-json\/wp\/v2\/product\/5033","targetHints":{"allow":["GET"]}}],"collection":[{"href":"https:\/\/fitnfemale.com\/deu\/wp-json\/wp\/v2\/product"}],"about":[{"href":"https:\/\/fitnfemale.com\/deu\/wp-json\/wp\/v2\/types\/product"}],"replies":[{"embeddable":true,"href":"https:\/\/fitnfemale.com\/deu\/wp-json\/wp\/v2\/comments?post=5033"}],"wp:featuredmedia":[{"embeddable":true,"href":"https:\/\/fitnfemale.com\/deu\/wp-json\/wp\/v2\/media\/954118"}],"wp:attachment":[{"href":"https:\/\/fitnfemale.com\/deu\/wp-json\/wp\/v2\/media?parent=5033"}],"wp:term":[{"taxonomy":"product_brand","embeddable":true,"href":"https:\/\/fitnfemale.com\/deu\/wp-json\/wp\/v2\/product_brand?post=5033"},{"taxonomy":"product_cat","embeddable":true,"href":"https:\/\/fitnfemale.com\/deu\/wp-json\/wp\/v2\/product_cat?post=5033"},{"taxonomy":"product_tag","embeddable":true,"href":"https:\/\/fitnfemale.com\/deu\/wp-json\/wp\/v2\/product_tag?post=5033"}],"curies":[{"name":"wp","href":"https:\/\/api.w.org\/{rel}","templated":true}]}}