{"id":5032,"date":"2017-10-02T17:10:46","date_gmt":"2017-10-02T16:10:46","guid":{"rendered":"http:\/\/blog.fitnfemale.de\/shop\/pink-burn-2-in-1-fatburner-booster\/"},"modified":"2026-04-12T17:47:12","modified_gmt":"2026-04-12T16:47:12","slug":"pink-burn-2-in-1-fatburner-booster","status":"publish","type":"product","link":"https:\/\/fitnfemale.com\/deu\/produkt\/pink-burn-2-in-1-fatburner-booster\/","title":{"rendered":"Pink Burn (2 in 1)"},"content":{"rendered":"<div class=\"img has-hover img-details x md-x lg-x y md-y lg-y\" id=\"image_517582839\">\n\t\t\t\t\t\t\t\t<div class=\"img-inner dark\" >\n\t\t\t<img decoding=\"async\" width=\"1020\" height=\"569\" src=\"https:\/\/fitnfemale.com\/wp-content\/uploads\/pink-burn-details.webp\" class=\"attachment-large size-large\" alt=\"Pink burn details\" srcset=\"https:\/\/fitnfemale.com\/wp-content\/uploads\/pink-burn-details.webp 1376w, https:\/\/fitnfemale.com\/wp-content\/uploads\/pink-burn-details-717x400.webp 717w, https:\/\/fitnfemale.com\/wp-content\/uploads\/pink-burn-details-768x429.webp 768w, https:\/\/fitnfemale.com\/wp-content\/uploads\/pink-burn-details-18x10.webp 18w, https:\/\/fitnfemale.com\/wp-content\/uploads\/pink-burn-details-1000x558.webp 1000w\" sizes=\"(max-width: 1020px) 100vw, 1020px\" \/>\t\t\t\t\t\t\n\t\t\t\t\t<\/div>\n\t\t\t\t\t\t\t\t\n<style>\n#image_517582839 {\n  width: 100%;\n}\n<\/style>\n\t<\/div>\n\t\n<ul>\n<li class=\"bullet-star\">2-in-1 Boost \u2013 Fatburn &amp; Pre-Workout in einem<\/li>\n<li class=\"bullet-star\">15\u201320 Min Effekt \u2013 Kribbeln als Startsignal<\/li>\n<li class=\"bullet-star\">200 mg Koffein \u2013 Fokus &amp; Energie*<\/li>\n<li class=\"bullet-star\">Zuckerfrei, 2.2 kcal \u2013 smart &amp; leicht<\/li>\n<li class=\"bullet-star\">Aminos + Vitamine \u2013 clever kombiniert<\/li>\n<li class=\"bullet-star\">Flexibel dosierbar \u2013 1-2 Scoops je nach Bedarf<\/li>\n<li class=\"bullet-star\">Bis 20-40 Portionen \u2013 240 g pro Dose<\/li>\n<\/ul>\n<div class=\"accordion\">\n\t<div id=\"accordion-4123774910\" class=\"accordion-item\">\n\t\t<a id=\"accordion-4123774910-label\" class=\"accordion-title plain active\" href=\"#accordion-item-dein-effekt-nach-15-min\" aria-expanded=\"true\" aria-controls=\"accordion-4123774910-content\">\n\t\t\t<button class=\"toggle\" aria-label=\"Toggle\"><i class=\"icon-angle-down\" aria-hidden=\"true\"><\/i><\/button>\n\t\t\t<span>Dein Effekt nach 15 Min<\/span>\n\t\t<\/a>\n\t\t<div id=\"accordion-4123774910-content\" class=\"accordion-inner\" style=\"display: block;\" aria-labelledby=\"accordion-4123774910-label\">\n\t\t\t\n<p>Schon nach 15\u201320 Minuten setzt der Effekt ein: Dein Kopf wird klarer, der Fokus steigt und du sp\u00fcrst den typischen Beta-Alanin-Kick im K\u00f6rper. Dieses leichte W\u00e4rme- und Kribbelgef\u00fchl ist dein Startsignal. Genau dann kommt der Extra-Drive, der dein Training auf das n\u00e4chste Level hebt.<\/p>\n\t\t<\/div>\n\t<\/div>\n\t\n\t<div id=\"accordion-187257129\" class=\"accordion-item\">\n\t\t<a id=\"accordion-187257129-label\" class=\"accordion-title plain\" href=\"#accordion-item-dein-perfekter-zeitpunkt\" aria-expanded=\"false\" aria-controls=\"accordion-187257129-content\">\n\t\t\t<button class=\"toggle\" aria-label=\"Toggle\"><i class=\"icon-angle-down\" aria-hidden=\"true\"><\/i><\/button>\n\t\t\t<span>Dein perfekter Zeitpunkt<\/span>\n\t\t<\/a>\n\t\t<div id=\"accordion-187257129-content\" class=\"accordion-inner\" aria-labelledby=\"accordion-187257129-label\">\n\t\t\t\n<p>Pink Burn entfaltet seine Wirkung am besten direkt vor dem Workout \u2013 egal ob Krafttraining, Cardio oder HIIT. Du kannst ihn aber auch dann nutzen, wenn dir die Motivation fehlt oder du einen klaren Fokus im Alltag brauchst.<\/p>\n\t\t<\/div>\n\t<\/div>\n\t\n\t<div id=\"accordion-2984059968\" class=\"accordion-item\">\n\t\t<a id=\"accordion-2984059968-label\" class=\"accordion-title plain\" href=\"#accordion-item-fakten,-die-du-kennen-solltest\" aria-expanded=\"false\" aria-controls=\"accordion-2984059968-content\">\n\t\t\t<button class=\"toggle\" aria-label=\"Toggle\"><i class=\"icon-angle-down\" aria-hidden=\"true\"><\/i><\/button>\n\t\t\t<span>Fakten, die du kennen solltest<\/span>\n\t\t<\/a>\n\t\t<div id=\"accordion-2984059968-content\" class=\"accordion-inner\" aria-labelledby=\"accordion-2984059968-label\">\n\t\t\t\n<p>Pink Burn ist in sechs fruchtig-frischen Sorten erh\u00e4ltlich: Lemon Ice Tea, Mango, Peach, Raspberry, Apple und Passionfruit. Wichtig: Bitte nicht mit weiteren koffeinhaltigen Produkten kombinieren, um eine zu hohe Dosis zu vermeiden.<\/p>\n\t\t<\/div>\n\t<\/div>\n\t\n\t<div id=\"accordion-349594147\" class=\"accordion-item\">\n\t\t<a id=\"accordion-349594147-label\" class=\"accordion-title plain\" href=\"#accordion-item-n\u00e4hrwerte\" aria-expanded=\"false\" aria-controls=\"accordion-349594147-content\">\n\t\t\t<button class=\"toggle\" aria-label=\"Toggle\"><i class=\"icon-angle-down\" aria-hidden=\"true\"><\/i><\/button>\n\t\t\t<span>N\u00e4hrwerte<\/span>\n\t\t<\/a>\n\t\t<div id=\"accordion-349594147-content\" class=\"accordion-inner\" aria-labelledby=\"accordion-349594147-label\">\n\t\t\t\n<table class=\"ffnf-clean-table\">\n<thead>\n<tr>\n<th>N\u00e4hrwerte<\/th>\n<th>100 g<\/th>\n<th>Portion (12 g)<\/th>\n<\/tr>\n<\/thead>\n<tbody>\n<tr>\n<td>Energie<\/td>\n<td>91 kJ \/ 22 kcal<\/td>\n<td>10 kJ \/ 2,6 kcal<\/td>\n<\/tr>\n<tr>\n<td>Fett<br \/>\u2013 davon ges\u00e4ttigte Fetts\u00e4uren<\/td>\n<td>0,0 g<br \/>0,0 g<\/td>\n<td>0,0 g<br \/>0,0 g<\/td>\n<\/tr>\n<tr>\n<td class=\"translation-block\">Kohlenhydrate<br>\u2013 davon Zucker<\/td>\n<td>0,40 g<br \/>0,40 g<\/td>\n<td>0,05 g<br \/>0,05 g<\/td>\n<\/tr>\n<tr>\n<td>Ballaststoffe<\/td>\n<td>0,0 g<\/td>\n<td>0,0 g<\/td>\n<\/tr>\n<tr>\n<td>Eiweiss<\/td>\n<td>5,0 g<\/td>\n<td>0,6 g<\/td>\n<\/tr>\n<tr>\n<td>Salz<\/td>\n<td>0,0 g<\/td>\n<td>0,0 g<\/td>\n<\/tr>\n<\/tbody>\n<\/table>\n\t\t<\/div>\n\t<\/div>\n\t\n\t<div id=\"accordion-2438240293\" class=\"accordion-item\">\n\t\t<a id=\"accordion-2438240293-label\" class=\"accordion-title plain\" href=\"#accordion-item-inhaltsstoffe\" aria-expanded=\"false\" aria-controls=\"accordion-2438240293-content\">\n\t\t\t<button class=\"toggle\" aria-label=\"Toggle\"><i class=\"icon-angle-down\" aria-hidden=\"true\"><\/i><\/button>\n\t\t\t<span>Inhaltsstoffe<\/span>\n\t\t<\/a>\n\t\t<div id=\"accordion-2438240293-content\" class=\"accordion-inner\" aria-labelledby=\"accordion-2438240293-label\">\n\t\t\t\n<table class=\"ffnf-clean-table\">\n<thead>\n<tr>\n<th>Inhaltsstoffe<\/th>\n<th>Portion (12 g)<\/th>\n<th>% NRV*<\/th>\n<\/tr>\n<\/thead>\n<tbody>\n<tr>\n<td>Beta-Alanin<\/td>\n<td>2,5 g<\/td>\n<td>&#8211;<\/td>\n<\/tr>\n<tr>\n<td>L-Arginin<\/td>\n<td>2 g<\/td>\n<td>&#8211;<\/td>\n<\/tr>\n<tr>\n<td>L-Tyrosin<\/td>\n<td>500 mg<\/td>\n<td>&#8211;<\/td>\n<\/tr>\n<tr>\n<td>Bitterorangextrakt<\/td>\n<td>300 mg<\/td>\n<td>&#8211;<\/td>\n<\/tr>\n<tr>\n<td>Koffein<\/td>\n<td>200 mg<\/td>\n<td>&#8211;<\/td>\n<\/tr>\n<tr>\n<td>Himbeer-Extrakt (5% Himbeer-Ketone)<\/td>\n<td>200 mg<\/td>\n<td>&#8211;<\/td>\n<\/tr>\n<tr>\n<td>Vitamin B1<\/td>\n<td>2,2 mg<\/td>\n<td>200 %<\/td>\n<\/tr>\n<tr>\n<td>Vitamin B2<\/td>\n<td>2,8 mg<\/td>\n<td>200 %<\/td>\n<\/tr>\n<tr>\n<td>Niacin<\/td>\n<td>48 mg<\/td>\n<td>300 %<\/td>\n<\/tr>\n<tr>\n<td>Pantothens\u00e4ure (B5)<\/td>\n<td>12 mg<\/td>\n<td>200 %<\/td>\n<\/tr>\n<tr>\n<td>Vitamin B6<\/td>\n<td>2,8 mg<\/td>\n<td>200 %<\/td>\n<\/tr>\n<tr>\n<td>Biotin<\/td>\n<td>100 \u00b5g<\/td>\n<td>200 %<\/td>\n<\/tr>\n<tr>\n<td>Fols\u00e4ure<\/td>\n<td>400 \u00b5g<\/td>\n<td>200 %<\/td>\n<\/tr>\n<tr>\n<td>Vitamin B12<\/td>\n<td>5 \u00b5g<\/td>\n<td>200 %<\/td>\n<\/tr>\n<tr>\n<td>Calcium<\/td>\n<td>400 mg<\/td>\n<td>50 %<\/td>\n<\/tr>\n<tr>\n<td>Magnesium<\/td>\n<td>187,5 mg<\/td>\n<td>50 %<\/td>\n<\/tr>\n<tr>\n<td>Phosphor<\/td>\n<td>210 mg<\/td>\n<td>30 %<\/td>\n<\/tr>\n<tr>\n<td>Natrium<\/td>\n<td>300 mg<\/td>\n<td>15 %<\/td>\n<\/tr>\n<tr>\n<td>Kalium<\/td>\n<td>300 mg<\/td>\n<td>15 %<\/td>\n<\/tr>\n<tr>\n<td>Chlorid<\/td>\n<td>120 mg<\/td>\n<td>15 %<\/td>\n<\/tr>\n<\/tbody>\n<\/table>\n\t\t<\/div>\n\t<\/div>\n\t\n<\/div>\n\t<div class=\"img has-hover x md-x lg-x y md-y lg-y\" id=\"image_1602750151\">\n\t\t\t\t\t\t\t\t<div class=\"img-inner dark\" >\n\t\t\t<img decoding=\"async\" width=\"1020\" height=\"569\" src=\"https:\/\/fitnfemale.com\/wp-content\/uploads\/pinkburn-rasp-closeup4.jpg\" class=\"attachment-large size-large\" alt=\"Pinkburn rasp closeup4\" srcset=\"https:\/\/fitnfemale.com\/wp-content\/uploads\/pinkburn-rasp-closeup4.jpg 1376w, https:\/\/fitnfemale.com\/wp-content\/uploads\/pinkburn-rasp-closeup4-717x400.jpg 717w, https:\/\/fitnfemale.com\/wp-content\/uploads\/pinkburn-rasp-closeup4-768x429.jpg 768w, https:\/\/fitnfemale.com\/wp-content\/uploads\/pinkburn-rasp-closeup4-18x10.jpg 18w, https:\/\/fitnfemale.com\/wp-content\/uploads\/pinkburn-rasp-closeup4-1000x558.jpg 1000w\" sizes=\"(max-width: 1020px) 100vw, 1020px\" \/>\t\t\t\t\t\t\n\t\t\t\t\t<\/div>\n\t\t\t\t\t\t\t\t\n<style>\n#image_1602750151 {\n  width: 100%;\n}\n<\/style>\n\t<\/div>","protected":false},"excerpt":{"rendered":"<h2>Pink Burn \u2013 der 2-in-1 Boost, den du wirklich sp\u00fcrst!<\/h2>\n<h4 class=\"uppercase\"><strong>Kalorien? Weg damit. Energie? Her damit.<\/strong><\/h4>\n<h4>Pink Burn vereint Fatburner und Pre-Workout-Booster in einem Drink \u2013 dein Ritual vor jeder Session. Die <strong>Female Performance Matrix<\/strong> mit <strong>200 mg Koffein<\/strong>, Aminos\u00e4uren, B-Vitaminen und Elektrolyten liefert Fokus, Drive und Trainingsflow. Zuckerfrei, nur <strong>2.2 kcal<\/strong> pro Portion. <strong>Nach 15\u201320 Minuten sp\u00fcrbar<\/strong> \u2013 vom Kopf bis in die Beine.<\/h4>","protected":false},"featured_media":916223,"comment_status":"open","ping_status":"closed","template":"","meta":{"slim_seo":{"title":"Pink Burn 2-in-1 Fatburner & Booster | Maximale Fettverbrennung | FitNFemale","description":"Der Pink Burn 2-in-1 Fatburner & Booster: Das perfekte Produkt vor dem Training f\u00fcr maximale Fettverbrennung, sofortige Wirkung, gesunden Elektrolythaushalt und Trainings-Cocktail in einem. Jetzt kaufen!"}},"product_brand":[],"product_cat":[6364,317,1052,6671],"product_tag":[],"class_list":{"0":"post-5032","1":"product","2":"type-product","3":"status-publish","4":"has-post-thumbnail","6":"product_cat-promo-30","7":"product_cat-abnehmen","8":"product_cat-fatburner","9":"product_cat-topdeals","10":"pa_anwendungsbereiche-energy","11":"pa_anwendungsbereiche-leanmuscle","12":"pa_anwendungsbereiche-focus","13":"pa_anwendungsbereiche-weightloss","14":"pa_anwendungsbereiche-shaping","15":"pa_marke-fitnfemale","16":"pa_misc-aspartamfree","17":"pa_misc-glutenfree","18":"pa_misc-konservierungsfrei","19":"pa_misc-lactosefree","20":"pa_misc-vegetarian","21":"pa_nutritionfactinfo-nofat","22":"pa_nutritionfactinfo-nocarbs","23":"pa_nutritionfactinfo-lowcalories","24":"pa_nutritionfactinfo-lowsugar","25":"pa_schwangerschaft-nicht-geeignet","26":"pa_stillzeit-nicht-geeignet","27":"pa_vegan-nein","29":"first","30":"instock","31":"featured","32":"taxable","33":"shipping-taxable","34":"purchasable","35":"product-type-variable","36":"has-default-attributes"},"bundled_by":["58627","470906","626249","627227","637421","663238","738020","779338","779338","779338","43049","5018","948486"],"bundle_stock_status":"instock","bundle_stock_quantity":null,"bundle_virtual":false,"bundle_layout":"","bundle_add_to_cart_form_location":"","bundle_editable_in_cart":false,"bundle_sold_individually_context":"","bundle_item_grouping":"","bundle_min_size":"","bundle_max_size":"","bundle_price":[],"bundled_items":[],"bundle_sell_ids":[],"gallery_images":[953507,934892,953514,953508,953518,942903,953515,909720],"_links":{"self":[{"href":"https:\/\/fitnfemale.com\/deu\/wp-json\/wp\/v2\/product\/5032","targetHints":{"allow":["GET"]}}],"collection":[{"href":"https:\/\/fitnfemale.com\/deu\/wp-json\/wp\/v2\/product"}],"about":[{"href":"https:\/\/fitnfemale.com\/deu\/wp-json\/wp\/v2\/types\/product"}],"replies":[{"embeddable":true,"href":"https:\/\/fitnfemale.com\/deu\/wp-json\/wp\/v2\/comments?post=5032"}],"wp:featuredmedia":[{"embeddable":true,"href":"https:\/\/fitnfemale.com\/deu\/wp-json\/wp\/v2\/media\/916223"}],"wp:attachment":[{"href":"https:\/\/fitnfemale.com\/deu\/wp-json\/wp\/v2\/media?parent=5032"}],"wp:term":[{"taxonomy":"product_brand","embeddable":true,"href":"https:\/\/fitnfemale.com\/deu\/wp-json\/wp\/v2\/product_brand?post=5032"},{"taxonomy":"product_cat","embeddable":true,"href":"https:\/\/fitnfemale.com\/deu\/wp-json\/wp\/v2\/product_cat?post=5032"},{"taxonomy":"product_tag","embeddable":true,"href":"https:\/\/fitnfemale.com\/deu\/wp-json\/wp\/v2\/product_tag?post=5032"}],"curies":[{"name":"wp","href":"https:\/\/api.w.org\/{rel}","templated":true}]}}