{"id":5018,"date":"2017-10-02T19:10:46","date_gmt":"2017-10-02T18:10:46","guid":{"rendered":"http:\/\/blog.fitnfemale.de\/shop\/premium-fatburn-kombi\/"},"modified":"2026-02-07T16:20:38","modified_gmt":"2026-02-07T15:20:38","slug":"premium-fatburn-kombi","status":"publish","type":"product","link":"https:\/\/fitnfemale.com\/deu\/produkt\/premium-fatburn-kombi\/","title":{"rendered":"Shape and Burn Set"},"content":{"rendered":"<div class=\"img has-hover img-details x md-x lg-x y md-y lg-y\" id=\"image_2056411418\">\n\t\t\t\t\t\t\t\t<div class=\"img-inner dark\" >\n\t\t\t<img decoding=\"async\" width=\"1020\" height=\"569\" src=\"https:\/\/fitnfemale.com\/wp-content\/uploads\/shapeandburnset-closeup6.webp\" class=\"attachment-large size-large\" alt=\"Shapeandburnset closeup6\" srcset=\"https:\/\/fitnfemale.com\/wp-content\/uploads\/shapeandburnset-closeup6.webp 1376w, https:\/\/fitnfemale.com\/wp-content\/uploads\/shapeandburnset-closeup6-717x400.webp 717w, https:\/\/fitnfemale.com\/wp-content\/uploads\/shapeandburnset-closeup6-768x429.webp 768w, https:\/\/fitnfemale.com\/wp-content\/uploads\/shapeandburnset-closeup6-18x10.webp 18w, https:\/\/fitnfemale.com\/wp-content\/uploads\/shapeandburnset-closeup6-1000x558.webp 1000w\" sizes=\"(max-width: 1020px) 100vw, 1020px\" \/>\t\t\t\t\t\t\n\t\t\t\t\t<\/div>\n\t\t\t\t\t\t\t\t\n<style>\n#image_2056411418 {\n  width: 100%;\n}\n<\/style>\n\t<\/div>\n\t\n<ul>\n<li class=\"bullet-arrow\"><strong><i class=\"fas fa-star\" style=\"margin-right: 6px;\"><\/i>Shape Me Shake \u2013 Protein-Meal f\u00fcr deine Routine:<\/strong> Ideal als Mahlzeit, wenn du es unkompliziert und lecker willst \u2013 perfekt f\u00fcr deinen Alltag.<\/li>\n<li class=\"bullet-arrow\"><strong><i class=\"fas fa-bolt\" style=\"margin-right: 6px;\"><\/i>Pink Burn (2 in 1) \u2013 Pre-Workout Kick:<\/strong> F\u00fcr Fokus und Drive vor dem Training \u2013 wenn du Leistung abrufen willst.<\/li>\n<li class=\"bullet-arrow\"><strong><i class=\"fas fa-utensils\" style=\"margin-right: 6px;\"><\/i>All You Need Shake \u2013 wenn es schnell gehen muss:<\/strong> Ein praktischer Meal Shake f\u00fcr Tage, an denen du wenig Zeit hast, aber trotzdem sauber bleiben willst.<\/li>\n<li class=\"bullet-arrow\"><strong><i class=\"fas fa-tint\" style=\"margin-right: 6px;\"><\/i>Hydro Burn \u2013 leichter f\u00fchlen im Alltag:<\/strong> Der perfekte Zusatz f\u00fcr deine Routine \u2013 besonders an Tagen, an denen du dich einfach \u201eleichter\u201c f\u00fchlen willst.<\/li>\n<li class=\"bullet-arrow\"><strong><i class=\"fas fa-gift\" style=\"margin-right: 6px;\"><\/i>Black Beauty Shaker \u2013 geschenkt:<\/strong> Damit du deine Drinks \u00fcberall schnell und easy mixen kannst.<\/li>\n<\/ul>\n\n\t<section class=\"section dark\" id=\"section_933436902\">\n\t\t<div class=\"section-bg fill\" >\n\t\t\t\t\t\t\t\t\t\n\t\t\t\n\n\t\t<\/div>\n\n\t\t\n\n\t\t<div class=\"section-content relative\">\n\t\t\t\n<p><i class=\"fas fa-info-circle\" style=\"color: #fff;\"><\/i> <strong>So nutzt du das Set<\/strong><br \/>\nShape Me Shake als Mahlzeit (z.B. Fr\u00fchst\u00fcck) \u2022 Pink Burn 20\u201330 Min vor dem Training \u2022 All You Need Shake wenn es schnell gehen muss \u2022 Hydro Burn t\u00e4glich mit viel Wasser \u2022 alles easy im Shaker mixen.<\/p>\n\t\t<\/div>\n\n\t\t\n<style>\n#section_933436902 {\n  padding-top: 30px;\n  padding-bottom: 30px;\n  background-color: rgb(40, 40, 40);\n}\n<\/style>\n\t<\/section>\n\t\n<p><small><strong>WICHTIG!<\/strong>\u00a0Bitte beachte: Das Shape &amp; Burn Bundle von FitNFemale\u00ae ist kein Ersatz f\u00fcr eine ausgewogene Ern\u00e4hrung und regelm\u00e4\u00dfiges Training. Tipps und Informationen f\u00fcr eine effektive Di\u00e4t und ad\u00e4quates Training findest du auf unserer Webseite. Nach deiner Bestellung kannst du den Einnahmeplan direkt online herunterladen &#8211; ein Link wird in deiner Bestellbest\u00e4tigung bereitgestellt.<\/small><\/p>","protected":false},"excerpt":{"rendered":"<h2>Shape &amp; Burn Bundle \u2013 Dein Komplett-Paket f\u00fcr Figur, Energie und Fokus.<\/h2>\n<h4>F\u00fcnf aufeinander abgestimmte Produkte \u2013 <em>Shape Me Shake, Pink Burn, Pink Fire, All You Need Shake<\/em> und ein exklusiver Ern\u00e4hrungs-Guide \u2013 f\u00fcr Frauen, die mehr erreichen wollen.<\/h4>","protected":false},"featured_media":954129,"comment_status":"open","ping_status":"closed","template":"","meta":{"slim_seo":{"title":"Shape and Burn Set - FitNFemale\u00ae","description":"Shape &amp; Burn Bundle \u2013 Dein Komplett-Paket f\u00fcr Figur, Energie und Fokus. F\u00fcnf aufeinander abgestimmte Produkte \u2013 Shape Me Shake, Pink Burn, Pink Fire, All Yo"}},"product_brand":[],"product_cat":[311,6671],"product_tag":[],"class_list":{"0":"post-5018","1":"product","2":"type-product","3":"status-publish","4":"has-post-thumbnail","6":"product_cat-bundle","7":"product_cat-topdeals","9":"first","10":"instock","11":"sale","12":"featured","13":"downloadable","14":"taxable","15":"shipping-taxable","16":"purchasable","17":"product-type-bundle"},"bundled_by":[],"bundle_stock_status":"instock","bundle_stock_quantity":38,"bundle_virtual":false,"bundle_layout":"default","bundle_add_to_cart_form_location":"default","bundle_editable_in_cart":false,"bundle_sold_individually_context":"product","bundle_item_grouping":"noindent","bundle_min_size":"","bundle_max_size":"","bundle_price":{"price":{"min":{"incl_tax":"114.5","excl_tax":"111.598441"},"max":{"incl_tax":"114.5","excl_tax":"111.598441"}},"regular_price":{"min":{"incl_tax":"114.5","excl_tax":"111.598441"},"max":{"incl_tax":"114.5","excl_tax":"111.598441"}}},"bundled_items":[{"bundled_item_id":599,"product_id":43303,"menu_order":0,"quantity_min":1,"quantity_max":1,"quantity_default":1,"priced_individually":false,"shipped_individually":false,"override_title":true,"title":"Shape Me Shake","override_description":true,"description":"Protein-Meal f\u00fcr deine Figur-Routine.","optional":false,"hide_thumbnail":false,"discount":"","override_variations":false,"allowed_variations":[],"override_default_variation_attributes":false,"default_variation_attributes":[],"single_product_visibility":"visible","cart_visibility":"hidden","order_visibility":"visible","single_product_price_visibility":"visible","cart_price_visibility":"visible","order_price_visibility":"visible","stock_status":"in_stock"},{"bundled_item_id":637,"product_id":5032,"menu_order":1,"quantity_min":1,"quantity_max":1,"quantity_default":1,"priced_individually":false,"shipped_individually":false,"override_title":true,"title":"Pink Burn (2 in 1)","override_description":true,"description":"Pre-Workout Kick f\u00fcr Fokus und Drive.","optional":false,"hide_thumbnail":false,"discount":"","override_variations":false,"allowed_variations":[],"override_default_variation_attributes":false,"default_variation_attributes":[],"single_product_visibility":"visible","cart_visibility":"visible","order_visibility":"visible","single_product_price_visibility":"visible","cart_price_visibility":"visible","order_price_visibility":"visible","stock_status":"in_stock"},{"bundled_item_id":587,"product_id":678396,"menu_order":2,"quantity_min":1,"quantity_max":1,"quantity_default":1,"priced_individually":false,"shipped_individually":false,"override_title":true,"title":"All you need Shake","override_description":true,"description":"Schneller Meal Shake f\u00fcr stressige Tage.","optional":false,"hide_thumbnail":false,"discount":"","override_variations":false,"allowed_variations":[],"override_default_variation_attributes":false,"default_variation_attributes":[],"single_product_visibility":"visible","cart_visibility":"hidden","order_visibility":"visible","single_product_price_visibility":"visible","cart_price_visibility":"visible","order_price_visibility":"visible","stock_status":"in_stock"},{"bundled_item_id":678,"product_id":337831,"menu_order":3,"quantity_min":1,"quantity_max":1,"quantity_default":1,"priced_individually":false,"shipped_individually":false,"override_title":true,"title":"Pink Fire","override_description":true,"description":"","optional":false,"hide_thumbnail":false,"discount":"","override_variations":false,"allowed_variations":[],"override_default_variation_attributes":false,"default_variation_attributes":[],"single_product_visibility":"visible","cart_visibility":"hidden","order_visibility":"visible","single_product_price_visibility":"visible","cart_price_visibility":"visible","order_price_visibility":"visible","stock_status":"in_stock"},{"bundled_item_id":648,"product_id":5004,"menu_order":4,"quantity_min":1,"quantity_max":1,"quantity_default":1,"priced_individually":false,"shipped_individually":false,"override_title":false,"title":"Black Beauty Shaker","override_description":true,"description":"Geschenkt \u2013 shaken, trinken, weiter.","optional":false,"hide_thumbnail":false,"discount":"","override_variations":false,"allowed_variations":[],"override_default_variation_attributes":false,"default_variation_attributes":[],"single_product_visibility":"visible","cart_visibility":"visible","order_visibility":"visible","single_product_price_visibility":"visible","cart_price_visibility":"visible","order_price_visibility":"visible","stock_status":"in_stock"}],"bundle_sell_ids":[],"gallery_images":[953935,953936,953495,953313,953921,953720,938480,953507],"_links":{"self":[{"href":"https:\/\/fitnfemale.com\/deu\/wp-json\/wp\/v2\/product\/5018","targetHints":{"allow":["GET"]}}],"collection":[{"href":"https:\/\/fitnfemale.com\/deu\/wp-json\/wp\/v2\/product"}],"about":[{"href":"https:\/\/fitnfemale.com\/deu\/wp-json\/wp\/v2\/types\/product"}],"replies":[{"embeddable":true,"href":"https:\/\/fitnfemale.com\/deu\/wp-json\/wp\/v2\/comments?post=5018"}],"wp:featuredmedia":[{"embeddable":true,"href":"https:\/\/fitnfemale.com\/deu\/wp-json\/wp\/v2\/media\/954129"}],"wp:attachment":[{"href":"https:\/\/fitnfemale.com\/deu\/wp-json\/wp\/v2\/media?parent=5018"}],"wp:term":[{"taxonomy":"product_brand","embeddable":true,"href":"https:\/\/fitnfemale.com\/deu\/wp-json\/wp\/v2\/product_brand?post=5018"},{"taxonomy":"product_cat","embeddable":true,"href":"https:\/\/fitnfemale.com\/deu\/wp-json\/wp\/v2\/product_cat?post=5018"},{"taxonomy":"product_tag","embeddable":true,"href":"https:\/\/fitnfemale.com\/deu\/wp-json\/wp\/v2\/product_tag?post=5018"}],"curies":[{"name":"wp","href":"https:\/\/api.w.org\/{rel}","templated":true}]}}