{"id":5008,"date":"2017-10-02T19:10:41","date_gmt":"2017-10-02T18:10:41","guid":{"rendered":"http:\/\/blog.fitnfemale.de\/shop\/24-vitamins-minerals\/"},"modified":"2026-04-12T18:01:45","modified_gmt":"2026-04-12T17:01:45","slug":"24-vitamins-minerals","status":"publish","type":"product","link":"https:\/\/fitnfemale.com\/deu\/produkt\/24-vitamins-minerals\/","title":{"rendered":"24 Vitamins &#038; Minerals"},"content":{"rendered":"<div class=\"img has-hover img-details x md-x lg-x y md-y lg-y\" id=\"image_1990852856\">\n\t\t\t\t\t\t\t\t<div class=\"img-inner dark\" >\n\t\t\t<img decoding=\"async\" width=\"1020\" height=\"569\" src=\"https:\/\/fitnfemale.com\/wp-content\/uploads\/24vitamins-minerals-closeup17.webp\" class=\"attachment-large size-large\" alt=\"24vitamins minerals closeup17\" srcset=\"https:\/\/fitnfemale.com\/wp-content\/uploads\/24vitamins-minerals-closeup17.webp 1376w, https:\/\/fitnfemale.com\/wp-content\/uploads\/24vitamins-minerals-closeup17-717x400.webp 717w, https:\/\/fitnfemale.com\/wp-content\/uploads\/24vitamins-minerals-closeup17-768x429.webp 768w, https:\/\/fitnfemale.com\/wp-content\/uploads\/24vitamins-minerals-closeup17-18x10.webp 18w, https:\/\/fitnfemale.com\/wp-content\/uploads\/24vitamins-minerals-closeup17-1000x558.webp 1000w\" sizes=\"(max-width: 1020px) 100vw, 1020px\" \/>\t\t\t\t\t\t\n\t\t\t\t\t<\/div>\n\t\t\t\t\t\t\t\t\n<style>\n#image_1990852856 {\n  width: 100%;\n}\n<\/style>\n\t<\/div>\n\t\n<ul>\n<li class=\"bullet-star\">Reduzierung von M\u00fcdigkeit und Ersch\u00f6pfung: Mit Vitamin C, B12 und Magnesium zur Unterst\u00fctzung deines Energiehaushalts.<\/li>\n<li class=\"bullet-star\">Unterst\u00fctzung der Knochengesundheit: Calcium, Vitamin D und Magnesium tragen zur Erhaltung normaler Knochen bei.<\/li>\n<li class=\"bullet-star\">F\u00f6rderung des Immunsystems: Vitamin C, Vitamin D und Zink st\u00e4rken die normale Funktion des Immunsystems.<\/li>\n<li class=\"bullet-star\">Schutz der Zellen vor oxidativem Stress: Mit Vitamin C, Vitamin E und Zink zum Schutz deiner Zellen.<\/li>\n<li class=\"bullet-star\">Eine Dose reicht f\u00fcr 8,5 Wochen<\/li>\n<\/ul>\n<p>Dank der praktischen Einnahme von nur zwei Tabletten t\u00e4glich ist es ganz einfach, deinen K\u00f6rper optimal zu versorgen \u2013 egal, ob du Sport treibst, einen stressigen Alltag hast oder einfach nur vital bleiben m\u00f6chtest.<\/p>\n<table class=\"ffnf-clean-table\">\n<thead>\n<tr>\n<th>Inhaltsstoffe<\/th>\n<th>Portion (2\u202fKapseln)<\/th>\n<th>% NRV*<\/th>\n<\/tr>\n<\/thead>\n<tbody>\n<tr>\n<td>Vitamin\u202fA<\/td>\n<td>266\u202f\u00b5g<\/td>\n<td>33\u202f%<\/td>\n<\/tr>\n<tr>\n<td>Vitamin\u202fC<\/td>\n<td>120\u202fmg<\/td>\n<td>150\u202f%<\/td>\n<\/tr>\n<tr>\n<td>Vitamin\u202fD<\/td>\n<td>10\u202f\u00b5g<\/td>\n<td>200\u202f%<\/td>\n<\/tr>\n<tr>\n<td>Vitamin\u202fK<\/td>\n<td>60\u202f\u00b5g<\/td>\n<td>80\u202f%<\/td>\n<\/tr>\n<tr>\n<td>Vitamin\u202fE<\/td>\n<td>20\u202fmg<\/td>\n<td>166\u202f%<\/td>\n<\/tr>\n<tr>\n<td>Vitamin\u202fB1<\/td>\n<td>2,8\u202fmg<\/td>\n<td>254\u202f%<\/td>\n<\/tr>\n<tr>\n<td>Vitamin\u202fB2<\/td>\n<td>3,2\u202fmg<\/td>\n<td>228\u202f%<\/td>\n<\/tr>\n<tr>\n<td>Vitamin\u202fB3<\/td>\n<td>36\u202fmg<\/td>\n<td>225\u202f%<\/td>\n<\/tr>\n<tr>\n<td>Vitamin\u202fB5<\/td>\n<td>12\u202fmg<\/td>\n<td>200\u202f%<\/td>\n<\/tr>\n<tr>\n<td>Vitamin\u202fB6<\/td>\n<td>4\u202fmg<\/td>\n<td>285\u202f%<\/td>\n<\/tr>\n<tr>\n<td>Vitamin\u202fB12<\/td>\n<td>2\u202f\u00b5g<\/td>\n<td>80\u202f%<\/td>\n<\/tr>\n<tr>\n<td>Biotin<\/td>\n<td>300\u202f\u00b5g<\/td>\n<td>600\u202f%<\/td>\n<\/tr>\n<tr>\n<td>Fols\u00e4ure<\/td>\n<td>400\u202f\u00b5g<\/td>\n<td>200\u202f%<\/td>\n<\/tr>\n<tr>\n<td>Kalzium<\/td>\n<td>324\u202fmg<\/td>\n<td>40\u202f%<\/td>\n<\/tr>\n<tr>\n<td>Magnesium<\/td>\n<td>200\u202fmg<\/td>\n<td>53\u202f%<\/td>\n<\/tr>\n<tr>\n<td>Jod<\/td>\n<td>100\u202f\u00b5g<\/td>\n<td>66\u202f%<\/td>\n<\/tr>\n<tr>\n<td>Eisen<\/td>\n<td>8\u202fmg<\/td>\n<td>57\u202f%<\/td>\n<\/tr>\n<tr>\n<td>Selen<\/td>\n<td>50\u202f\u00b5g<\/td>\n<td>90\u202f%<\/td>\n<\/tr>\n<tr>\n<td>Zink<\/td>\n<td>5,3\u202fmg<\/td>\n<td>100\u202f%<\/td>\n<\/tr>\n<tr>\n<td>Kupfer<\/td>\n<td>1\u202fmg<\/td>\n<td>100\u202f%<\/td>\n<\/tr>\n<tr>\n<td>Mangan<\/td>\n<td>2\u202fmg<\/td>\n<td>100\u202f%<\/td>\n<\/tr>\n<tr>\n<td>Chrom<\/td>\n<td>50\u202f\u00b5g<\/td>\n<td>100\u202f%<\/td>\n<\/tr>\n<tr>\n<td>Molybd\u00e4n<\/td>\n<td>50\u202f\u00b5g<\/td>\n<td>100\u202f%<\/td>\n<\/tr>\n<tr>\n<td>Phosphor<\/td>\n<td>250\u202fmg<\/td>\n<td>35\u202f%<\/td>\n<\/tr>\n<\/tbody>\n<\/table>","protected":false},"excerpt":{"rendered":"<h2>Hochdosierte Vitalstoffversorgung f\u00fcr aktive Frauen<\/h2>\n<h4>Versorge deinen K\u00f6rper mit 24 sorgf\u00e4ltig ausgew\u00e4hlten Vitaminen und Mineralstoffen, optimal abgestimmt auf die Bed\u00fcrfnisse aktiver Frauen. Jede Tablette enth\u00e4lt 12 essentielle Vitamine und 12 Mineralstoffe, die eine wichtige Rolle f\u00fcr deinen K\u00f6rper spielen:<\/h4>","protected":false},"featured_media":943441,"comment_status":"open","ping_status":"closed","template":"","meta":{"slim_seo":{"title":"24 Vitamins & Minerals - FitNFemale\u00ae","description":"Hochdosierte Vitalstoffversorgung f\u00fcr aktive Frauen Versorge deinen K\u00f6rper mit 24 sorgf\u00e4ltig ausgew\u00e4hlten Vitaminen und Mineralstoffen, optimal abgestimmt auf d"}},"product_brand":[],"product_cat":[6363,6629,401],"product_tag":[],"class_list":{"0":"post-5008","1":"product","2":"type-product","3":"status-publish","4":"has-post-thumbnail","6":"product_cat-promo-40","7":"product_cat-basic","8":"product_cat-health","9":"pa_anwendungsbereiche-health","10":"pa_anwendungsbereiche-skin-hair-nails","11":"pa_anwendungsbereiche-immune-system","12":"pa_marke-fitnfemale","13":"pa_misc-aspartamfree","14":"pa_misc-glutenfree","15":"pa_misc-lactosefree","16":"pa_misc-vegetarian","17":"pa_schwangerschaft-nicht-geeignet","18":"pa_stillzeit-geeignet","19":"pa_vegan-ja","21":"first","22":"instock","23":"taxable","24":"shipping-taxable","25":"purchasable","26":"product-type-simple"},"bundled_by":["626249","627259","470906","786591","956646"],"bundle_stock_status":"instock","bundle_stock_quantity":255,"bundle_virtual":false,"bundle_layout":"","bundle_add_to_cart_form_location":"","bundle_editable_in_cart":false,"bundle_sold_individually_context":"","bundle_item_grouping":"","bundle_min_size":"","bundle_max_size":"","bundle_price":[],"bundled_items":[],"bundle_sell_ids":[],"gallery_images":[953744,953748,907739,953746,953749,639879,953745],"_links":{"self":[{"href":"https:\/\/fitnfemale.com\/deu\/wp-json\/wp\/v2\/product\/5008","targetHints":{"allow":["GET"]}}],"collection":[{"href":"https:\/\/fitnfemale.com\/deu\/wp-json\/wp\/v2\/product"}],"about":[{"href":"https:\/\/fitnfemale.com\/deu\/wp-json\/wp\/v2\/types\/product"}],"replies":[{"embeddable":true,"href":"https:\/\/fitnfemale.com\/deu\/wp-json\/wp\/v2\/comments?post=5008"}],"wp:featuredmedia":[{"embeddable":true,"href":"https:\/\/fitnfemale.com\/deu\/wp-json\/wp\/v2\/media\/943441"}],"wp:attachment":[{"href":"https:\/\/fitnfemale.com\/deu\/wp-json\/wp\/v2\/media?parent=5008"}],"wp:term":[{"taxonomy":"product_brand","embeddable":true,"href":"https:\/\/fitnfemale.com\/deu\/wp-json\/wp\/v2\/product_brand?post=5008"},{"taxonomy":"product_cat","embeddable":true,"href":"https:\/\/fitnfemale.com\/deu\/wp-json\/wp\/v2\/product_cat?post=5008"},{"taxonomy":"product_tag","embeddable":true,"href":"https:\/\/fitnfemale.com\/deu\/wp-json\/wp\/v2\/product_tag?post=5008"}],"curies":[{"name":"wp","href":"https:\/\/api.w.org\/{rel}","templated":true}]}}