{"id":4991,"date":"2017-10-02T19:10:35","date_gmt":"2017-10-02T18:10:35","guid":{"rendered":"http:\/\/blog.fitnfemale.de\/shop\/zma\/"},"modified":"2026-04-11T18:01:34","modified_gmt":"2026-04-11T17:01:34","slug":"zma","status":"publish","type":"product","link":"https:\/\/fitnfemale.com\/deu\/produkt\/zma\/","title":{"rendered":"ZMA"},"content":{"rendered":"<p>Die einzelnen Komponenten des Pr\u00e4parats sind f\u00fcr den t\u00e4glichen Schutz des Organismus vor sch\u00e4dlichen \u00dcberbelastungsfolgen notwendig und sorgen f\u00fcr einen besseren Schlaf. ZMA Pr\u00e4parate wirken wesentlich besser als Zink und Magnesium alleine, denn es handelt sich um eine synthetisch hergestellte Mischung, die optimal auf den trainierenden K\u00f6rper eines Kraftsportlers abgestimmt ist.\u00a0ZMA baut auf langj\u00e4hriger Erfahrung im Sport auf und hat deshalb genau den richtigen Vitamin, Magnesium und Zink-Anteil \u2013 den du so einfach nicht zusammenstellen k\u00f6nntest.<\/p>\n<h4>Das Wichtigste im \u00dcberblick<\/h4>\n<ul>\n<li class=\"bullet-star\">Bessere Erholung und tieferer Schlaf<\/li>\n<li class=\"bullet-star\">Optimales Verh\u00e4ltnis aus Zink, Magnesium und Vitamin B6<\/li>\n<li class=\"bullet-star\">Inhaltsstoffe k\u00f6nnen vom K\u00f6rper schnell aufgenommen werden und dein Training wirkungsvoll unterst\u00fctzen<\/li>\n<\/ul>\n<p>Zusammenfassend kann gesagt werden, dass dein K\u00f6rper die in ZMA verbauten Baustoffe dringend f\u00fcr die Bildung von starken und kr\u00e4ftigen Muskeln braucht und diese Vorprodukte in vielfachen Stoffwechsel-Prozessen umwandelt. Es handelt sich um Bausteine, die aus der Natur bekannt sind, und die f\u00fcr eine noch bessere Wirkung in einem optimalen Mischungsverh\u00e4ltnis kombiniert werden. Der Effekt der besseren Ern\u00e4hrung und Versorgung deines K\u00f6rpers tritt recht zeitnah ein<\/p>","protected":false},"excerpt":{"rendered":"<h2>Das Trio garantiert rasche Regeneration und tiefen Schlaf<\/h2>\n<h4>ZMA ist ein Pr\u00e4parat mit einem einmaligen System von Elementen. Das ZMA beinhaltet Zink und Magnesium sowie Vitamin B6. <\/h4>","protected":false},"featured_media":698249,"comment_status":"open","ping_status":"closed","template":"","meta":{"slim_seo":{"title":"ZMA - FitNFemale\u00ae","description":"Das Trio garantiert rasche Regeneration und tiefen Schlaf ZMA ist ein Pr\u00e4parat mit einem einmaligen System von Elementen. Das ZMA beinhaltet Zink und Magnesium"}},"product_brand":[],"product_cat":[6366,6363,6629,1047,401],"product_tag":[],"class_list":{"0":"post-4991","1":"product","2":"type-product","3":"status-publish","4":"has-post-thumbnail","6":"product_cat-promo-10","7":"product_cat-promo-40","8":"product_cat-basic","9":"product_cat-fit-strong","10":"product_cat-health","11":"pa_anwendungsbereiche-health","12":"pa_marke-fitnfemale","13":"pa_misc-aspartamfree","14":"pa_misc-glutenfree","15":"pa_misc-lactosefree","16":"pa_misc-vegetarian","17":"pa_schwangerschaft-geeignet","18":"pa_stillzeit-geeignet","20":"first","21":"outofstock","22":"taxable","23":"shipping-taxable","24":"purchasable","25":"product-type-simple"},"bundled_by":["22023","5439"],"bundle_stock_status":"outofstock","bundle_stock_quantity":0,"bundle_virtual":false,"bundle_layout":"","bundle_add_to_cart_form_location":"","bundle_editable_in_cart":false,"bundle_sold_individually_context":"","bundle_item_grouping":"","bundle_min_size":"","bundle_max_size":"","bundle_price":[],"bundled_items":[],"bundle_sell_ids":[],"gallery_images":[614531,578922,578923],"_links":{"self":[{"href":"https:\/\/fitnfemale.com\/deu\/wp-json\/wp\/v2\/product\/4991","targetHints":{"allow":["GET"]}}],"collection":[{"href":"https:\/\/fitnfemale.com\/deu\/wp-json\/wp\/v2\/product"}],"about":[{"href":"https:\/\/fitnfemale.com\/deu\/wp-json\/wp\/v2\/types\/product"}],"replies":[{"embeddable":true,"href":"https:\/\/fitnfemale.com\/deu\/wp-json\/wp\/v2\/comments?post=4991"}],"wp:featuredmedia":[{"embeddable":true,"href":"https:\/\/fitnfemale.com\/deu\/wp-json\/wp\/v2\/media\/698249"}],"wp:attachment":[{"href":"https:\/\/fitnfemale.com\/deu\/wp-json\/wp\/v2\/media?parent=4991"}],"wp:term":[{"taxonomy":"product_brand","embeddable":true,"href":"https:\/\/fitnfemale.com\/deu\/wp-json\/wp\/v2\/product_brand?post=4991"},{"taxonomy":"product_cat","embeddable":true,"href":"https:\/\/fitnfemale.com\/deu\/wp-json\/wp\/v2\/product_cat?post=4991"},{"taxonomy":"product_tag","embeddable":true,"href":"https:\/\/fitnfemale.com\/deu\/wp-json\/wp\/v2\/product_tag?post=4991"}],"curies":[{"name":"wp","href":"https:\/\/api.w.org\/{rel}","templated":true}]}}