{"id":4980,"date":"2017-10-02T19:10:35","date_gmt":"2017-10-02T18:10:35","guid":{"rendered":"http:\/\/blog.fitnfemale.de\/shop\/pink-water-jug\/"},"modified":"2026-04-12T18:01:44","modified_gmt":"2026-04-12T17:01:44","slug":"pink-water-jug","status":"publish","type":"product","link":"https:\/\/fitnfemale.com\/deu\/produkt\/pink-water-jug\/","title":{"rendered":"Pink Water Jug"},"content":{"rendered":"<p>Die PINK WATER JUG von FitnFemale\u00ae ist sehr beliebt durch ihre Gr\u00f6sse und ihr Aussehen. Egal, ob w\u00e4hrend dem Training, der Arbeit, Schule oder auf Reisen &#8211; mit der Water Jug machst du immer eine gute Figur! Vergiss nicht, pro 20kg K\u00f6rpergewicht musst du 1 Liter Wasser t\u00e4glich zu dir nehmen.<\/p>\n<h4>Das Wichtigste im \u00dcberblick<\/h4>\n<ul>\n<li class=\"bullet-star\">1.89 Liter Fassungsverm\u00f6gen &#8211; perfekt f\u00fcr s\u00e4mtliche Aktivit\u00e4ten<\/li>\n<li class=\"bullet-star\">Limitierte Auflage!<\/li>\n<li class=\"bullet-star\">Hochwertiges Material, BPA-freier Kunststoff<\/li>\n<li class=\"bullet-star\">Best-Price Garantie!<\/li>\n<\/ul>","protected":false},"excerpt":{"rendered":"<p>Die pinke Wasserflasche f\u00fcr unterwegs oder das Training!<\/p>","protected":false},"featured_media":2941,"comment_status":"open","ping_status":"closed","template":"","meta":{"slim_seo":{"title":"Pink Water Jug - FitNFemale\u00ae","description":"Die pinke Wasserflasche f\u00fcr unterwegs oder das Training!"}},"product_brand":[],"product_cat":[283,6217],"product_tag":[],"class_list":{"0":"post-4980","1":"product","2":"type-product","3":"status-publish","4":"has-post-thumbnail","6":"product_cat-equipment","7":"product_cat-trinkflaschen","8":"pa_anwendungsbereiche-for-your-workout","9":"pa_anwendungsbereiche-workout-bottle","10":"pa_marke-fitnfemale","11":"pa_misc-bpafree","13":"first","14":"outofstock","15":"taxable","16":"shipping-taxable","17":"purchasable","18":"product-type-simple"},"bundled_by":[],"bundle_stock_status":"outofstock","bundle_stock_quantity":1,"bundle_virtual":false,"bundle_layout":"","bundle_add_to_cart_form_location":"","bundle_editable_in_cart":false,"bundle_sold_individually_context":"","bundle_item_grouping":"","bundle_min_size":"","bundle_max_size":"","bundle_price":[],"bundled_items":[],"bundle_sell_ids":[],"gallery_images":[2942,8755],"_links":{"self":[{"href":"https:\/\/fitnfemale.com\/deu\/wp-json\/wp\/v2\/product\/4980","targetHints":{"allow":["GET"]}}],"collection":[{"href":"https:\/\/fitnfemale.com\/deu\/wp-json\/wp\/v2\/product"}],"about":[{"href":"https:\/\/fitnfemale.com\/deu\/wp-json\/wp\/v2\/types\/product"}],"replies":[{"embeddable":true,"href":"https:\/\/fitnfemale.com\/deu\/wp-json\/wp\/v2\/comments?post=4980"}],"wp:featuredmedia":[{"embeddable":true,"href":"https:\/\/fitnfemale.com\/deu\/wp-json\/wp\/v2\/media\/2941"}],"wp:attachment":[{"href":"https:\/\/fitnfemale.com\/deu\/wp-json\/wp\/v2\/media?parent=4980"}],"wp:term":[{"taxonomy":"product_brand","embeddable":true,"href":"https:\/\/fitnfemale.com\/deu\/wp-json\/wp\/v2\/product_brand?post=4980"},{"taxonomy":"product_cat","embeddable":true,"href":"https:\/\/fitnfemale.com\/deu\/wp-json\/wp\/v2\/product_cat?post=4980"},{"taxonomy":"product_tag","embeddable":true,"href":"https:\/\/fitnfemale.com\/deu\/wp-json\/wp\/v2\/product_tag?post=4980"}],"curies":[{"name":"wp","href":"https:\/\/api.w.org\/{rel}","templated":true}]}}