{"id":43303,"date":"2018-06-10T15:30:03","date_gmt":"2018-06-10T14:30:03","guid":{"rendered":"https:\/\/fitnfemale.com\/?post_type=product&#038;p=43303"},"modified":"2026-04-13T12:15:22","modified_gmt":"2026-04-13T11:15:22","slug":"all-in-one-shape-shake","status":"publish","type":"product","link":"https:\/\/fitnfemale.com\/deu\/produkt\/all-in-one-shape-shake\/","title":{"rendered":"Shape Me Shake"},"content":{"rendered":"<div class=\"img has-hover img-details x md-x lg-x y md-y lg-y\" id=\"image_675482289\">\n\t\t\t\t\t\t\t\t<div class=\"img-inner dark\" >\n\t\t\t<img decoding=\"async\" width=\"1020\" height=\"569\" src=\"https:\/\/fitnfemale.com\/wp-content\/uploads\/shapemeshake-rec-details1-1.webp\" class=\"attachment-large size-large\" alt=\"Shapemeshake rec details1\" srcset=\"https:\/\/fitnfemale.com\/wp-content\/uploads\/shapemeshake-rec-details1-1.webp 1376w, https:\/\/fitnfemale.com\/wp-content\/uploads\/shapemeshake-rec-details1-1-717x400.webp 717w, https:\/\/fitnfemale.com\/wp-content\/uploads\/shapemeshake-rec-details1-1-768x429.webp 768w, https:\/\/fitnfemale.com\/wp-content\/uploads\/shapemeshake-rec-details1-1-18x10.webp 18w, https:\/\/fitnfemale.com\/wp-content\/uploads\/shapemeshake-rec-details1-1-1000x558.webp 1000w\" sizes=\"(max-width: 1020px) 100vw, 1020px\" \/>\t\t\t\t\t\t\n\t\t\t\t\t<\/div>\n\t\t\t\t\t\t\t\t\n<style>\n#image_675482289 {\n  width: 100%;\n}\n<\/style>\n\t<\/div>\n\t\n<p>Geniesse den besten Geschmack, der garantiert in Wasser perfekt l\u00f6slich ist, und erlebe, wie einfach es ist, t\u00e4glich das Beste f\u00fcr dich zu tun. Mit einer sorgf\u00e4ltig ausgew\u00e4hlten Kombination aus Whey, Casein und Eiprotein sowie weiteren wertvollen Inhaltsstoffen begleitet dieser Topseller dich auf den Weg zu deiner Bestform. Unser Engagement f\u00fcr die Umwelt ist so stark wie unser Versprechen an dich: Wir nutzen eine 100% recycelbare Verpackung f\u00fcr eine sauberere Welt.<\/p>\n<p class=\"translation-block\">Mit Sorgfalt ausgew\u00e4hlt, enth\u00e4lt unser Shake <strong>L-Carnitin<\/strong> und eine Spur von <strong>Piperin<\/strong>. Plus <strong>Zink<\/strong> und <strong>Magnesium<\/strong>, die zu einem normalen Stoffwechsel beitragen.<\/p>\n<p class=\"translation-block\">Wir glauben an das Beste aus der Natur, deshalb kommt unsere Milch ausschliesslich von <strong>Weidek\u00fchen<\/strong>. Wir verzichten vollst\u00e4ndig auf Aspartam, Gluten und Soja \u2013 f\u00fcr dein Wohlbefinden.<\/p>\n<p class=\"translation-block\">Unser Versprechen an die Umwelt ist genauso stark wie unser Versprechen an dich: Wir verwenden <strong>100% recycelbare Verpackung<\/strong> f\u00fcr eine sauberere Welt.<\/p>\n<p class=\"translation-block\">Geniesse die <strong>unwiderstehlichen Geschm\u00e4cker<\/strong> unseres Shakes, der sich in Wasser oder Milch aufl\u00f6st \u2013 ein perfekter Begleiter, der dich bei deinen t\u00e4glichen Herausforderungen unterst\u00fctzt.<\/p>\n<p>Probiere den Shape Me Shake und sp\u00fcre den Unterschied!<\/p>\n<div class=\"accordion\">\n\t<div id=\"accordion-1269231193\" class=\"accordion-item\">\n\t\t<a id=\"accordion-1269231193-label\" class=\"accordion-title plain\" href=\"#accordion-item-n\u00e4hrwerte\" aria-expanded=\"false\" aria-controls=\"accordion-1269231193-content\">\n\t\t\t<button class=\"toggle\" aria-label=\"Toggle\"><i class=\"icon-angle-down\" aria-hidden=\"true\"><\/i><\/button>\n\t\t\t<span>N\u00e4hrwerte<\/span>\n\t\t<\/a>\n\t\t<div id=\"accordion-1269231193-content\" class=\"accordion-inner\" aria-labelledby=\"accordion-1269231193-label\">\n\t\t\t\n<table class=\"ffnf-clean-table\">\n<thead>\n<tr>\n<th>N\u00e4hrwerte<\/th>\n<th>100 g<\/th>\n<th>Portion (30 g)<\/th>\n<\/tr>\n<\/thead>\n<tbody>\n<tr>\n<td>Energie<\/td>\n<td>1552 kJ \/ 367 kcal<\/td>\n<td>466 kJ \/ 110 kcal<\/td>\n<\/tr>\n<tr>\n<td>Fett<br \/>\n\u2013 davon ges\u00e4ttigte Fetts\u00e4uren<\/td>\n<td>5,0 g<br \/>\n2,8 g<\/td>\n<td>1,5 g<br \/>\n0,9 g<\/td>\n<\/tr>\n<tr>\n<td>Kohlenhydrate<br \/>\n\u2013 davon Zucker<\/td>\n<td>6,7 g<br \/>\n5,2 g<\/td>\n<td>2,0 g<br \/>\n1,6 g<\/td>\n<\/tr>\n<tr>\n<td>Ballaststoffe<\/td>\n<td>1,0 g<\/td>\n<td>0,3 g<\/td>\n<\/tr>\n<tr>\n<td>Eiweiss<\/td>\n<td>72,4 g<\/td>\n<td>21,7 g<\/td>\n<\/tr>\n<tr>\n<td>Salz<\/td>\n<td>0,62 g<\/td>\n<td>0,19 g<\/td>\n<\/tr>\n<\/tbody>\n<\/table>\n\t\t<\/div>\n\t<\/div>\n\t\n\t<div id=\"accordion-540539239\" class=\"accordion-item\">\n\t\t<a id=\"accordion-540539239-label\" class=\"accordion-title plain\" href=\"#accordion-item-inhaltsstoffe\" aria-expanded=\"false\" aria-controls=\"accordion-540539239-content\">\n\t\t\t<button class=\"toggle\" aria-label=\"Toggle\"><i class=\"icon-angle-down\" aria-hidden=\"true\"><\/i><\/button>\n\t\t\t<span>Inhaltsstoffe<\/span>\n\t\t<\/a>\n\t\t<div id=\"accordion-540539239-content\" class=\"accordion-inner\" aria-labelledby=\"accordion-540539239-label\">\n\t\t\t\n<table class=\"ffnf-clean-table\">\n<thead>\n<tr>\n<th>Inhaltsstoffe<\/th>\n<th>100 g<\/th>\n<th>Portion (30 g)<\/th>\n<th>% NRV*<\/th>\n<\/tr>\n<\/thead>\n<tbody>\n<tr>\n<td>L-Carnitin<\/td>\n<td>2720 mg<\/td>\n<td>816 mg<\/td>\n<td>&#8211;<\/td>\n<\/tr>\n<tr>\n<td>Piperin<\/td>\n<td>23 mg<\/td>\n<td>7 mg<\/td>\n<td>&#8211;<\/td>\n<\/tr>\n<tr>\n<td>Vitamin D3 (Calciferol)<\/td>\n<td>163,3 \u00b5g<\/td>\n<td>49,0 \u00b5g<\/td>\n<td>&#8211;<\/td>\n<\/tr>\n<tr>\n<td>Vitamin E<\/td>\n<td>12,0 mg<\/td>\n<td>3,6 mg<\/td>\n<td>30 %<\/td>\n<\/tr>\n<tr>\n<td>Vitamin C<\/td>\n<td>80,0 mg<\/td>\n<td>24,0 mg<\/td>\n<td>30 %<\/td>\n<\/tr>\n<tr>\n<td>Vitamin B1<\/td>\n<td>1,1 mg<\/td>\n<td>0,33 mg<\/td>\n<td>30 %<\/td>\n<\/tr>\n<tr>\n<td>Vitamin B2<\/td>\n<td>1,4 mg<\/td>\n<td>0,42 mg<\/td>\n<td>30 %<\/td>\n<\/tr>\n<tr>\n<td>Niacin<\/td>\n<td>16,0 mg<\/td>\n<td>4,8 mg<\/td>\n<td>30 %<\/td>\n<\/tr>\n<tr>\n<td>Vitamin B6<\/td>\n<td>1,4 mg<\/td>\n<td>0,42 mg<\/td>\n<td>30 %<\/td>\n<\/tr>\n<tr>\n<td>Fols\u00e4ure<\/td>\n<td>200 \u00b5g<\/td>\n<td>60 \u00b5g<\/td>\n<td>30 %<\/td>\n<\/tr>\n<tr>\n<td>Vitamin B12<\/td>\n<td>2,5 \u00b5g<\/td>\n<td>0,75 \u00b5g<\/td>\n<td>30 %<\/td>\n<\/tr>\n<tr>\n<td>Biotin<\/td>\n<td>50 \u00b5g<\/td>\n<td>15 \u00b5g<\/td>\n<td>30 %<\/td>\n<\/tr>\n<tr>\n<td>Pantothens\u00e4ure (B5)<\/td>\n<td>6,0 mg<\/td>\n<td>1,8 mg<\/td>\n<td>30 %<\/td>\n<\/tr>\n<tr>\n<td>Magnesium<\/td>\n<td>666 mg<\/td>\n<td>200 mg<\/td>\n<td>53 %<\/td>\n<\/tr>\n<tr>\n<td>Zink<\/td>\n<td>17,6 mg<\/td>\n<td>5,3 mg<\/td>\n<td>100 %<\/td>\n<\/tr>\n<\/tbody>\n<\/table>\n\t\t<\/div>\n\t<\/div>\n\t\n<\/div>\n\t<div class=\"img has-hover x md-x lg-x y md-y lg-y\" id=\"image_1505335119\">\n\t\t\t\t\t\t\t\t<div class=\"img-inner dark\" >\n\t\t\t<img decoding=\"async\" width=\"1020\" height=\"569\" src=\"https:\/\/fitnfemale.com\/wp-content\/uploads\/shapemeshake-closeup-123.webp\" class=\"attachment-large size-large\" alt=\"Shapemeshake closeup\" srcset=\"https:\/\/fitnfemale.com\/wp-content\/uploads\/shapemeshake-closeup-123.webp 1376w, https:\/\/fitnfemale.com\/wp-content\/uploads\/shapemeshake-closeup-123-717x400.webp 717w, https:\/\/fitnfemale.com\/wp-content\/uploads\/shapemeshake-closeup-123-768x429.webp 768w, https:\/\/fitnfemale.com\/wp-content\/uploads\/shapemeshake-closeup-123-18x10.webp 18w, https:\/\/fitnfemale.com\/wp-content\/uploads\/shapemeshake-closeup-123-1000x558.webp 1000w\" sizes=\"(max-width: 1020px) 100vw, 1020px\" \/>\t\t\t\t\t\t\n\t\t\t\t\t<\/div>\n\t\t\t\t\t\t\t\t\n<style>\n#image_1505335119 {\n  width: 100%;\n}\n<\/style>\n\t<\/div>","protected":false},"excerpt":{"rendered":"<h2>Dein idealer Begleiter \u2013 Shape Me Shake: Perfekt f\u00fcr dein Fitness-Ziel<\/h2>\n<h4>Starte dynamisch in den Tag oder finde nach dem Training deine Balance \u2013 mit dem Shape Me Shake, deinem leckeren Fitness-Shake. Speziell f\u00fcr Frauen entwickelt, bietet dieser Shake mit seiner einzigartigen Zusammensetzung und besonders hohen Bio-Verf\u00fcgbarkeit optimale Unterst\u00fctzung.<\/h4>","protected":false},"featured_media":957504,"comment_status":"open","ping_status":"closed","template":"","meta":{"slim_seo":{"title":"Shape Me Shake - FitNFemale\u00ae","description":"Dein idealer Begleiter \u2013 Shape Me Shake: Perfekt f\u00fcr dein Fitness-Ziel Starte dynamisch in den Tag oder finde nach dem Training deine Balance \u2013 mit dem Shape Me"}},"product_brand":[],"product_cat":[6365,317,394],"product_tag":[],"class_list":{"0":"post-43303","1":"product","2":"type-product","3":"status-publish","4":"has-post-thumbnail","6":"product_cat-promo-20","7":"product_cat-abnehmen","8":"product_cat-fitness-shake","9":"pa_anwendungsbereiche-weightloss","10":"pa_anwendungsbereiche-recovery","11":"pa_anwendungsbereiche-shaping","12":"pa_marke-fitnfemale","13":"pa_misc-aspartamfree","14":"pa_misc-glutenfree","15":"pa_misc-vegetarian","16":"pa_nutritionfactinfo-highprotein","17":"pa_nutritionfactinfo-lowcarb","18":"pa_nutritionfactinfo-lowfat","19":"pa_nutritionfactinfo-lowsugar","20":"pa_schwangerschaft-geeignet","21":"pa_stillzeit-geeignet","22":"pa_vegan-nein","24":"first","25":"instock","26":"featured","27":"taxable","28":"shipping-taxable","29":"purchasable","30":"product-type-variable","31":"has-default-attributes"},"bundled_by":["89922","5439","626249","58627","738321","43049","5033","738226","5018"],"bundle_stock_status":"instock","bundle_stock_quantity":null,"bundle_virtual":false,"bundle_layout":"","bundle_add_to_cart_form_location":"","bundle_editable_in_cart":false,"bundle_sold_individually_context":"","bundle_item_grouping":"","bundle_min_size":"","bundle_max_size":"","bundle_price":[],"bundled_items":[],"bundle_sell_ids":[],"gallery_images":[953313,953310,955136,953311,952232,953315,934851,953312],"_links":{"self":[{"href":"https:\/\/fitnfemale.com\/deu\/wp-json\/wp\/v2\/product\/43303","targetHints":{"allow":["GET"]}}],"collection":[{"href":"https:\/\/fitnfemale.com\/deu\/wp-json\/wp\/v2\/product"}],"about":[{"href":"https:\/\/fitnfemale.com\/deu\/wp-json\/wp\/v2\/types\/product"}],"replies":[{"embeddable":true,"href":"https:\/\/fitnfemale.com\/deu\/wp-json\/wp\/v2\/comments?post=43303"}],"wp:featuredmedia":[{"embeddable":true,"href":"https:\/\/fitnfemale.com\/deu\/wp-json\/wp\/v2\/media\/957504"}],"wp:attachment":[{"href":"https:\/\/fitnfemale.com\/deu\/wp-json\/wp\/v2\/media?parent=43303"}],"wp:term":[{"taxonomy":"product_brand","embeddable":true,"href":"https:\/\/fitnfemale.com\/deu\/wp-json\/wp\/v2\/product_brand?post=43303"},{"taxonomy":"product_cat","embeddable":true,"href":"https:\/\/fitnfemale.com\/deu\/wp-json\/wp\/v2\/product_cat?post=43303"},{"taxonomy":"product_tag","embeddable":true,"href":"https:\/\/fitnfemale.com\/deu\/wp-json\/wp\/v2\/product_tag?post=43303"}],"curies":[{"name":"wp","href":"https:\/\/api.w.org\/{rel}","templated":true}]}}