{"id":43049,"date":"2018-06-08T19:15:03","date_gmt":"2018-06-08T18:15:03","guid":{"rendered":"https:\/\/fitnfemale.com\/?post_type=product&#038;p=43049"},"modified":"2026-02-07T16:18:54","modified_gmt":"2026-02-07T15:18:54","slug":"bikini-express-bundle","status":"publish","type":"product","link":"https:\/\/fitnfemale.com\/deu\/produkt\/bikini-express-bundle\/","title":{"rendered":"Bikini Express Bundle"},"content":{"rendered":"<div class=\"img has-hover img-details x md-x lg-x y md-y lg-y\" id=\"image_1012841830\">\n\t\t\t\t\t\t\t\t<div class=\"img-inner dark\" >\n\t\t\t<img decoding=\"async\" width=\"1020\" height=\"569\" src=\"https:\/\/fitnfemale.com\/wp-content\/uploads\/bikiniexpress-closeup-8.jpg\" class=\"attachment-large size-large\" alt=\"Bikiniexpress closeup\" srcset=\"https:\/\/fitnfemale.com\/wp-content\/uploads\/bikiniexpress-closeup-8.jpg 1376w, https:\/\/fitnfemale.com\/wp-content\/uploads\/bikiniexpress-closeup-8-717x400.jpg 717w, https:\/\/fitnfemale.com\/wp-content\/uploads\/bikiniexpress-closeup-8-768x429.jpg 768w, https:\/\/fitnfemale.com\/wp-content\/uploads\/bikiniexpress-closeup-8-18x10.jpg 18w, https:\/\/fitnfemale.com\/wp-content\/uploads\/bikiniexpress-closeup-8-1000x558.jpg 1000w\" sizes=\"(max-width: 1020px) 100vw, 1020px\" \/>\t\t\t\t\t\t\n\t\t\t\t\t<\/div>\n\t\t\t\t\t\t\t\t\n<style>\n#image_1012841830 {\n  width: 100%;\n}\n<\/style>\n\t<\/div>\n\t\n<p>Das Bikini Express Bundle ist der perfekte Begleiter f\u00fcr einen erfolgreichen Summer. Nutze die Chance und starte jetzt durch!<\/p>\n<ul>\n<li class=\"bullet-star\">Aufeinander abgestimmte Produkte in kombiniert mit individuellen Ern\u00e4hrungsrichtlinien<\/li>\n<li class=\"bullet-star\">Kalorienplan, speziell auf dich zugeschnitten<\/li>\n<li class=\"bullet-star\">Einnahmenplan inkl. Ern\u00e4hrungsrichtlinien<\/li>\n<li class=\"bullet-star\">Wirkungsvolle Trainingstipps (minimaler Aufwand, maximales Ergebnis) mit Fokus auf Fettverbrennung, Ges\u00e4ss und Bauch<\/li>\n<\/ul>\n<div class=\"message-box relative dark\" style=\"padding-top:15px;padding-bottom:15px;\"><div class=\"message-box-bg-image bg-fill fill\" ><\/div><div class=\"message-box-bg-overlay bg-fill fill\" style=\"background-color:rgb(194, 156, 160);\"><\/div><div class=\"container relative\"><div class=\"inner last-reset\">\n<div class=\"row align-middle align-center\"  id=\"row-975640926\">\n\n\t<div id=\"col-2143844843\" class=\"col small-12 large-12\"  >\n\t\t\t\t<div class=\"col-inner\"  >\n\t\t\t\n\t\t\t\n<p>Sobald du deinen Kauf abgeschlossen hast, wirst du automatisch einen Fragebogen per Email erhalten. Um den Plan individuell f\u00fcr dich erstellen zu k\u00f6nnen, bitten wir dich diesen so schnell wie m\u00f6glich auszuf\u00fcllen und an uns zur\u00fcckzusenden.<\/p>\n\t\t<\/div>\n\t\t\t\t\t<\/div>\n\n\t\n<\/div>\n<\/div><\/div><\/div>\n\t<div id=\"gap-1727398835\" class=\"gap-element clearfix\" style=\"display:block; height:auto;\">\n\t\t\n<style>\n#gap-1727398835 {\n  padding-top: 11px;\n}\n<\/style>\n\t<\/div>\n\t\n<div class=\"accordion\">\n\t<div id=\"accordion-3368394036\" class=\"accordion-item\">\n\t\t<a id=\"accordion-3368394036-label\" class=\"accordion-title plain\" href=\"#accordion-item-zus\u00e4tzliche-informationen\" aria-expanded=\"false\" aria-controls=\"accordion-3368394036-content\">\n\t\t\t<button class=\"toggle\" aria-label=\"Toggle\"><i class=\"icon-angle-down\" aria-hidden=\"true\"><\/i><\/button>\n\t\t\t<span>Zus\u00e4tzliche Informationen<\/span>\n\t\t<\/a>\n\t\t<div id=\"accordion-3368394036-content\" class=\"accordion-inner\" aria-labelledby=\"accordion-3368394036-label\">\n\t\t\t\n<ul>\n<li>Nachdem du uns deine Angaben gesendet hast, wird der Plan elektronisch an dich gesendet. Bitte beachte, dass Pl\u00e4ne und eBooks vom R\u00fccktrittsrecht ausgeschlossen sind.<\/li>\n<li>Derzeit ist der Plan nur in deutscher Sprache verf\u00fcgbar.<\/li>\n<li>Wenn du dich dazu entscheidest, von dem Kauf des Bikini Bundles zur\u00fcckzutreten, werden dir 40.00 Euro\/Schweizer Franken f\u00fcr den Plan in Rechnung gestellt, die nicht erstattet werden k\u00f6nnen.<\/li>\n<li>Unmittelbar nach dem Kauf erh\u00e4ltst du eine Email mit Fragen zu deiner Ausgangsbasis, die f\u00fcr die Ermittlung deines Energiebedarfs ben\u00f6tigt werden. Im Paket ist eine Methode enthalten, um schnellstm\u00f6gliche Erfolge zu erzielen.<\/li>\n<li>Im Paket enthalten ist eine Methode (L\u00f6sungsweg) um schnellstm\u00f6gliche Erfolge erzielen zu k\u00f6nnen. F\u00fcr einen Ern\u00e4hrungsplan und\/oder ganzheitlicher Trainingsplan entscheide empfehlen wir die Produkte &#8222;<a href=\"\/deu\/shop\/dein-ernaehrungsplan\/\">Dein Ern\u00e4hrungsplan<\/a>&#8220; oder &#8222;<a href=\"\/deu\/shop\/get-lean-trainings-ernaehrungsplan\/\">Get Lean Plan<\/a>&#8222;.<\/li>\n<\/ul>\n\t\t<\/div>\n\t<\/div>\n\t\n\t<div id=\"accordion-3143077651\" class=\"accordion-item\">\n\t\t<a id=\"accordion-3143077651-label\" class=\"accordion-title plain\" href=\"#accordion-item-ziele\" aria-expanded=\"false\" aria-controls=\"accordion-3143077651-content\">\n\t\t\t<button class=\"toggle\" aria-label=\"Toggle\"><i class=\"icon-angle-down\" aria-hidden=\"true\"><\/i><\/button>\n\t\t\t<span>Ziele<\/span>\n\t\t<\/a>\n\t\t<div id=\"accordion-3143077651-content\" class=\"accordion-inner\" aria-labelledby=\"accordion-3143077651-label\">\n\t\t\t\n<p>Das Bikini Express Bundle hat das Ziel, dass du dich in deinem eigenen K\u00f6rper wohl f\u00fchlst. Obwohl die Dauer von 3-4 Wochen, je nach Ausgangsbasis, knapp bemessen ist, wirst du garantiert eine Steigerung in deiner Fitness erreichen. Der Plan ist so aufgebaut, dass er neben einem Beruf ausgef\u00fchrt werden kann. Es wird kein stures Kalorienz\u00e4hlen verlangt, jedoch ist es wichtig, dass du dich an die vorgeschlagenen Zeiten f\u00fcr Essen und Training h\u00e4ltst. Du musst nicht hungern, jedoch solltest du bewusst und gesund essen, mit Ausnahme eines einzigen &#8222;Cheatdays&#8220; pro Woche.<\/p>\n\t\t<\/div>\n\t<\/div>\n\t\n\t<div id=\"accordion-3753445119\" class=\"accordion-item\">\n\t\t<a id=\"accordion-3753445119-label\" class=\"accordion-title plain\" href=\"#accordion-item-individueller-plan-in-pdf-form\" aria-expanded=\"false\" aria-controls=\"accordion-3753445119-content\">\n\t\t\t<button class=\"toggle\" aria-label=\"Toggle\"><i class=\"icon-angle-down\" aria-hidden=\"true\"><\/i><\/button>\n\t\t\t<span>Individueller Plan in PDF Form<\/span>\n\t\t<\/a>\n\t\t<div id=\"accordion-3753445119-content\" class=\"accordion-inner\" aria-labelledby=\"accordion-3753445119-label\">\n\t\t\t\n<p>Die Dokumente erh\u00e4ltst du per Mail (PDF), also in elektronischer Form. Da der Plan individuelle Teile enth\u00e4lt, erh\u00e4ltst du den Plan sp\u00e4testens 12h nach dem Erhalt der Produkte.<\/p>\n\t\t<\/div>\n\t<\/div>\n\t\n<\/div>","protected":false},"excerpt":{"rendered":"<h2>Bikini Express Bundle \u2013 Dein Schnellstart zur Sommerfigur.<\/h2>\n<h4>Das Bundle kombiniert smart abgestimmte Produkte mit einem individuell erstellten Ern\u00e4hrungs- &amp; Trainingsplan \u2013 perfekt f\u00fcr Frauen, die schnell loslegen und sichtbare Resultate erzielen wollen.<\/h4>\n<ul>\n<li class=\"bullet-arrow\"><strong><i class=\"fas fa-sync-alt\" style=\"margin-right: 6px;\"><\/i>Perfekt abgestimmte Kombination:<\/strong> Produkte &amp; Ern\u00e4hrungsplan sind aufeinander abgestimmt \u2013 f\u00fcr maximale Wirkung ohne Umwege.<\/li>\n<li class=\"bullet-arrow\"><strong><i class=\"fas fa-utensils\" style=\"margin-right: 6px;\"><\/i>Individueller Kalorienplan:<\/strong> Pers\u00f6nlich auf deine Ziele, Aktivit\u00e4tslevel und Vorlieben angepasst \u2013 kein Raten, kein Hungern.<\/li>\n<li class=\"bullet-arrow\"><strong><i class=\"fas fa-clipboard-list\" style=\"margin-right: 6px;\"><\/i>Einnahmeplan &amp; Richtlinien:<\/strong> Strukturiert, alltagstauglich und einfach umzusetzen \u2013 dein klarer Leitfaden f\u00fcr mehr Routine und Resultate.<\/li>\n<li class=\"bullet-arrow\"><strong><i class=\"fas fa-fire-alt\" style=\"margin-right: 6px;\"><\/i>Effektive Trainingstipps:<\/strong> Mit Fokus auf Fettverbrennung, Bauch und Ges\u00e4ss \u2013 minimaler Aufwand, maximaler Effekt.<\/li>\n<\/ul>","protected":false},"featured_media":954127,"comment_status":"open","ping_status":"closed","template":"","meta":{"slim_seo":{"title":"Bikini Express Bundle - FitNFemale\u00ae","description":"Bikini Express Bundle \u2013 Dein Schnellstart zur Sommerfigur. Das Bundle kombiniert smart abgestimmte Produkte mit einem individuell erstellten Ern\u00e4hrungs- &amp; T"}},"product_brand":[],"product_cat":[317,311,6671],"product_tag":[],"class_list":{"0":"post-43049","1":"product","2":"type-product","3":"status-publish","4":"has-post-thumbnail","6":"product_cat-abnehmen","7":"product_cat-bundle","8":"product_cat-topdeals","9":"pa_anwendungsbereiche-weightloss","10":"pa_anwendungsbereiche-meal-replacement","11":"pa_anwendungsbereiche-shaping","12":"pa_anwendungsbereiche-metabolism","13":"pa_schwangerschaft-nicht-geeignet","14":"pa_stillzeit-nicht-geeignet","15":"pa_vegan-nein","17":"first","18":"instock","19":"sale","20":"featured","21":"downloadable","22":"taxable","23":"shipping-taxable","24":"purchasable","25":"product-type-bundle"},"bundled_by":[],"bundle_stock_status":"instock","bundle_stock_quantity":39,"bundle_virtual":false,"bundle_layout":"default","bundle_add_to_cart_form_location":"default","bundle_editable_in_cart":false,"bundle_sold_individually_context":"product","bundle_item_grouping":"parent","bundle_min_size":"","bundle_max_size":"","bundle_price":{"price":{"min":{"incl_tax":"131.4","excl_tax":"128.070175"},"max":{"incl_tax":"131.4","excl_tax":"128.070175"}},"regular_price":{"min":{"incl_tax":"131.4","excl_tax":"128.070175"},"max":{"incl_tax":"131.4","excl_tax":"128.070175"}}},"bundled_items":[{"bundled_item_id":593,"product_id":43303,"menu_order":0,"quantity_min":1,"quantity_max":1,"quantity_default":1,"priced_individually":false,"shipped_individually":false,"override_title":true,"title":"Shape Me Shake","override_description":true,"description":"Protein-Shake f\u00fcr deine Figur-Routine","optional":false,"hide_thumbnail":false,"discount":"","override_variations":false,"allowed_variations":[],"override_default_variation_attributes":false,"default_variation_attributes":[],"single_product_visibility":"visible","cart_visibility":"hidden","order_visibility":"visible","single_product_price_visibility":"visible","cart_price_visibility":"visible","order_price_visibility":"visible","stock_status":"in_stock"},{"bundled_item_id":596,"product_id":678396,"menu_order":1,"quantity_min":1,"quantity_max":1,"quantity_default":1,"priced_individually":false,"shipped_individually":false,"override_title":true,"title":"All you need Shake","override_description":true,"description":"Schneller Meal-Shake, wenn es einfach gehen muss.","optional":false,"hide_thumbnail":false,"discount":"","override_variations":false,"allowed_variations":[],"override_default_variation_attributes":false,"default_variation_attributes":[],"single_product_visibility":"visible","cart_visibility":"hidden","order_visibility":"visible","single_product_price_visibility":"visible","cart_price_visibility":"visible","order_price_visibility":"visible","stock_status":"in_stock"},{"bundled_item_id":619,"product_id":5032,"menu_order":2,"quantity_min":1,"quantity_max":1,"quantity_default":1,"priced_individually":false,"shipped_individually":false,"override_title":true,"title":"Pink Burn - Smooth Fusion","override_description":true,"description":"Dein Pre-Workout Kick f\u00fcr Fokus und Drive.","optional":false,"hide_thumbnail":false,"discount":"","override_variations":false,"allowed_variations":[],"override_default_variation_attributes":false,"default_variation_attributes":[],"single_product_visibility":"visible","cart_visibility":"hidden","order_visibility":"visible","single_product_price_visibility":"visible","cart_price_visibility":"visible","order_price_visibility":"visible","stock_status":"in_stock"},{"bundled_item_id":676,"product_id":337831,"menu_order":3,"quantity_min":1,"quantity_max":1,"quantity_default":1,"priced_individually":false,"shipped_individually":false,"override_title":true,"title":"Pink Fire","override_description":true,"description":"","optional":false,"hide_thumbnail":false,"discount":"","override_variations":false,"allowed_variations":[],"override_default_variation_attributes":false,"default_variation_attributes":[],"single_product_visibility":"visible","cart_visibility":"hidden","order_visibility":"visible","single_product_price_visibility":"visible","cart_price_visibility":"visible","order_price_visibility":"visible","stock_status":"in_stock"},{"bundled_item_id":677,"product_id":4994,"menu_order":4,"quantity_min":1,"quantity_max":1,"quantity_default":1,"priced_individually":false,"shipped_individually":false,"override_title":true,"title":"Omega 3","override_description":true,"description":"","optional":false,"hide_thumbnail":false,"discount":"","override_variations":false,"allowed_variations":[],"override_default_variation_attributes":false,"default_variation_attributes":[],"single_product_visibility":"visible","cart_visibility":"hidden","order_visibility":"visible","single_product_price_visibility":"visible","cart_price_visibility":"visible","order_price_visibility":"visible","stock_status":"in_stock"},{"bundled_item_id":628,"product_id":5004,"menu_order":5,"quantity_min":1,"quantity_max":1,"quantity_default":1,"priced_individually":false,"shipped_individually":false,"override_title":true,"title":"Black Beauty Shaker","override_description":true,"description":"Geschenkt \u2013 mixen, trinken, weiter.","optional":false,"hide_thumbnail":false,"discount":"","override_variations":false,"allowed_variations":[],"override_default_variation_attributes":false,"default_variation_attributes":[],"single_product_visibility":"visible","cart_visibility":"hidden","order_visibility":"visible","single_product_price_visibility":"visible","cart_price_visibility":"visible","order_price_visibility":"visible","stock_status":"in_stock"},{"bundled_item_id":88,"product_id":52311,"menu_order":6,"quantity_min":1,"quantity_max":1,"quantity_default":1,"priced_individually":false,"shipped_individually":true,"override_title":true,"title":"Individueller Bikini Express Plan","override_description":true,"description":"Dein Plan zum Durchziehen \u2013 klar, simpel, machbar.","optional":false,"hide_thumbnail":false,"discount":"","override_variations":false,"allowed_variations":[],"override_default_variation_attributes":false,"default_variation_attributes":[],"single_product_visibility":"visible","cart_visibility":"hidden","order_visibility":"visible","single_product_price_visibility":"hidden","cart_price_visibility":"hidden","order_price_visibility":"hidden","stock_status":"in_stock"}],"bundle_sell_ids":[],"gallery_images":[953944,953941,953507,953495,953943,953313,953724,953178,953921,938480],"_links":{"self":[{"href":"https:\/\/fitnfemale.com\/deu\/wp-json\/wp\/v2\/product\/43049","targetHints":{"allow":["GET"]}}],"collection":[{"href":"https:\/\/fitnfemale.com\/deu\/wp-json\/wp\/v2\/product"}],"about":[{"href":"https:\/\/fitnfemale.com\/deu\/wp-json\/wp\/v2\/types\/product"}],"replies":[{"embeddable":true,"href":"https:\/\/fitnfemale.com\/deu\/wp-json\/wp\/v2\/comments?post=43049"}],"wp:featuredmedia":[{"embeddable":true,"href":"https:\/\/fitnfemale.com\/deu\/wp-json\/wp\/v2\/media\/954127"}],"wp:attachment":[{"href":"https:\/\/fitnfemale.com\/deu\/wp-json\/wp\/v2\/media?parent=43049"}],"wp:term":[{"taxonomy":"product_brand","embeddable":true,"href":"https:\/\/fitnfemale.com\/deu\/wp-json\/wp\/v2\/product_brand?post=43049"},{"taxonomy":"product_cat","embeddable":true,"href":"https:\/\/fitnfemale.com\/deu\/wp-json\/wp\/v2\/product_cat?post=43049"},{"taxonomy":"product_tag","embeddable":true,"href":"https:\/\/fitnfemale.com\/deu\/wp-json\/wp\/v2\/product_tag?post=43049"}],"curies":[{"name":"wp","href":"https:\/\/api.w.org\/{rel}","templated":true}]}}