{"id":348815,"date":"2019-10-08T09:47:37","date_gmt":"2019-10-08T08:47:37","guid":{"rendered":"https:\/\/fitnfemale.com\/?post_type=product&#038;p=348815"},"modified":"2023-02-23T09:53:14","modified_gmt":"2023-02-23T08:53:14","slug":"reset-your-body-bundle","status":"publish","type":"product","link":"https:\/\/fitnfemale.com\/deu\/produkt\/reset-your-body-bundle\/","title":{"rendered":"Reset your Body"},"content":{"rendered":"<ul>\n<li class=\"bullet-star\">Einnahmenplan<\/li>\n<li class=\"bullet-star\">Einkaufsliste &#8211; Nahrungsmittel welche den &#8222;Reset&#8220; positiv unterst\u00fctzen und somit beeinflussen.<\/li>\n<\/ul>\n<p>Das Ziel vom<strong> Reset your Body<\/strong> Paket ist es, dem K\u00f6rper einen Neustart in Sachen Darmflora, Verdauung &amp; Stoffwechsel zu geben. Ob wir das K\u00f6rpergewicht halten k\u00f6nnen oder zunehmen, entscheidet sich auch in unserem Darm: Hier leben Mikroorganismen, welche grundlegend beeinflussen, welche Anzahl Kalorien wir aus dem Essen aufnehmen und\/oder in Fettpolster umgewandelt werden. Ob wir dick oder d\u00fcnn sind, wird nicht nur entschieden anhand dessen, was wir in welcher Menge zu uns nehmen. Fast ebenso entscheidend ist es, was sp\u00e4ter im Inneren von unserem K\u00f6rper mit dem eingenommenen Essen und Trinken geschieht. Billionen von Mikroben in unserem Darm unterst\u00fctzen den Darm zu einem Grossteil darin, wie die Nahrung verdaut wird.<\/p>\n<p>Die Dokumente erh\u00e4ltst du per Mail (PDF), also in elektronischer Form.<\/p>\n<div class=\"accordion\">\n\t<div id=\"accordion-3657242217\" class=\"accordion-item\">\n\t\t<a id=\"accordion-3657242217-label\" class=\"accordion-title plain\" href=\"#accordion-item-zus\u00e4tzliche-informationen\" aria-expanded=\"false\" aria-controls=\"accordion-3657242217-content\">\n\t\t\t<button class=\"toggle\" aria-label=\"Toggle\"><i class=\"icon-angle-down\" aria-hidden=\"true\"><\/i><\/button>\n\t\t\t<span>Zus\u00e4tzliche Informationen<\/span>\n\t\t<\/a>\n\t\t<div id=\"accordion-3657242217-content\" class=\"accordion-inner\" aria-labelledby=\"accordion-3657242217-label\">\n\t\t\t\n<ul>\n<li>Der Plan wird dir elektronisch gesendet, nach dem du uns deine Angaben gesendet hast. Pl\u00e4ne und eBooks sind vom R\u00fccktrittsrecht ausgeschlossen.<\/li>\n<li>Der Plan ist aktuell nur in Deutsch verf\u00fcgbar.<\/li>\n<li>Wenn du vom Kauf der Produkte von Reset your Body nach Erhalt zur\u00fccktreten m\u00f6chtest, werden trotzdem 40.00 Euro\/Schweizer Franken f\u00fcr den Plan verrechnet, welche nicht zur\u00fcck erstattet werden k\u00f6nnen.<\/li>\n<\/ul>\n\t\t<\/div>\n\t<\/div>\n\t\n<\/div>","protected":false},"excerpt":{"rendered":"<h2>Bist du bereit f\u00fcr einen Reset?<\/h2>\n<h4>Reset your Body\u00a0 besteht aus 6 hochwertigen Produkten, einen Einnahmeplan, einer Einkaufliste sowie wichtigen Informationen zum Thema &#8222;schlank mit Darm&#8220;.<\/h4>\n<p>Optimal aufeinander abgestimmte Produkte, in Kombination mit individuellen Ern\u00e4hrungsrichtlinien, machen das Bundle zu einem Topseller.<\/p>","protected":false},"featured_media":698176,"comment_status":"open","ping_status":"closed","template":"","meta":{"slim_seo":{"title":"Reset your Body - FitNFemale\u00ae","description":"Bist du bereit f\u00fcr einen Reset? Reset your Body\u00a0 besteht aus 6 hochwertigen Produkten, einen Einnahmeplan, einer Einkaufliste sowie wichtigen Informationen zum"}},"product_brand":[],"product_cat":[317,311],"product_tag":[],"class_list":{"0":"post-348815","1":"product","2":"type-product","3":"status-publish","4":"has-post-thumbnail","6":"product_cat-abnehmen","7":"product_cat-bundle","8":"pa_anwendungsbereiche-better-digestion","9":"pa_anwendungsbereiche-energy","10":"pa_anwendungsbereiche-health","11":"pa_anwendungsbereiche-weightloss","12":"pa_anwendungsbereiche-immune-system","13":"pa_anwendungsbereiche-metabolism","14":"pa_marke-fitnfemale","15":"pa_misc-glutenfree","16":"pa_misc-lactosefree","17":"pa_nutritionfactinfo-nofat","18":"pa_nutritionfactinfo-glutenfree","19":"pa_nutritionfactinfo-lactosefree","20":"pa_nutritionfactinfo-probiotika","21":"pa_schwangerschaft-geeignet","22":"pa_stillzeit-geeignet","23":"pa_vegan-nein","25":"first","26":"instock","27":"sale","28":"featured","29":"downloadable","30":"taxable","31":"shipping-taxable","32":"product-type-bundle"},"bundled_by":[],"bundle_stock_status":"insufficientstock","bundle_stock_quantity":0,"bundle_virtual":false,"bundle_layout":"default","bundle_add_to_cart_form_location":"default","bundle_editable_in_cart":false,"bundle_sold_individually_context":"product","bundle_item_grouping":"parent","bundle_min_size":"","bundle_max_size":"","bundle_price":{"price":{"min":{"incl_tax":"74.55","excl_tax":"72.660819"},"max":{"incl_tax":"74.55","excl_tax":"72.660819"}},"regular_price":{"min":{"incl_tax":"93.2","excl_tax":"90.838207"},"max":{"incl_tax":"93.2","excl_tax":"90.838207"}}},"bundled_items":[{"bundled_item_id":186,"product_id":336558,"menu_order":0,"quantity_min":1,"quantity_max":1,"quantity_default":1,"priced_individually":false,"shipped_individually":false,"override_title":false,"title":"Women's Biotics","override_description":true,"description":"","optional":false,"hide_thumbnail":false,"discount":"","override_variations":false,"allowed_variations":[514772],"override_default_variation_attributes":false,"default_variation_attributes":[],"single_product_visibility":"visible","cart_visibility":"visible","order_visibility":"visible","single_product_price_visibility":"visible","cart_price_visibility":"visible","order_price_visibility":"visible","stock_status":"in_stock"},{"bundled_item_id":486,"product_id":540344,"menu_order":1,"quantity_min":1,"quantity_max":1,"quantity_default":1,"priced_individually":false,"shipped_individually":false,"override_title":false,"title":"Biotics Supermix","override_description":false,"description":"","optional":false,"hide_thumbnail":false,"discount":"","override_variations":false,"allowed_variations":[],"override_default_variation_attributes":false,"default_variation_attributes":[],"single_product_visibility":"visible","cart_visibility":"visible","order_visibility":"visible","single_product_price_visibility":"visible","cart_price_visibility":"visible","order_price_visibility":"visible","stock_status":"in_stock"},{"bundled_item_id":187,"product_id":231225,"menu_order":2,"quantity_min":1,"quantity_max":1,"quantity_default":1,"priced_individually":false,"shipped_individually":false,"override_title":false,"title":"Magnesium Citrate - hochdosiert","override_description":true,"description":"","optional":false,"hide_thumbnail":false,"discount":"","override_variations":false,"allowed_variations":[],"override_default_variation_attributes":false,"default_variation_attributes":[],"single_product_visibility":"visible","cart_visibility":"visible","order_visibility":"visible","single_product_price_visibility":"visible","cart_price_visibility":"visible","order_price_visibility":"visible","stock_status":"in_stock"},{"bundled_item_id":253,"product_id":4994,"menu_order":3,"quantity_min":1,"quantity_max":1,"quantity_default":1,"priced_individually":false,"shipped_individually":false,"override_title":false,"title":"Omega 3","override_description":true,"description":"","optional":false,"hide_thumbnail":false,"discount":"","override_variations":false,"allowed_variations":[],"override_default_variation_attributes":false,"default_variation_attributes":[],"single_product_visibility":"visible","cart_visibility":"visible","order_visibility":"visible","single_product_price_visibility":"visible","cart_price_visibility":"visible","order_price_visibility":"visible","stock_status":"in_stock"},{"bundled_item_id":296,"product_id":415538,"menu_order":4,"quantity_min":1,"quantity_max":1,"quantity_default":1,"priced_individually":false,"shipped_individually":false,"override_title":false,"title":"Vitamin D3 Drops - hochdosiert","override_description":true,"description":"","optional":false,"hide_thumbnail":false,"discount":"","override_variations":false,"allowed_variations":[],"override_default_variation_attributes":false,"default_variation_attributes":[],"single_product_visibility":"visible","cart_visibility":"visible","order_visibility":"visible","single_product_price_visibility":"visible","cart_price_visibility":"visible","order_price_visibility":"visible","stock_status":"out_of_stock"},{"bundled_item_id":444,"product_id":149453,"menu_order":5,"quantity_min":1,"quantity_max":1,"quantity_default":1,"priced_individually":false,"shipped_individually":false,"override_title":false,"title":"Trinkflasche Pink 750ml","override_description":true,"description":"","optional":false,"hide_thumbnail":false,"discount":"","override_variations":false,"allowed_variations":[],"override_default_variation_attributes":false,"default_variation_attributes":[],"single_product_visibility":"visible","cart_visibility":"visible","order_visibility":"visible","single_product_price_visibility":"visible","cart_price_visibility":"visible","order_price_visibility":"visible","stock_status":"in_stock"}],"bundle_sell_ids":[],"gallery_images":[],"_links":{"self":[{"href":"https:\/\/fitnfemale.com\/deu\/wp-json\/wp\/v2\/product\/348815","targetHints":{"allow":["GET"]}}],"collection":[{"href":"https:\/\/fitnfemale.com\/deu\/wp-json\/wp\/v2\/product"}],"about":[{"href":"https:\/\/fitnfemale.com\/deu\/wp-json\/wp\/v2\/types\/product"}],"replies":[{"embeddable":true,"href":"https:\/\/fitnfemale.com\/deu\/wp-json\/wp\/v2\/comments?post=348815"}],"wp:featuredmedia":[{"embeddable":true,"href":"https:\/\/fitnfemale.com\/deu\/wp-json\/wp\/v2\/media\/698176"}],"wp:attachment":[{"href":"https:\/\/fitnfemale.com\/deu\/wp-json\/wp\/v2\/media?parent=348815"}],"wp:term":[{"taxonomy":"product_brand","embeddable":true,"href":"https:\/\/fitnfemale.com\/deu\/wp-json\/wp\/v2\/product_brand?post=348815"},{"taxonomy":"product_cat","embeddable":true,"href":"https:\/\/fitnfemale.com\/deu\/wp-json\/wp\/v2\/product_cat?post=348815"},{"taxonomy":"product_tag","embeddable":true,"href":"https:\/\/fitnfemale.com\/deu\/wp-json\/wp\/v2\/product_tag?post=348815"}],"curies":[{"name":"wp","href":"https:\/\/api.w.org\/{rel}","templated":true}]}}