{"id":337831,"date":"2019-09-26T10:14:09","date_gmt":"2019-09-26T09:14:09","guid":{"rendered":"https:\/\/fitnfemale.com\/?post_type=product&#038;p=337831"},"modified":"2026-04-12T17:00:44","modified_gmt":"2026-04-12T16:00:44","slug":"fatburner-pink-fire","status":"publish","type":"product","link":"https:\/\/fitnfemale.com\/deu\/produkt\/fatburner-pink-fire\/","title":{"rendered":"Pink Fire &#8211; Fatburner"},"content":{"rendered":"<div class=\"img has-hover img-details x md-x lg-x y md-y lg-y\" id=\"image_1084635140\">\n\t\t\t\t\t\t\t\t<div class=\"img-inner dark\" >\n\t\t\t<img decoding=\"async\" width=\"1020\" height=\"569\" src=\"https:\/\/fitnfemale.com\/wp-content\/uploads\/pinkfire-closeup4.webp\" class=\"attachment-large size-large\" alt=\"Pinkfire closeup4\" srcset=\"https:\/\/fitnfemale.com\/wp-content\/uploads\/pinkfire-closeup4.webp 1376w, https:\/\/fitnfemale.com\/wp-content\/uploads\/pinkfire-closeup4-717x400.webp 717w, https:\/\/fitnfemale.com\/wp-content\/uploads\/pinkfire-closeup4-768x429.webp 768w, https:\/\/fitnfemale.com\/wp-content\/uploads\/pinkfire-closeup4-18x10.webp 18w, https:\/\/fitnfemale.com\/wp-content\/uploads\/pinkfire-closeup4-1000x558.webp 1000w\" sizes=\"(max-width: 1020px) 100vw, 1020px\" \/>\t\t\t\t\t\t\n\t\t\t\t\t<\/div>\n\t\t\t\t\t\t\t\t\n<style>\n#image_1084635140 {\n  width: 100%;\n}\n<\/style>\n\t<\/div>\n\t\n<ul>\n<li class=\"bullet-star\">Erlebe die Vielfalt nat\u00fcrlicher Pflanzenextrakte, darunter Bitterorange, Gr\u00fcntee und Garcinia Cambogia, die traditionell genutzt werden.<\/li>\n<li class=\"bullet-star\">Unsere Formel beinhaltet ein komplettes Spektrum an B-Vitaminen, darunter Thiamin, Riboflavin und Niacin, die bekannt daf\u00fcr sind, zu einer normalen Energiegewinnung beizutragen und M\u00fcdigkeit zu verringern.<\/li>\n<li class=\"bullet-star\">Chrom ist ein wichtiger Bestandteil einer ausgewogenen Ern\u00e4hrung und tr\u00e4gt zur Aufrechterhaltung eines normalen Blutzuckerspiegels bei.<\/li>\n<li class=\"bullet-star\">Alpha-Lipons\u00e4ure, eine nat\u00fcrliche Komponente in zellul\u00e4ren Prozessen.<\/li>\n<li class=\"bullet-star\">Geniesse die Einfachheit: Nur eine Kapsel t\u00e4glich kann dazu beitragen, deine Routine zu bereichern.<\/li>\n<\/ul>\n<div class=\"accordion\">\n\t<div id=\"accordion-486161463\" class=\"accordion-item\">\n\t\t<a id=\"accordion-486161463-label\" class=\"accordion-title plain\" aria-expanded=\"false\" aria-controls=\"accordion-486161463-content\">\n\t\t\t<button class=\"toggle\" aria-label=\"Toggle\"><i class=\"icon-angle-down\" aria-hidden=\"true\"><\/i><\/button>\n\t\t\t<span>Im Detail: Die synergetische Rolle unserer N\u00e4hrstoffe<\/span>\n\t\t<\/a>\n\t\t<div id=\"accordion-486161463-content\" class=\"accordion-inner\" aria-labelledby=\"accordion-486161463-label\">\n\t\t\t\n<ul>\n<li class=\"bullet-arrow translation-block\"><strong>Thiamin (B1)<\/strong>: Tr\u00e4gt zu einer normalen Herzfunktion und zu einem normalen Energiestoffwechsel bei.<\/li>\n<li class=\"bullet-arrow translation-block\"><strong>Riboflavin (B2)<\/strong>: Tr\u00e4gt zu einem normalen Energiestoffwechsel und zur Verringerung von M\u00fcdigkeit und Erm\u00fcdung bei.<\/li>\n<li class=\"bullet-arrow translation-block\"><strong>Niacin (B3)<\/strong>: Tr\u00e4gt zur Verringerung von M\u00fcdigkeit und Erm\u00fcdung und zu einem normalen Energiestoffwechsel bei.<\/li>\n<li class=\"bullet-arrow translation-block\"><strong>Pantothens\u00e4ure (B5)<\/strong>: Tr\u00e4gt zu einem normalen Energiestoffwechsel und zur Verringerung von M\u00fcdigkeit und Erm\u00fcdung bei.<\/li>\n<li class=\"bullet-arrow translation-block\"><strong>Vitamin B6<\/strong>: Tr\u00e4gt zu einer normalen Funktion des Nervensystems und des Immunsystems sowie zur Verringerung von M\u00fcdigkeit und Erm\u00fcdung bei.<\/li>\n<li class=\"bullet-arrow translation-block\"><strong>Biotin (B7)<\/strong>: Tr\u00e4gt zu einem normalen Energiestoffwechsel und zur Erhaltung normaler Haare und Haut bei.<\/li>\n<li class=\"bullet-arrow translation-block\"><strong>Fols\u00e4ure (B9)<\/strong>: Hat eine Funktion bei der Zellteilung und tr\u00e4gt zu einer normalen Blutbildung sowie zur Verringerung von M\u00fcdigkeit und Erm\u00fcdung bei.<\/li>\n<li class=\"bullet-arrow translation-block\"><strong>Vitamin B12<\/strong>: Tr\u00e4gt zu einer normalen Funktion des Nervensystems und zu einem normalen Energiestoffwechsel bei.<\/li>\n<\/ul>\n\t\t<\/div>\n\t<\/div>\n\t\n\t<div id=\"accordion-2755789522\" class=\"accordion-item\">\n\t\t<a id=\"accordion-2755789522-label\" class=\"accordion-title plain\" href=\"#accordion-item-inhaltsstoffe\" aria-expanded=\"false\" aria-controls=\"accordion-2755789522-content\">\n\t\t\t<button class=\"toggle\" aria-label=\"Toggle\"><i class=\"icon-angle-down\" aria-hidden=\"true\"><\/i><\/button>\n\t\t\t<span>Inhaltsstoffe<\/span>\n\t\t<\/a>\n\t\t<div id=\"accordion-2755789522-content\" class=\"accordion-inner\" aria-labelledby=\"accordion-2755789522-label\">\n\t\t\t\n<table class=\"ffnf-clean-table\">\n<thead>\n<tr>\n<th>Inhaltsstoffe<\/th>\n<th>Portion (1 Kapsel)<\/th>\n<th>% NRV*<\/th>\n<\/tr>\n<\/thead>\n<tbody>\n<tr>\n<td>Koffein<\/td>\n<td>100 mg<\/td>\n<td>&#8211;<\/td>\n<\/tr>\n<tr>\n<td>Bitterorangextrakt<br \/>\u2013 davon Synephrin<\/td>\n<td>100 mg<br \/>10 mg<\/td>\n<td>&#8211;<\/td>\n<\/tr>\n<tr>\n<td>Indischer Brennnesselextrakt<br \/>\u2013 davon Forskolin<\/td>\n<td>50 mg<br \/>10 mg<\/td>\n<td>&#8211;<\/td>\n<\/tr>\n<tr>\n<td>Garcinia-Cambogia-Extrakt<br \/>\u2013 davon Hydroxyzitronens\u00e4ure<\/td>\n<td>50 mg<br \/>30 mg<\/td>\n<td>&#8211;<\/td>\n<\/tr>\n<tr>\n<td>Gr\u00fcnkaffee-Extrakt<br \/>\u2013 davon Chlorogens\u00e4ure<\/td>\n<td>50 mg<br \/>25 mg<\/td>\n<td>&#8211;<\/td>\n<\/tr>\n<tr>\n<td>Alpha-Lipons\u00e4ure<\/td>\n<td>50 mg<\/td>\n<td>&#8211;<\/td>\n<\/tr>\n<tr>\n<td>Cayenne-Pfeffer-Extrakt<br \/>\u2013 davon Capsaicin<\/td>\n<td>50 mg<br \/>5 mg<\/td>\n<td>&#8211;<\/td>\n<\/tr>\n<tr>\n<td>Extrakt aus schwarzem Pfeffer<br \/>\u2013 davon Piperin<\/td>\n<td>5,3 mg<br \/>5 mg<\/td>\n<td>&#8211;<\/td>\n<\/tr>\n<tr>\n<td>Chrom<\/td>\n<td>100 \u00b5g<\/td>\n<td>250 %<\/td>\n<\/tr>\n<tr>\n<td>Vitamin B1<\/td>\n<td>1,1 mg<\/td>\n<td>100 %<\/td>\n<\/tr>\n<tr>\n<td>Vitamin B2<\/td>\n<td>1,4 mg<\/td>\n<td>100 %<\/td>\n<\/tr>\n<tr>\n<td>Niacin (B3)<\/td>\n<td>16 mg<\/td>\n<td>100 %<\/td>\n<\/tr>\n<tr>\n<td>Pantothens\u00e4ure (B5)<\/td>\n<td>6 mg<\/td>\n<td>100 %<\/td>\n<\/tr>\n<tr>\n<td>Vitamin B6<\/td>\n<td>1,4 mg<\/td>\n<td>100 %<\/td>\n<\/tr>\n<tr>\n<td>Biotin (B7)<\/td>\n<td>50 \u00b5g<\/td>\n<td>100 %<\/td>\n<\/tr>\n<tr>\n<td>Fols\u00e4ure (B9)<\/td>\n<td>200 \u00b5g<\/td>\n<td>100 %<\/td>\n<\/tr>\n<tr>\n<td>Vitamin B12<\/td>\n<td>2,5 \u00b5g<\/td>\n<td>100 %<\/td>\n<\/tr>\n<\/tbody>\n<\/table>\n\t\t<\/div>\n\t<\/div>\n\t\n<\/div>","protected":false},"excerpt":{"rendered":"<h2>Unsere innovative 17-Wirkstoff-Kombination unterst\u00fctzt dich, aktiv und energetisch durch den Tag zu kommen.<\/h2>\n<h4>Mit nur einer Kapsel t\u00e4glich erlebst du die Kraft einer einzigartigen Zusammensetzung: Vollgepackt mit sorgf\u00e4ltig ausgew\u00e4hlten, wertvollen Inhaltsstoffen, darunter Koffein und nat\u00fcrliche Pflanzenextrakte, bietet Pink Fire einen Energiekick, der dich belebt, ohne Unruhe zu verursachen.<\/h4>","protected":false},"featured_media":943259,"comment_status":"open","ping_status":"closed","template":"","meta":{"slim_seo":{"title":"Pink Fire - Fatburner - FitNFemale\u00ae","description":"Unsere innovative 17-Wirkstoff-Kombination unterst\u00fctzt dich, aktiv und energetisch durch den Tag zu kommen. Mit nur einer Kapsel t\u00e4glich erlebst du die Kraft ei"}},"product_brand":[],"product_cat":[6364,317,1052],"product_tag":[],"class_list":{"0":"post-337831","1":"product","2":"type-product","3":"status-publish","4":"has-post-thumbnail","6":"product_cat-promo-30","7":"product_cat-abnehmen","8":"product_cat-fatburner","9":"pa_anwendungsbereiche-energy","10":"pa_anwendungsbereiche-weightloss","11":"pa_anwendungsbereiche-shaping","12":"pa_anwendungsbereiche-metabolism","13":"pa_marke-fitnfemale","14":"pa_misc-aspartamfree","15":"pa_misc-glutenfree","16":"pa_misc-lactosefree","17":"pa_schwangerschaft-nicht-geeignet","18":"pa_stillzeit-nicht-geeignet","19":"pa_vegan-nein","21":"first","22":"instock","23":"taxable","24":"shipping-taxable","25":"purchasable","26":"product-type-simple"},"bundled_by":["685988","786594","43049","5018"],"bundle_stock_status":"instock","bundle_stock_quantity":39,"bundle_virtual":false,"bundle_layout":"","bundle_add_to_cart_form_location":"","bundle_editable_in_cart":false,"bundle_sold_individually_context":"","bundle_item_grouping":"","bundle_min_size":"","bundle_max_size":"","bundle_price":[],"bundled_items":[],"bundle_sell_ids":[],"gallery_images":[953178,954088,954086,953176,953179],"_links":{"self":[{"href":"https:\/\/fitnfemale.com\/deu\/wp-json\/wp\/v2\/product\/337831","targetHints":{"allow":["GET"]}}],"collection":[{"href":"https:\/\/fitnfemale.com\/deu\/wp-json\/wp\/v2\/product"}],"about":[{"href":"https:\/\/fitnfemale.com\/deu\/wp-json\/wp\/v2\/types\/product"}],"replies":[{"embeddable":true,"href":"https:\/\/fitnfemale.com\/deu\/wp-json\/wp\/v2\/comments?post=337831"}],"wp:featuredmedia":[{"embeddable":true,"href":"https:\/\/fitnfemale.com\/deu\/wp-json\/wp\/v2\/media\/943259"}],"wp:attachment":[{"href":"https:\/\/fitnfemale.com\/deu\/wp-json\/wp\/v2\/media?parent=337831"}],"wp:term":[{"taxonomy":"product_brand","embeddable":true,"href":"https:\/\/fitnfemale.com\/deu\/wp-json\/wp\/v2\/product_brand?post=337831"},{"taxonomy":"product_cat","embeddable":true,"href":"https:\/\/fitnfemale.com\/deu\/wp-json\/wp\/v2\/product_cat?post=337831"},{"taxonomy":"product_tag","embeddable":true,"href":"https:\/\/fitnfemale.com\/deu\/wp-json\/wp\/v2\/product_tag?post=337831"}],"curies":[{"name":"wp","href":"https:\/\/api.w.org\/{rel}","templated":true}]}}