{"id":336566,"date":"2019-09-24T20:26:20","date_gmt":"2019-09-24T19:26:20","guid":{"rendered":"https:\/\/fitnfemale.com\/?post_type=product&#038;p=336566"},"modified":"2026-04-13T17:12:08","modified_gmt":"2026-04-13T16:12:08","slug":"stay-in-balance-basenpulver","status":"publish","type":"product","link":"https:\/\/fitnfemale.com\/deu\/produkt\/stay-in-balance-basenpulver\/","title":{"rendered":"Stay in Balance"},"content":{"rendered":"<h3>VORTEILE VON BASENPULVER<\/h3>\n<ul>\n<li class=\"bullet-checkmark\">Durch das Entfernen und Neutralisieren von S\u00e4uren im K\u00f6rper kann das nat\u00fcrliche S\u00e4ure-Basen-Gleichgewicht unterst\u00fctzt werden.<\/li>\n<li class=\"bullet-checkmark\">Die enthaltenen Magnesiumzitrat und Zinkgluconat k\u00f6nnen dazu beitragen, Gifte (auch Toxine genannt) aus den Zellen zu entfernen.<\/li>\n<li class=\"bullet-checkmark\">Kann zur Unterst\u00fctzung der Gewichtsreduktion beitragen. Durch die Einnahme von basisch wirkenden Produkten kann der K\u00f6rper in seinem Bestreben unterst\u00fctzt werden, Fettleibigkeit vorzubeugen oder zu reduzieren.<\/li>\n<\/ul>\n<div class=\"accordion\">\n\t<div id=\"accordion-3096065228\" class=\"accordion-item\">\n\t\t<a id=\"accordion-3096065228-label\" class=\"accordion-title plain\" href=\"#accordion-item-die-perfekte-einnahme-von-basenpulver\" aria-expanded=\"false\" aria-controls=\"accordion-3096065228-content\">\n\t\t\t<button class=\"toggle\" aria-label=\"Toggle\"><i class=\"icon-angle-down\" aria-hidden=\"true\"><\/i><\/button>\n\t\t\t<span>Die perfekte Einnahme von Basenpulver<\/span>\n\t\t<\/a>\n\t\t<div id=\"accordion-3096065228-content\" class=\"accordion-inner\" aria-labelledby=\"accordion-3096065228-label\">\n\t\t\t\n<ul>\n<li class=\"bullet-arrow\">Das Stay in Balance Basenpulver sollte immer losgel\u00f6st vom Essen eingenommen werden.<\/li>\n<li class=\"bullet-arrow\">Die Einnahme sollte immer mindestens 30 Minuten vor einer Mahlzeit und <strong>3 <\/strong>Stunden nach einer Mahlzeit sein.<\/li>\n<li class=\"bullet-arrow\">Eine Portion (= 1 Messl\u00f6ffel) mit 200ml Wasser vermischen. Alternativ dazu direkt in den Mund und mit Wasser hinuntersp\u00fclen.<\/li>\n<\/ul>\n<p><small><i class=\"fa fa-info-circle\" style=\"color: #7fd0d8;\"><\/i> Durch den hohen Mineralgehalt ist es normal, dass sich das Pulver nicht vollst\u00e4ndig aufl\u00f6sen l\u00e4sst.<\/small><\/p>\n\t\t<\/div>\n\t<\/div>\n\t\n\t<div id=\"accordion-1566279545\" class=\"accordion-item\">\n\t\t<a id=\"accordion-1566279545-label\" class=\"accordion-title plain\" href=\"#accordion-item-weitere-produktbilder\" aria-expanded=\"false\" aria-controls=\"accordion-1566279545-content\">\n\t\t\t<button class=\"toggle\" aria-label=\"Toggle\"><i class=\"icon-angle-down\" aria-hidden=\"true\"><\/i><\/button>\n\t\t\t<span>Weitere Produktbilder<\/span>\n\t\t<\/a>\n\t\t<div id=\"accordion-1566279545-content\" class=\"accordion-inner\" aria-labelledby=\"accordion-1566279545-label\">\n\t\t\t\n<div class=\"row\"  id=\"row-1323403014\">\n\n\t<div id=\"col-605026047\" class=\"col small-12 large-12\"  >\n\t\t\t\t<div class=\"col-inner\"  >\n\t\t\t\n\t\t\t\n\n  \n    <div class=\"row large-columns-4 medium-columns-3 small-columns-2\" >\n  <div class=\"gallery-col col\" >\n          <div class=\"col-inner\">\n            <a class=\"image-lightbox lightbox-gallery\" href=\"https:\/\/fitnfemale.com\/wp-content\/uploads\/stay-in-balance-back-1-800x800.jpg\" title=\"\">            <div class=\"box has-hover gallery-box box-normal\">\n              <div class=\"box-image\" >\n                <img decoding=\"async\" width=\"400\" height=\"400\" src=\"https:\/\/fitnfemale.com\/wp-content\/uploads\/stay-in-balance-back-1-400x400.jpg\" class=\"attachment-medium size-medium\" alt=\"Stay in balance back\" ids=\"336818,336816,336815,336814\" style=\"normal\" lightbox_image_size=\"large\" text_padding=\"0px 0px 0px 0px\" srcset=\"https:\/\/fitnfemale.com\/wp-content\/uploads\/stay-in-balance-back-1-400x400.jpg 400w, https:\/\/fitnfemale.com\/wp-content\/uploads\/stay-in-balance-back-1-510x510.jpg 510w, https:\/\/fitnfemale.com\/wp-content\/uploads\/stay-in-balance-back-1-200x200.jpg 200w, https:\/\/fitnfemale.com\/wp-content\/uploads\/stay-in-balance-back-1-280x280.jpg 280w, https:\/\/fitnfemale.com\/wp-content\/uploads\/stay-in-balance-back-1-768x768.jpg 768w, https:\/\/fitnfemale.com\/wp-content\/uploads\/stay-in-balance-back-1-800x800.jpg 800w, https:\/\/fitnfemale.com\/wp-content\/uploads\/stay-in-balance-back-1-130x130.jpg 130w, https:\/\/fitnfemale.com\/wp-content\/uploads\/stay-in-balance-back-1-150x150.jpg 150w, https:\/\/fitnfemale.com\/wp-content\/uploads\/stay-in-balance-back-1.jpg 1000w\" sizes=\"(max-width: 400px) 100vw, 400px\" \/>                                                              <\/div>\n              <div class=\"box-text text-left\" style=\"padding:0px 0px 0px 0px;\">\n                 <p><\/p>\n              <\/div>\n            <\/div>\n            <\/a>          <\/div>\n         <\/div><div class=\"gallery-col col\" >\n          <div class=\"col-inner\">\n            <a class=\"image-lightbox lightbox-gallery\" href=\"https:\/\/fitnfemale.com\/wp-content\/uploads\/stay-in-balance-back3-1-800x800.jpg\" title=\"\">            <div class=\"box has-hover gallery-box box-normal\">\n              <div class=\"box-image\" >\n                <img decoding=\"async\" width=\"400\" height=\"400\" src=\"https:\/\/fitnfemale.com\/wp-content\/uploads\/stay-in-balance-back3-1-400x400.jpg\" class=\"attachment-medium size-medium\" alt=\"Stay in balance back3\" ids=\"336818,336816,336815,336814\" style=\"normal\" lightbox_image_size=\"large\" text_padding=\"0px 0px 0px 0px\" srcset=\"https:\/\/fitnfemale.com\/wp-content\/uploads\/stay-in-balance-back3-1-400x400.jpg 400w, https:\/\/fitnfemale.com\/wp-content\/uploads\/stay-in-balance-back3-1-510x510.jpg 510w, https:\/\/fitnfemale.com\/wp-content\/uploads\/stay-in-balance-back3-1-200x200.jpg 200w, https:\/\/fitnfemale.com\/wp-content\/uploads\/stay-in-balance-back3-1-280x280.jpg 280w, https:\/\/fitnfemale.com\/wp-content\/uploads\/stay-in-balance-back3-1-768x768.jpg 768w, https:\/\/fitnfemale.com\/wp-content\/uploads\/stay-in-balance-back3-1-800x800.jpg 800w, https:\/\/fitnfemale.com\/wp-content\/uploads\/stay-in-balance-back3-1-130x130.jpg 130w, https:\/\/fitnfemale.com\/wp-content\/uploads\/stay-in-balance-back3-1-150x150.jpg 150w, https:\/\/fitnfemale.com\/wp-content\/uploads\/stay-in-balance-back3-1.jpg 1000w\" sizes=\"(max-width: 400px) 100vw, 400px\" \/>                                                              <\/div>\n              <div class=\"box-text text-left\" style=\"padding:0px 0px 0px 0px;\">\n                 <p><\/p>\n              <\/div>\n            <\/div>\n            <\/a>          <\/div>\n         <\/div><div class=\"gallery-col col\" >\n          <div class=\"col-inner\">\n            <a class=\"image-lightbox lightbox-gallery\" href=\"https:\/\/fitnfemale.com\/wp-content\/uploads\/stay-in-balance-back4-1-800x800.jpg\" title=\"\">            <div class=\"box has-hover gallery-box box-normal\">\n              <div class=\"box-image\" >\n                <img decoding=\"async\" width=\"400\" height=\"400\" src=\"https:\/\/fitnfemale.com\/wp-content\/uploads\/stay-in-balance-back4-1-400x400.jpg\" class=\"attachment-medium size-medium\" alt=\"Stay in balance back4\" ids=\"336818,336816,336815,336814\" style=\"normal\" lightbox_image_size=\"large\" text_padding=\"0px 0px 0px 0px\" srcset=\"https:\/\/fitnfemale.com\/wp-content\/uploads\/stay-in-balance-back4-1-400x400.jpg 400w, https:\/\/fitnfemale.com\/wp-content\/uploads\/stay-in-balance-back4-1-510x510.jpg 510w, https:\/\/fitnfemale.com\/wp-content\/uploads\/stay-in-balance-back4-1-200x200.jpg 200w, https:\/\/fitnfemale.com\/wp-content\/uploads\/stay-in-balance-back4-1-280x280.jpg 280w, https:\/\/fitnfemale.com\/wp-content\/uploads\/stay-in-balance-back4-1-768x768.jpg 768w, https:\/\/fitnfemale.com\/wp-content\/uploads\/stay-in-balance-back4-1-800x800.jpg 800w, https:\/\/fitnfemale.com\/wp-content\/uploads\/stay-in-balance-back4-1-130x130.jpg 130w, https:\/\/fitnfemale.com\/wp-content\/uploads\/stay-in-balance-back4-1-150x150.jpg 150w, https:\/\/fitnfemale.com\/wp-content\/uploads\/stay-in-balance-back4-1.jpg 1000w\" sizes=\"(max-width: 400px) 100vw, 400px\" \/>                                                              <\/div>\n              <div class=\"box-text text-left\" style=\"padding:0px 0px 0px 0px;\">\n                 <p><\/p>\n              <\/div>\n            <\/div>\n            <\/a>          <\/div>\n         <\/div><div class=\"gallery-col col\" >\n          <div class=\"col-inner\">\n            <a class=\"image-lightbox lightbox-gallery\" href=\"https:\/\/fitnfemale.com\/wp-content\/uploads\/stay-in-balance-back5-1-800x800.jpg\" title=\"\">            <div class=\"box has-hover gallery-box box-normal\">\n              <div class=\"box-image\" >\n                <img decoding=\"async\" width=\"400\" height=\"400\" src=\"https:\/\/fitnfemale.com\/wp-content\/uploads\/stay-in-balance-back5-1-400x400.jpg\" class=\"attachment-medium size-medium\" alt=\"Stay in balance back5\" ids=\"336818,336816,336815,336814\" style=\"normal\" lightbox_image_size=\"large\" text_padding=\"0px 0px 0px 0px\" srcset=\"https:\/\/fitnfemale.com\/wp-content\/uploads\/stay-in-balance-back5-1-400x400.jpg 400w, https:\/\/fitnfemale.com\/wp-content\/uploads\/stay-in-balance-back5-1-510x510.jpg 510w, https:\/\/fitnfemale.com\/wp-content\/uploads\/stay-in-balance-back5-1-200x200.jpg 200w, https:\/\/fitnfemale.com\/wp-content\/uploads\/stay-in-balance-back5-1-280x280.jpg 280w, https:\/\/fitnfemale.com\/wp-content\/uploads\/stay-in-balance-back5-1-768x768.jpg 768w, https:\/\/fitnfemale.com\/wp-content\/uploads\/stay-in-balance-back5-1-800x800.jpg 800w, https:\/\/fitnfemale.com\/wp-content\/uploads\/stay-in-balance-back5-1-130x130.jpg 130w, https:\/\/fitnfemale.com\/wp-content\/uploads\/stay-in-balance-back5-1-150x150.jpg 150w, https:\/\/fitnfemale.com\/wp-content\/uploads\/stay-in-balance-back5-1.jpg 1000w\" sizes=\"(max-width: 400px) 100vw, 400px\" \/>                                                              <\/div>\n              <div class=\"box-text text-left\" style=\"padding:0px 0px 0px 0px;\">\n                 <p><\/p>\n              <\/div>\n            <\/div>\n            <\/a>          <\/div>\n         <\/div><\/div>\n\t\t<\/div>\n\t\t\t\t\t<\/div>\n\n\t\n\n<style>\n#row-1323403014 > .col > .col-inner {\n  padding: 0px 10px 0px 10px;\n}\n<\/style>\n<\/div>\n\t\t<\/div>\n\t<\/div>\n\t\n\t<div id=\"accordion-1085954422\" class=\"accordion-item\">\n\t\t<a id=\"accordion-1085954422-label\" class=\"accordion-title plain\" href=\"#accordion-item-passe-wenn-n\u00f6tig-deine-dosierung-an\" aria-expanded=\"false\" aria-controls=\"accordion-1085954422-content\">\n\t\t\t<button class=\"toggle\" aria-label=\"Toggle\"><i class=\"icon-angle-down\" aria-hidden=\"true\"><\/i><\/button>\n\t\t\t<span>Passe wenn n\u00f6tig deine Dosierung an<\/span>\n\t\t<\/a>\n\t\t<div id=\"accordion-1085954422-content\" class=\"accordion-inner\" aria-labelledby=\"accordion-1085954422-label\">\n\t\t\t\n<p>Falls du zum ersten Mal ein Basenpulver zu dir nimmst, kann es vorkommen, dass dein K\u00f6rper M\u00fche hat, die ganze Portion auf einmal aufzunehmen. H\u00f6re dabei auf deinen K\u00f6rper. Reduziere die Menge pro Tag und erh\u00f6he diese langsam bis du eine ganze Portion vertr\u00e4gst.<\/p>\n\t\t<\/div>\n\t<\/div>\n\t\n\t<div id=\"accordion-2656254467\" class=\"accordion-item\">\n\t\t<a id=\"accordion-2656254467-label\" class=\"accordion-title plain\" href=\"#accordion-item-stay-in-balance-kombiniert-mit-anderen-produkten\" aria-expanded=\"false\" aria-controls=\"accordion-2656254467-content\">\n\t\t\t<button class=\"toggle\" aria-label=\"Toggle\"><i class=\"icon-angle-down\" aria-hidden=\"true\"><\/i><\/button>\n\t\t\t<span>Stay in Balance kombiniert mit anderen Produkten<\/span>\n\t\t<\/a>\n\t\t<div id=\"accordion-2656254467-content\" class=\"accordion-inner\" aria-labelledby=\"accordion-2656254467-label\">\n\t\t\t\n<p>Stay in Balance l\u00e4sst sich Produkten von FitnFemale kombinieren respektive Einnehmen. W\u00e4hrend der Einnahme solltest du jedoch weitere Produkte mit hohem Magnesiumanteil vermeiden, da dies abf\u00fchrend wirken kann.<\/p>\n<p><strong>Eine gute Wahl f\u00fcr eine erg\u00e4nzende Einnahme:<br \/>\n<\/strong><\/p>\n\t\n  \n    <div class=\"row large-columns-4 medium-columns-3 small-columns-2 row-small slider row-slider slider-nav-reveal slider-nav-push\"  data-flickity-options='{&quot;imagesLoaded&quot;: true, &quot;groupCells&quot;: &quot;100%&quot;, &quot;dragThreshold&quot; : 5, &quot;cellAlign&quot;: &quot;left&quot;,&quot;wrapAround&quot;: true,&quot;prevNextButtons&quot;: true,&quot;percentPosition&quot;: true,&quot;pageDots&quot;: false, &quot;rightToLeft&quot;: false, &quot;autoPlay&quot; : false}' >\n\n  \n\t     <div class=\"col\" >\n\t\t\t\t\t\t<div class=\"col-inner\">\n\t\t\t\t\t\t\n<div class=\"badge-container absolute left top z-1\">\n\n<\/div>\n\t\t\t\t\t\t<div class=\"product-small box has-hover box-normal box-text-bottom\">\n\t\t\t\t\t\t\t<div class=\"box-image\" >\n\t\t\t\t\t\t\t\t<div class=\"\" >\n\t\t\t\t\t\t\t\t\t<a href=\"https:\/\/fitnfemale.com\/deu\/produkt\/womens-biotics-probiotika\/\" aria-label=\"Women&#039;s Biotics\">\n\t\t\t\t\t\t\t\t\t\t<img decoding=\"async\" width=\"247\" height=\"296\" src=\"https:\/\/fitnfemale.com\/wp-content\/uploads\/womensbiotics-closeup2-247x296.webp\" class=\"show-on-hover absolute fill hide-for-small back-image\" alt=\"Womensbiotics closeup2\" aria-hidden=\"true\" \/><img decoding=\"async\" width=\"247\" height=\"296\" src=\"https:\/\/fitnfemale.com\/wp-content\/uploads\/womensbiotics-247x296.webp\" class=\"attachment-woocommerce_thumbnail size-woocommerce_thumbnail\" alt=\"Womensbiotics\" \/>\t\t\t\t\t\t\t\t\t<\/a>\n\t\t\t\t\t\t\t\t\t\t\t\t\t\t\t\t\t\t \t\t\t\t\t\t\t\t<\/div>\n\t\t\t\t\t\t\t\t<div class=\"image-tools top right show-on-hover\">\n\t\t\t\t\t\t\t\t\t\t\t\t\t\t\t\t\t<\/div>\n\t\t\t\t\t\t\t\t\t\t\t\t\t\t\t\t\t<div class=\"image-tools grid-tools text-center hide-for-small bottom hover-slide-in show-on-hover\">\n\t\t\t\t\t\t\t\t\t\t\t\t\t\t\t\t\t\t\t<\/div>\n\t\t\t\t\t\t\t\t\t\t\t\t\t\t\t\t\t\t\t\t\t\t\t<\/div>\n\n\t\t\t\t\t\t\t<div class=\"box-text text-center\" >\n\t\t\t\t\t\t\t\t<div class=\"title-wrapper\"><p class=\"name product-title woocommerce-loop-product__title\"><a href=\"https:\/\/fitnfemale.com\/deu\/produkt\/womens-biotics-probiotika\/\" class=\"woocommerce-LoopProduct-link woocommerce-loop-product__link\">Women&#8217;s Biotics<\/a><\/p><\/div><div class=\"price-wrapper\">\n\t<span class=\"price\"><span class=\"wcpbc-price wcpbc-price-336558\" data-product-id=\"336558\"><span class=\"woocommerce-Price-amount amount\"><bdi><span class=\"woocommerce-Price-currencySymbol\">&euro;<\/span>\u00a027.90<\/bdi><\/span> <small class=\"woocommerce-price-suffix\">inkl. MWST<\/small><\/span><\/span>\n<\/div>\t\t\t\t\t\t\t<\/div>\n\t\t\t\t\t\t<\/div>\n\t\t\t\t\t\t<\/div>\n\t\t\t\t\t<\/div><div class=\"col\" >\n\t\t\t\t\t\t<div class=\"col-inner\">\n\t\t\t\t\t\t\n<div class=\"badge-container absolute left top z-1\">\n\n<\/div>\n\t\t\t\t\t\t<div class=\"product-small box has-hover box-normal box-text-bottom\">\n\t\t\t\t\t\t\t<div class=\"box-image\" >\n\t\t\t\t\t\t\t\t<div class=\"\" >\n\t\t\t\t\t\t\t\t\t<a href=\"https:\/\/fitnfemale.com\/deu\/produkt\/l-carnitin-greentea\/\" aria-label=\"L-Carnitine + Greentea\">\n\t\t\t\t\t\t\t\t\t\t<img decoding=\"async\" width=\"247\" height=\"296\" src=\"https:\/\/fitnfemale.com\/wp-content\/uploads\/lcarnitin-greentea-closeup6-247x296.webp\" class=\"show-on-hover absolute fill hide-for-small back-image\" alt=\"Lcarnitin greentea closeup6\" aria-hidden=\"true\" \/><img decoding=\"async\" width=\"247\" height=\"296\" src=\"https:\/\/fitnfemale.com\/wp-content\/uploads\/l-carnitin-greentea2-1-247x296.webp\" class=\"attachment-woocommerce_thumbnail size-woocommerce_thumbnail\" alt=\"L carnitin greentea2 (1)\" \/>\t\t\t\t\t\t\t\t\t<\/a>\n\t\t\t\t\t\t\t\t\t\t\t\t\t\t\t\t\t\t \t\t\t\t\t\t\t\t<\/div>\n\t\t\t\t\t\t\t\t<div class=\"image-tools top right show-on-hover\">\n\t\t\t\t\t\t\t\t\t\t\t\t\t\t\t\t\t<\/div>\n\t\t\t\t\t\t\t\t\t\t\t\t\t\t\t\t\t<div class=\"image-tools grid-tools text-center hide-for-small bottom hover-slide-in show-on-hover\">\n\t\t\t\t\t\t\t\t\t\t\t\t\t\t\t\t\t\t\t<\/div>\n\t\t\t\t\t\t\t\t\t\t\t\t\t\t\t\t\t\t\t\t\t\t\t<\/div>\n\n\t\t\t\t\t\t\t<div class=\"box-text text-center\" >\n\t\t\t\t\t\t\t\t<div class=\"title-wrapper\"><p class=\"name product-title woocommerce-loop-product__title\"><a href=\"https:\/\/fitnfemale.com\/deu\/produkt\/l-carnitin-greentea\/\" class=\"woocommerce-LoopProduct-link woocommerce-loop-product__link\">L-Carnitine + Greentea<\/a><\/p><\/div><div class=\"price-wrapper\">\n\t<span class=\"price\"><span class=\"woocommerce-Price-amount amount\"><bdi><span class=\"woocommerce-Price-currencySymbol\">&euro;<\/span>\u00a019.90<\/bdi><\/span> <small class=\"woocommerce-price-suffix\">inkl. MWST<\/small><\/span>\n<\/div>\t\t\t\t\t\t\t<\/div>\n\t\t\t\t\t\t<\/div>\n\t\t\t\t\t\t<\/div>\n\t\t\t\t\t<\/div><div class=\"col\" >\n\t\t\t\t\t\t<div class=\"col-inner\">\n\t\t\t\t\t\t\n<div class=\"badge-container absolute left top z-1\">\n\n<\/div>\n\t\t\t\t\t\t<div class=\"product-small box has-hover box-normal box-text-bottom\">\n\t\t\t\t\t\t\t<div class=\"box-image\" >\n\t\t\t\t\t\t\t\t<div class=\"\" >\n\t\t\t\t\t\t\t\t\t<a href=\"https:\/\/fitnfemale.com\/deu\/produkt\/omega-3\/\" aria-label=\"Omega 3\">\n\t\t\t\t\t\t\t\t\t\t<img decoding=\"async\" width=\"247\" height=\"296\" src=\"https:\/\/fitnfemale.com\/wp-content\/uploads\/omega3softoilcaps-247x296.webp\" class=\"show-on-hover absolute fill hide-for-small back-image\" alt=\"Omega3softoilcaps\" aria-hidden=\"true\" \/><img decoding=\"async\" width=\"247\" height=\"296\" src=\"https:\/\/fitnfemale.com\/wp-content\/uploads\/omega3shop25-1-247x296.webp\" class=\"attachment-woocommerce_thumbnail size-woocommerce_thumbnail\" alt=\"Omega3shop25 (1)\" \/>\t\t\t\t\t\t\t\t\t<\/a>\n\t\t\t\t\t\t\t\t\t\t\t\t\t\t\t\t\t\t \t\t\t\t\t\t\t\t<\/div>\n\t\t\t\t\t\t\t\t<div class=\"image-tools top right show-on-hover\">\n\t\t\t\t\t\t\t\t\t\t\t\t\t\t\t\t\t<\/div>\n\t\t\t\t\t\t\t\t\t\t\t\t\t\t\t\t\t<div class=\"image-tools grid-tools text-center hide-for-small bottom hover-slide-in show-on-hover\">\n\t\t\t\t\t\t\t\t\t\t\t\t\t\t\t\t\t\t\t<\/div>\n\t\t\t\t\t\t\t\t\t\t\t\t\t\t\t\t\t\t\t\t\t\t\t<\/div>\n\n\t\t\t\t\t\t\t<div class=\"box-text text-center\" >\n\t\t\t\t\t\t\t\t<div class=\"title-wrapper\"><p class=\"name product-title woocommerce-loop-product__title\"><a href=\"https:\/\/fitnfemale.com\/deu\/produkt\/omega-3\/\" class=\"woocommerce-LoopProduct-link woocommerce-loop-product__link\">Omega 3<\/a><\/p><\/div><div class=\"price-wrapper\">\n\t<span class=\"price\"><span class=\"woocommerce-Price-amount amount\"><bdi><span class=\"woocommerce-Price-currencySymbol\">&euro;<\/span>\u00a018.90<\/bdi><\/span> <small class=\"woocommerce-price-suffix\">inkl. MWST<\/small><\/span>\n<\/div>\t\t\t\t\t\t\t<\/div>\n\t\t\t\t\t\t<\/div>\n\t\t\t\t\t\t<\/div>\n\t\t\t\t\t<\/div><div class=\"col\" >\n\t\t\t\t\t\t<div class=\"col-inner\">\n\t\t\t\t\t\t\n<div class=\"badge-container absolute left top z-1\">\n\n<\/div>\n\t\t\t\t\t\t<div class=\"product-small box has-hover box-normal box-text-bottom\">\n\t\t\t\t\t\t\t<div class=\"box-image\" >\n\t\t\t\t\t\t\t\t<div class=\"\" >\n\t\t\t\t\t\t\t\t\t<a href=\"https:\/\/fitnfemale.com\/deu\/produkt\/fatburner-pink-fire\/\" aria-label=\"Pink Fire - Fatburner\">\n\t\t\t\t\t\t\t\t\t\t<img decoding=\"async\" width=\"247\" height=\"296\" src=\"https:\/\/fitnfemale.com\/wp-content\/uploads\/pink-fire-11-1-247x296.webp\" class=\"show-on-hover absolute fill hide-for-small back-image\" alt=\"Pink fire 11\" aria-hidden=\"true\" \/><img decoding=\"async\" width=\"247\" height=\"296\" src=\"https:\/\/fitnfemale.com\/wp-content\/uploads\/pinkfire-shop-1-247x296.webp\" class=\"attachment-woocommerce_thumbnail size-woocommerce_thumbnail\" alt=\"Pinkfire shop (1)\" \/>\t\t\t\t\t\t\t\t\t<\/a>\n\t\t\t\t\t\t\t\t\t\t\t\t\t\t\t\t\t\t \t\t\t\t\t\t\t\t<\/div>\n\t\t\t\t\t\t\t\t<div class=\"image-tools top right show-on-hover\">\n\t\t\t\t\t\t\t\t\t\t\t\t\t\t\t\t\t<\/div>\n\t\t\t\t\t\t\t\t\t\t\t\t\t\t\t\t\t<div class=\"image-tools grid-tools text-center hide-for-small bottom hover-slide-in show-on-hover\">\n\t\t\t\t\t\t\t\t\t\t\t\t\t\t\t\t\t\t\t<\/div>\n\t\t\t\t\t\t\t\t\t\t\t\t\t\t\t\t\t\t\t\t\t\t\t<\/div>\n\n\t\t\t\t\t\t\t<div class=\"box-text text-center\" >\n\t\t\t\t\t\t\t\t<div class=\"title-wrapper\"><p class=\"name product-title woocommerce-loop-product__title\"><a href=\"https:\/\/fitnfemale.com\/deu\/produkt\/fatburner-pink-fire\/\" class=\"woocommerce-LoopProduct-link woocommerce-loop-product__link\">Pink Fire &#8211; Fatburner<\/a><\/p><\/div><div class=\"price-wrapper\">\n\t<span class=\"price\"><span class=\"woocommerce-Price-amount amount\"><bdi><span class=\"woocommerce-Price-currencySymbol\">&euro;<\/span>\u00a026.90<\/bdi><\/span> <small class=\"woocommerce-price-suffix\">inkl. MWST<\/small><\/span>\n<\/div>\t\t\t\t\t\t\t<\/div>\n\t\t\t\t\t\t<\/div>\n\t\t\t\t\t\t<\/div>\n\t\t\t\t\t<\/div><div class=\"col\" >\n\t\t\t\t\t\t<div class=\"col-inner\">\n\t\t\t\t\t\t\n<div class=\"badge-container absolute left top z-1\">\n\n<\/div>\n\t\t\t\t\t\t<div class=\"product-small box has-hover box-normal box-text-bottom\">\n\t\t\t\t\t\t\t<div class=\"box-image\" >\n\t\t\t\t\t\t\t\t<div class=\"\" >\n\t\t\t\t\t\t\t\t\t<a href=\"https:\/\/fitnfemale.com\/deu\/produkt\/whey-isolate\/\" aria-label=\"Women&#039;s Whey Isolate\">\n\t\t\t\t\t\t\t\t\t\t<img decoding=\"async\" width=\"247\" height=\"296\" src=\"https:\/\/fitnfemale.com\/wp-content\/uploads\/wheyisolate-closeup-5-247x296.webp\" class=\"show-on-hover absolute fill hide-for-small back-image\" alt=\"Wheyisolate closeup\" aria-hidden=\"true\" \/><img decoding=\"async\" width=\"247\" height=\"296\" src=\"https:\/\/fitnfemale.com\/wp-content\/uploads\/womens-whey-isolate25-247x296.jpg\" class=\"attachment-woocommerce_thumbnail size-woocommerce_thumbnail\" alt=\"Womens whey isolate25\" \/>\t\t\t\t\t\t\t\t\t<\/a>\n\t\t\t\t\t\t\t\t\t\t\t\t\t\t\t\t\t\t \t\t\t\t\t\t\t\t<\/div>\n\t\t\t\t\t\t\t\t<div class=\"image-tools top right show-on-hover\">\n\t\t\t\t\t\t\t\t\t\t\t\t\t\t\t\t\t<\/div>\n\t\t\t\t\t\t\t\t\t\t\t\t\t\t\t\t\t<div class=\"image-tools grid-tools text-center hide-for-small bottom hover-slide-in show-on-hover\">\n\t\t\t\t\t\t\t\t\t\t\t\t\t\t\t\t\t\t\t<\/div>\n\t\t\t\t\t\t\t\t\t\t\t\t\t\t\t\t\t\t\t\t\t\t\t<\/div>\n\n\t\t\t\t\t\t\t<div class=\"box-text text-center\" >\n\t\t\t\t\t\t\t\t<div class=\"title-wrapper\"><p class=\"name product-title woocommerce-loop-product__title\"><a href=\"https:\/\/fitnfemale.com\/deu\/produkt\/whey-isolate\/\" class=\"woocommerce-LoopProduct-link woocommerce-loop-product__link\">Women&#8217;s Whey Isolate<\/a><\/p><\/div><div class=\"price-wrapper\">\n\t<span class=\"price\"><span class=\"wcpbc-price wcpbc-price-33575\" data-product-id=\"33575\"><span class=\"woocommerce-Price-amount amount\"><bdi><span class=\"woocommerce-Price-currencySymbol\">&euro;<\/span>\u00a027.90<\/bdi><\/span> <small class=\"woocommerce-price-suffix\">inkl. MWST<\/small><\/span><\/span>\n<\/div>\t\t\t\t\t\t\t<\/div>\n\t\t\t\t\t\t<\/div>\n\t\t\t\t\t\t<\/div>\n\t\t\t\t\t<\/div><\/div>\n\t\t<\/div>\n\t<\/div>\n\t\n<\/div>","protected":false},"excerpt":{"rendered":"<h2>\u00dcbers\u00e4uert oder unausgeglichen? Kein Problem mit Stay in Balance bist du in k\u00fcrze wieder im Gleichgewicht.<\/h2>\n<h4>Ein modernes Basenprodukt mit einer Kombination aus basischen Spurenelementen &#038; Mineralsalzen, das dabei helfen kann, den S\u00e4ure-Basen-Haushalt zu unterst\u00fctzen. <\/h4>\n<p>Magnesium und Kalzium \u00fcbernehmen wichtige Funktionen f\u00fcr Knochen und Z\u00e4hne und unterst\u00fctzen die normale Muskelfunktion.<\/p>\n<ul>\n<li class=\"bullet-star\">Hochwertige Spurenelemente &amp; Mineralsalze<\/li>\n<li class=\"bullet-star\">Glutenfrei, laktosefrei und vegan!<\/li>\n<li class=\"bullet-star\">Made in Germany<\/li>\n<li class=\"bullet-star\">Leckerer, erfrischend leichter Wassermelonen-Geschmack<\/li>\n<li class=\"bullet-star\">Zum Mixen eines Drinks<\/li>\n<li class=\"bullet-star\">Glutenfrei, laktosefrei und vegan!<\/li>\n<\/ul>","protected":false},"featured_media":698364,"comment_status":"open","ping_status":"closed","template":"","meta":{"slim_seo":{"title":"Women's Whey Isolate - FitNFemale\u00ae","description":"Fakt: Guten Dingen bleibt man treu \u2212 und dieser Shake geh\u00f6rt dazu Maximiere deine Fitness-Erfolge mit dem Women's Whey Isolat. Mit seiner 97% Protein-Isolate-Fo"}},"product_brand":[],"product_cat":[6361,317,619,401],"product_tag":[],"class_list":{"0":"post-336566","1":"product","2":"type-product","3":"status-publish","4":"has-post-thumbnail","6":"product_cat-promo-60","7":"product_cat-abnehmen","8":"product_cat-fitness-drink","9":"product_cat-health","10":"pa_anwendungsbereiche-better-digestion","11":"pa_anwendungsbereiche-health","12":"pa_marke-fitnfemale","13":"pa_misc-glutenfree","14":"pa_misc-lactosefree","15":"pa_misc-vegetarian","16":"pa_nutritionfactinfo-glutenfree","17":"pa_nutritionfactinfo-nocarbs","18":"pa_nutritionfactinfo-lowcalories","19":"pa_schwangerschaft-geeignet","20":"pa_stillzeit-geeignet","21":"pa_vegan-ja","23":"first","24":"outofstock","25":"featured","26":"taxable","27":"shipping-taxable","28":"purchasable","29":"product-type-variable","30":"has-default-attributes"},"bundled_by":["627259"],"bundle_stock_status":"outofstock","bundle_stock_quantity":null,"bundle_virtual":false,"bundle_layout":"","bundle_add_to_cart_form_location":"","bundle_editable_in_cart":false,"bundle_sold_individually_context":"","bundle_item_grouping":"","bundle_min_size":"","bundle_max_size":"","bundle_price":[],"bundled_items":[],"bundle_sell_ids":[],"gallery_images":[589122,673691,407254,571466],"_links":{"self":[{"href":"https:\/\/fitnfemale.com\/deu\/wp-json\/wp\/v2\/product\/336566","targetHints":{"allow":["GET"]}}],"collection":[{"href":"https:\/\/fitnfemale.com\/deu\/wp-json\/wp\/v2\/product"}],"about":[{"href":"https:\/\/fitnfemale.com\/deu\/wp-json\/wp\/v2\/types\/product"}],"replies":[{"embeddable":true,"href":"https:\/\/fitnfemale.com\/deu\/wp-json\/wp\/v2\/comments?post=336566"}],"wp:featuredmedia":[{"embeddable":true,"href":"https:\/\/fitnfemale.com\/deu\/wp-json\/wp\/v2\/media\/698364"}],"wp:attachment":[{"href":"https:\/\/fitnfemale.com\/deu\/wp-json\/wp\/v2\/media?parent=336566"}],"wp:term":[{"taxonomy":"product_brand","embeddable":true,"href":"https:\/\/fitnfemale.com\/deu\/wp-json\/wp\/v2\/product_brand?post=336566"},{"taxonomy":"product_cat","embeddable":true,"href":"https:\/\/fitnfemale.com\/deu\/wp-json\/wp\/v2\/product_cat?post=336566"},{"taxonomy":"product_tag","embeddable":true,"href":"https:\/\/fitnfemale.com\/deu\/wp-json\/wp\/v2\/product_tag?post=336566"}],"curies":[{"name":"wp","href":"https:\/\/api.w.org\/{rel}","templated":true}]}}