{"id":33575,"date":"2018-04-24T13:03:38","date_gmt":"2018-04-24T12:03:38","guid":{"rendered":"https:\/\/fitnfemale.com\/?post_type=product&#038;p=33575"},"modified":"2026-04-12T14:14:58","modified_gmt":"2026-04-12T13:14:58","slug":"whey-isolate","status":"publish","type":"product","link":"https:\/\/fitnfemale.com\/deu\/produkt\/whey-isolate\/","title":{"rendered":"Women&#8217;s Whey Isolate"},"content":{"rendered":"<div class=\"box has-hover   has-hover box-overlay dark box-text-bottom\" >\n\n\t\t<div class=\"box-image\" >\n\t\t\t<a href=\"http:\/\/img-details\" >\t\t\t<div class=\"\" >\n\t\t\t\t<img decoding=\"async\" width=\"1376\" height=\"768\" src=\"https:\/\/fitnfemale.com\/wp-content\/uploads\/wheyisolate-closeup-15.jpg\" class=\"attachment- size-\" alt=\"Wheyisolate closeup\" srcset=\"https:\/\/fitnfemale.com\/wp-content\/uploads\/wheyisolate-closeup-15.jpg 1376w, https:\/\/fitnfemale.com\/wp-content\/uploads\/wheyisolate-closeup-15-717x400.jpg 717w, https:\/\/fitnfemale.com\/wp-content\/uploads\/wheyisolate-closeup-15-768x429.jpg 768w, https:\/\/fitnfemale.com\/wp-content\/uploads\/wheyisolate-closeup-15-18x10.jpg 18w, https:\/\/fitnfemale.com\/wp-content\/uploads\/wheyisolate-closeup-15-1000x558.jpg 1000w\" sizes=\"(max-width: 1376px) 100vw, 1376px\" \/>\t\t\t\t<div class=\"overlay\" style=\"background-color:1\"><\/div>\t\t\t\t\t\t\t<\/div>\n\t\t\t<\/a>\t\t<\/div>\n\n\t\t<div class=\"box-text text-center\" >\n\t\t\t<div class=\"box-text-inner\">\n\t\t\t\t\n<h2 class=\"uppercase\">Warum Pure Native Whey-Isolat besser ist<\/h2>\n\t\t\t<\/div>\n\t\t<\/div>\n\t<\/div>\n\t\n<p class=\"translation-block\">Hast du schon mal von Whey-Protein geh\u00f6rt? Es stammt aus dem Whey, einem Abfallprodukt bei der K\u00e4seherstellung. Aber nicht alle Whey-Proteine sind gleich. <strong>Pure Native Whey-Isolat ist aus reinem Whey hergestellt, ohne Zusatz von Enzymen, Starterkulturen oder S\u00e4uren.<\/strong> Das bedeutet, dass es frei von unn\u00f6tigen Stoffen ist und einen niedrigeren Milchs\u00e4urespiegel hat.<\/p>\n<p class=\"translation-block\">Aber das ist noch nicht alles. <strong>Wir achten darauf, dass die Milch, die wir f\u00fcr Pure Native Whey-Isolat verwenden, von gesunden K\u00fchen stammt und gr\u00fcndlich auf synthetische Hormone und Antibiotika gepr\u00fcft wird.<\/strong> Durch Mikro- und Ultrafiltration bleibt die Struktur des Milchproteins intakt.<\/p>\n<p class=\"translation-block\">Das Ergebnis ist ein <strong>hochwertiges Proteinpulver, das dich unterst\u00fctzt, deinen t\u00e4glichen Proteinbedarf zu decken.<\/strong> Mit minimalem Fett- und Laktosegehalt und ohne Gentechnik, Antibiotika und andere unn\u00f6tige Stoffe. Und mit einem hervorragenden Geschmack und einer einfachen Mischbarkeit, macht es dir das Leben leichter, w\u00e4hrend du dich um deine Gesundheit k\u00fcmmerst.<\/p>\n<div class=\"accordion\">\n\t<div id=\"accordion-4182032571\" class=\"accordion-item\">\n\t\t<a id=\"accordion-4182032571-label\" class=\"accordion-title plain\" href=\"#accordion-item-n\u00e4hrwerte\" aria-expanded=\"false\" aria-controls=\"accordion-4182032571-content\">\n\t\t\t<button class=\"toggle\" aria-label=\"Toggle\"><i class=\"icon-angle-down\" aria-hidden=\"true\"><\/i><\/button>\n\t\t\t<span>N\u00e4hrwerte<\/span>\n\t\t<\/a>\n\t\t<div id=\"accordion-4182032571-content\" class=\"accordion-inner\" aria-labelledby=\"accordion-4182032571-label\">\n\t\t\t\n\t<div class=\"img has-hover x md-x lg-x y md-y lg-y\" id=\"image_1009537239\">\n\t\t\t\t\t\t\t\t<div class=\"img-inner dark\" >\n\t\t\t<img decoding=\"async\" width=\"1433\" height=\"642\" src=\"https:\/\/fitnfemale.com\/wp-content\/uploads\/isolate-facts1.jpg\" class=\"attachment-original size-original\" alt=\"Isolate Facts1\" srcset=\"https:\/\/fitnfemale.com\/wp-content\/uploads\/isolate-facts1.jpg 1433w, https:\/\/fitnfemale.com\/wp-content\/uploads\/isolate-facts1-1000x448.jpg 1000w, https:\/\/fitnfemale.com\/wp-content\/uploads\/isolate-facts1-800x358.jpg 800w, https:\/\/fitnfemale.com\/wp-content\/uploads\/isolate-facts1-1400x627.jpg 1400w, https:\/\/fitnfemale.com\/wp-content\/uploads\/isolate-facts1-768x344.jpg 768w, https:\/\/fitnfemale.com\/wp-content\/uploads\/isolate-facts1-18x8.jpg 18w\" sizes=\"(max-width: 1433px) 100vw, 1433px\" \/>\t\t\t\t\t\t\n\t\t\t\t\t<\/div>\n\t\t\t\t\t\t\t\t\n<style>\n#image_1009537239 {\n  width: 100%;\n}\n@media (min-width:550px) {\n  #image_1009537239 {\n    width: 100%;\n  }\n}\n<\/style>\n\t<\/div>\n\t\n\t\t<\/div>\n\t<\/div>\n\t\n<\/div>","protected":false},"excerpt":{"rendered":"<h2>Fakt: Guten Dingen bleibt man treu \u2212 und dieser Shake geh\u00f6rt dazu<\/h2>\n<h4>Maximiere deine Fitness-Erfolge mit dem Women&#8217;s Whey Isolat. Mit seiner 97% Protein-Isolate-Formel bietet es eine hohe Proteinversorgung, ideal f\u00fcr deine Fitnessziele.<\/h4>\n<ul>\n<li class=\"bullet-star translation-block\"><strong>H\u00f6chste Protein-Konzentration:<\/strong> 97% Isolat-Protein f\u00fcr maximale Effizienz<\/li>\n<li class=\"bullet-star\"><strong>Niedriger Fett- und Kohlenhydratanteil:<\/strong> Ideal f\u00fcr eine ausgewogene Ern\u00e4hrung<\/li>\n<li class=\"bullet-star translation-block\"><strong>Optimales Aminos\u00e4urenprofil:<\/strong> F\u00fcr eine ausgewogene Ern\u00e4hrung und Fitnessunterst\u00fctzung<\/li>\n<li class=\"bullet-star translation-block\"><strong>F\u00fcr alle geeignet:<\/strong> Glutenfrei und laktosearm f\u00fcr alle, die eine spezielle Ern\u00e4hrung ben\u00f6tigen<\/li>\n<li class=\"bullet-star translation-block\"><strong>K\u00f6stlicher Geschmack:<\/strong> Verf\u00fcgbar in 3 leckeren Geschmacksrichtungen, die mit Wasser oder Milch zu genie\u00dfen sind<\/li>\n<li class=\"bullet-star translation-block\"><strong>Einfache L\u00f6slichkeit:<\/strong> Mit nur wenig Schaum und einer exzellenten L\u00f6slichkeit<\/li>\n<li class=\"bullet-star translation-block\"><strong>Ausgezeichnete Qualit\u00e4t:<\/strong> Hergestellt aus ausgew\u00e4hlten Rohstoffen von den besten Lieferanten<\/li>\n<\/ul>","protected":false},"featured_media":955143,"comment_status":"open","ping_status":"closed","template":"","meta":{"slim_seo":{"title":"Women's Whey Isolate - FitNFemale\u00ae","description":"Fakt: Guten Dingen bleibt man treu \u2212 und dieser Shake geh\u00f6rt dazu Maximiere deine Fitness-Erfolge mit dem Women's Whey Isolat. Mit seiner 97% Protein-Isolate-Fo"}},"product_brand":[],"product_cat":[6366,317,1047,394],"product_tag":[],"class_list":{"0":"post-33575","1":"product","2":"type-product","3":"status-publish","4":"has-post-thumbnail","6":"product_cat-promo-10","7":"product_cat-abnehmen","8":"product_cat-fit-strong","9":"product_cat-fitness-shake","10":"pa_anwendungsbereiche-for-your-workout","11":"pa_anwendungsbereiche-muskelversorgung","12":"pa_anwendungsbereiche-shaping","13":"pa_marke-fitnfemale","14":"pa_misc-aspartamfree","15":"pa_misc-glutenfree","16":"pa_misc-vegetarian","17":"pa_nutritionfactinfo-highprotein","18":"pa_nutritionfactinfo-lowcarb","19":"pa_nutritionfactinfo-lowfat","20":"pa_nutritionfactinfo-low-lactose","21":"pa_nutritionfactinfo-lowsugar","22":"pa_schwangerschaft-geeignet","23":"pa_stillzeit-geeignet","24":"pa_vegan-nein","26":"first","27":"instock","28":"featured","29":"taxable","30":"shipping-taxable","31":"purchasable","32":"product-type-variable","33":"has-default-attributes"},"bundled_by":["470906","606937","627104","663238","738321","786591"],"bundle_stock_status":"instock","bundle_stock_quantity":null,"bundle_virtual":false,"bundle_layout":"","bundle_add_to_cart_form_location":"","bundle_editable_in_cart":false,"bundle_sold_individually_context":"","bundle_item_grouping":"","bundle_min_size":"","bundle_max_size":"","bundle_price":[],"bundled_items":[],"bundle_sell_ids":[],"gallery_images":[955146,955147,955150,955149,906744,955148,955172,955144,955145],"_links":{"self":[{"href":"https:\/\/fitnfemale.com\/deu\/wp-json\/wp\/v2\/product\/33575","targetHints":{"allow":["GET"]}}],"collection":[{"href":"https:\/\/fitnfemale.com\/deu\/wp-json\/wp\/v2\/product"}],"about":[{"href":"https:\/\/fitnfemale.com\/deu\/wp-json\/wp\/v2\/types\/product"}],"replies":[{"embeddable":true,"href":"https:\/\/fitnfemale.com\/deu\/wp-json\/wp\/v2\/comments?post=33575"}],"wp:featuredmedia":[{"embeddable":true,"href":"https:\/\/fitnfemale.com\/deu\/wp-json\/wp\/v2\/media\/955143"}],"wp:attachment":[{"href":"https:\/\/fitnfemale.com\/deu\/wp-json\/wp\/v2\/media?parent=33575"}],"wp:term":[{"taxonomy":"product_brand","embeddable":true,"href":"https:\/\/fitnfemale.com\/deu\/wp-json\/wp\/v2\/product_brand?post=33575"},{"taxonomy":"product_cat","embeddable":true,"href":"https:\/\/fitnfemale.com\/deu\/wp-json\/wp\/v2\/product_cat?post=33575"},{"taxonomy":"product_tag","embeddable":true,"href":"https:\/\/fitnfemale.com\/deu\/wp-json\/wp\/v2\/product_tag?post=33575"}],"curies":[{"name":"wp","href":"https:\/\/api.w.org\/{rel}","templated":true}]}}