{"id":150323,"date":"2019-03-26T20:49:32","date_gmt":"2019-03-26T19:49:32","guid":{"rendered":"https:\/\/fitnfemale.com\/?post_type=product&#038;p=150323"},"modified":"2026-04-09T19:54:04","modified_gmt":"2026-04-09T18:54:04","slug":"womens-magic-mix","status":"publish","type":"product","link":"https:\/\/fitnfemale.com\/deu\/produkt\/womens-magic-mix\/","title":{"rendered":"Women&#8217;s Magic Mix"},"content":{"rendered":"<div class=\"img has-hover img-details x md-x lg-x y md-y lg-y\" id=\"image_991208134\">\n\t\t\t\t\t\t\t\t<div class=\"img-inner dark\" >\n\t\t\t<img decoding=\"async\" width=\"1020\" height=\"569\" src=\"https:\/\/fitnfemale.com\/wp-content\/uploads\/magicmix-closeup7.jpg\" class=\"attachment-large size-large\" alt=\"Magicmix closeup7\" srcset=\"https:\/\/fitnfemale.com\/wp-content\/uploads\/magicmix-closeup7.jpg 1376w, https:\/\/fitnfemale.com\/wp-content\/uploads\/magicmix-closeup7-717x400.jpg 717w, https:\/\/fitnfemale.com\/wp-content\/uploads\/magicmix-closeup7-768x429.jpg 768w, https:\/\/fitnfemale.com\/wp-content\/uploads\/magicmix-closeup7-18x10.jpg 18w, https:\/\/fitnfemale.com\/wp-content\/uploads\/magicmix-closeup7-1000x558.jpg 1000w\" sizes=\"(max-width: 1020px) 100vw, 1020px\" \/>\t\t\t\t\t\t\n\t\t\t\t\t<\/div>\n\t\t\t\t\t\t\t\t\n<style>\n#image_991208134 {\n  width: 100%;\n}\n<\/style>\n\t<\/div>\n\t\n<p>Warum Women&#8217;s Magic Mix dein neuer t\u00e4glicher Begleiter sein sollte:<\/p>\n<ul>\n<li class=\"bullet-star translation-block\"><strong>Speziell f\u00fcr Frauen:<\/strong> Perfekt abgestimmt auf deine Ern\u00e4hrungsbed\u00fcrfnisse und Gewichtsmanagementziele.<\/li>\n<li class=\"bullet-star translation-block\"><strong>Glucomannan:<\/strong> Unterst\u00fctzt das S\u00e4ttigungsgef\u00fchl, als Teil deiner kalorienkontrollierten Ern\u00e4hrung.<\/li>\n<li class=\"bullet-star translation-block\"><strong>Grosse Dose, bis zu 50 Tagesportionen:<\/strong> Lange anhaltend und wirtschaftlich.<\/li>\n<li class=\"bullet-star translation-block\"><strong>Einzigartige Zusammensetzung:<\/strong> Nur die besten Zutaten f\u00fcr dein Wohlbefinden. Enth\u00e4lt wichtige Mineralstoffe sowie Vitamine, die zur Erhaltung sch\u00f6ner Haut, Haare und N\u00e4gel beitragen k\u00f6nnen..<\/li>\n<li class=\"bullet-star translation-block\"><strong>Topseller:<\/strong> Beliebt bei Frauen \u00fcberall!<\/li>\n<li class=\"bullet-star translation-block\"><strong>Beste L\u00f6slichkeit mit Wasser:<\/strong> Einfach zuzubereiten, stressfrei und lecker.<\/li>\n<li class=\"bullet-star translation-block\"><strong>L\u00fcfte das Geheimnis strahlender Sch\u00f6nheit:<\/strong> Sch\u00f6nheit kommt von innen und wir helfen dir dabei.<\/li>\n<li class=\"bullet-star translation-block\"><strong>Bester Geschmack garantiert:<\/strong> \u00dcberzeuge dich selbst von unserem unwiderstehlichen Geschmack.<\/li>\n<li class=\"bullet-star translation-block\"><strong>Fettarm, glutenfrei, vegan, laktosefrei:<\/strong> Passt perfekt zu jedem Lebensstil.<\/li>\n<li class=\"bullet-star translation-block\"><strong>Vollgepackt mit wertvollen Inhaltsstoffen:<\/strong> Nur das Beste f\u00fcr deinen K\u00f6rper.<\/li>\n<\/ul>\n\t<div class=\"img has-hover x md-x lg-x y md-y lg-y\" id=\"image_708016096\">\n\t\t\t\t\t\t\t\t<div class=\"img-inner dark\" >\n\t\t\t<img decoding=\"async\" width=\"1020\" height=\"569\" src=\"https:\/\/fitnfemale.com\/wp-content\/uploads\/magicmix-closeup14.jpg\" class=\"attachment-large size-large\" alt=\"Magicmix closeup14\" srcset=\"https:\/\/fitnfemale.com\/wp-content\/uploads\/magicmix-closeup14.jpg 1376w, https:\/\/fitnfemale.com\/wp-content\/uploads\/magicmix-closeup14-717x400.jpg 717w, https:\/\/fitnfemale.com\/wp-content\/uploads\/magicmix-closeup14-768x429.jpg 768w, https:\/\/fitnfemale.com\/wp-content\/uploads\/magicmix-closeup14-18x10.jpg 18w, https:\/\/fitnfemale.com\/wp-content\/uploads\/magicmix-closeup14-1000x558.jpg 1000w\" sizes=\"(max-width: 1020px) 100vw, 1020px\" \/>\t\t\t\t\t\t\n\t\t\t\t\t<\/div>\n\t\t\t\t\t\t\t\t\n<style>\n#image_708016096 {\n  width: 100%;\n}\n<\/style>\n\t<\/div>\n\t\n<div class=\"accordion\">\n\t<div id=\"accordion-1719519710\" class=\"accordion-item\">\n\t\t<a id=\"accordion-1719519710-label\" class=\"accordion-title plain\" href=\"#accordion-item-inhaltsstoffe\" aria-expanded=\"false\" aria-controls=\"accordion-1719519710-content\">\n\t\t\t<button class=\"toggle\" aria-label=\"Toggle\"><i class=\"icon-angle-down\" aria-hidden=\"true\"><\/i><\/button>\n\t\t\t<span>Inhaltsstoffe<\/span>\n\t\t<\/a>\n\t\t<div id=\"accordion-1719519710-content\" class=\"accordion-inner\" aria-labelledby=\"accordion-1719519710-label\">\n\t\t\t\n<table class=\"ffnf-clean-table\">\n<thead>\n<tr>\n<th>Inhaltsstoffe<\/th>\n<th>Portion (6 g)<\/th>\n<\/tr>\n<\/thead>\n<tbody>\n<tr>\n<td>Inulin<\/td>\n<td>700 mg<\/td>\n<\/tr>\n<tr>\n<td>L-Carnitin<\/td>\n<td>518 mg<\/td>\n<\/tr>\n<tr>\n<td>Glucomannan<\/td>\n<td>300 mg<\/td>\n<\/tr>\n<tr>\n<td>Guarana-Extrakt<br \/>\u2013 davon Koffein<\/td>\n<td>273 mg<br \/>60 mg<\/td>\n<\/tr>\n<tr>\n<td>Garcinia-Cambogia-Extrakt<br \/>\u2013 davon HCA<\/td>\n<td>50 mg<br \/>30 mg<\/td>\n<\/tr>\n<tr>\n<td>Gr\u00fcntee-Extrakt<br \/>\u2013 davon EGCG<\/td>\n<td>50 mg<br \/>22,5 mg<\/td>\n<\/tr>\n<tr>\n<td>Alpha-Lipons\u00e4ure<\/td>\n<td>25 mg<\/td>\n<\/tr>\n<tr>\n<td>Vitamin D<\/td>\n<td>20 \u00b5g<\/td>\n<\/tr>\n<tr>\n<td>Vitamin K<\/td>\n<td>60 \u00b5g<\/td>\n<\/tr>\n<tr>\n<td>Biotin (B7)<\/td>\n<td>2500 \u00b5g<\/td>\n<\/tr>\n<tr>\n<td>Pantothens\u00e4ure (B5)<\/td>\n<td>6 mg<\/td>\n<\/tr>\n<tr>\n<td>Fols\u00e4ure<\/td>\n<td>300 \u00b5g<\/td>\n<\/tr>\n<tr>\n<td>Kalzium<\/td>\n<td>400 mg<\/td>\n<\/tr>\n<tr>\n<td>Magnesium<\/td>\n<td>200 mg<\/td>\n<\/tr>\n<tr>\n<td>Eisen<\/td>\n<td>4,2 mg<\/td>\n<\/tr>\n<tr>\n<td>Zink<\/td>\n<td>3 mg<\/td>\n<\/tr>\n<tr>\n<td>Kupfer<\/td>\n<td>0,3 mg<\/td>\n<\/tr>\n<tr>\n<td>Mangan<\/td>\n<td>0,6 mg<\/td>\n<\/tr>\n<tr>\n<td>Selen<\/td>\n<td>16,5 \u00b5g<\/td>\n<\/tr>\n<tr>\n<td>Chrom<\/td>\n<td>12 \u00b5g<\/td>\n<\/tr>\n<tr>\n<td>Molybd\u00e4n<\/td>\n<td>15 \u00b5g<\/td>\n<\/tr>\n<tr>\n<td>Jod<\/td>\n<td>70 \u00b5g<\/td>\n<\/tr>\n<\/tbody>\n<\/table>\n\t\t<\/div>\n\t<\/div>\n\t\n\t<div id=\"accordion-805781753\" class=\"accordion-item\">\n\t\t<a id=\"accordion-805781753-label\" class=\"accordion-title plain\" href=\"#accordion-item-was-ist-glucomannan?\" aria-expanded=\"false\" aria-controls=\"accordion-805781753-content\">\n\t\t\t<button class=\"toggle\" aria-label=\"Toggle\"><i class=\"icon-angle-down\" aria-hidden=\"true\"><\/i><\/button>\n\t\t\t<span>Was ist Glucomannan?<\/span>\n\t\t<\/a>\n\t\t<div id=\"accordion-805781753-content\" class=\"accordion-inner\" aria-labelledby=\"accordion-805781753-label\">\n\t\t\t\n\t<div class=\"img has-hover x md-x lg-x y md-y lg-y\" id=\"image_1798463845\">\n\t\t\t\t\t\t\t\t<div class=\"img-inner dark\" >\n\t\t\t<img decoding=\"async\" width=\"1020\" height=\"583\" src=\"https:\/\/fitnfemale.com\/wp-content\/uploads\/gluccomanan-sattmacher-konjak-pflanze.jpg\" class=\"attachment-large size-large\" alt=\"Gluccomanan sattmacher konjak pflanze\" srcset=\"https:\/\/fitnfemale.com\/wp-content\/uploads\/gluccomanan-sattmacher-konjak-pflanze.jpg 1344w, https:\/\/fitnfemale.com\/wp-content\/uploads\/gluccomanan-sattmacher-konjak-pflanze-700x400.jpg 700w, https:\/\/fitnfemale.com\/wp-content\/uploads\/gluccomanan-sattmacher-konjak-pflanze-768x439.jpg 768w, https:\/\/fitnfemale.com\/wp-content\/uploads\/gluccomanan-sattmacher-konjak-pflanze-18x10.jpg 18w, https:\/\/fitnfemale.com\/wp-content\/uploads\/gluccomanan-sattmacher-konjak-pflanze-1000x571.jpg 1000w\" sizes=\"(max-width: 1020px) 100vw, 1020px\" \/>\t\t\t\t\t\t\n\t\t\t\t\t<\/div>\n\t\t\t\t\t\t\t\t\n<style>\n#image_1798463845 {\n  width: 100%;\n}\n<\/style>\n\t<\/div>\n\t\n<p>Bei\u00a0Glucomannan\u00a0handelt es sich um einen Stoff, der aus der Konjakwurzel gewonnen wird, die auch als Teufelszunge bekannt ist. Chemisch betrachtet ist\u00a0Glucomannan\u00a0eine st\u00e4rke\u00e4hnliche Substanz, die sich aus komplexen Kohlenhydratketten zusammensetzt. Im Rahmen einer kalorienarmen Ern\u00e4hrung kann die Einnahme von Glucomannan zur Gewichtsreduktion beitragen. Die positive Wirkung stellt sich bei einer t\u00e4glichen Aufnahme von 3 g Glucomannan in drei Portionen \u00e0 1 g in Verbindung mit jeweils 1-2 Gl\u00e4sern Wasser vor den Mahlzeiten ein. Es ist wichtig, die angegebene Menge nicht zu \u00fcberschreiten. Die Einnahme von Glucomannan ohne ausreichende Fl\u00fcssigkeitszufuhr kann zu Erstickungsgefahr f\u00fchren, besonders bei Personen mit Schluckbeschwerden oder bei unzureichender Fl\u00fcssigkeitsaufnahme.<\/p>\n\t\t<\/div>\n\t<\/div>\n\t\n\t<div id=\"accordion-642971675\" class=\"accordion-item\">\n\t\t<a id=\"accordion-642971675-label\" class=\"accordion-title plain\" href=\"#accordion-item-glucomannan-als-idealer-sattmacher\" aria-expanded=\"false\" aria-controls=\"accordion-642971675-content\">\n\t\t\t<button class=\"toggle\" aria-label=\"Toggle\"><i class=\"icon-angle-down\" aria-hidden=\"true\"><\/i><\/button>\n\t\t\t<span>Glucomannan als idealer Sattmacher<\/span>\n\t\t<\/a>\n\t\t<div id=\"accordion-642971675-content\" class=\"accordion-inner\" aria-labelledby=\"accordion-642971675-label\">\n\t\t\t\n<p>Die enorme Wasserbindekapazit\u00e4t des Ballaststoffs f\u00fchrt dazu, dass\u00a0Glucomannan\u00a0nach der Einnahme im Magen-Darm-Trakt aufquillt. Dabei nimmt der Stoff das Wasser auf und wird zu einer gelartigen Masse, die leicht das zehnfache Volumen annehmen kann. Durch die Erh\u00f6hung des Volumens und die Konsistenz der Masse tritt das S\u00e4ttigungsgef\u00fchl deutlich schneller ein, sodass du deutlich weniger isst. Zudem h\u00e4lt das S\u00e4ttigungsgef\u00fchl ebenfalls l\u00e4nger an.<\/p>\n\t\t<\/div>\n\t<\/div>\n\t\n<\/div>","protected":false},"excerpt":{"rendered":"<h2>Sch\u00f6n von Innen \u2013 Dein t\u00e4glicher Mix f\u00fcr strahlendes Aussehen und Wohlbefinden!<\/h2>\n<h4>Speziell f\u00fcr Frauen entwickelt, kombiniert unser Magic Mix hochwertige Inhaltsstoffe mit dem nat\u00fcrlichen Faserstoff Glucomannan, bekannt daf\u00fcr, im Rahmen einer kalorienarmen Di\u00e4t zur Gewichtsreduktion beitragen zu k\u00f6nnen, indem es hilft, das S\u00e4ttigungsgef\u00fchl zu verl\u00e4ngern.<\/h4>","protected":false},"featured_media":943434,"comment_status":"open","ping_status":"closed","template":"","meta":{"slim_seo":{"title":"Women's Magic Mix - FitNFemale\u00ae","description":"Sch\u00f6n von Innen \u2013 Dein t\u00e4glicher Mix f\u00fcr strahlendes Aussehen und Wohlbefinden! Speziell f\u00fcr Frauen entwickelt, kombiniert unser Magic Mix hochwertige Inhaltsst"}},"product_brand":[],"product_cat":[6363,317,6629,619,401],"product_tag":[],"class_list":{"0":"post-150323","1":"product","2":"type-product","3":"status-publish","4":"has-post-thumbnail","6":"product_cat-promo-40","7":"product_cat-abnehmen","8":"product_cat-basic","9":"product_cat-fitness-drink","10":"product_cat-health","11":"pa_anwendungsbereiche-energy","12":"pa_anwendungsbereiche-skin-hair-nails","13":"pa_anwendungsbereiche-immune-system","14":"pa_anwendungsbereiche-sattmacher","15":"pa_anwendungsbereiche-metabolism","16":"pa_marke-fitnfemale","17":"pa_misc-glutenfree","18":"pa_misc-lactosefree","19":"pa_misc-vegetarian","20":"pa_nutritionfactinfo-nofat","21":"pa_nutritionfactinfo-nocarbs","22":"pa_nutritionfactinfo-lactosefree","23":"pa_nutritionfactinfo-lowcalories","24":"pa_nutritionfactinfo-lowfat","25":"pa_nutritionfactinfo-lowsugar","26":"pa_schwangerschaft-nicht-geeignet","27":"pa_stillzeit-nicht-geeignet","28":"pa_vegan-ja","30":"first","31":"instock","32":"featured","33":"taxable","34":"shipping-taxable","35":"purchasable","36":"product-type-variable","37":"has-default-attributes"},"bundled_by":["470906","627268"],"bundle_stock_status":"instock","bundle_stock_quantity":null,"bundle_virtual":false,"bundle_layout":"","bundle_add_to_cart_form_location":"","bundle_editable_in_cart":false,"bundle_sold_individually_context":"","bundle_item_grouping":"","bundle_min_size":"","bundle_max_size":"","bundle_price":[],"bundled_items":[],"bundle_sell_ids":[],"gallery_images":[954134,907546,954138,954137,943785,954135],"_links":{"self":[{"href":"https:\/\/fitnfemale.com\/deu\/wp-json\/wp\/v2\/product\/150323","targetHints":{"allow":["GET"]}}],"collection":[{"href":"https:\/\/fitnfemale.com\/deu\/wp-json\/wp\/v2\/product"}],"about":[{"href":"https:\/\/fitnfemale.com\/deu\/wp-json\/wp\/v2\/types\/product"}],"replies":[{"embeddable":true,"href":"https:\/\/fitnfemale.com\/deu\/wp-json\/wp\/v2\/comments?post=150323"}],"wp:featuredmedia":[{"embeddable":true,"href":"https:\/\/fitnfemale.com\/deu\/wp-json\/wp\/v2\/media\/943434"}],"wp:attachment":[{"href":"https:\/\/fitnfemale.com\/deu\/wp-json\/wp\/v2\/media?parent=150323"}],"wp:term":[{"taxonomy":"product_brand","embeddable":true,"href":"https:\/\/fitnfemale.com\/deu\/wp-json\/wp\/v2\/product_brand?post=150323"},{"taxonomy":"product_cat","embeddable":true,"href":"https:\/\/fitnfemale.com\/deu\/wp-json\/wp\/v2\/product_cat?post=150323"},{"taxonomy":"product_tag","embeddable":true,"href":"https:\/\/fitnfemale.com\/deu\/wp-json\/wp\/v2\/product_tag?post=150323"}],"curies":[{"name":"wp","href":"https:\/\/api.w.org\/{rel}","templated":true}]}}