{"id":149466,"date":"2019-03-23T17:54:39","date_gmt":"2019-03-23T16:54:39","guid":{"rendered":"https:\/\/fitnfemale.com\/?post_type=product&#038;p=149466"},"modified":"2026-04-12T18:02:05","modified_gmt":"2026-04-12T17:02:05","slug":"mini-shaker-premium","status":"publish","type":"product","link":"https:\/\/fitnfemale.com\/deu\/produkt\/mini-shaker-premium\/","title":{"rendered":"Mini Shaker Premium"},"content":{"rendered":"<div id=\"text-2349697850\" class=\"text\">\n\t\t\n<h2>Klein und handlich, mit dem kleinen Extra!<\/h2>\n\t\t\n<style>\n#text-2349697850 {\n  font-size: 1.25rem;\n}\n<\/style>\n\t<\/div>\n\t\n<h4>Der Mini Shaker Premium ist ideal, wenn du deine Nahrungserg\u00e4nzungen separat mitnehmen m\u00f6chtest.<\/h4>\n<\/p>\n<p>Damit lassen sich in der gro\u00dfen Kammer bis zu 300ml Fl\u00fcssigkeit mitf\u00fchren und zus\u00e4tzlich 150ml Pulver (z.B. Protein, Creatin, Pre Workout Booster) in einer zweiten Kammer. Somit kannst du jederzeit deinen Shake frisch zubereiten.<\/p>\n<ul>\n<li class=\"bullet-star\">Spezielles unteres 150-ml-Aufbewahrungsfach f\u00fcr Proteinpulver und Tabletten, ausgestattet mit Bajonettverschluss<\/li>\n<li class=\"bullet-star\">Beliebtes Wellen-Design, auslaufsicher<\/li>\n<li class=\"bullet-star\">BPA-freier und toxinfreier Kunststoff<\/li>\n<\/ul>","protected":false},"excerpt":{"rendered":"<p>Mini Premium Shaker mit Extra-Pulverfach<\/p>","protected":false},"featured_media":719533,"comment_status":"open","ping_status":"closed","template":"","meta":{"slim_seo":{"title":"Mini Shaker Premium - FitNFemale\u00ae","description":"Mini Premium Shaker mit Extra-Pulverfach"}},"product_brand":[],"product_cat":[6364,283,6022],"product_tag":[],"class_list":{"0":"post-149466","1":"product","2":"type-product","3":"status-publish","4":"has-post-thumbnail","6":"product_cat-promo-30","7":"product_cat-equipment","8":"product_cat-shaker","9":"pa_anwendungsbereiche-shaking","10":"pa_marke-fitnfemale","11":"pa_misc-bpafree","13":"first","14":"outofstock","15":"taxable","16":"shipping-taxable","17":"purchasable","18":"product-type-simple"},"bundled_by":["5439"],"bundle_stock_status":"outofstock","bundle_stock_quantity":1,"bundle_virtual":false,"bundle_layout":"","bundle_add_to_cart_form_location":"","bundle_editable_in_cart":false,"bundle_sold_individually_context":"","bundle_item_grouping":"","bundle_min_size":"","bundle_max_size":"","bundle_price":[],"bundled_items":[],"bundle_sell_ids":[],"gallery_images":[408134],"_links":{"self":[{"href":"https:\/\/fitnfemale.com\/deu\/wp-json\/wp\/v2\/product\/149466","targetHints":{"allow":["GET"]}}],"collection":[{"href":"https:\/\/fitnfemale.com\/deu\/wp-json\/wp\/v2\/product"}],"about":[{"href":"https:\/\/fitnfemale.com\/deu\/wp-json\/wp\/v2\/types\/product"}],"replies":[{"embeddable":true,"href":"https:\/\/fitnfemale.com\/deu\/wp-json\/wp\/v2\/comments?post=149466"}],"wp:featuredmedia":[{"embeddable":true,"href":"https:\/\/fitnfemale.com\/deu\/wp-json\/wp\/v2\/media\/719533"}],"wp:attachment":[{"href":"https:\/\/fitnfemale.com\/deu\/wp-json\/wp\/v2\/media?parent=149466"}],"wp:term":[{"taxonomy":"product_brand","embeddable":true,"href":"https:\/\/fitnfemale.com\/deu\/wp-json\/wp\/v2\/product_brand?post=149466"},{"taxonomy":"product_cat","embeddable":true,"href":"https:\/\/fitnfemale.com\/deu\/wp-json\/wp\/v2\/product_cat?post=149466"},{"taxonomy":"product_tag","embeddable":true,"href":"https:\/\/fitnfemale.com\/deu\/wp-json\/wp\/v2\/product_tag?post=149466"}],"curies":[{"name":"wp","href":"https:\/\/api.w.org\/{rel}","templated":true}]}}