{"id":112191,"date":"2018-11-25T12:53:45","date_gmt":"2018-11-25T11:53:45","guid":{"rendered":"https:\/\/fitnfemale.com\/?post_type=product&#038;p=112191"},"modified":"2026-04-12T18:01:55","modified_gmt":"2026-04-12T17:01:55","slug":"vegan-fiber","status":"publish","type":"product","link":"https:\/\/fitnfemale.com\/deu\/produkt\/vegan-fiber\/","title":{"rendered":"Vegan Fiber"},"content":{"rendered":"<p>HIGHLIGHTS<\/p>\n<ul>\n<li class=\"bullet-star\">100% Vegan<\/li>\n<li class=\"bullet-star\">Ballaststoffe zur Unterst\u00fctzung der Darmt\u00e4tigkeit<\/li>\n<li class=\"bullet-star\">Hervorragender Lieferant von nat\u00fcrlichen Ballaststoffen<\/li>\n<li class=\"bullet-star\">Roggenfasern tragen zu einer normalen Darmfunktion bei<\/li>\n<\/ul>","protected":false},"excerpt":{"rendered":"<h2>Vegan Fiber <\/strong>&#8211; Nat\u00fcrliches, veganes Ballaststoff-Pulver aus Apfel- &amp; Roggenfasern.<\/p>\n<h2>\n<h4>Apfel- &amp; Roggenfasern geh\u00f6ren zur Familie der Ballaststoffe. Apfelfasern sind nat\u00fcrliche Fasern mit einer charakteristischen Farbe, Aroma und Geschmack. Die enthaltenen Roggenfasern werden durch mahlen aus H\u00fclsen der Roggenk\u00f6rner gewonnen. Die Ballaststoffzufuhr ist f\u00fcr unseren K\u00f6rper sehr wichtig. Roggenfasern unterst\u00fctzen die Darmfunktion. Die WHO (Weltgesundheitsorganisation) empfiehlt eine t\u00e4gliche Ballaststoffzufuhr von 20-40g f\u00fcr Erwachsene.<\/h4>","protected":false},"featured_media":112203,"comment_status":"open","ping_status":"closed","template":"","meta":{"slim_seo":{"title":"Vegan Fiber - FitNFemale\u00ae","description":"Vegan Fiber - Nat\u00fcrliches, veganes Ballaststoff-Pulver aus Apfel- &amp; Roggenfasern. Apfel- &amp; Roggenfasern geh\u00f6ren zur Familie der Ballaststoffe. Apfelfase"}},"product_brand":[],"product_cat":[401,5810],"product_tag":[],"class_list":{"0":"post-112191","1":"product","2":"type-product","3":"status-publish","4":"has-post-thumbnail","6":"product_cat-health","7":"product_cat-vegan","8":"pa_anwendungsbereiche-better-digestion","9":"pa_anwendungsbereiche-energy","10":"pa_anwendungsbereiche-health","11":"pa_anwendungsbereiche-shaping","12":"pa_anwendungsbereiche-metabolism","13":"pa_marke-fitnfemale","14":"pa_misc-aspartamfree","15":"pa_misc-glutenfree","16":"pa_misc-lactosefree","17":"pa_misc-vegetarian","18":"pa_nutritionfactinfo-high-fiber","19":"pa_nutritionfactinfo-nofat","20":"pa_nutritionfactinfo-nocarbs","21":"pa_nutritionfactinfo-lactosefree","22":"pa_nutritionfactinfo-lowcalories","23":"pa_schwangerschaft-geeignet","24":"pa_stillzeit-geeignet","25":"pa_vegan-ja","27":"first","28":"outofstock","29":"taxable","30":"shipping-taxable","31":"purchasable","32":"product-type-simple"},"bundled_by":["116790"],"bundle_stock_status":"outofstock","bundle_stock_quantity":0,"bundle_virtual":false,"bundle_layout":"","bundle_add_to_cart_form_location":"","bundle_editable_in_cart":false,"bundle_sold_individually_context":"","bundle_item_grouping":"","bundle_min_size":"","bundle_max_size":"","bundle_price":[],"bundled_items":[],"bundle_sell_ids":[],"gallery_images":[91708,91709,112205,112206],"_links":{"self":[{"href":"https:\/\/fitnfemale.com\/deu\/wp-json\/wp\/v2\/product\/112191","targetHints":{"allow":["GET"]}}],"collection":[{"href":"https:\/\/fitnfemale.com\/deu\/wp-json\/wp\/v2\/product"}],"about":[{"href":"https:\/\/fitnfemale.com\/deu\/wp-json\/wp\/v2\/types\/product"}],"replies":[{"embeddable":true,"href":"https:\/\/fitnfemale.com\/deu\/wp-json\/wp\/v2\/comments?post=112191"}],"wp:featuredmedia":[{"embeddable":true,"href":"https:\/\/fitnfemale.com\/deu\/wp-json\/wp\/v2\/media\/112203"}],"wp:attachment":[{"href":"https:\/\/fitnfemale.com\/deu\/wp-json\/wp\/v2\/media?parent=112191"}],"wp:term":[{"taxonomy":"product_brand","embeddable":true,"href":"https:\/\/fitnfemale.com\/deu\/wp-json\/wp\/v2\/product_brand?post=112191"},{"taxonomy":"product_cat","embeddable":true,"href":"https:\/\/fitnfemale.com\/deu\/wp-json\/wp\/v2\/product_cat?post=112191"},{"taxonomy":"product_tag","embeddable":true,"href":"https:\/\/fitnfemale.com\/deu\/wp-json\/wp\/v2\/product_tag?post=112191"}],"curies":[{"name":"wp","href":"https:\/\/api.w.org\/{rel}","templated":true}]}}